{"id":411785,"date":"2025-06-27T15:20:31","date_gmt":"2025-06-27T16:29:18","guid":{"rendered":"https:\/\/www.moskito.cz\/produkt\/spyderco-byrd-meadowlark-2-noz-skladany-by04psbn2\/"},"modified":"2025-06-27T17:29:18","modified_gmt":"2025-06-27T16:29:18","slug":"spyderco-byrd-meadowlark-2-noz-skladany-by04psbn2","status":"publish","type":"product","link":"https:\/\/www.moskito.cz\/pl\/produkt\/spyderco-byrd-meadowlark-2-noz-skladany-by04psbn2\/","title":{"rendered":"Spyderco Byrd Meadowlark 2 n\u00f3\u017c sk\u0142adany BY04PSBN2"},"content":{"rendered":"<h2 data-pm-slice=\"1 1 []\"><strong>Kompaktowy sk\u0142adany n\u00f3\u017c z ostrzem kombinowanym i br\u0105zow\u0105 r\u0119koje\u015bci\u0105 FRN \u2013 uniwersalny pomocnik na co dzie\u0144<\/strong><\/h2>\n<p><strong>Spyderco Byrd Meadowlark 2 BY04PSBN2<\/strong> to praktyczny i wszechstronny n\u00f3\u017c sk\u0142adany, kt\u00f3ry \u015bwietnie nadaje si\u0119 jako narz\u0119dzie codziennego u\u017cytku (EDC), ale sprawdzi si\u0119 r\u00f3wnie\u017c w l\u017cejszych pracach lub na zewn\u0105trz. Jego ostrze o d\u0142ugo\u015bci <strong>73 mm (2,875&#8243;)<\/strong> \u0142\u0105czy w sobie g\u0142adkie i z\u0105bkowane kraw\u0119dzie ( <strong>Combo Edge<\/strong> ), dzi\u0119ki czemu poradzi sobie z r\u00f3\u017cnymi materia\u0142ami \u2014 od cienkiego papieru po lin\u0119, plastik lub tekstylia. <\/p>\n<p><strong>Br\u0105zowa r\u0119koje\u015b\u0107 FRN (Fiberglass Reinforced Nylon)<\/strong> jest lekka, mocna i dobrze le\u017cy w d\u0142oni dzi\u0119ki antypo\u015blizgowej fakturze. <strong>Blokada Lockback<\/strong> zapewnia bezpieczne blokowanie ostrza podczas pracy, a <strong>czteropozycyjny klips<\/strong> zapewnia maksymaln\u0105 elastyczno\u015b\u0107 przenoszenia &#8211; nadaje si\u0119 dla u\u017cytkownik\u00f3w prawo- i lewor\u0119cznych.<\/p>\n<div>\n<hr>\n<\/div>\n<p>\ud83d\udcd0 <strong>Dane techniczne:<\/strong><\/p>\n<ul data-spread=\"false\">\n<li><strong>D\u0142ugo\u015b\u0107 ostrza:<\/strong> 73 mm (2,875\u2033)<\/li>\n<li><strong>D\u0142ugo\u015b\u0107 ca\u0142kowita:<\/strong> ok. 170 mm<\/li>\n<li><strong>D\u0142ugo\u015b\u0107 no\u017ca zamkni\u0119tego:<\/strong> ok. 97 mm<\/li>\n<li><strong>Grubo\u015b\u0107 ostrza:<\/strong> ok. 2,5 mm<\/li>\n<li><strong>Materia\u0142 ostrza:<\/strong> 8Cr13MoV \u2013 stal nierdzewna o dobrych w\u0142a\u015bciwo\u015bciach tn\u0105cych<\/li>\n<li><strong>Kszta\u0142t ostrza:<\/strong> Drop Point, Flat Grind (pe\u0142ny p\u0142aski szlif)<\/li>\n<li><strong>Ostrze:<\/strong> Combo Edge \u2013 po\u0142\u0105czenie ostrza g\u0142adkiego i z\u0105bkowanego<\/li>\n<li><strong>Powierzchnia ostrza:<\/strong> Satynowa \u2013 matowo-b\u0142yszcz\u0105ca<\/li>\n<li><strong>R\u0119koje\u015b\u0107:<\/strong> Br\u0105zowy FRN \u2013 lekki, trwa\u0142y, z antypo\u015blizgowym wzorem<\/li>\n<li><strong>Blokada:<\/strong> Lockback \u2013 sprawdzony i bezpieczny mechanizm<\/li>\n<li><strong>Klips:<\/strong> 4-pozycyjny (czubek w g\u00f3r\u0119\/czubek w d\u00f3\u0142, lewor\u0119czny\/prawor\u0119czny)<\/li>\n<li><strong>Waga:<\/strong> ok. 68\u201370 g<\/li>\n<\/ul>\n<div>\n<hr>\n<\/div>\n<p>\ud83d\udfe2 <strong>G\u0142\u00f3wne zalety:<\/strong><\/p>\n<p>\u2705 Ostrze kombinowane \u2013 doskona\u0142e do r\u00f3\u017cnych zada\u0144 zwi\u0105zanych z ci\u0119ciem<br \/>\n \u2705 Kompaktowe wymiary &#8211; idealny jako n\u00f3\u017c EDC<br \/>\n \u2705 Lekki uchwyt FRN \u2013 odporny na zu\u017cycie i \u0142atwy do przenoszenia<br \/>\n \u2705 Blokada typu Lockback \u2013 niezawodne bezpiecze\u0144stwo dla bezpiecznego u\u017cytkowania<br \/>\n \u2705 Klips czteropozycyjny \u2013 dostosuj pozycj\u0119 noszenia zgodnie ze swoimi preferencjami<\/p>\n<div>\n<hr>\n<\/div>\n<p>\ud83d\udd34 <strong>Mo\u017cliwe wady:<\/strong><\/p>\n<p>\u26a0\ufe0f Cz\u0119\u015b\u0107 z\u0105bkowana jest trudniejsza do szlifowania &#8211; wymaga specjalnych narz\u0119dzi<br \/>\n \u26a0\ufe0f Konstrukcja FRN \u2013 l\u017cejsza, ale nie tak wytrzyma\u0142a jak stal<br \/>\n \u26a0\ufe0f Stal 8Cr13MoV \u2013 solidna wydajno\u015b\u0107, ale cz\u0119stsze szlifowanie ni\u017c w przypadku stali premium<\/p>\n<div>\n<hr>\n<\/div>\n<p>\ud83d\udee0\ufe0f <strong>Konserwacja i piel\u0119gnacja:<\/strong><\/p>\n<ul data-spread=\"false\">\n<li>Po u\u017cyciu wytrzyj i od czasu do czasu nasmaruj sworze\u0144<\/li>\n<li>G\u0142adk\u0105 cz\u0119\u015b\u0107 ostrza mo\u017cna naostrzy\u0107 zwyk\u0142\u0105 ostrza\u0142k\u0105<\/li>\n<li>Najlepiej konserwowa\u0107 z\u0105bkowan\u0105 cz\u0119\u015b\u0107 za pomoc\u0105 ceramicznej lub diamentowej temper\u00f3wki.<\/li>\n<li>FRN jest trwa\u0142y i \u0142atwy do czyszczenia<\/li>\n<\/ul>\n<div>\n<hr>\n<\/div>\n<p>\u2764\ufe0f <strong>Dlaczego to pokochasz<\/strong><\/p>\n<p><strong>Meadowlark 2 Combo Edge w br\u0105zowej r\u0119koje\u015bci FRN<\/strong> to idealny kompromis mi\u0119dzy funkcjonalno\u015bci\u0105, komfortem i cen\u0105. Sprawdzi si\u0119 w codziennych zadaniach, ale tak\u017ce w sytuacjach, w kt\u00f3rych zwyk\u0142e g\u0142adkie ostrze nie wystarczy. To idealny wyb\u00f3r dla os\u00f3b poszukuj\u0105cych <strong>praktycznego i lekkiego no\u017ca o uniwersalnym zastosowaniu,<\/strong> bez konieczno\u015bci p\u0142acenia dodatkowo za materia\u0142y premium.  <\/p>\n<div>\n<hr>\n<\/div>\n<p>\u2705 <strong>Ocena ko\u0144cowa<\/strong><\/p>\n<p><strong>Spyderco Byrd BY04PSBN2 Meadowlark 2<\/strong> oferuje doskona\u0142y stosunek jako\u015bci do ceny w kompaktowym i wydajnym opakowaniu. Jego po\u0142\u0105czone ostrze, niska waga i ergonomia sprawiaj\u0105, \u017ce jest to niezawodny towarzysz w kieszeni, plecaku lub torbie &#8211; niezale\u017cnie od tego, czy wybierasz si\u0119 do pracy, do lasu, czy po prostu tniesz sznurek w ogrodzie. <\/p>\n","protected":false},"excerpt":{"rendered":"<p><strong>Meadowlark 2 Combo Edge w br\u0105zowej r\u0119koje\u015bci FRN to idealny kompromis mi\u0119dzy funkcjonalno\u015bci\u0105, komfortem i cen\u0105. Sprawdzi si\u0119 w codziennych zadaniach, ale tak\u017ce w sytuacjach, w kt\u00f3rych zwyk\u0142e g\u0142adkie ostrze nie wystarczy. To idealny wyb\u00f3r dla os\u00f3b poszukuj\u0105cych praktycznego i lekkiego no\u017ca o uniwersalnym zastosowaniu, bez konieczno\u015bci p\u0142acenia dodatkowo za materia\u0142y premium.  <\/strong><\/p>\n","protected":false},"featured_media":411663,"comment_status":"open","ping_status":"closed","template":"","meta":[],"pwb-brand":[4040],"product_brand":[],"product_cat":[3296,3307],"product_tag":[],"class_list":{"0":"post-411785","1":"product","2":"type-product","3":"status-publish","4":"has-post-thumbnail","6":"pwb-brand-byrd-pl","7":"product_cat-noze-pl","8":"product_cat-zamykanie-nozy","10":"first","11":"instock","12":"taxable","13":"shipping-taxable","14":"purchasable","15":"product-type-simple"},"brands":[{"id":4040,"name":"Byrd","slug":"byrd-pl"}],"_links":{"self":[{"href":"https:\/\/www.moskito.cz\/pl\/wp-json\/wp\/v2\/product\/411785","targetHints":{"allow":["GET"]}}],"collection":[{"href":"https:\/\/www.moskito.cz\/pl\/wp-json\/wp\/v2\/product"}],"about":[{"href":"https:\/\/www.moskito.cz\/pl\/wp-json\/wp\/v2\/types\/product"}],"replies":[{"embeddable":true,"href":"https:\/\/www.moskito.cz\/pl\/wp-json\/wp\/v2\/comments?post=411785"}],"wp:featuredmedia":[{"embeddable":true,"href":"https:\/\/www.moskito.cz\/pl\/wp-json\/wp\/v2\/media\/411663"}],"wp:attachment":[{"href":"https:\/\/www.moskito.cz\/pl\/wp-json\/wp\/v2\/media?parent=411785"}],"wp:term":[{"taxonomy":"pwb-brand","embeddable":true,"href":"https:\/\/www.moskito.cz\/pl\/wp-json\/wp\/v2\/pwb-brand?post=411785"},{"taxonomy":"product_brand","embeddable":true,"href":"https:\/\/www.moskito.cz\/pl\/wp-json\/wp\/v2\/product_brand?post=411785"},{"taxonomy":"product_cat","embeddable":true,"href":"https:\/\/www.moskito.cz\/pl\/wp-json\/wp\/v2\/product_cat?post=411785"},{"taxonomy":"product_tag","embeddable":true,"href":"https:\/\/www.moskito.cz\/pl\/wp-json\/wp\/v2\/product_tag?post=411785"}],"curies":[{"name":"wp","href":"https:\/\/api.w.org\/{rel}","templated":true}]}}