{"id":411795,"date":"2025-06-27T15:11:21","date_gmt":"2025-06-27T16:29:28","guid":{"rendered":"https:\/\/www.moskito.cz\/produkt\/spyderco-byrd-meadowlark-2-lekki-skladany-noz-by04sbkwc2\/"},"modified":"2025-06-27T17:29:28","modified_gmt":"2025-06-27T16:29:28","slug":"spyderco-byrd-meadowlark-2-lekki-skladany-noz-by04sbkwc2","status":"publish","type":"product","link":"https:\/\/www.moskito.cz\/pl\/produkt\/spyderco-byrd-meadowlark-2-lekki-skladany-noz-by04sbkwc2\/","title":{"rendered":"Spyderco Byrd Meadowlark 2 Lekki sk\u0142adany n\u00f3\u017c BY04SBKWC2"},"content":{"rendered":"<h2 data-pm-slice=\"1 1 []\"><strong>Lekki n\u00f3\u017c sk\u0142adany z z\u0105bkowanym ostrzem Wharncliffe i czarn\u0105 r\u0119koje\u015bci\u0105 FRN \u2013 niezawodne narz\u0119dzie do twardych materia\u0142\u00f3w i codziennego u\u017cytku<\/strong><\/h2>\n<p><strong>Spyderco Byrd Meadowlark 2 Wharncliffe Serrated BY04SBKWC2<\/strong> to kompaktowy, lekki, ale bardzo funkcjonalny n\u00f3\u017c sk\u0142adany przeznaczony do codziennego noszenia i bardziej wymagaj\u0105cych zada\u0144. Posiada <strong>75-milimetrowe<\/strong> <strong>ostrze typu Wharncliffe z z\u0105bkami<\/strong> , kt\u00f3re doskonale nadaje si\u0119 do ci\u0119cia materia\u0142\u00f3w w\u0142\u00f3knistych \u2013 takich jak liny, ta\u015bma, tektura lub tekstylia. Prosty profil ostrza sprawia, \u017ce \u200b\u200bci\u0119cie na ca\u0142ej d\u0142ugo\u015bci jest bardzo kontrolowane i agresywne.  <\/p>\n<p><strong>Czarny uchwyt FRN (z nylonu wzmocnionego w\u0142\u00f3knem szklanym)<\/strong> jest niezwykle lekki, odporny na zu\u017cycie i zapewnia pewny chwyt nawet w r\u0119kawiczkach lub w mokrych warunkach. <strong>Blokada Lockback<\/strong> zapewnia bezpieczne zablokowanie ostrza, a <strong>czteropozycyjny klips kieszonkowy<\/strong> umo\u017cliwia noszenie zar\u00f3wno lew\u0105, jak i praw\u0105 r\u0119k\u0105 \u2013 czubkiem do g\u00f3ry lub do do\u0142u.<\/p>\n<div>\n<hr>\n<\/div>\n<p>\ud83d\udcd0 <strong>Dane techniczne:<\/strong><\/p>\n<ul data-spread=\"false\">\n<li><strong>D\u0142ugo\u015b\u0107 ostrza:<\/strong> 75 mm (2,96\u2033)<\/li>\n<li><strong>D\u0142ugo\u015b\u0107 ca\u0142kowita:<\/strong> ok. 170 mm<\/li>\n<li><strong>D\u0142ugo\u015b\u0107 no\u017ca zamkni\u0119tego:<\/strong> ok. 95 mm<\/li>\n<li><strong>Grubo\u015b\u0107 ostrza:<\/strong> ok. 2,5 mm<\/li>\n<li><strong>Materia\u0142 ostrza:<\/strong> 8Cr13MoV \u2013 \u0142atwa do ostrzenia stal nierdzewna<\/li>\n<li><strong>Kszta\u0142t ostrza:<\/strong> Wharncliffe \u2013 prosta linia ci\u0119cia, wysoka wydajno\u015b\u0107<\/li>\n<li><strong>Ostrze:<\/strong> z\u0105bkowane \u2013 ca\u0142kowicie z\u0105bkowane, agresywne i skuteczne<\/li>\n<li><strong>Powierzchnia ostrza:<\/strong> Satynowa \u2013 matowo-b\u0142yszcz\u0105ca<\/li>\n<li><strong>R\u0119koje\u015b\u0107:<\/strong> FRN (czarna) \u2013 lekka, trwa\u0142a i ergonomiczna<\/li>\n<li><strong>Blokada:<\/strong> Lockback \u2013 sprawdzony, bezpieczny mechanizm<\/li>\n<li><strong>Klips:<\/strong> 4-pozycyjny (czubek w g\u00f3r\u0119\/czubek w d\u00f3\u0142, lewor\u0119czny\/prawor\u0119czny)<\/li>\n<li><strong>Waga:<\/strong> ok. 70 g<\/li>\n<\/ul>\n<div>\n<hr>\n<\/div>\n<p>\ud83d\udfe2 <strong>G\u0142\u00f3wne zalety:<\/strong><\/p>\n<p>\u2705 Z\u0105bkowane ostrze \u2013 doskona\u0142e do twardych, w\u0142\u00f3knistych i syntetycznych materia\u0142\u00f3w<br \/>\n \u2705 Profil Wharncliffe \u2013 maksymalna wydajno\u015b\u0107 ci\u0119cia na ca\u0142ej d\u0142ugo\u015bci ostrza<br \/>\n \u2705 Lekka r\u0119koje\u015b\u0107 FRN \u2013 trwa\u0142a, antypo\u015blizgowa i bardzo lekka<br \/>\n \u2705 Lockback \u2013 bezpieczna blokada ostrza podczas pracy<br \/>\n \u2705 Klips z czterema pozycjami \u2013 dostosuj styl noszenia w zale\u017cno\u015bci od potrzeb<\/p>\n<div>\n<hr>\n<\/div>\n<p>\ud83d\udd34 <strong>Mo\u017cliwe wady:<\/strong><\/p>\n<p>\u26a0\ufe0f Ostrze z\u0105bkowane \u2013 wymaga specjalnej ostrza\u0142ki (np. ceramicznej)<br \/>\n \u26a0\ufe0f Kszta\u0142t Wharncliffe \u2013 mniej wszechstronny do k\u0142ucia lub prac szczeg\u00f3\u0142owych<br \/>\n \u26a0\ufe0f 8Cr13MoV \u2013 stal podstawowa, wymaga cz\u0119stszej konserwacji ostrza ni\u017c stopy premium<\/p>\n<div>\n<hr>\n<\/div>\n<p>\ud83d\udee0\ufe0f <strong>Konserwacja i piel\u0119gnacja:<\/strong><\/p>\n<ul data-spread=\"false\">\n<li>Po u\u017cyciu wytrzyj i osusz, w razie potrzeby nasmaruj sworze\u0144<\/li>\n<li>Z\u0105bkowane ostrze najlepiej ostrzy\u0107 za pomoc\u0105 sto\u017ck\u00f3w ceramicznych lub diamentowych.<\/li>\n<li>FRN jest odporny na nieostro\u017cne obchodzenie si\u0119, dobrze si\u0119 czy\u015bci i jest odporny na wilgo\u0107<\/li>\n<\/ul>\n<div>\n<hr>\n<\/div>\n<p>\u2764\ufe0f <strong>Dlaczego to pokochasz<\/strong><\/p>\n<p><strong>Meadowlark 2 Wharncliffe Serrated<\/strong> to idealny wyb\u00f3r dla ka\u017cdego, kto szuka <strong>lekkiego, niezawodnego i skutecznego no\u017ca do trudnych zada\u0144 ci\u0119cia<\/strong> \u2013 czy to w pracy, podczas aktywno\u015bci na \u015bwie\u017cym powietrzu, czy jako apteczka pierwszej pomocy. Dzi\u0119ki swojej ergonomii i ostrzu gotowemu na wszystko nie zawiedzie nawet w wymagaj\u0105cych warunkach. <\/p>\n<div>\n<hr>\n<\/div>\n<p>\u2705 <strong>Ocena ko\u0144cowa<\/strong><\/p>\n<p><strong>Spyderco Byrd BY04SBKWC2 Meadowlark 2 Wharncliffe Serrated<\/strong> to praktyczny, lekki i mocny n\u00f3\u017c sk\u0142adany przeznaczony do u\u017cytku w praktyce, a nie tylko do gabloty kolekcjonerskiej. Sprawdzi si\u0119 w \u015brodowiskach ratowniczych, podczas aktywno\u015bci na \u015bwie\u017cym powietrzu i w codziennym u\u017cytku. \u0141\u0105czy w sobie wydajno\u015b\u0107, bezpiecze\u0144stwo i lekko\u015b\u0107 \u2014 dok\u0142adnie to, czego oczekujesz od no\u017ca.  <\/p>\n","protected":false},"excerpt":{"rendered":"<p><strong>Meadowlark 2 Wharncliffe Serrated to idealny wyb\u00f3r dla ka\u017cdego, kto szuka lekkiego, niezawodnego i skutecznego no\u017ca do trudnych zada\u0144 ci\u0119cia \u2013 czy to w pracy, podczas aktywno\u015bci na \u015bwie\u017cym powietrzu, czy jako apteczka pierwszej pomocy. Dzi\u0119ki swojej ergonomii i ostrzu gotowemu na wszystko nie zawiedzie nawet w wymagaj\u0105cych warunkach. <\/strong><\/p>\n","protected":false},"featured_media":411630,"comment_status":"open","ping_status":"closed","template":"","meta":[],"pwb-brand":[4040],"product_brand":[],"product_cat":[3296,3307],"product_tag":[],"class_list":{"0":"post-411795","1":"product","2":"type-product","3":"status-publish","4":"has-post-thumbnail","6":"pwb-brand-byrd-pl","7":"product_cat-noze-pl","8":"product_cat-zamykanie-nozy","10":"first","11":"instock","12":"taxable","13":"shipping-taxable","14":"purchasable","15":"product-type-simple"},"brands":[{"id":4040,"name":"Byrd","slug":"byrd-pl"}],"_links":{"self":[{"href":"https:\/\/www.moskito.cz\/pl\/wp-json\/wp\/v2\/product\/411795","targetHints":{"allow":["GET"]}}],"collection":[{"href":"https:\/\/www.moskito.cz\/pl\/wp-json\/wp\/v2\/product"}],"about":[{"href":"https:\/\/www.moskito.cz\/pl\/wp-json\/wp\/v2\/types\/product"}],"replies":[{"embeddable":true,"href":"https:\/\/www.moskito.cz\/pl\/wp-json\/wp\/v2\/comments?post=411795"}],"wp:featuredmedia":[{"embeddable":true,"href":"https:\/\/www.moskito.cz\/pl\/wp-json\/wp\/v2\/media\/411630"}],"wp:attachment":[{"href":"https:\/\/www.moskito.cz\/pl\/wp-json\/wp\/v2\/media?parent=411795"}],"wp:term":[{"taxonomy":"pwb-brand","embeddable":true,"href":"https:\/\/www.moskito.cz\/pl\/wp-json\/wp\/v2\/pwb-brand?post=411795"},{"taxonomy":"product_brand","embeddable":true,"href":"https:\/\/www.moskito.cz\/pl\/wp-json\/wp\/v2\/product_brand?post=411795"},{"taxonomy":"product_cat","embeddable":true,"href":"https:\/\/www.moskito.cz\/pl\/wp-json\/wp\/v2\/product_cat?post=411795"},{"taxonomy":"product_tag","embeddable":true,"href":"https:\/\/www.moskito.cz\/pl\/wp-json\/wp\/v2\/product_tag?post=411795"}],"curies":[{"name":"wp","href":"https:\/\/api.w.org\/{rel}","templated":true}]}}