{"id":411888,"date":"2025-06-27T18:14:21","date_gmt":"2025-06-27T17:38:39","guid":{"rendered":"https:\/\/www.moskito.cz\/produkt\/chris-reeve-duzy-noz-skladany-sebenza-31-l31-1644\/"},"modified":"2025-06-27T18:38:39","modified_gmt":"2025-06-27T17:38:39","slug":"chris-reeve-duzy-noz-skladany-sebenza-31-l31-1644","status":"publish","type":"product","link":"https:\/\/www.moskito.cz\/pl\/produkt\/chris-reeve-duzy-noz-skladany-sebenza-31-l31-1644\/","title":{"rendered":"Chris Reeve Du\u017cy n\u00f3\u017c sk\u0142adany Sebenza 31 L31-1644"},"content":{"rendered":"<h3 data-pm-slice=\"1 1 []\">\ud83d\uddc2\ufe0f Chris Reeve Sebenza 31 \u2013 tytanowa precyzja, kt\u00f3ra nie boi si\u0119 pracy<\/h3>\n<p><strong>Sebenza<\/strong> oznacza <strong>\u201eprac\u0119\u201d<\/strong> w j\u0119zyku zulu \u2013 i w\u0142a\u015bnie do tego ten n\u00f3\u017c zosta\u0142 stworzony. <strong>Chris Reeve Sebenza 31<\/strong> to szczyt r\u0119cznie dostrajanej in\u017cynierii, znany z niezawodnej i nienagannej jako\u015bci wykonania. Z ostrzem o d\u0142ugo\u015bci prawie 92 mm, niezwykle tward\u0105 stal\u0105 <strong>CPM-MagnaCut<\/strong> (63-64 HRC) i kultowym <strong>systemem Reeve Integral Lock,<\/strong> Sebenza 31 wyznacza standardy w segmencie sk\u0142adanych no\u017cy premium. <\/p>\n<p>Ostrze <strong>Drop Point<\/strong> z pustym szlifem zapewnia doskona\u0142\u0105 wydajno\u015b\u0107 ci\u0119cia, a <strong>wyko\u0144czenie stonewash<\/strong> zwi\u0119ksza odporno\u015b\u0107 na zarysowania. Tytanowa r\u0119koje\u015b\u0107 z delikatnym wyko\u0144czeniem metod\u0105 piaskowania szk\u0142a idealnie le\u017cy w d\u0142oni i wytrzymuje ekstremalne obci\u0105\u017cenia. Ulepszona <strong>ceramiczna blokada<\/strong> i elegancki <strong>przesuni\u0119ty klips kieszeniowy<\/strong> s\u0105 dowodem na to, \u017ce Sebenza 31 \u0142\u0105czy tradycj\u0119 z nowoczesn\u0105 wydajno\u015bci\u0105.  <\/p>\n<div>\n<hr>\n<\/div>\n<h3>\ud83d\udcd0 Dane techniczne:<\/h3>\n<ul data-spread=\"false\">\n<li><strong>D\u0142ugo\u015b\u0107 ostrza:<\/strong> 91,7 mm<\/li>\n<li><strong>D\u0142ugo\u015b\u0107 ca\u0142kowita:<\/strong> 213,4 mm<\/li>\n<li><strong>D\u0142ugo\u015b\u0107 no\u017ca zamkni\u0119tego:<\/strong> 121,7 mm<\/li>\n<li><strong>Grubo\u015b\u0107 ostrza:<\/strong> 3,07 mm<\/li>\n<li><strong>Materia\u0142 ostrza:<\/strong> CPM-MagnaCut \u2013 najwy\u017cszej jako\u015bci stal nierdzewna, wysoka wytrzyma\u0142o\u015b\u0107 i odporno\u015b\u0107 na korozj\u0119<\/li>\n<li><strong>Twardo\u015b\u0107 ostrza:<\/strong> 63\u201364 HRC<\/li>\n<li><strong>Kszta\u0142t ostrza:<\/strong> Drop Point<\/li>\n<li><strong>Grind:<\/strong> Szlifowanie wkl\u0119s\u0142e<\/li>\n<li><strong>Powierzchnia:<\/strong> Kamienna<\/li>\n<li><strong>Materia\u0142 uchwytu:<\/strong> Tytan 6Al4V, piaskowany szk\u0142em<\/li>\n<li><strong>Grubo\u015b\u0107 uchwytu:<\/strong> 3,81 mm<\/li>\n<li><strong>Zamek:<\/strong> Zamek integralny Reeve z ceramicznym stykiem<\/li>\n<li><strong>Klips kieszonkowy:<\/strong> tytanowy, offsetowy, z ko\u0144c\u00f3wk\u0105 skierowan\u0105 w prawo<\/li>\n<li><strong>Obr\u00f3t:<\/strong> Na podk\u0142adkach<\/li>\n<li><strong>Waga:<\/strong> ok. 133 g<\/li>\n<li><strong>Projektant:<\/strong> Chris Reeve<\/li>\n<li><strong>Kraj pochodzenia:<\/strong> USA<\/li>\n<\/ul>\n<div>\n<hr>\n<\/div>\n<h3>\ud83d\udfe2 G\u0142\u00f3wne zalety:<\/h3>\n<p>\u2705 Stal Premium <strong>MagnaCut<\/strong> \u2013 doskona\u0142e utrzymanie ostro\u015bci, doskona\u0142a odporno\u015b\u0107 na korozj\u0119<br \/>\n\u2705 Uchwyt tytanowy \u2013 mocny, lekki i niemal niezniszczalny<br \/>\n\u2705 Innowacyjna ceramiczna <strong>blokada Reeve Integral Lock<\/strong> \u2013 wyj\u0105tkowo bezpieczna i p\u0142ynna praca<br \/>\n\u2705 Ergonomiczna konstrukcja \u2013 wygodna w trzymaniu nawet podczas d\u0142ugotrwa\u0142ej pracy<br \/>\n\u2705 Elegancka estetyka \u2013 niebieskie okucia, subtelne ostrze stonewash i przesuni\u0119ty ku g\u00f3rze klips na r\u0119koje\u015b\u0107<\/p>\n<div>\n<hr>\n<\/div>\n<h3>\ud83d\udd34 Mo\u017cliwe wady:<\/h3>\n<p>\u26a0\ufe0f Wy\u017csza cena \u2013 odzwierciedla najwy\u017csz\u0105 jako\u015b\u0107 materia\u0142\u00f3w i r\u0119czne wykonanie<br \/>\n\u26a0\ufe0f Dla os\u00f3b prawor\u0119cznych &#8211; klips nie jest przystosowany do obs\u0142ugi przez osoby lewor\u0119czne<br \/>\n\u26a0\ufe0f Nie nadaje si\u0119 do szybkiego otwierania jedn\u0105 r\u0119k\u0105, jak w przypadku niekt\u00f3rych nowoczesnych modeli EDC<\/p>\n<div>\n<hr>\n<\/div>\n<h3>\ud83d\udee0\ufe0f Konserwacja i piel\u0119gnacja:<\/h3>\n<ul data-spread=\"false\">\n<li>Stal MagnaCut d\u0142ugo zachowuje ostro\u015b\u0107, jednak zalecane jest regularne, dok\u0142adne ostrzenie<\/li>\n<li>Zaleca si\u0119 okresowe smarowanie sworznia i zamka.<\/li>\n<li>Uchwyt tytanowy nie wymaga praktycznie \u017cadnej konserwacji, wystarczy od czasu do czasu przetrze\u0107.<\/li>\n<li>Nadaje si\u0119 do przechowywania w miejscu, w kt\u00f3rym nie panuje du\u017ca wilgotno\u015b\u0107<\/li>\n<\/ul>\n<div>\n<hr>\n<\/div>\n<h3>\u2764\ufe0f Dlaczego to pokochasz<\/h3>\n<p>Chris Reeve Sebenza 31 to co\u015b wi\u0119cej ni\u017c tylko narz\u0119dzie \u2013 to wyraz filozofii precyzji, funkcjonalno\u015bci i trwa\u0142o\u015bci. Niezale\u017cnie od tego, czy jeste\u015b kolekcjonerem, entuzjast\u0105 outdooru, czy szukasz <strong>najlepszego mo\u017cliwego no\u017ca EDC<\/strong> , Sebenza oferuje niezr\u00f3wnane po\u0142\u0105czenie <strong>jako\u015bci, elegancji i wydajno\u015bci<\/strong> , na kt\u00f3re mo\u017cesz liczy\u0107 przez ca\u0142e \u017cycie. <\/p>\n<div>\n<hr>\n<\/div>\n<h3>\u2705 Ocena ko\u0144cowa<\/h3>\n<p><strong>Sebenza 31<\/strong> to ikona w\u015br\u00f3d no\u017cy \u2013 symbol niezawodno\u015bci, kunsztu i doskona\u0142o\u015bci technicznej. To nie n\u00f3\u017c dla ka\u017cdego, ale dla tych, kt\u00f3rzy szukaj\u0105 <strong>bezkompromisowej wydajno\u015bci w ponadczasowym designie<\/strong> , jest to wyb\u00f3r numer jeden.<br \/>\n Doskona\u0142e narz\u0119dzie, kt\u00f3re naprawd\u0119 zas\u0142uguje na swoj\u0105 nazw\u0119: <strong>Sebenza \u2013 work<\/strong> . <\/p>\n<div><\/div>\n","protected":false},"excerpt":{"rendered":"<p><strong>Chris Reeve Sebenza 31 to co\u015b wi\u0119cej ni\u017c tylko narz\u0119dzie \u2013 to wyraz filozofii precyzji, funkcjonalno\u015bci i trwa\u0142o\u015bci. Niezale\u017cnie od tego, czy jeste\u015b kolekcjonerem, entuzjast\u0105 outdooru, czy szukasz najlepszego mo\u017cliwego no\u017ca EDC, Sebenza oferuje niezr\u00f3wnane po\u0142\u0105czenie jako\u015bci, elegancji i wydajno\u015bci, na kt\u00f3re mo\u017cesz liczy\u0107 przez ca\u0142e \u017cycie. <\/strong><\/p>\n<p><strong>Darmowa wysy\u0142ka.<\/strong><\/p>\n","protected":false},"featured_media":411816,"comment_status":"open","ping_status":"closed","template":"","meta":[],"pwb-brand":[4048],"product_brand":[],"product_cat":[3296,3307],"product_tag":[],"class_list":{"0":"post-411888","1":"product","2":"type-product","3":"status-publish","4":"has-post-thumbnail","6":"pwb-brand-noze-chrisa-reevea","7":"product_cat-noze-pl","8":"product_cat-zamykanie-nozy","10":"first","11":"outofstock","12":"taxable","13":"shipping-taxable","14":"purchasable","15":"product-type-simple"},"brands":[{"id":4048,"name":"No\u017ce Chrisa Reeve'a","slug":"noze-chrisa-reevea"}],"_links":{"self":[{"href":"https:\/\/www.moskito.cz\/pl\/wp-json\/wp\/v2\/product\/411888","targetHints":{"allow":["GET"]}}],"collection":[{"href":"https:\/\/www.moskito.cz\/pl\/wp-json\/wp\/v2\/product"}],"about":[{"href":"https:\/\/www.moskito.cz\/pl\/wp-json\/wp\/v2\/types\/product"}],"replies":[{"embeddable":true,"href":"https:\/\/www.moskito.cz\/pl\/wp-json\/wp\/v2\/comments?post=411888"}],"wp:featuredmedia":[{"embeddable":true,"href":"https:\/\/www.moskito.cz\/pl\/wp-json\/wp\/v2\/media\/411816"}],"wp:attachment":[{"href":"https:\/\/www.moskito.cz\/pl\/wp-json\/wp\/v2\/media?parent=411888"}],"wp:term":[{"taxonomy":"pwb-brand","embeddable":true,"href":"https:\/\/www.moskito.cz\/pl\/wp-json\/wp\/v2\/pwb-brand?post=411888"},{"taxonomy":"product_brand","embeddable":true,"href":"https:\/\/www.moskito.cz\/pl\/wp-json\/wp\/v2\/product_brand?post=411888"},{"taxonomy":"product_cat","embeddable":true,"href":"https:\/\/www.moskito.cz\/pl\/wp-json\/wp\/v2\/product_cat?post=411888"},{"taxonomy":"product_tag","embeddable":true,"href":"https:\/\/www.moskito.cz\/pl\/wp-json\/wp\/v2\/product_tag?post=411888"}],"curies":[{"name":"wp","href":"https:\/\/api.w.org\/{rel}","templated":true}]}}