{"id":411896,"date":"2025-06-27T18:38:29","date_gmt":"2025-06-27T18:02:55","guid":{"rendered":"https:\/\/www.moskito.cz\/produkt\/chris-reeve-duzy-noz-skladany-sebenza-31-l31-1200\/"},"modified":"2025-06-27T19:02:55","modified_gmt":"2025-06-27T18:02:55","slug":"chris-reeve-duzy-noz-skladany-sebenza-31-l31-1200","status":"publish","type":"product","link":"https:\/\/www.moskito.cz\/pl\/produkt\/chris-reeve-duzy-noz-skladany-sebenza-31-l31-1200\/","title":{"rendered":"Chris Reeve Du\u017cy n\u00f3\u017c sk\u0142adany Sebenza 31 L31-1200"},"content":{"rendered":"<h2 data-pm-slice=\"1 1 []\">\ud83d\uddc2\ufe0f Chris Reeve Large Sebenza 31 \u2013 Black Micarta | Si\u0142a, styl i niezawodno\u015b\u0107 w jednym korpusie<\/h2>\n<p><strong>Sebenza<\/strong> oznacza <strong>\u201eprac\u0119\u201d<\/strong> w j\u0119zyku zulu \u2013 i w\u0142a\u015bnie do tego ten n\u00f3\u017c zosta\u0142 zaprojektowany od samego pocz\u0105tku. <strong>Large Sebenza 31 z czarnymi p\u0142\u00f3ciennymi wk\u0142adkami Micarta<\/strong> charakteryzuje si\u0119 najwy\u017cszej klasy wykonaniem, kt\u00f3re \u0142\u0105czy r\u0119czne wykonanie z precyzyjn\u0105 technologi\u0105 produkcji. Rezultatem jest n\u00f3\u017c sk\u0142adany o wyj\u0105tkowej wytrzyma\u0142o\u015bci, delikatnej estetyce i absolutnie niezawodnej wydajno\u015bci \u2013 gotowy wytrzyma\u0107 trudy codziennego \u017cycia i wymagaj\u0105ce warunki.  <\/p>\n<p>Najwy\u017cszej jako\u015bci ostrze ze stali <strong>CPM-MagnaCut<\/strong> , hartowane do <strong>63-64 HRC<\/strong> , zapewnia doskona\u0142e utrzymywanie ostro\u015bci, \u0142atw\u0105 konserwacj\u0119 i wyj\u0105tkow\u0105 odporno\u015b\u0107 na korozj\u0119. Dodaj do tego <strong>hollow grinding<\/strong> , <strong>profil drop point<\/strong> i eleganckie <strong>wyko\u0144czenie stonewash<\/strong> &#8211; Sebenza 31 jest nie tylko funkcjonalna, ale i pi\u0119kna. Tytanowy korpus z <strong>czarnymi wk\u0142adkami Micarta<\/strong> zapewnia wygodny, cieplejszy chwyt i zwi\u0119ksza kontrol\u0119 podczas obs\u0142ugi.  <\/p>\n<div>\n<hr>\n<\/div>\n<h3>\ud83d\udcd0 Dane techniczne:<\/h3>\n<ul data-spread=\"false\">\n<li><strong>D\u0142ugo\u015b\u0107 ostrza:<\/strong> 91,7 mm<\/li>\n<li><strong>D\u0142ugo\u015b\u0107 ca\u0142kowita:<\/strong> 213,4 mm<\/li>\n<li><strong>D\u0142ugo\u015b\u0107 no\u017ca zamkni\u0119tego:<\/strong> 121,7 mm<\/li>\n<li><strong>Grubo\u015b\u0107 ostrza:<\/strong> 3,07 mm<\/li>\n<li><strong>Materia\u0142 ostrza:<\/strong> CPM-MagnaCut \u2013 najwy\u017cszej jako\u015bci stal nierdzewna nowej generacji<\/li>\n<li><strong>Twardo\u015b\u0107 ostrza:<\/strong> 63\u201364 HRC<\/li>\n<li><strong>Kszta\u0142t ostrza:<\/strong> Drop Point<\/li>\n<li><strong>Grind:<\/strong> Szlifowanie wkl\u0119s\u0142e<\/li>\n<li><strong>Powierzchnia ostrza:<\/strong> Stonewash \u2013 odporna na zarysowania i odciski palc\u00f3w<\/li>\n<li><strong>Materia\u0142 r\u0119koje\u015bci:<\/strong> Tytan 6Al4V (piaskowany) z czarnymi wk\u0142adkami Micarta<\/li>\n<li><strong>Grubo\u015b\u0107 uchwytu:<\/strong> 3,81 mm<\/li>\n<li><strong>Zamek:<\/strong> Zamek integralny Reeve z ceramicznym punktem styku<\/li>\n<li><strong>Klips kieszonkowy:<\/strong> tytanowy, offsetowy, z ko\u0144c\u00f3wk\u0105 skierowan\u0105 w prawo<\/li>\n<li><strong>Obr\u00f3t:<\/strong> Na podk\u0142adkach<\/li>\n<li><strong>Waga:<\/strong> ok. 133 g<\/li>\n<li><strong>Projektant:<\/strong> Chris Reeve<\/li>\n<li><strong>Kraj produkcji:<\/strong> USA<\/li>\n<\/ul>\n<div>\n<hr>\n<\/div>\n<h3>\ud83d\udfe2 G\u0142\u00f3wne zalety:<\/h3>\n<p>\u2705  <strong>Stal Premium MagnaCut<\/strong> \u2013 wyj\u0105tkowo wytrzyma\u0142a, dobrze trzymaj\u0105ca ostro\u015b\u0107 i niewymagaj\u0105ca cz\u0119stego ostrzenia<br \/>\n\u2705  <strong>Wk\u0142adka Micarta<\/strong> \u2013 poprawia chwyt i nadaje no\u017cowi naturalny, cieplejszy wygl\u0105d<br \/>\n\u2705  <strong>Reeve Integral Lock<\/strong> \u2013 najnowocze\u015bniejszy system blokowania z ceramicznym stykiem zapewniaj\u0105cy maksymaln\u0105 trwa\u0142o\u015b\u0107<br \/>\n\u2705  <strong>Konstrukcja z tytanu<\/strong> \u2013 niezwykle wytrzyma\u0142a, a przy tym zaskakuj\u0105co lekka<br \/>\n\u2705  <strong>Subtelny design<\/strong> \u2013 po\u0142\u0105czenie technicznej elegancji i funkcjonalnego minimalizmu<\/p>\n<div>\n<hr>\n<\/div>\n<h3>\ud83d\udd34 Mo\u017cliwe wady:<\/h3>\n<p>\u26a0\ufe0f Wy\u017csza cena \u2013 odpowiada najwy\u017cszej jako\u015bci materia\u0142om i r\u0119cznemu wykonaniu<br \/>\n\u26a0\ufe0f Nieodpowiednie dla os\u00f3b lewor\u0119cznych \u2013 klipsa kieszonkowego nie mo\u017cna odwr\u00f3ci\u0107<br \/>\n\u26a0\ufe0f Mniej rzucaj\u0105ce si\u0119 w oczy ni\u017c niekt\u00f3re no\u017ce \u201epokazowe\u201d \u2013 celowo dyskretne i funkcjonalne<\/p>\n<div>\n<hr>\n<\/div>\n<h3>\ud83d\udee0\ufe0f Konserwacja i piel\u0119gnacja:<\/h3>\n<ul data-spread=\"false\">\n<li><strong>No\u017ce MagnaCut<\/strong> pozostaj\u0105 ostre przez bardzo d\u0142ugi czas \u2013 idealne do regularnego, lekkiego ostrzenia zamiast cz\u0119stego ostrzenia<\/li>\n<li>Tytan i Micarta s\u0105 praktycznie bezobs\u0142ugowe \u2013 \u0142atwe do czyszczenia, odporne na wilgo\u0107 i zu\u017cycie<\/li>\n<li>Zaleca si\u0119 okresowe lekkie smarowanie sworznia.<\/li>\n<li>Micarta z czasem nabiera delikatnej patyny \u2013 jest to celowy efekt estetyczny<\/li>\n<\/ul>\n<div>\n<hr>\n<\/div>\n<h3>\u2764\ufe0f Dlaczego to pokochasz<\/h3>\n<p><strong>Sebenza 31 Large z wk\u0142adkami Micarta<\/strong> to wyj\u0105tkowy n\u00f3\u017c EDC \u2013 elegancki, mocny i ergonomiczny. Oferuje <strong>luksusow\u0105 funkcjonalno\u015b\u0107<\/strong> bez zb\u0119dnych ozd\u00f3b, skupiony na <strong>niezawodno\u015bci, praktyczno\u015bci i trwa\u0142o\u015bci<\/strong> . Ka\u017cdy szczeg\u00f3\u0142, od ceramiki w zamku po idealnie w\u0142o\u017con\u0105 Micart\u0119, \u015bwiadczy o tym, \u017ce nic nie zosta\u0142o tu pozostawione przypadkowi.  <\/p>\n<div>\n<hr>\n<\/div>\n<h3>\u2705 Ocena ko\u0144cowa<\/h3>\n<p>Ta wersja <strong>Chris Reeve Large Sebenza 31<\/strong> to idealne po\u0142\u0105czenie doskona\u0142o\u015bci technicznej i ponadczasowego designu. <strong>Czarne wk\u0142adki Micarta<\/strong> poprawiaj\u0105 ergonomi\u0119 i styl, a konstrukcja z najwy\u017cszej jako\u015bci stali i tytanu zapewnia trwa\u0142o\u015b\u0107 i wysok\u0105 wydajno\u015b\u0107. Je\u015bli szukasz <strong>no\u017ca klasy premium, kt\u00f3ry przetrwa ca\u0142e \u017cycie<\/strong> , to w\u0142a\u015bnie go znalaz\u0142e\u015b.  <\/p>\n<div>\n<hr>\n<\/div>\n<p>&nbsp;<\/p>\n","protected":false},"excerpt":{"rendered":"<p><strong>Sebenza 31 Large z wk\u0142adkami Micarta to wyj\u0105tkowy n\u00f3\u017c EDC \u2013 elegancki, mocny i ergonomiczny. Oferuje luksusow\u0105 funkcjonalno\u015b\u0107 bez zb\u0119dnych ozd\u00f3b, skupiony na niezawodno\u015bci, praktyczno\u015bci i trwa\u0142o\u015bci. Ka\u017cdy szczeg\u00f3\u0142, od ceramiki w zamku po idealnie w\u0142o\u017con\u0105 Micart\u0119, \u015bwiadczy o tym, \u017ce nic nie zosta\u0142o tu pozostawione przypadkowi.  <\/strong><\/p>\n<p><strong>Darmowa wysy\u0142ka.<\/strong><\/p>\n","protected":false},"featured_media":411857,"comment_status":"open","ping_status":"closed","template":"","meta":[],"pwb-brand":[4048],"product_brand":[],"product_cat":[3296,3307],"product_tag":[],"class_list":{"0":"post-411896","1":"product","2":"type-product","3":"status-publish","4":"has-post-thumbnail","6":"pwb-brand-noze-chrisa-reevea","7":"product_cat-noze-pl","8":"product_cat-zamykanie-nozy","10":"first","11":"outofstock","12":"taxable","13":"shipping-taxable","14":"purchasable","15":"product-type-simple"},"brands":[{"id":4048,"name":"No\u017ce Chrisa Reeve'a","slug":"noze-chrisa-reevea"}],"_links":{"self":[{"href":"https:\/\/www.moskito.cz\/pl\/wp-json\/wp\/v2\/product\/411896","targetHints":{"allow":["GET"]}}],"collection":[{"href":"https:\/\/www.moskito.cz\/pl\/wp-json\/wp\/v2\/product"}],"about":[{"href":"https:\/\/www.moskito.cz\/pl\/wp-json\/wp\/v2\/types\/product"}],"replies":[{"embeddable":true,"href":"https:\/\/www.moskito.cz\/pl\/wp-json\/wp\/v2\/comments?post=411896"}],"wp:featuredmedia":[{"embeddable":true,"href":"https:\/\/www.moskito.cz\/pl\/wp-json\/wp\/v2\/media\/411857"}],"wp:attachment":[{"href":"https:\/\/www.moskito.cz\/pl\/wp-json\/wp\/v2\/media?parent=411896"}],"wp:term":[{"taxonomy":"pwb-brand","embeddable":true,"href":"https:\/\/www.moskito.cz\/pl\/wp-json\/wp\/v2\/pwb-brand?post=411896"},{"taxonomy":"product_brand","embeddable":true,"href":"https:\/\/www.moskito.cz\/pl\/wp-json\/wp\/v2\/product_brand?post=411896"},{"taxonomy":"product_cat","embeddable":true,"href":"https:\/\/www.moskito.cz\/pl\/wp-json\/wp\/v2\/product_cat?post=411896"},{"taxonomy":"product_tag","embeddable":true,"href":"https:\/\/www.moskito.cz\/pl\/wp-json\/wp\/v2\/product_tag?post=411896"}],"curies":[{"name":"wp","href":"https:\/\/api.w.org\/{rel}","templated":true}]}}