{"id":411951,"date":"2025-06-27T19:15:05","date_gmt":"2025-06-27T18:25:15","guid":{"rendered":"https:\/\/www.moskito.cz\/produkt\/chris-reeve-duzy-noz-skladany-sebenza-31-l31-1010\/"},"modified":"2025-06-27T19:25:15","modified_gmt":"2025-06-27T18:25:15","slug":"chris-reeve-duzy-noz-skladany-sebenza-31-l31-1010","status":"publish","type":"product","link":"https:\/\/www.moskito.cz\/pl\/produkt\/chris-reeve-duzy-noz-skladany-sebenza-31-l31-1010\/","title":{"rendered":"Chris Reeve Du\u017cy n\u00f3\u017c sk\u0142adany Sebenza 31 L31-1010"},"content":{"rendered":"<h2 data-pm-slice=\"1 1 []\">\ud83d\uddc2\ufe0f Chris Reeve Large Sebenza 31 L31-1010 | Ikona mi\u0119dzy zapi\u0119ciami<\/h2>\n<p><strong>Sebenza 31 L31-1010<\/strong> od <strong>Chris Reeve Knives<\/strong> to ewolucja jednego z najbardziej kultowych no\u017cy sk\u0142adanych wszech czas\u00f3w. Ta wersja kontynuuje ponad 30 lat nienagannego wzornictwa, r\u0119cznego wykonania i najwy\u017cszej klasy wydajno\u015bci \u2013 w czystym, tytanowym wyko\u0144czeniu z ostrzem wykonanym z nowej super stali <strong>CPM MagnaCut<\/strong> . <\/p>\n<p>Dzi\u0119ki ekstremalnej precyzji wykonania, legendarnemu mechanizmowi <strong>Reeve Integral Lock<\/strong> z ceramicznym stykiem i doskona\u0142ej ergonomii, Sebenza utrzymuje sw\u00f3j status referencyjnego no\u017ca EDC do codziennego u\u017cytku, kolekcjonowania i wymagaj\u0105cych prac. Niezale\u017cnie od tego, czy jeste\u015b w biurze, czy w g\u00f3rach, Sebenza 31 Ci\u0119 nie zawiedzie. <\/p>\n<div>\n<hr>\n<\/div>\n<h3>\ud83d\udcd0 Dane techniczne:<\/h3>\n<ul data-spread=\"false\">\n<li><strong>D\u0142ugo\u015b\u0107 ostrza:<\/strong> 91,7 mm<\/li>\n<li><strong>D\u0142ugo\u015b\u0107 ca\u0142kowita:<\/strong> 213,4 mm<\/li>\n<li><strong>D\u0142ugo\u015b\u0107 no\u017ca zamkni\u0119tego:<\/strong> 121,7 mm<\/li>\n<li><strong>Grubo\u015b\u0107 ostrza:<\/strong> 3,07 mm<\/li>\n<li><strong>Materia\u0142 ostrza:<\/strong> CPM MagnaCut \u2013 stal nierdzewna najwy\u017cszej jako\u015bci nowej generacji<\/li>\n<li><strong>Twardo\u015b\u0107 ostrza:<\/strong> 63\u201364 HRC<\/li>\n<li><strong>Kszta\u0142t ostrza:<\/strong> Drop Point<\/li>\n<li><strong>Grind:<\/strong> Szlifowanie wkl\u0119s\u0142e<\/li>\n<li><strong>Powierzchnia ostrza:<\/strong> Stonewash<\/li>\n<li><strong>Materia\u0142 r\u0119koje\u015bci:<\/strong> Tytan 6Al4V (piaskowany)<\/li>\n<li><strong>Grubo\u015b\u0107 uchwytu:<\/strong> 3,81 mm<\/li>\n<li><strong>Zamek:<\/strong> Zamek Reeve Integral z kulk\u0105 ceramiczn\u0105<\/li>\n<li><strong>Klips kieszonkowy:<\/strong> tytanowy, dla prawor\u0119cznych, offsetowy (czubkiem do g\u00f3ry)<\/li>\n<li><strong>Obr\u00f3t:<\/strong> Na podk\u0142adkach<\/li>\n<li><strong>Waga:<\/strong> ok. 133 g<\/li>\n<li><strong>Projektant:<\/strong> Chris Reeve<\/li>\n<li><strong>Kraj produkcji:<\/strong> USA<\/li>\n<\/ul>\n<div>\n<hr>\n<\/div>\n<h3>\ud83d\udfe2 G\u0142\u00f3wne zalety:<\/h3>\n<p>\u2705  <strong>Stal MagnaCut<\/strong> \u2013 doskona\u0142e utrzymywanie ostro\u015bci, wysoka wytrzyma\u0142o\u015b\u0107, wyj\u0105tkowa odporno\u015b\u0107 na korozj\u0119<br \/>\n\u2705  <strong>Reeve Integral Lock<\/strong> \u2013 niezwykle niezawodna blokada ramy z ceramicznym interfejsem<br \/>\n\u2705  <strong>Korpus z tytanu<\/strong> \u2013 lekki, wytrzyma\u0142y, ponadczasowo elegancki<br \/>\n\u2705  <strong>Ostrze Hollow Cut i Drop Point<\/strong> \u2013 wszechstronna i bardzo tn\u0105ca geometria<br \/>\n\u2705  <strong>Kultowy design<\/strong> \u2013 minimalistyczny, a jednocze\u015bnie pomys\u0142owo przemy\u015blany w najdrobniejszych szczeg\u00f3\u0142ach<\/p>\n<div>\n<hr>\n<\/div>\n<h3>\ud83d\udd34 Mo\u017cliwe wady:<\/h3>\n<p>\u26a0\ufe0f Wy\u017csza cena \u2013 marka premium i materia\u0142y<br \/>\n\u26a0\ufe0f Nieodwracalny klips \u2013 zaprojektowany do noszenia praw\u0105 r\u0119k\u0105<br \/>\n\u26a0\ufe0f Wolniejsze otwarcie \u2013 to nie jest \u201eflipper\u201d, ale celowo tradycyjny<\/p>\n<div>\n<hr>\n<\/div>\n<h3>\ud83d\udee0\ufe0f Konserwacja i piel\u0119gnacja:<\/h3>\n<ul data-spread=\"false\">\n<li>Zalecane jest regularne, lekkie ostrzenie (MagnaCut dobrze trzyma ostro\u015b\u0107, ale reaguje na jako\u015b\u0107 szlifowania)<\/li>\n<li>Szpilk\u0119 mo\u017cna od czasu do czasu nasmarowa\u0107 kropl\u0105 oleju<\/li>\n<li>Wyko\u0144czenie tytanowe i stonewash odporne na zarysowania i wilgo\u0107<\/li>\n<li>Zaleca si\u0119 czyszczenie od czasu do czasu i przechowywanie w miejscu, w kt\u00f3rym nie wyst\u0119puj\u0105 ekstremalne warunki.<\/li>\n<\/ul>\n<div>\n<hr>\n<\/div>\n<h3>\u2764\ufe0f Dlaczego go lubisz?<\/h3>\n<p><strong>Chris Reeve Large Sebenza 31 L31-1010<\/strong> to co\u015b wi\u0119cej ni\u017c tylko n\u00f3\u017c sk\u0142adany &#8211; to narz\u0119dzie z dusz\u0105, kt\u00f3re stanie si\u0119 Twoim codziennym towarzyszem na ca\u0142e \u017cycie. Oferuje idealn\u0105 r\u00f3wnowag\u0119 prostoty i wyrafinowania, niezale\u017cnie od tego, czy jeste\u015b entuzjast\u0105 no\u017cy, czy do\u015bwiadczonym u\u017cytkownikiem szukaj\u0105cym najlepszego no\u017ca, kt\u00f3ry mo\u017cesz nosi\u0107 w kieszeni. <\/p>\n<div>\n<hr>\n<\/div>\n<h3>\u2705 Ocena ko\u0144cowa<\/h3>\n<p><strong>Sebenza 31 L31-1010<\/strong> to dow\u00f3d na to, \u017ce prostota i precyzja mog\u0105 i\u015b\u0107 w parze. Tytan, ceramika i stal premium nie s\u0105 tylko dla wygl\u0105du, ale dla prawdziwej wydajno\u015bci. To n\u00f3\u017c, kt\u00f3ry nigdy si\u0119 nie starzeje &#8211; a im d\u0142u\u017cej go masz, tym bardziej go doceniasz.  <\/p>\n<div>\n<hr>\n<\/div>\n<p>&nbsp;<\/p>\n","protected":false},"excerpt":{"rendered":"<p><strong>Chris Reeve Large Sebenza 31 L31-1010 to co\u015b wi\u0119cej ni\u017c tylko n\u00f3\u017c sk\u0142adany &#8211; to narz\u0119dzie z dusz\u0105, kt\u00f3re stanie si\u0119 Twoim codziennym towarzyszem na ca\u0142e \u017cycie. Oferuje idealn\u0105 r\u00f3wnowag\u0119 prostoty i wyrafinowania, niezale\u017cnie od tego, czy jeste\u015b entuzjast\u0105 no\u017cy, czy do\u015bwiadczonym u\u017cytkownikiem szukaj\u0105cym najlepszego no\u017ca, kt\u00f3ry mo\u017cesz nosi\u0107 w kieszeni. <\/strong><\/p>\n<p><strong>Darmowa wysy\u0142ka.<\/strong><\/p>\n","protected":false},"featured_media":411904,"comment_status":"open","ping_status":"closed","template":"","meta":[],"pwb-brand":[4048],"product_brand":[],"product_cat":[3296,3307],"product_tag":[],"class_list":{"0":"post-411951","1":"product","2":"type-product","3":"status-publish","4":"has-post-thumbnail","6":"pwb-brand-noze-chrisa-reevea","7":"product_cat-noze-pl","8":"product_cat-zamykanie-nozy","10":"first","11":"instock","12":"taxable","13":"shipping-taxable","14":"purchasable","15":"product-type-simple"},"brands":[{"id":4048,"name":"No\u017ce Chrisa Reeve'a","slug":"noze-chrisa-reevea"}],"_links":{"self":[{"href":"https:\/\/www.moskito.cz\/pl\/wp-json\/wp\/v2\/product\/411951","targetHints":{"allow":["GET"]}}],"collection":[{"href":"https:\/\/www.moskito.cz\/pl\/wp-json\/wp\/v2\/product"}],"about":[{"href":"https:\/\/www.moskito.cz\/pl\/wp-json\/wp\/v2\/types\/product"}],"replies":[{"embeddable":true,"href":"https:\/\/www.moskito.cz\/pl\/wp-json\/wp\/v2\/comments?post=411951"}],"wp:featuredmedia":[{"embeddable":true,"href":"https:\/\/www.moskito.cz\/pl\/wp-json\/wp\/v2\/media\/411904"}],"wp:attachment":[{"href":"https:\/\/www.moskito.cz\/pl\/wp-json\/wp\/v2\/media?parent=411951"}],"wp:term":[{"taxonomy":"pwb-brand","embeddable":true,"href":"https:\/\/www.moskito.cz\/pl\/wp-json\/wp\/v2\/pwb-brand?post=411951"},{"taxonomy":"product_brand","embeddable":true,"href":"https:\/\/www.moskito.cz\/pl\/wp-json\/wp\/v2\/product_brand?post=411951"},{"taxonomy":"product_cat","embeddable":true,"href":"https:\/\/www.moskito.cz\/pl\/wp-json\/wp\/v2\/product_cat?post=411951"},{"taxonomy":"product_tag","embeddable":true,"href":"https:\/\/www.moskito.cz\/pl\/wp-json\/wp\/v2\/product_tag?post=411951"}],"curies":[{"name":"wp","href":"https:\/\/api.w.org\/{rel}","templated":true}]}}