{"id":411991,"date":"2025-06-27T20:09:59","date_gmt":"2025-06-27T19:09:59","guid":{"rendered":"https:\/\/www.moskito.cz\/produkt\/chris-reeve-duzy-skladany-noz-sebenza-31-ebony-l31-1116\/"},"modified":"2025-09-03T14:43:49","modified_gmt":"2025-09-03T13:43:49","slug":"chris-reeve-duzy-skladany-noz-sebenza-31-ebony-l31-1116","status":"publish","type":"product","link":"https:\/\/www.moskito.cz\/pl\/produkt\/chris-reeve-duzy-skladany-noz-sebenza-31-ebony-l31-1116\/","title":{"rendered":"Chris Reeve Du\u017cy sk\u0142adany n\u00f3\u017c Sebenza 31 Ebony L31-1116"},"content":{"rendered":"<h2 data-pm-slice=\"1 1 []\">\ud83d\uddc2\ufe0f Chris Reeve Large Sebenza 31 \u2013 Macassar Ebony Inlay | Luksus i wydajno\u015b\u0107 w jednym<\/h2>\n<p><strong>Sebenza<\/strong> oznacza <strong>\u201eprac\u0119\u201d<\/strong> w j\u0119zyku zulu \u2013 i chocia\u017c ten konkretny model uosabia elegancj\u0119, to nadal jest wysoce funkcjonalnym narz\u0119dziem. <strong>Chris Reeve Large Sebenza 31 L31-1116<\/strong> \u0142\u0105czy w sobie doskona\u0142o\u015b\u0107 techniczn\u0105 z wygl\u0105dem premium, dzi\u0119ki egzotycznym intarsjom <strong>z hebanu makasar<\/strong> , starannie osadzonym w piaskowanej tytanowej r\u0119koje\u015bci. Rezultatem jest sk\u0142adany n\u00f3\u017c, kt\u00f3ry wygl\u0105da jak dzie\u0142o sztuki \u2013 ale nadal jest gotowy do akcji. <\/p>\n<p>Ostrze wykonane jest z nowoczesnej stali <strong>CPM MagnaCut<\/strong> o twardo\u015bci do 64 HRC i oferuje wyj\u0105tkowe utrzymywanie ostro\u015bci, doskona\u0142e mo\u017cliwo\u015bci ci\u0119cia i odporno\u015b\u0107 na korozj\u0119. <strong>Kszta\u0142t ostrza drop point<\/strong> z delikatnym <strong>satynowym wyko\u0144czeniem<\/strong> wygl\u0105da elegancko, a legendarny <strong>Reeve Integral Lock<\/strong> z ceramicznym stykiem zapewnia maksymaln\u0105 stabilno\u015b\u0107 i bezpiecze\u0144stwo podczas pracy.<\/p>\n<div>\n<hr>\n<\/div>\n<h3>\ud83d\udcd0 Dane techniczne:<\/h3>\n<ul data-spread=\"false\">\n<li><strong>D\u0142ugo\u015b\u0107 ostrza:<\/strong> 91,7 mm (3,61\u2033)<\/li>\n<li><strong>D\u0142ugo\u015b\u0107 ca\u0142kowita:<\/strong> 213,4 mm (8,40\u2033)<\/li>\n<li><strong>D\u0142ugo\u015b\u0107 ostrza zamkni\u0119tego:<\/strong> 121,7 mm (4,79\u2033)<\/li>\n<li><strong>Grubo\u015b\u0107 ostrza:<\/strong> 3,07 mm<\/li>\n<li><strong>Materia\u0142 ostrza:<\/strong> CPM MagnaCut \u2013 najwy\u017cszej jako\u015bci stal nierdzewna o wysokiej twardo\u015bci i wytrzyma\u0142o\u015bci<\/li>\n<li><strong>Twardo\u015b\u0107 ostrza:<\/strong> 63\u201364 HRC<\/li>\n<li><strong>Kszta\u0142t ostrza:<\/strong> Drop Point<\/li>\n<li><strong>Grind:<\/strong> Szlifowanie wkl\u0119s\u0142e<\/li>\n<li><strong>Wyko\u0144czenie ostrza:<\/strong> Satynowe (r\u0119cznie polerowane)<\/li>\n<li><strong>Materia\u0142 r\u0119koje\u015bci:<\/strong> Tytan 6Al4V z inkrustacjami z drewna hebanowego Macassar<\/li>\n<li><strong>Zamek:<\/strong> Zamek integralny Reeve z ceramicznym interfejsem<\/li>\n<li><strong>Klips kieszonkowy:<\/strong> tytanowy, dla prawor\u0119cznych, offsetowy (czubkiem do g\u00f3ry)<\/li>\n<li><strong>O\u015b:<\/strong> Na podk\u0142adkach z br\u0105zu fosforowego<\/li>\n<li><strong>Waga:<\/strong> ok. 133 g<\/li>\n<li><strong>Projektant:<\/strong> Chris Reeve<\/li>\n<li><strong>Wyprodukowano w:<\/strong> USA<\/li>\n<\/ul>\n<div>\n<hr>\n<\/div>\n<h3>\ud83d\udfe2 G\u0142\u00f3wne zalety:<\/h3>\n<p>\u2705  <strong>Ekskluzywny wygl\u0105d<\/strong> \u2013 egzotyczne drewno hebanowe Macassar dodaje luksusu i ergonomii<br \/>\n\u2705  <strong>Stal Premium MagnaCut<\/strong> \u2013 doskona\u0142a trwa\u0142o\u015b\u0107 kraw\u0119dzi, wysoka odporno\u015b\u0107 na zu\u017cycie i korozj\u0119<br \/>\n\u2705  <strong>Reeve Integral Lock<\/strong> \u2013 jeden z najlepszych zamk\u00f3w ramowych na rynku, z ceramicznym stykiem zapewniaj\u0105cym d\u0142ug\u0105 \u017cywotno\u015b\u0107<br \/>\n\u2705  <strong>Konstrukcja z tytanu<\/strong> \u2013 mocna i trwa\u0142a, a przy tym zaskakuj\u0105co lekka<br \/>\n\u2705  <strong>R\u0119cznie wykonane<\/strong> &#8211; idealnie dopasowane, ka\u017cdy szczeg\u00f3\u0142 ma swoje miejsce<\/p>\n<div>\n<hr>\n<\/div>\n<h3>\ud83d\udd34 Mo\u017cliwe wady:<\/h3>\n<p>\u26a0\ufe0f Wy\u017csza cena \u2013 odpowiada r\u0119cznej produkcji i ekskluzywnym materia\u0142om<br \/>\n\u26a0\ufe0f Drewno wymaga umiarkowanej piel\u0119gnacji \u2013 intensywne namaczanie mo\u017ce powodowa\u0107 zmiany koloru\/patyny<br \/>\n\u26a0\ufe0f Noszenie po prawej stronie &#8211; klipsa nie mo\u017cna prze\u0142o\u017cy\u0107 na lew\u0105 stron\u0119<\/p>\n<div>\n<hr>\n<\/div>\n<h3>\ud83d\udee0\ufe0f Konserwacja i piel\u0119gnacja:<\/h3>\n<ul data-spread=\"false\">\n<li><strong>MagnaCut<\/strong> dobrze si\u0119 ostrzy, ale ostro\u015b\u0107 utrzymuje si\u0119 bardzo d\u0142ugo &#8211; wystarczy regularne lekkie ostrzenie<\/li>\n<li>Wyko\u0144czenie satynowe wymaga okresowego przecierania w celu zachowania wygl\u0105du<\/li>\n<li>Drewniane intarsje mo\u017cna delikatnie czy\u015bci\u0107 wilgotn\u0105 \u015bciereczk\u0105 \u2013 nie s\u0105 one lakierowane, lecz olejowane.<\/li>\n<li>Zaleca si\u0119 okresowe smarowanie sworznia i kontrol\u0119 \u015brub.<\/li>\n<\/ul>\n<div>\n<hr>\n<\/div>\n<h3>\u2764\ufe0f Dlaczego go lubisz?<\/h3>\n<p>Ten wariant <strong>Sebenza 31<\/strong> to nie tylko narz\u0119dzie \u2013 to wyraz stylu. \u0141\u0105cz\u0105c <strong>praktyczn\u0105 konstrukcj\u0119<\/strong> z <strong>rzemie\u015blniczym pi\u0119knem<\/strong> , zapewnia niezr\u00f3wnane wra\u017cenia za ka\u017cdym razem, gdy go u\u017cyjesz. To n\u00f3\u017c, kt\u00f3ry nie tylko dzia\u0142a, ale tak\u017ce <strong>emanuje charakterem<\/strong> . Drewno hebanowe dodaje osobowo\u015bci i odrobiny natury do wysokiej klasy tytanu i nowoczesnej stali.   <\/p>\n<div>\n<hr>\n<\/div>\n<h3>\u2705 Ocena ko\u0144cowa<\/h3>\n<p><strong>Chris Reeve Large Sebenza 31 L31-1116<\/strong> z intarsj\u0105 Ebony jest idealny dla tych, kt\u00f3rzy oczekuj\u0105 od no\u017ca czego\u015b wi\u0119cej ni\u017c tylko funkcjonalno\u015bci. To po\u0142\u0105czenie technologii, designu i tradycyjnych materia\u0142\u00f3w, kt\u00f3re sprawiaj\u0105, \u017ce jest to zar\u00f3wno <strong>wszechstronne narz\u0119dzie pracy<\/strong> , jak i <strong>luksusowy przedmiot kolekcjonerski<\/strong> . Je\u015bli szukasz no\u017ca, kt\u00f3ry wykona zadanie i sprawi, \u017ce b\u0119dziesz zadowolony za ka\u017cdym razem, gdy go we\u017amiesz do r\u0119ki &#8211; znalaz\u0142e\u015b go.  <\/p>\n","protected":false},"excerpt":{"rendered":"<p><strong>Ten wariant Sebenza 31 to nie tylko narz\u0119dzie \u2013 to wyraz stylu. \u0141\u0105cz\u0105c praktyczn\u0105 konstrukcj\u0119 z rzemie\u015blniczym pi\u0119knem, zapewnia niezr\u00f3wnane wra\u017cenia za ka\u017cdym razem, gdy go u\u017cywasz. To n\u00f3\u017c, kt\u00f3ry nie tylko dzia\u0142a, ale tak\u017ce emanuje charakterem. Drewno hebanowe dodaje osobowo\u015bci i odrobiny natury do wysokiej klasy tytanu i nowoczesnej stali.   <\/strong><\/p>\n<p><strong>Darmowa wysy\u0142ka.<\/strong><\/p>\n","protected":false},"featured_media":411960,"comment_status":"open","ping_status":"closed","template":"","meta":[],"pwb-brand":[4048],"product_brand":[],"product_cat":[3296,3307],"product_tag":[],"class_list":{"0":"post-411991","1":"product","2":"type-product","3":"status-publish","4":"has-post-thumbnail","6":"pwb-brand-noze-chrisa-reevea","7":"product_cat-noze-pl","8":"product_cat-zamykanie-nozy","10":"first","11":"outofstock","12":"taxable","13":"shipping-taxable","14":"purchasable","15":"product-type-simple"},"brands":[{"id":4048,"name":"No\u017ce Chrisa Reeve'a","slug":"noze-chrisa-reevea"}],"_links":{"self":[{"href":"https:\/\/www.moskito.cz\/pl\/wp-json\/wp\/v2\/product\/411991","targetHints":{"allow":["GET"]}}],"collection":[{"href":"https:\/\/www.moskito.cz\/pl\/wp-json\/wp\/v2\/product"}],"about":[{"href":"https:\/\/www.moskito.cz\/pl\/wp-json\/wp\/v2\/types\/product"}],"replies":[{"embeddable":true,"href":"https:\/\/www.moskito.cz\/pl\/wp-json\/wp\/v2\/comments?post=411991"}],"wp:featuredmedia":[{"embeddable":true,"href":"https:\/\/www.moskito.cz\/pl\/wp-json\/wp\/v2\/media\/411960"}],"wp:attachment":[{"href":"https:\/\/www.moskito.cz\/pl\/wp-json\/wp\/v2\/media?parent=411991"}],"wp:term":[{"taxonomy":"pwb-brand","embeddable":true,"href":"https:\/\/www.moskito.cz\/pl\/wp-json\/wp\/v2\/pwb-brand?post=411991"},{"taxonomy":"product_brand","embeddable":true,"href":"https:\/\/www.moskito.cz\/pl\/wp-json\/wp\/v2\/product_brand?post=411991"},{"taxonomy":"product_cat","embeddable":true,"href":"https:\/\/www.moskito.cz\/pl\/wp-json\/wp\/v2\/product_cat?post=411991"},{"taxonomy":"product_tag","embeddable":true,"href":"https:\/\/www.moskito.cz\/pl\/wp-json\/wp\/v2\/product_tag?post=411991"}],"curies":[{"name":"wp","href":"https:\/\/api.w.org\/{rel}","templated":true}]}}