{"id":412201,"date":"2025-06-28T08:06:09","date_gmt":"2025-06-28T16:08:56","guid":{"rendered":"https:\/\/www.moskito.cz\/produkt\/chris-reeve-duzy-noz-skladany-inkosi-lin-1134\/"},"modified":"2025-06-28T17:08:56","modified_gmt":"2025-06-28T16:08:56","slug":"chris-reeve-duzy-noz-skladany-inkosi-lin-1134","status":"publish","type":"product","link":"https:\/\/www.moskito.cz\/pl\/produkt\/chris-reeve-duzy-noz-skladany-inkosi-lin-1134\/","title":{"rendered":"Chris Reeve Du\u017cy n\u00f3\u017c sk\u0142adany Inkosi LIN-1134"},"content":{"rendered":"<h2 data-pm-slice=\"1 1 []\">\ud83d\uddc2\ufe0f Chris Reeve Large Inkosi Tanto \u2013 Inkrustacja Micarta | Si\u0142a, styl i niezawodno\u015b\u0107 w ka\u017cdym szczeg\u00f3le<\/h2>\n<p><strong>Large Inkosi LIN-1134<\/strong> od <strong>Chris Reeve Knives<\/strong> przenosi standardy konstrukcyjne no\u017cy sk\u0142adanych na wy\u017cszy poziom. \u201eInkosi\u201d oznacza <strong>\u201ew\u00f3dz\u201d<\/strong> w j\u0119zyku zulu \u2013 i nazwa ta jest w pe\u0142ni zas\u0142u\u017cona. \u0141\u0105czy w sobie solidn\u0105 konstrukcj\u0119, innowacyjne detale i materia\u0142y najwy\u017cszej jako\u015bci \u2013 w tym ostrze ze stali super steel <strong>CPM MagnaCut<\/strong> i piaskowan\u0105 tytanow\u0105 r\u0119koje\u015b\u0107 z <strong>naturalnymi wk\u0142adkami Micarta<\/strong> dla lepszego chwytu.  <\/p>\n<p>Ta wersja z <strong>ostrzem tanto<\/strong> i <strong>podw\u00f3jnymi srebrnymi pinami<\/strong> zosta\u0142a zaprojektowana dla maksymalnej trwa\u0142o\u015bci, penetracji i precyzji. Wytrzyma\u0142y, a jednocze\u015bnie elegancki, n\u00f3\u017c, kt\u00f3ry Ci\u0119 nie zawiedzie nawet w trudnych warunkach, zachowuj\u0105c jednocze\u015bnie minimalistyczny, funkcjonalny design typowy dla marki <strong>Chris Reeve<\/strong> . <\/p>\n<div>\n<hr>\n<\/div>\n<h3>\ud83d\udcd0 Dane techniczne:<\/h3>\n<ul data-spread=\"false\">\n<li><strong>D\u0142ugo\u015b\u0107 ostrza:<\/strong> 91,4 mm (3,6\u2033)<\/li>\n<li><strong>D\u0142ugo\u015b\u0107 ca\u0142kowita:<\/strong> 210 mm (8,26\u2033)<\/li>\n<li><strong>D\u0142ugo\u015b\u0107 no\u017ca zamkni\u0119tego:<\/strong> ok. 119 mm<\/li>\n<li><strong>Grubo\u015b\u0107 ostrza:<\/strong> ok. 3,6 mm<\/li>\n<li><strong>Materia\u0142 ostrza:<\/strong> CPM MagnaCut \u2013 stal nierdzewna najwy\u017cszej jako\u015bci nowej generacji<\/li>\n<li><strong>Twardo\u015b\u0107 ostrza:<\/strong> 63\u201364 HRC<\/li>\n<li><strong>Kszta\u0142t ostrza:<\/strong> Tanto \u2013 doskona\u0142y do \u200b\u200bprzek\u0142uwania i precyzyjnych ci\u0119\u0107<\/li>\n<li><strong>Szlifowanie:<\/strong> \u0142\u0105czone (\u015bci\u0119cie grzbietowe + kraw\u0119d\u017a g\u0142\u00f3wna), styl \u201ep\u0142aski\u201d zapewniaj\u0105cy wysok\u0105 trwa\u0142o\u015b\u0107<\/li>\n<li><strong>Obr\u00f3bka powierzchni ostrza:<\/strong> Stonewash<\/li>\n<li><strong>Materia\u0142 r\u0119koje\u015bci:<\/strong> Tytan 6Al4V (piaskowany) z naturalnymi wk\u0142adkami Canvas Micarta<\/li>\n<li><strong>Zamek:<\/strong> Reeve Integral Lock (blokada ramy) z ceramicznym stykiem<\/li>\n<li><strong>O\u015b:<\/strong> podk\u0142adki z br\u0105zu fosforowego z zabezpieczonym kana\u0142em smarowania<\/li>\n<li><strong>Otwarcie:<\/strong> Podw\u00f3jne srebrne ko\u0142ki (prawo\/lewor\u0119czne)<\/li>\n<li><strong>Klips kieszonkowy:<\/strong> tytanowy, dla prawor\u0119cznych, z ko\u0144c\u00f3wk\u0105 do g\u00f3ry (typowy design offsetowy)<\/li>\n<li><strong>Waga:<\/strong> ok. 125\u2013135 g<\/li>\n<li><strong>Projektant:<\/strong> Chris Reeve<\/li>\n<li><strong>Wykonane w USA<\/strong><\/li>\n<\/ul>\n<div>\n<hr>\n<\/div>\n<h3>\ud83d\udfe2 G\u0142\u00f3wne zalety:<\/h3>\n<p>\u2705  <strong>Ostrze MagnaCut o profilu tanto<\/strong> \u2013 idealne po\u0142\u0105czenie wytrzyma\u0142o\u015bci i precyzji, doskona\u0142a trwa\u0142o\u015b\u0107 na czubku<br \/>\n\u2705  <strong>Wk\u0142adka Micarta<\/strong> \u2013 naturalny materia\u0142, kt\u00f3ry poprawia ergonomi\u0119 i trzyma nawet, gdy jest mokry<br \/>\n\u2705  <strong>Zamek Reeve Integral Lock z kulk\u0105 ceramiczn\u0105<\/strong> \u2013 maksymalne bezpiecze\u0144stwo i d\u0142uga \u017cywotno\u015b\u0107<br \/>\n\u2705  <strong>Podw\u00f3jny pin<\/strong> \u2013 dost\u0119pny zar\u00f3wno dla u\u017cytkownik\u00f3w prawo-, jak i lewor\u0119cznych<br \/>\n\u2705  <strong>Konstrukcja z tytanu<\/strong> \u2013 niezwykle wytrzyma\u0142a, lekka i trwa\u0142a<\/p>\n<div>\n<hr>\n<\/div>\n<h3>\ud83d\udd34 Mo\u017cliwe wady:<\/h3>\n<p>\u26a0\ufe0f <strong>Solidne ostrze<\/strong> \u2013 nie jest przeznaczone do precyzyjnego krojenia \u017cywno\u015bci ani do prac precyzyjnych<br \/>\n\u26a0\ufe0f <strong>Wy\u017csza cena<\/strong> \u2013 materia\u0142y premium i produkcja w USA<br \/>\n\u26a0\ufe0f <strong>Klips nie mo\u017ce by\u0107 odwr\u00f3cony<\/strong> &#8211; zaprojektowany do noszenia przez osoby prawor\u0119czne <\/p>\n<div>\n<hr>\n<\/div>\n<h3>\ud83d\udee0\ufe0f Konserwacja i piel\u0119gnacja:<\/h3>\n<ul data-spread=\"false\">\n<li><strong>MagnaCut<\/strong> doskonale trzyma ostro\u015b\u0107, wystarczy sporadyczne ostrzenie przy u\u017cyciu drobnej temper\u00f3wki.<\/li>\n<li>Wk\u0142adki wykonane z naturalnego <strong>p\u0142\u00f3tna Micarta<\/strong> s\u0105 odporne na wilgo\u0107 i z czasem pokrywaj\u0105 si\u0119 patyn\u0105<\/li>\n<li>Piaskowany tytanowy uchwyt jest \u0142atwy do czyszczenia (mi\u0119kka szczotka, woda, \u015bciereczka)<\/li>\n<li>Zalecane jest okresowe smarowanie sworznia i dokr\u0119canie \u015brub (dostarczane z narz\u0119dziem CRK)<\/li>\n<\/ul>\n<div>\n<hr>\n<\/div>\n<h3>\u2764\ufe0f Dlaczego go lubisz?<\/h3>\n<p><strong>Inkosi<\/strong> to n\u00f3\u017c dla tych, kt\u00f3rzy szukaj\u0105 <strong>maksymalnej wydajno\u015bci w ka\u017cdym calu<\/strong> . Solidne ostrze tanto, naturalna Micarta, kultowa blokada i nieskazitelna mechanika sprawiaj\u0105, \u017ce jest to najwy\u017cszej klasy narz\u0119dzie do codziennego u\u017cytku, w terenie i do Twojej kolekcji. To n\u00f3\u017c, kt\u00f3remu mo\u017cesz zaufa\u0107 &#8211; dzie\u0144 po dniu.  <\/p>\n<div>\n<hr>\n<\/div>\n<h3>\u2705 Ocena ko\u0144cowa<\/h3>\n<p><strong>Chris Reeve Large Inkosi LIN-1134<\/strong> to n\u00f3\u017c sk\u0142adany, kt\u00f3ry \u0142\u0105czy w sobie <strong>funkcjonaln\u0105 brutalno\u015b\u0107<\/strong> z <strong>eleganck\u0105 precyzj\u0105<\/strong> . Nadaje si\u0119 dla wymagaj\u0105cych u\u017cytkownik\u00f3w, kt\u00f3rzy oczekuj\u0105 niezawodno\u015bci, trwa\u0142o\u015bci i wyj\u0105tkowego wygl\u0105du. Niewa\u017cne, czy jeste\u015b na wsi, w warsztacie czy na spotkaniu &#8211; Inkosi zawsze b\u0119dzie gotowy.  <\/p>\n<div>\n<hr>\n<\/div>\n<p>&nbsp;<\/p>\n","protected":false},"excerpt":{"rendered":"<p><strong>Inkosi to n\u00f3\u017c dla tych, kt\u00f3rzy szukaj\u0105 maksymalnej wydajno\u015bci w ka\u017cdym calu. Solidne ostrze tanto, naturalna Micarta, kultowa blokada i nieskazitelna mechanika sprawiaj\u0105, \u017ce jest to najwy\u017cszej klasy narz\u0119dzie do codziennego u\u017cytku, w terenie i do Twojej kolekcji. To n\u00f3\u017c, kt\u00f3remu mo\u017cesz zaufa\u0107 &#8211; dzie\u0144 po dniu.  <\/strong><\/p>\n<p><strong>Darmowa wysy\u0142ka.<\/strong><\/p>\n","protected":false},"featured_media":412041,"comment_status":"open","ping_status":"closed","template":"","meta":[],"pwb-brand":[4048],"product_brand":[],"product_cat":[3296,3307],"product_tag":[],"class_list":{"0":"post-412201","1":"product","2":"type-product","3":"status-publish","4":"has-post-thumbnail","6":"pwb-brand-noze-chrisa-reevea","7":"product_cat-noze-pl","8":"product_cat-zamykanie-nozy","10":"first","11":"instock","12":"taxable","13":"shipping-taxable","14":"purchasable","15":"product-type-simple"},"brands":[{"id":4048,"name":"No\u017ce Chrisa Reeve'a","slug":"noze-chrisa-reevea"}],"_links":{"self":[{"href":"https:\/\/www.moskito.cz\/pl\/wp-json\/wp\/v2\/product\/412201","targetHints":{"allow":["GET"]}}],"collection":[{"href":"https:\/\/www.moskito.cz\/pl\/wp-json\/wp\/v2\/product"}],"about":[{"href":"https:\/\/www.moskito.cz\/pl\/wp-json\/wp\/v2\/types\/product"}],"replies":[{"embeddable":true,"href":"https:\/\/www.moskito.cz\/pl\/wp-json\/wp\/v2\/comments?post=412201"}],"wp:featuredmedia":[{"embeddable":true,"href":"https:\/\/www.moskito.cz\/pl\/wp-json\/wp\/v2\/media\/412041"}],"wp:attachment":[{"href":"https:\/\/www.moskito.cz\/pl\/wp-json\/wp\/v2\/media?parent=412201"}],"wp:term":[{"taxonomy":"pwb-brand","embeddable":true,"href":"https:\/\/www.moskito.cz\/pl\/wp-json\/wp\/v2\/pwb-brand?post=412201"},{"taxonomy":"product_brand","embeddable":true,"href":"https:\/\/www.moskito.cz\/pl\/wp-json\/wp\/v2\/product_brand?post=412201"},{"taxonomy":"product_cat","embeddable":true,"href":"https:\/\/www.moskito.cz\/pl\/wp-json\/wp\/v2\/product_cat?post=412201"},{"taxonomy":"product_tag","embeddable":true,"href":"https:\/\/www.moskito.cz\/pl\/wp-json\/wp\/v2\/product_tag?post=412201"}],"curies":[{"name":"wp","href":"https:\/\/api.w.org\/{rel}","templated":true}]}}