{"id":412212,"date":"2025-06-28T08:35:47","date_gmt":"2025-06-28T07:35:47","guid":{"rendered":"https:\/\/www.moskito.cz\/produkt\/chris-reeve-duzy-noz-skladany-sebenza-31-stonewashed-l31-1000\/"},"modified":"2025-12-09T10:07:05","modified_gmt":"2025-12-09T09:07:05","slug":"chris-reeve-duzy-noz-skladany-sebenza-31-stonewashed-l31-1000","status":"publish","type":"product","link":"https:\/\/www.moskito.cz\/pl\/produkt\/chris-reeve-duzy-noz-skladany-sebenza-31-stonewashed-l31-1000\/","title":{"rendered":"Chris Reeve Du\u017cy n\u00f3\u017c sk\u0142adany Sebenza 31 Stonewashed L31-1000"},"content":{"rendered":"<h2 data-pm-slice=\"1 1 []\">\ud83d\uddc2\ufe0f Chris Reeve Large Sebenza 31 \u2013 L31-1000 | Ikona precyzji bez kompromis\u00f3w<\/h2>\n<p><strong>Large Sebenza 31 L31-1000<\/strong> to uciele\u015bnienie ponad 30 lat rozwoju i doskona\u0142o\u015bci w \u015bwiecie no\u017cy sk\u0142adanych. W j\u0119zyku Zulu <g id=\"gid_1\">\u201eSebenza\u201d<\/g> oznacza <g id=\"gid_2\">\u201epraca\u201d<\/g> \u2013 i w\u0142a\u015bnie do tego ten n\u00f3\u017c zosta\u0142 stworzony. Czysty design, nieskazitelne wykonanie i techniczne wyrafinowanie czyni\u0105 ten model legend\u0105 w kategorii no\u017cy EDC klasy premium.  <\/p>\n<p>Ta wersja jest wyposa\u017cona w ostrze wykonane z wysoko cenionej <strong>stali nierdzewnej CPM MagnaCut<\/strong> , kt\u00f3ra oferuje idealn\u0105 r\u00f3wnowag\u0119 mi\u0119dzy twardo\u015bci\u0105, wytrzyma\u0142o\u015bci\u0105 i odporno\u015bci\u0105 na korozj\u0119. <strong>Wyko\u0144czenie stonewash<\/strong> nadaje ostrzu subtelny matowy wygl\u0105d, a jednocze\u015bnie maskuje drobne zarysowania powsta\u0142e w wyniku codziennego u\u017cytkowania. Ergonomiczna r\u0119koje\u015b\u0107 wykonana z <strong>piaskowanego tytanu 6Al4V<\/strong> jest lekka, mocna i wygodna w d\u0142oni &#8211; i \u015bwietnie wygl\u0105da. <\/p>\n<p>Dzi\u0119ki systemowi <strong>Reeve Integral Lock<\/strong> z ceramicznym stykiem praca no\u017cem jest bezpieczna, niezawodna i p\u0142ynna jak jedwab.<\/p>\n<div>\n<hr>\n<\/div>\n<h3>\ud83d\udcd0 Dane techniczne:<\/h3>\n<ul data-spread=\"false\">\n<li><strong>D\u0142ugo\u015b\u0107 ostrza:<\/strong> 91,6 mm (3,61\u2033)<\/li>\n<li><strong>D\u0142ugo\u015b\u0107 ca\u0142kowita:<\/strong> 213 mm (8,40\u2033)<\/li>\n<li><strong>D\u0142ugo\u015b\u0107 ostrza zamkni\u0119tego:<\/strong> 121,7 mm (4,79\u2033)<\/li>\n<li><strong>Grubo\u015b\u0107 ostrza:<\/strong> 3,07 mm<\/li>\n<li><strong>Materia\u0142 ostrza:<\/strong> CPM MagnaCut \u2013 najwy\u017cszej jako\u015bci stal nierdzewna (USA)<\/li>\n<li><strong>Twardo\u015b\u0107 ostrza:<\/strong> 63\u201364 HRC<\/li>\n<li><strong>Kszta\u0142t ostrza:<\/strong> Drop Point<\/li>\n<li><strong>Grind:<\/strong> Hollow Grind<\/li>\n<li><strong>Powierzchnia ostrza:<\/strong> Stonewashed<\/li>\n<li><strong>Materia\u0142 r\u0119koje\u015bci:<\/strong> Tytan 6Al4V \u2013 wyko\u0144czenie piaskowane szk\u0142em<\/li>\n<li><strong>Zamek:<\/strong> Zamek integralny Reeve z ceramicznym stykiem<\/li>\n<li><strong>O\u015b:<\/strong> podk\u0142adki z br\u0105zu fosforowego<\/li>\n<li><strong>Klips kieszonkowy:<\/strong> tytanowy, dla prawor\u0119cznych, z ko\u0144c\u00f3wk\u0105 do g\u00f3ry (konstrukcja offsetowa)<\/li>\n<li><strong>Waga:<\/strong> ok. 133 g<\/li>\n<li><strong>Projektant:<\/strong> Chris Reeve<\/li>\n<li><strong>Wykonane w USA<\/strong><\/li>\n<\/ul>\n<div>\n<hr>\n<\/div>\n<h3>\ud83d\udfe2 G\u0142\u00f3wne zalety:<\/h3>\n<p>\u2705  <strong>Ostrze MagnaCut<\/strong> \u2013 wyj\u0105tkowa zdolno\u015b\u0107 ci\u0119cia, trwa\u0142o\u015b\u0107 i d\u0142uga \u017cywotno\u015b\u0107 ostrza<br \/>\n\u2705  <strong>Precyzyjny tytanowy uchwyt<\/strong> \u2013 wytrzyma\u0142y, lekki i pi\u0119knie wykonany<br \/>\n\u2705  <strong>Ceramiczny styk w zamku<\/strong> \u2013 p\u0142ynne otwieranie, minimalne zu\u017cycie<br \/>\n\u2705  <strong>Kultowy design Sebenza<\/strong> \u2013 prosty, ponadczasowy i niezwykle funkcjonalny<br \/>\n\u2705  <strong>R\u0119cznie robione<\/strong> \u2013 ka\u017cdy egzemplarz przechodzi indywidualn\u0105 kontrol\u0119<\/p>\n<div>\n<hr>\n<\/div>\n<h3>\ud83d\udd34 Mo\u017cliwe wady:<\/h3>\n<p>\u26a0\ufe0f <strong>Wy\u017csza cena<\/strong> \u2013 adekwatna do jako\u015bci materia\u0142\u00f3w i r\u0119cznego wykonania<br \/>\n\u26a0\ufe0f <strong>Sta\u0142y klips<\/strong> &#8211; nie mo\u017cna go odwr\u00f3ci\u0107, aby nosi\u0107 go po lewej stronie<br \/>\n\u26a0\ufe0f <strong>Minimalistyczny wygl\u0105d<\/strong> \u2013 mo\u017ce nie przypa\u015b\u0107 do gustu fanom taktycznego designu <\/p>\n<div>\n<hr>\n<\/div>\n<h3>\ud83d\udee0\ufe0f Konserwacja i piel\u0119gnacja:<\/h3>\n<ul data-spread=\"false\">\n<li>Ostrze <strong>MagnaCut<\/strong> wymaga minimalnej konserwacji i dobrze trzyma ostro\u015b\u0107.<\/li>\n<li>Piaskowany tytan mo\u017cna \u0142atwo czy\u015bci\u0107 wilgotn\u0105 szmatk\u0105 lub mi\u0119kk\u0105 szczotk\u0105<\/li>\n<li>Regularnie smaruj sworze\u0144 i sprawdzaj dokr\u0119cenie \u015brub (w zestawie znajduj\u0105 si\u0119 narz\u0119dzia i smar)<\/li>\n<\/ul>\n<div>\n<hr>\n<\/div>\n<h3>\u2764\ufe0f Dlaczego go lubisz?<\/h3>\n<p><strong>Large Sebenza 31<\/strong> w podstawowym tytanie to kwintesencja praktyczno\u015bci, elegancji i technicznej doskona\u0142o\u015bci. B\u0119dzie s\u0142u\u017cy\u0107 jako niezawodny n\u00f3\u017c na co dzie\u0144, ale jego reputacja, kunszt wykonania i trwa\u0142o\u015b\u0107 sprawiaj\u0105, \u017ce jest to przedmiot, kt\u00f3ry zas\u0142uguje na honorowe miejsce w Twojej kolekcji. To narz\u0119dzie, kt\u00f3re przetrwa ca\u0142e \u017cycie &#8211; a mo\u017ce i d\u0142u\u017cej.  <\/p>\n<div>\n<hr>\n<\/div>\n<h3>\u2705 Ocena ko\u0144cowa<\/h3>\n<p><strong>Chris Reeve Large Sebenza 31 L31-1000<\/strong> to sk\u0142adany n\u00f3\u017c, kt\u00f3ry definiuje kategori\u0119 \u201epremium EDC\u201d. Minimalistyczny, funkcjonalny, precyzyjny \u2013 bez zb\u0119dnych dodatk\u00f3w, po prostu czysta jako\u015b\u0107. Je\u015bli chcesz jednego no\u017ca, kt\u00f3ry wytrzyma wszystko i sprawdzi si\u0119 w ka\u017cdej sytuacji, to w\u0142a\u015bnie go znalaz\u0142e\u015b.  <\/p>\n<div>\n<hr>\n<\/div>\n<p>&nbsp;<\/p>\n","protected":false},"excerpt":{"rendered":"<p>Large Sebenza 31 w podstawowym tytanie to kwintesencja praktyczno\u015bci, elegancji i technicznej doskona\u0142o\u015bci. B\u0119dzie s\u0142u\u017cy\u0107 jako niezawodny n\u00f3\u017c na co dzie\u0144, ale jego reputacja, kunszt wykonania i trwa\u0142o\u015b\u0107 sprawiaj\u0105, \u017ce jest to przedmiot, kt\u00f3ry zas\u0142uguje na honorowe miejsce w Twojej kolekcji. To narz\u0119dzie, kt\u00f3re przetrwa ca\u0142e \u017cycie &#8211; a mo\u017ce i d\u0142u\u017cej.  <\/p>\n<p>Darmowa wysy\u0142ka.<\/p>\n","protected":false},"featured_media":412123,"comment_status":"open","ping_status":"closed","template":"","meta":[],"pwb-brand":[4048],"product_brand":[],"product_cat":[3296,3307],"product_tag":[],"class_list":{"0":"post-412212","1":"product","2":"type-product","3":"status-publish","4":"has-post-thumbnail","6":"pwb-brand-noze-chrisa-reevea","7":"product_cat-noze-pl","8":"product_cat-zamykanie-nozy","10":"first","11":"outofstock","12":"taxable","13":"shipping-taxable","14":"purchasable","15":"product-type-simple"},"brands":[{"id":4048,"name":"No\u017ce Chrisa Reeve'a","slug":"noze-chrisa-reevea"}],"_links":{"self":[{"href":"https:\/\/www.moskito.cz\/pl\/wp-json\/wp\/v2\/product\/412212","targetHints":{"allow":["GET"]}}],"collection":[{"href":"https:\/\/www.moskito.cz\/pl\/wp-json\/wp\/v2\/product"}],"about":[{"href":"https:\/\/www.moskito.cz\/pl\/wp-json\/wp\/v2\/types\/product"}],"replies":[{"embeddable":true,"href":"https:\/\/www.moskito.cz\/pl\/wp-json\/wp\/v2\/comments?post=412212"}],"wp:featuredmedia":[{"embeddable":true,"href":"https:\/\/www.moskito.cz\/pl\/wp-json\/wp\/v2\/media\/412123"}],"wp:attachment":[{"href":"https:\/\/www.moskito.cz\/pl\/wp-json\/wp\/v2\/media?parent=412212"}],"wp:term":[{"taxonomy":"pwb-brand","embeddable":true,"href":"https:\/\/www.moskito.cz\/pl\/wp-json\/wp\/v2\/pwb-brand?post=412212"},{"taxonomy":"product_brand","embeddable":true,"href":"https:\/\/www.moskito.cz\/pl\/wp-json\/wp\/v2\/product_brand?post=412212"},{"taxonomy":"product_cat","embeddable":true,"href":"https:\/\/www.moskito.cz\/pl\/wp-json\/wp\/v2\/product_cat?post=412212"},{"taxonomy":"product_tag","embeddable":true,"href":"https:\/\/www.moskito.cz\/pl\/wp-json\/wp\/v2\/product_tag?post=412212"}],"curies":[{"name":"wp","href":"https:\/\/api.w.org\/{rel}","templated":true}]}}