{"id":412278,"date":"2025-05-22T13:03:06","date_gmt":"2025-06-29T07:42:13","guid":{"rendered":"https:\/\/www.moskito.cz\/produkt\/crkt-mcglaun-du-hoc-deadbolt-2635-skladany-noz-karambit\/"},"modified":"2025-06-29T08:42:13","modified_gmt":"2025-06-29T07:42:13","slug":"crkt-mcglaun-du-hoc-deadbolt-2635-skladany-noz-karambit","status":"publish","type":"product","link":"https:\/\/www.moskito.cz\/pl\/produkt\/crkt-mcglaun-du-hoc-deadbolt-2635-skladany-noz-karambit\/","title":{"rendered":"CRKT McGlaun Du Hoc Deadbolt 2635 sk\u0142adany n\u00f3\u017c Karambit"},"content":{"rendered":"<p data-pm-slice=\"1 1 []\">Sk\u0142adany n\u00f3\u017c <strong>CRKT Du Hoc Deadbolt 2635<\/strong> to wyj\u0105tkowy karambit zaprojektowany przez Austina McGlauna. Jest cz\u0119\u015bci\u0105 programu <em>Forged by War<\/em> , kt\u00f3ry oddaje ho\u0142d \u017co\u0142nierzom takim jak wujek McGlauna, kt\u00f3rzy brali udzia\u0142 w l\u0105dowaniu w Normandii. Ten n\u00f3\u017c \u0142\u0105czy tradycyjny kszta\u0142t karambitu z nowoczesnymi technologiami i materia\u0142ami.  <\/p>\n<div>\n<hr>\n<\/div>\n<h3>\ud83d\udd27 Kluczowe parametry<\/h3>\n<ul data-spread=\"false\">\n<li><strong>D\u0142ugo\u015b\u0107 ca\u0142kowita (po roz\u0142o\u017ceniu)<\/strong> : 24,2 cm<\/li>\n<li><strong>D\u0142ugo\u015b\u0107 ostrza<\/strong> : 9,2 cm<\/li>\n<li><strong>Grubo\u015b\u0107 ostrza<\/strong> : 4 mm<\/li>\n<li><strong>Materia\u0142 ostrza<\/strong> : D2 (stal narz\u0119dziowa)<\/li>\n<li><strong>Twardo\u015b\u0107 ostrza<\/strong> : 58\u201360 HRC<\/li>\n<li><strong>Kszta\u0142t ostrza<\/strong> : Modyfikowany Hawkbill<\/li>\n<li><strong>Wyko\u0144czenie ostrza<\/strong> : Czarna pow\u0142oka proszkowa<\/li>\n<li><strong>Materia\u0142 r\u0119koje\u015bci<\/strong> : G10 (kompozyt teksturowany)<\/li>\n<li><strong>Waga<\/strong> : 238 g<\/li>\n<li><strong>Mechanizm blokuj\u0105cy<\/strong> : Zamek zasuwkowy<\/li>\n<li><strong>System otwierania<\/strong> : wspomagane otwieranie za pomoc\u0105 flippera lub ko\u0142ka kciukowego<\/li>\n<li><strong>Klips do paska<\/strong> : Tak, pozycja pochylona do g\u00f3ry dla u\u017cytkownik\u00f3w prawor\u0119cznych<\/li>\n<li><strong>Kraj pochodzenia<\/strong> : Chiny<\/li>\n<li><strong>Projektant<\/strong> : Austin McGlaun<\/li>\n<\/ul>\n<div>\n<hr>\n<\/div>\n<h3>\u2705 Korzy\u015bci<\/h3>\n<ul data-spread=\"false\">\n<li><strong>Mocny mechanizm blokuj\u0105cy<\/strong> : Zamek zasuwkowy zapewnia doskona\u0142\u0105 odporno\u015b\u0107 na si\u0142y osiowe, gwarantuj\u0105c bezpieczne u\u017cytkowanie nawet przy du\u017cych obci\u0105\u017ceniach.<\/li>\n<li><strong>Szybkie i \u0142atwe otwieranie<\/strong> : Otwieranie za pomoc\u0105 p\u0142etwy lub ko\u0142ka pod kciuk pozwala na szybkie wyj\u0119cie no\u017ca.<\/li>\n<li><strong>Ergonomiczna konstrukcja<\/strong> : R\u0119koje\u015b\u0107 G10 z teksturowan\u0105 powierzchni\u0105 gwarantuje pewny i wygodny chwyt, nawet w stresuj\u0105cych sytuacjach lub podczas korzystania z r\u0119kawiczek.<\/li>\n<li><strong>Trwa\u0142e materia\u0142y<\/strong> : stal D2 o twardo\u015bci 58\u201360 HRC zapewnia doskona\u0142e w\u0142a\u015bciwo\u015bci tn\u0105ce i odporno\u015b\u0107 na zu\u017cycie.<\/li>\n<li><strong>Wsparcie charytatywne<\/strong> : Cz\u0119\u015b\u0107 dochodu ze sprzeda\u017cy tego no\u017ca trafia do organizacji Idaho Backcountry Veterans.<\/li>\n<\/ul>\n<div>\n<hr>\n<\/div>\n<h3>\u274c Wady<\/h3>\n<ul data-spread=\"false\">\n<li><strong>Konkretny kszta\u0142t ostrza<\/strong> : Kszta\u0142t karambitu mo\u017ce by\u0107 mniej uniwersalny w przypadku niekt\u00f3rych zada\u0144, w kt\u00f3rych potrzebne jest proste ci\u0119cie.<\/li>\n<li><strong>Wi\u0119ksza waga<\/strong> : Waga 238 g mo\u017ce by\u0107 zbyt du\u017ca do codziennego noszenia przez niekt\u00f3rych u\u017cytkownik\u00f3w.<\/li>\n<li><strong>Ograniczone mo\u017cliwo\u015bci noszenia<\/strong> : Klips jest przeznaczony wy\u0142\u0105cznie dla u\u017cytkownik\u00f3w prawor\u0119cznych i mo\u017cna go ustawi\u0107 jedynie w pozycji skierowanej do g\u00f3ry.<\/li>\n<\/ul>\n<div>\n<hr>\n<\/div>\n<h3>\ud83d\udee0\ufe0f Konserwacja i piel\u0119gnacja<\/h3>\n<ul data-spread=\"false\">\n<li><strong>Ostrzenie<\/strong> : Stal D2 jest odporna na zu\u017cycie, ale mo\u017ce by\u0107 bardziej podatna na rdz\u0119. Zaleca si\u0119 regularn\u0105 konserwacj\u0119 ostrza i ochron\u0119 no\u017ca przed wilgoci\u0105. <\/li>\n<li><strong>Konserwacja uchwytu<\/strong> : Uchwyt G10 jest trwa\u0142y i \u0142atwy do czyszczenia. Aby zachowa\u0107 jego wygl\u0105d i funkcjonalno\u015b\u0107, zaleca si\u0119 regularne usuwanie brudu i t\u0142uszczu. <\/li>\n<\/ul>\n<div>\n<hr>\n<\/div>\n<h3>\u2764\ufe0f Emocjonalny apel<\/h3>\n<p><strong>CRKT Du Hoc Deadbolt 2635<\/strong> to co\u015b wi\u0119cej ni\u017c tylko narz\u0119dzie \u2013 to ho\u0142d dla bohaterstwa i odwagi \u017co\u0142nierzy, kt\u00f3rzy brali udzia\u0142 w l\u0105dowaniu w Normandii. Jego design i funkcjonalno\u015b\u0107 odzwierciedlaj\u0105 determinacj\u0119 i si\u0142\u0119 potrzebn\u0105 do przetrwania i odniesienia sukcesu w trudnych warunkach. Ten n\u00f3\u017c jest idealnym towarzyszem dla tych, kt\u00f3rzy szukaj\u0105 niezawodnego i pot\u0119\u017cnego narz\u0119dzia o g\u0142\u0119bokim znaczeniu historycznym.  <\/p>\n<div>\n<hr>\n<\/div>\n<h3>\ud83d\udd04 Por\u00f3wnanie z innymi modelami<\/h3>\n<table>\n<tbody>\n<tr>\n<th>Model<\/th>\n<th>Zasuwa CRKT Du Hoc Deadbolt 2635<\/th>\n<th>CRKT McGlaun Du Hoc Naprawiono<\/th>\n<th>CRKT McGlaun Du Hoc Mini<\/th>\n<\/tr>\n<tr>\n<td><strong>Typ no\u017ca<\/strong><\/td>\n<td>Karambit sk\u0142adany<\/td>\n<td>Solidny karambit<\/td>\n<td>Solidny karambit<\/td>\n<\/tr>\n<tr>\n<td><strong>D\u0142ugo\u015b\u0107 ostrza<\/strong><\/td>\n<td>9,2 cm<\/td>\n<td>15,2 cm<\/td>\n<td>7,6 cm<\/td>\n<\/tr>\n<tr>\n<td><strong>Materia\u0142 ostrza<\/strong><\/td>\n<td>D2<\/td>\n<td>D2<\/td>\n<td>D2<\/td>\n<\/tr>\n<tr>\n<td><strong>Materia\u0142 uchwytu<\/strong><\/td>\n<td>G10<\/td>\n<td>G10<\/td>\n<td>G10<\/td>\n<\/tr>\n<tr>\n<td><strong>Mechanizm blokuj\u0105cy<\/strong><\/td>\n<td>Zamek zasuwkowy<\/td>\n<td>Nie ma<\/td>\n<td>Nie ma<\/td>\n<\/tr>\n<tr>\n<td><strong>Waga<\/strong><\/td>\n<td>238g<\/td>\n<td>283g<\/td>\n<td>142g<\/td>\n<\/tr>\n<tr>\n<td><strong>Cena<\/strong><\/td>\n<td>\u015aredni<\/td>\n<td>Wysoki<\/td>\n<td>Niski<\/td>\n<\/tr>\n<\/tbody>\n<\/table>\n<p><strong>Werdykt<\/strong> : \u2026 Dla os\u00f3b, kt\u00f3re preferuj\u0105 n\u00f3\u017c z ostrzem sta\u0142ym lub bardziej kompaktow\u0105 opcj\u0105, bardziej odpowiedni mo\u017ce okaza\u0107 si\u0119 <strong data-start=\"83\" data-end=\"112\">CRKT McGlaun Du Hoc Fixed<\/strong> zapewniaj\u0105cy maksymaln\u0105 wytrzyma\u0142o\u015b\u0107 lub <strong data-start=\"144\" data-end=\"159\">Du Hoc Mini<\/strong> jako l\u017cejsza alternatywa do dyskretnego noszenia.<\/p>\n","protected":false},"excerpt":{"rendered":"<p><strong>Dla os\u00f3b preferuj\u0105cych n\u00f3\u017c ze sta\u0142ym ostrzem lub bardziej kompaktow\u0105 wersj\u0119 bardziej odpowiedni mo\u017ce okaza\u0107 si\u0119 CRKT McGlaun Du Hoc Fixed zapewniaj\u0105cy maksymaln\u0105 wytrzyma\u0142o\u015b\u0107 lub Du Hoc Mini jako l\u017cejsza alternatywa do dyskretnego noszenia.<\/strong><\/p>\n<p><strong>Darmowa wysy\u0142ka.<\/strong><\/p>\n","protected":false},"featured_media":403729,"comment_status":"open","ping_status":"closed","template":"","meta":[],"pwb-brand":[3458],"product_brand":[],"product_cat":[3307,3359,3296],"product_tag":[],"class_list":{"0":"post-412278","1":"product","2":"type-product","3":"status-publish","4":"has-post-thumbnail","6":"pwb-brand-crkt-pl","7":"product_cat-zamykanie-nozy","8":"product_cat-karambity-pl","9":"product_cat-noze-pl","11":"first","12":"instock","13":"sale","14":"taxable","15":"shipping-taxable","16":"purchasable","17":"product-type-simple"},"brands":[{"id":3458,"name":"CRKT","slug":"crkt-pl"}],"_links":{"self":[{"href":"https:\/\/www.moskito.cz\/pl\/wp-json\/wp\/v2\/product\/412278","targetHints":{"allow":["GET"]}}],"collection":[{"href":"https:\/\/www.moskito.cz\/pl\/wp-json\/wp\/v2\/product"}],"about":[{"href":"https:\/\/www.moskito.cz\/pl\/wp-json\/wp\/v2\/types\/product"}],"replies":[{"embeddable":true,"href":"https:\/\/www.moskito.cz\/pl\/wp-json\/wp\/v2\/comments?post=412278"}],"wp:featuredmedia":[{"embeddable":true,"href":"https:\/\/www.moskito.cz\/pl\/wp-json\/wp\/v2\/media\/403729"}],"wp:attachment":[{"href":"https:\/\/www.moskito.cz\/pl\/wp-json\/wp\/v2\/media?parent=412278"}],"wp:term":[{"taxonomy":"pwb-brand","embeddable":true,"href":"https:\/\/www.moskito.cz\/pl\/wp-json\/wp\/v2\/pwb-brand?post=412278"},{"taxonomy":"product_brand","embeddable":true,"href":"https:\/\/www.moskito.cz\/pl\/wp-json\/wp\/v2\/product_brand?post=412278"},{"taxonomy":"product_cat","embeddable":true,"href":"https:\/\/www.moskito.cz\/pl\/wp-json\/wp\/v2\/product_cat?post=412278"},{"taxonomy":"product_tag","embeddable":true,"href":"https:\/\/www.moskito.cz\/pl\/wp-json\/wp\/v2\/product_tag?post=412278"}],"curies":[{"name":"wp","href":"https:\/\/api.w.org\/{rel}","templated":true}]}}