{"id":417766,"date":"2025-07-19T07:37:53","date_gmt":"2025-07-19T06:37:53","guid":{"rendered":"https:\/\/www.moskito.cz\/?post_type=product&#038;p=417766"},"modified":"2025-07-19T07:37:53","modified_gmt":"2025-07-19T06:37:53","slug":"arcos-nuz-na-sunku-nordika","status":"publish","type":"product","link":"https:\/\/www.moskito.cz\/pl\/produkt\/arcos-nuz-na-sunku-nordika\/","title":{"rendered":"Arcos N\u016f\u017e Na \u0160unku Nordika"},"content":{"rendered":"<h1 data-start=\"60\" data-end=\"165\">\ud83d\udd2a N\u016f\u017e na \u0160unku Arcos Nordika 250 mm \u2013 Ref. 166700 \u2013 Elegance D\u0159eva a Precizn\u00ed \u0158ez pro Milovn\u00edky Uzenin<\/h1>\n<p data-start=\"167\" data-end=\"536\">\u0160unkov\u00fd n\u016f\u017e <strong data-start=\"179\" data-end=\"203\">Arcos Nordika 166700<\/strong> s \u010depel\u00ed dlouhou <strong data-start=\"221\" data-end=\"231\">250 mm<\/strong> je ur\u010den pro precizn\u00ed kr\u00e1jen\u00ed \u0161unky, uzenin a dal\u0161\u00edch delikates. Pat\u0159\u00ed do obl\u00edben\u00e9 s\u00e9rie <strong data-start=\"321\" data-end=\"332\">Nordika<\/strong>, kter\u00e1 v sob\u011b spojuje tradi\u010dn\u00ed design s modern\u00edmi materi\u00e1ly a precizn\u00edm zpracov\u00e1n\u00edm. Je ide\u00e1ln\u00ed volbou pro ty, kte\u0159\u00ed hledaj\u00ed stylov\u00fd, v\u00fdkonn\u00fd a odoln\u00fd n\u016f\u017e pro slavnostn\u00ed serv\u00edrov\u00e1n\u00ed i ka\u017edodenn\u00ed pou\u017eit\u00ed.<\/p>\n<p data-start=\"538\" data-end=\"744\">D\u00edky dlouh\u00e9 a pru\u017en\u00e9 \u010depeli z nerezov\u00e9 oceli <strong data-start=\"583\" data-end=\"594\">NITRUM\u00ae<\/strong> dos\u00e1hne\u0161 extr\u00e9mn\u011b tenk\u00fdch a rovnom\u011brn\u00fdch pl\u00e1tk\u016f bez n\u00e1mahy. Rukoje\u0165 z <strong data-start=\"665\" data-end=\"696\">americk\u00e9ho o\u0159echov\u00e9ho d\u0159eva<\/strong> dod\u00e1v\u00e1 no\u017ei elegantn\u00ed vzhled a p\u0159irozen\u00fd \u00fachop.<\/p>\n<hr data-start=\"746\" data-end=\"749\" \/>\n<h2 data-start=\"751\" data-end=\"779\">\ud83d\udcd0 Technick\u00e9 specifikace:<\/h2>\n<ul data-start=\"781\" data-end=\"1249\">\n<li data-start=\"781\" data-end=\"802\">\n<p data-start=\"783\" data-end=\"802\"><strong data-start=\"783\" data-end=\"793\">Model:<\/strong> 166700<\/p>\n<\/li>\n<li data-start=\"803\" data-end=\"830\">\n<p data-start=\"805\" data-end=\"830\"><strong data-start=\"805\" data-end=\"814\">\u0158ada:<\/strong> Arcos Nordika<\/p>\n<\/li>\n<li data-start=\"831\" data-end=\"859\">\n<p data-start=\"833\" data-end=\"859\"><strong data-start=\"833\" data-end=\"850\">D\u00e9lka \u010depele:<\/strong> 250 mm<\/p>\n<\/li>\n<li data-start=\"860\" data-end=\"893\">\n<p data-start=\"862\" data-end=\"893\"><strong data-start=\"862\" data-end=\"880\">Celkov\u00e1 d\u00e9lka:<\/strong> cca 363 mm<\/p>\n<\/li>\n<li data-start=\"894\" data-end=\"940\">\n<p data-start=\"896\" data-end=\"940\"><strong data-start=\"896\" data-end=\"916\">Materi\u00e1l \u010depele:<\/strong> nerezov\u00e1 ocel NITRUM\u00ae<\/p>\n<\/li>\n<li data-start=\"941\" data-end=\"974\">\n<p data-start=\"943\" data-end=\"974\"><strong data-start=\"943\" data-end=\"962\">Tvrdost \u010depele:<\/strong> 56\u201358 HRC<\/p>\n<\/li>\n<li data-start=\"975\" data-end=\"1046\">\n<p data-start=\"977\" data-end=\"1046\"><strong data-start=\"977\" data-end=\"993\">Tvar \u010depele:<\/strong> \u00fazk\u00e1, dlouh\u00e1 a flexibiln\u00ed \u010depel \u2013 ide\u00e1ln\u00ed na \u0161unku<\/p>\n<\/li>\n<li data-start=\"1047\" data-end=\"1085\">\n<p data-start=\"1049\" data-end=\"1085\"><strong data-start=\"1049\" data-end=\"1070\">Povrchov\u00e1 \u00faprava:<\/strong> sat\u00e9nov\u00fd mat<\/p>\n<\/li>\n<li data-start=\"1086\" data-end=\"1154\">\n<p data-start=\"1088\" data-end=\"1154\"><strong data-start=\"1088\" data-end=\"1100\">Rukoje\u0165:<\/strong> p\u0159\u00edrodn\u00ed o\u0159echov\u00e9 d\u0159evo \u2013 ergonomick\u00e9, s t\u0159emi n\u00fdty<\/p>\n<\/li>\n<li data-start=\"1155\" data-end=\"1189\">\n<p data-start=\"1157\" data-end=\"1189\"><strong data-start=\"1157\" data-end=\"1169\">Spojen\u00ed:<\/strong> klasick\u00e9 n\u00fdtov\u00e1n\u00ed<\/p>\n<\/li>\n<li data-start=\"1190\" data-end=\"1217\">\n<p data-start=\"1192\" data-end=\"1217\"><strong data-start=\"1192\" data-end=\"1205\">Hmotnost:<\/strong> cca 160 g<\/p>\n<\/li>\n<li data-start=\"1218\" data-end=\"1249\">\n<p data-start=\"1220\" data-end=\"1249\"><strong data-start=\"1220\" data-end=\"1232\">V\u00fdrobce:<\/strong> ARCOS, \u0160pan\u011blsko<\/p>\n<\/li>\n<\/ul>\n<hr data-start=\"1251\" data-end=\"1254\" \/>\n<h2 data-start=\"1256\" data-end=\"1276\">\ud83d\udfe2 Hlavn\u00ed v\u00fdhody:<\/h2>\n<p data-start=\"1278\" data-end=\"1551\">\u2705 Precizn\u00ed tenk\u00e1 \u010depel na \u0161unku, prosciutto nebo carpaccio<br data-start=\"1336\" data-end=\"1339\" \/>\u2705 Nerezov\u00e1 ocel NITRUM\u00ae \u2013 odoln\u00e1, tvrd\u00e1 a dob\u0159e se brous\u00ed<br data-start=\"1396\" data-end=\"1399\" \/>\u2705 Rukoje\u0165 z o\u0159echov\u00e9ho d\u0159eva \u2013 tradi\u010dn\u00ed vzhled a komfortn\u00ed \u00fachop<br data-start=\"1463\" data-end=\"1466\" \/>\u2705 Skv\u011bl\u00e9 vyv\u00e1\u017een\u00ed pro plynul\u00fd \u0159ez<br data-start=\"1499\" data-end=\"1502\" \/>\u2705 Elegantn\u00ed design vhodn\u00fd i k serv\u00edrov\u00e1n\u00ed na st\u016fl<\/p>\n<hr data-start=\"1553\" data-end=\"1556\" \/>\n<h2 data-start=\"1558\" data-end=\"1579\">\ud83d\udd34 Mo\u017en\u00e9 nev\u00fdhody:<\/h2>\n<p data-start=\"1581\" data-end=\"1755\">\u26a0\ufe0f Vy\u017eaduje ru\u010dn\u00ed myt\u00ed a p\u00e9\u010di o d\u0159ev\u011bnou rukoje\u0165<br data-start=\"1629\" data-end=\"1632\" \/>\u26a0\ufe0f M\u00e9n\u011b vhodn\u00fd pro \u00fapln\u00e9 za\u010d\u00e1te\u010dn\u00edky (kv\u016fli pru\u017en\u00e9 \u010depeli)<br data-start=\"1690\" data-end=\"1693\" \/>\u26a0\ufe0f D\u0159evo m\u016f\u017ee reagovat na vlhkost, pokud nen\u00ed spr\u00e1vn\u011b o\u0161et\u0159eno<\/p>\n<hr data-start=\"1757\" data-end=\"1760\" \/>\n<h2 data-start=\"1762\" data-end=\"1787\">\ud83d\udee0\ufe0f \u00dadr\u017eba a brou\u0161en\u00ed:<\/h2>\n<ul data-start=\"1789\" data-end=\"2206\">\n<li data-start=\"1789\" data-end=\"1845\">\n<p data-start=\"1791\" data-end=\"1845\">Ru\u010dn\u011b m\u00fdt a ihned osu\u0161it \u2013 prodlou\u017e\u00ed \u017eivotnost d\u0159eva<\/p>\n<\/li>\n<li data-start=\"1846\" data-end=\"1913\">\n<p data-start=\"1848\" data-end=\"1913\">Rukoje\u0165 lze jednou za \u010das o\u0161et\u0159it miner\u00e1ln\u00edm nebo ln\u011bn\u00fdm olejem<\/p>\n<\/li>\n<li data-start=\"1914\" data-end=\"2206\">\n<p data-start=\"1916\" data-end=\"2206\">Pro udr\u017een\u00ed ost\u0159\u00ed doporu\u010dujeme <a class=\"cursor-pointer\" target=\"_new\" rel=\"noopener\" data-start=\"1947\" data-end=\"2025\"><strong data-start=\"1948\" data-end=\"1971\">Vulk\u00e1nus Classic G2<\/strong><\/a> nebo <a class=\"cursor-pointer\" target=\"_new\" rel=\"noopener\" data-start=\"2031\" data-end=\"2103\"><strong data-start=\"2032\" data-end=\"2053\">Vulk\u00e1nus skl\u00e1dac\u00ed<\/strong><\/a> \u2013 ide\u00e1ln\u00ed i pro hladk\u00e1 ost\u0159\u00ed. \ud83d\uded2 Koup\u00edte na na\u0161ich str\u00e1nk\u00e1ch <a class=\"\" href=\"https:\/\/www.moskito.cz\/\" target=\"_new\" rel=\"noopener\" data-start=\"2165\" data-end=\"2206\"><strong data-start=\"2166\" data-end=\"2180\">Moskito.cz<\/strong><\/a><\/p>\n<\/li>\n<\/ul>\n<hr data-start=\"2208\" data-end=\"2211\" \/>\n<h2 data-start=\"2213\" data-end=\"2242\">\ud83d\udcca Porovn\u00e1n\u00ed s konkurenc\u00ed:<\/h2>\n<h3 data-start=\"2244\" data-end=\"2286\">\ud83d\udd39 Arcos Nordika vs. KDS \u0161unkov\u00fd n\u016f\u017e<\/h3>\n<p data-start=\"2287\" data-end=\"2448\">\u2705 Kvalitn\u011bj\u0161\u00ed ocel, lep\u0161\u00ed pru\u017enost \u010depele, luxusn\u011bj\u0161\u00ed proveden\u00ed<br data-start=\"2350\" data-end=\"2353\" \/>\ud83d\udd01 KDS je cenov\u011b dostupn\u011bj\u0161\u00ed, ale m\u00e9n\u011b elegantn\u00ed<br data-start=\"2401\" data-end=\"2404\" \/>\u27a1\ufe0f Nordika je volba pro n\u00e1ro\u010dn\u011bj\u0161\u00ed u\u017eivatele<\/p>\n<h3 data-start=\"2450\" data-end=\"2499\">\ud83d\udd39 Arcos Nordika vs. Victorinox \u0161unkov\u00fd n\u016f\u017e<\/h3>\n<p data-start=\"2500\" data-end=\"2655\">\u2705 Design a tradi\u010dn\u00ed d\u0159ev\u011bn\u00e1 rukoje\u0165<br data-start=\"2535\" data-end=\"2538\" \/>\ud83d\udd01 Victorinox m\u00e1 prakti\u010dt\u011bj\u0161\u00ed plastovou rukoje\u0165 pro profi gastro<br data-start=\"2602\" data-end=\"2605\" \/>\u27a1\ufe0f Nordika je ide\u00e1ln\u00ed pro dom\u00e1c\u00ed kucha\u0159e a gurm\u00e1ny<\/p>\n<h3 data-start=\"2657\" data-end=\"2699\">\ud83d\udd39 Arcos Nordika vs. W\u00fcsthof Classic<\/h3>\n<p data-start=\"2700\" data-end=\"2890\">\ud83d\udd01 W\u00fcsthof m\u00e1 vy\u0161\u0161\u00ed tvrdost a pr\u00e9miov\u00e9 zpracov\u00e1n\u00ed<br data-start=\"2749\" data-end=\"2752\" \/>\u2705 Arcos nab\u00edz\u00ed v\u00fdborn\u00fd pom\u011br v\u00fdkon\/cena s kr\u00e1snou d\u0159ev\u011bnou rukojet\u00ed<br data-start=\"2819\" data-end=\"2822\" \/>\u27a1\ufe0f Nordika je stylov\u00e1 alternativa pro ty, kdo hledaj\u00ed v\u00fdkon i design<\/p>\n<hr data-start=\"2892\" data-end=\"2895\" \/>\n<h2 data-start=\"2897\" data-end=\"2922\">\u2764\ufe0f Pro\u010d si ho obl\u00edb\u00ed\u0161:<\/h2>\n<p data-start=\"2924\" data-end=\"3179\">Tenhle n\u016f\u017e je radost dr\u017eet i pou\u017e\u00edvat. A\u0165 u\u017e p\u0159ipravuje\u0161 tapas, slavnostn\u00ed prk\u00e9nko s iberijskou \u0161unkou, nebo chce\u0161 tenk\u00e9 pl\u00e1tky roastbeefu \u2013 <strong data-start=\"3065\" data-end=\"3089\">Arcos Nordika 166700<\/strong> to zvl\u00e1dne s noblesou. Nav\u00edc skv\u011ble vypad\u00e1 \u2013 nejen funk\u010dn\u00ed n\u00e1stroj, ale i ozdoba kuchyn\u011b.<\/p>\n<hr data-start=\"3181\" data-end=\"3184\" \/>\n<h2 data-start=\"3186\" data-end=\"3211\">\u2705 Z\u00e1v\u011bre\u010dn\u00e9 hodnocen\u00ed:<\/h2>\n<p data-start=\"3213\" data-end=\"3417\"><strong data-start=\"3213\" data-end=\"3264\">\u0160unkov\u00fd n\u016f\u017e Arcos Nordika 250 mm \u2013 model 166700<\/strong> je dokonal\u00fdm spojen\u00edm elegance, tradice a v\u00fdkonu. Hod\u00ed se do ka\u017ed\u00e9 stylov\u00e9 kuchyn\u011b a poslou\u017e\u00ed p\u0159i ka\u017ed\u00e9 p\u0159\u00edle\u017eitosti, kdy z\u00e1le\u017e\u00ed na preciznosti a dojmu.<\/p>\n<p data-start=\"3419\" data-end=\"3557\">\ud83d\udce2 <strong data-start=\"3422\" data-end=\"3430\">Tip:<\/strong> Skv\u011ble se dopl\u0148uje s dal\u0161\u00edmi no\u017ei ze s\u00e9rie Nordika. A nezapome\u0148 na kvalitn\u00ed brousek Vulk\u00e1nus \u2013 udr\u017e\u00ed ost\u0159\u00ed v\u017edy p\u0159ipraven\u00e9! \ud83d\uded2<\/p>\n","protected":false},"excerpt":{"rendered":"<p><strong>Tenhle n\u016f\u017e je radost dr\u017eet i pou\u017e\u00edvat. A\u0165 u\u017e p\u0159ipravuje\u0161 tapas, slavnostn\u00ed prk\u00e9nko s iberijskou \u0161unkou, nebo chce\u0161 tenk\u00e9 pl\u00e1tky roastbeefu \u2013 Arcos Nordika 166700 to zvl\u00e1dne s noblesou. Nav\u00edc skv\u011ble vypad\u00e1 \u2013 nejen funk\u010dn\u00ed n\u00e1stroj, ale i ozdoba kuchyn\u011b.<\/strong><\/p>\n","protected":false},"featured_media":417767,"comment_status":"open","ping_status":"closed","template":"","meta":[],"pwb-brand":[1950],"product_brand":[],"product_cat":[21],"product_tag":[],"class_list":{"0":"post-417766","1":"product","2":"type-product","3":"status-publish","4":"has-post-thumbnail","6":"pwb-brand-arcos","7":"product_cat-kuchynske-noze","9":"first","10":"instock","11":"taxable","12":"shipping-taxable","13":"purchasable","14":"product-type-simple"},"brands":[{"id":1950,"name":"Arcos","slug":"arcos"}],"_links":{"self":[{"href":"https:\/\/www.moskito.cz\/pl\/wp-json\/wp\/v2\/product\/417766","targetHints":{"allow":["GET"]}}],"collection":[{"href":"https:\/\/www.moskito.cz\/pl\/wp-json\/wp\/v2\/product"}],"about":[{"href":"https:\/\/www.moskito.cz\/pl\/wp-json\/wp\/v2\/types\/product"}],"replies":[{"embeddable":true,"href":"https:\/\/www.moskito.cz\/pl\/wp-json\/wp\/v2\/comments?post=417766"}],"wp:featuredmedia":[{"embeddable":true,"href":"https:\/\/www.moskito.cz\/pl\/wp-json\/wp\/v2\/media\/417767"}],"wp:attachment":[{"href":"https:\/\/www.moskito.cz\/pl\/wp-json\/wp\/v2\/media?parent=417766"}],"wp:term":[{"taxonomy":"pwb-brand","embeddable":true,"href":"https:\/\/www.moskito.cz\/pl\/wp-json\/wp\/v2\/pwb-brand?post=417766"},{"taxonomy":"product_brand","embeddable":true,"href":"https:\/\/www.moskito.cz\/pl\/wp-json\/wp\/v2\/product_brand?post=417766"},{"taxonomy":"product_cat","embeddable":true,"href":"https:\/\/www.moskito.cz\/pl\/wp-json\/wp\/v2\/product_cat?post=417766"},{"taxonomy":"product_tag","embeddable":true,"href":"https:\/\/www.moskito.cz\/pl\/wp-json\/wp\/v2\/product_tag?post=417766"}],"curies":[{"name":"wp","href":"https:\/\/api.w.org\/{rel}","templated":true}]}}