{"id":421873,"date":"2025-08-20T17:45:02","date_gmt":"2025-08-20T16:45:02","guid":{"rendered":"https:\/\/www.moskito.cz\/?post_type=product&#038;p=421873"},"modified":"2025-08-20T17:48:19","modified_gmt":"2025-08-20T16:48:19","slug":"zaviraci-nuz-cobratec-special-ops","status":"publish","type":"product","link":"https:\/\/www.moskito.cz\/pl\/produkt\/zaviraci-nuz-cobratec-special-ops\/","title":{"rendered":"Zav\u00edrac\u00ed N\u016f\u017e CobraTec Special Ops"},"content":{"rendered":"<h2 data-start=\"144\" data-end=\"184\"><strong data-start=\"147\" data-end=\"184\">Zav\u00edrac\u00ed N\u016f\u017e CobraTec Special Ops<\/strong><\/h2>\n<p data-start=\"186\" data-end=\"532\"><strong data-start=\"186\" data-end=\"210\">CobraTec Special Ops<\/strong> je pr\u00e9miov\u00fd zav\u00edrac\u00ed n\u016f\u017e ur\u010den\u00fd pro n\u00e1ro\u010dn\u00e9 u\u017eivatele, kte\u0159\u00ed necht\u011bj\u00ed d\u011blat kompromisy mezi designem, funk\u010dnost\u00ed a v\u00fdkonem. Vyzna\u010duje se elegantn\u00ed \u010dernou titanovou rukojet\u00ed <strong data-start=\"384\" data-end=\"391\">TC4<\/strong>, v\u00fdkonnou \u010depel\u00ed z <strong data-start=\"411\" data-end=\"425\">oceli M390<\/strong> a p\u0159esn\u011b zpracovan\u00fdm <strong data-start=\"447\" data-end=\"463\">frame lockem<\/strong>, kter\u00fd zaji\u0161\u0165uje naprostou spolehlivost i p\u0159i intenzivn\u00edm pou\u017e\u00edv\u00e1n\u00ed.<\/p>\n<p data-start=\"534\" data-end=\"835\">D\u00edky <strong data-start=\"539\" data-end=\"562\">keramick\u00fdm lo\u017eisk\u016fm<\/strong> v mechanismu je otev\u00edr\u00e1n\u00ed no\u017ee mimo\u0159\u00e1dn\u011b hladk\u00e9 a rychl\u00e9. <strong data-start=\"621\" data-end=\"642\">Kart\u00e1\u010dovan\u00e1 \u010depel<\/strong> nav\u00edc podtrhuje celkov\u011b luxusn\u00ed vzhled, ale p\u0159edev\u0161\u00edm nab\u00edz\u00ed \u0161pi\u010dkovou odolnost, skv\u011blou retenci ost\u0159\u00ed a vynikaj\u00edc\u00ed odolnost v\u016f\u010di korozi \u2013 co\u017e je p\u0159esn\u011b to, co od \u0161pi\u010dkov\u00e9ho EDC no\u017ee o\u010dek\u00e1v\u00e1\u0161.<\/p>\n<hr data-start=\"837\" data-end=\"840\" \/>\n<h3 data-start=\"842\" data-end=\"868\"><strong data-start=\"846\" data-end=\"868\">Historie a kontext<\/strong><\/h3>\n<p data-start=\"870\" data-end=\"1232\">Model <strong data-start=\"876\" data-end=\"891\">Special Ops<\/strong> vznikl s c\u00edlem nab\u00eddnout prvot\u0159\u00eddn\u00ed n\u00e1stroj pro u\u017eivatele, kte\u0159\u00ed hledaj\u00ed v\u00fdkonn\u00fd a stylov\u00fd n\u016f\u017e do ka\u017edodenn\u00edho i taktick\u00e9ho nasazen\u00ed. Titanov\u00e1 konstrukce je nejen extr\u00e9mn\u011b pevn\u00e1, ale z\u00e1rove\u0148 lehk\u00e1, co\u017e zvy\u0161uje komfort p\u0159i no\u0161en\u00ed. Tento model p\u0159in\u00e1\u0161\u00ed \u0161pi\u010dkov\u00e9 materi\u00e1ly a detailn\u00ed zpracov\u00e1n\u00ed v balen\u00ed, kter\u00e9 obstoj\u00ed i v n\u00e1ro\u010dn\u00fdch podm\u00ednk\u00e1ch.<\/p>\n<hr data-start=\"1234\" data-end=\"1237\" \/>\n<h3 data-start=\"1239\" data-end=\"1268\"><strong data-start=\"1243\" data-end=\"1268\">Technick\u00e9 specifikace<\/strong><\/h3>\n<div class=\"_tableContainer_sk2ct_1\">\n<div class=\"_tableWrapper_sk2ct_13 group flex w-fit flex-col-reverse\" tabindex=\"-1\">\n<table class=\"w-fit min-w-(--thread-content-width)\" data-start=\"1270\" data-end=\"2457\">\n<thead data-start=\"1270\" data-end=\"1338\">\n<tr data-start=\"1270\" data-end=\"1338\">\n<th data-start=\"1270\" data-end=\"1295\" data-col-size=\"sm\">Parametr<\/th>\n<th data-start=\"1295\" data-end=\"1338\" data-col-size=\"sm\">Hodnota<\/th>\n<\/tr>\n<\/thead>\n<tbody data-start=\"1409\" data-end=\"2457\">\n<tr data-start=\"1409\" data-end=\"1478\">\n<td data-start=\"1409\" data-end=\"1434\" data-col-size=\"sm\">D\u00e9lka \u010depele<\/td>\n<td data-col-size=\"sm\" data-start=\"1434\" data-end=\"1478\">cca 95 mm (3,75\u2033)<\/td>\n<\/tr>\n<tr data-start=\"1479\" data-end=\"1548\">\n<td data-start=\"1479\" data-end=\"1504\" data-col-size=\"sm\">Celkov\u00e1 d\u00e9lka<\/td>\n<td data-col-size=\"sm\" data-start=\"1504\" data-end=\"1548\">cca 219 mm (8,625\u2033)<\/td>\n<\/tr>\n<tr data-start=\"1549\" data-end=\"1618\">\n<td data-start=\"1549\" data-end=\"1574\" data-col-size=\"sm\">D\u00e9lka zav\u0159en\u00e9ho no\u017ee<\/td>\n<td data-col-size=\"sm\" data-start=\"1574\" data-end=\"1618\">cca 127 mm (5\u2033)<\/td>\n<\/tr>\n<tr data-start=\"1619\" data-end=\"1687\">\n<td data-start=\"1619\" data-end=\"1644\" data-col-size=\"sm\">Materi\u00e1l \u010depele<\/td>\n<td data-col-size=\"sm\" data-start=\"1644\" data-end=\"1687\">M390 nerezov\u00e1 ocel (kart\u00e1\u010dovan\u00e1)<\/td>\n<\/tr>\n<tr data-start=\"1688\" data-end=\"1757\">\n<td data-start=\"1688\" data-end=\"1713\" data-col-size=\"sm\">Tvrdost oceli<\/td>\n<td data-col-size=\"sm\" data-start=\"1713\" data-end=\"1757\">60\u201362 HRC<\/td>\n<\/tr>\n<tr data-start=\"1758\" data-end=\"1827\">\n<td data-start=\"1758\" data-end=\"1783\" data-col-size=\"sm\">Typ \u010depele<\/td>\n<td data-col-size=\"sm\" data-start=\"1783\" data-end=\"1827\">Drop point<\/td>\n<\/tr>\n<tr data-start=\"1828\" data-end=\"1897\">\n<td data-start=\"1828\" data-end=\"1853\" data-col-size=\"sm\">Brou\u0161en\u00ed<\/td>\n<td data-col-size=\"sm\" data-start=\"1853\" data-end=\"1897\">Ploch\u00fd v\u00fdbrus<\/td>\n<\/tr>\n<tr data-start=\"1898\" data-end=\"1967\">\n<td data-start=\"1898\" data-end=\"1923\" data-col-size=\"sm\">Materi\u00e1l rukojeti<\/td>\n<td data-col-size=\"sm\" data-start=\"1923\" data-end=\"1967\">Titan TC4 (\u010dern\u011b eloxovan\u00fd)<\/td>\n<\/tr>\n<tr data-start=\"1968\" data-end=\"2037\">\n<td data-start=\"1968\" data-end=\"1993\" data-col-size=\"sm\">Mechanismus otev\u0159en\u00ed<\/td>\n<td data-col-size=\"sm\" data-start=\"1993\" data-end=\"2037\">Flipper tab + keramick\u00e1 lo\u017eiska<\/td>\n<\/tr>\n<tr data-start=\"2038\" data-end=\"2107\">\n<td data-start=\"2038\" data-end=\"2063\" data-col-size=\"sm\">Pojistka<\/td>\n<td data-col-size=\"sm\" data-start=\"2063\" data-end=\"2107\">Frame Lock<\/td>\n<\/tr>\n<tr data-start=\"2108\" data-end=\"2177\">\n<td data-start=\"2108\" data-end=\"2133\" data-col-size=\"sm\">Kapesn\u00ed klip<\/td>\n<td data-col-size=\"sm\" data-start=\"2133\" data-end=\"2177\">Pravostrann\u00fd, \u010dern\u00fd, tip-up<\/td>\n<\/tr>\n<tr data-start=\"2178\" data-end=\"2247\">\n<td data-start=\"2178\" data-end=\"2203\" data-col-size=\"sm\">Poutko<\/td>\n<td data-col-size=\"sm\" data-start=\"2203\" data-end=\"2247\">Ano (otvor pro paracord)<\/td>\n<\/tr>\n<tr data-start=\"2248\" data-end=\"2317\">\n<td data-start=\"2248\" data-end=\"2273\" data-col-size=\"sm\">Hmotnost<\/td>\n<td data-col-size=\"sm\" data-start=\"2273\" data-end=\"2317\">cca 167 g (5,9 oz)<\/td>\n<\/tr>\n<tr data-start=\"2318\" data-end=\"2387\">\n<td data-start=\"2318\" data-end=\"2343\" data-col-size=\"sm\">V\u00fdroba<\/td>\n<td data-col-size=\"sm\" data-start=\"2343\" data-end=\"2387\">USA<\/td>\n<\/tr>\n<tr data-start=\"2388\" data-end=\"2457\">\n<td data-start=\"2388\" data-end=\"2413\" data-col-size=\"sm\">Z\u00e1ruka<\/td>\n<td data-col-size=\"sm\" data-start=\"2413\" data-end=\"2457\">Do\u017eivotn\u00ed<\/td>\n<\/tr>\n<\/tbody>\n<\/table>\n<\/div>\n<\/div>\n<hr data-start=\"2459\" data-end=\"2462\" \/>\n<h3 data-start=\"2464\" data-end=\"2486\"><strong data-start=\"2468\" data-end=\"2486\">Kl\u00ed\u010dov\u00e9 v\u00fdhody<\/strong><\/h3>\n<ul data-start=\"2488\" data-end=\"2974\">\n<li data-start=\"2488\" data-end=\"2599\">\n<p data-start=\"2490\" data-end=\"2599\"><strong data-start=\"2490\" data-end=\"2504\">M390 \u010depel<\/strong> \u2013 vysoce v\u00fdkonn\u00e1 nerezov\u00e1 ocel s v\u00fdbornou odolnost\u00ed proti korozi a dlouhou \u017eivotnost\u00ed ost\u0159\u00ed.<\/p>\n<\/li>\n<li data-start=\"2600\" data-end=\"2693\">\n<p data-start=\"2602\" data-end=\"2693\"><strong data-start=\"2602\" data-end=\"2626\">Titanov\u00e1 rukoje\u0165 TC4<\/strong> \u2013 extr\u00e9mn\u011b pevn\u00e1 a z\u00e1rove\u0148 lehk\u00e1, ide\u00e1ln\u00ed pro dlouhodob\u00e9 no\u0161en\u00ed.<\/p>\n<\/li>\n<li data-start=\"2694\" data-end=\"2771\">\n<p data-start=\"2696\" data-end=\"2771\"><strong data-start=\"2696\" data-end=\"2710\">Frame lock<\/strong> \u2013 bezpe\u010dn\u00fd a stabiln\u00ed zamykac\u00ed mechanismus i p\u0159i zat\u00ed\u017een\u00ed.<\/p>\n<\/li>\n<li data-start=\"2772\" data-end=\"2842\">\n<p data-start=\"2774\" data-end=\"2842\"><strong data-start=\"2774\" data-end=\"2795\">Keramick\u00e1 lo\u017eiska<\/strong> \u2013 hladk\u00fd a plynul\u00fd chod p\u0159i ka\u017ed\u00e9m otev\u0159en\u00ed.<\/p>\n<\/li>\n<li data-start=\"2843\" data-end=\"2914\">\n<p data-start=\"2845\" data-end=\"2914\"><strong data-start=\"2845\" data-end=\"2865\">Elegantn\u00ed vzhled<\/strong> \u2013 sofistikovan\u00fd design s praktick\u00fdmi funkcemi.<\/p>\n<\/li>\n<li data-start=\"2915\" data-end=\"2974\">\n<p data-start=\"2917\" data-end=\"2974\"><strong data-start=\"2917\" data-end=\"2937\">Do\u017eivotn\u00ed z\u00e1ruka<\/strong> \u2013 zaru\u010duje dlouhodobou spolehlivost.<\/p>\n<\/li>\n<\/ul>\n<hr data-start=\"2976\" data-end=\"2979\" \/>\n<h3 data-start=\"2981\" data-end=\"3002\"><strong data-start=\"2985\" data-end=\"3002\">Mo\u017en\u00e1 omezen\u00ed<\/strong><\/h3>\n<ul data-start=\"3004\" data-end=\"3230\">\n<li data-start=\"3004\" data-end=\"3086\">\n<p data-start=\"3006\" data-end=\"3086\"><strong data-start=\"3006\" data-end=\"3020\">Vy\u0161\u0161\u00ed cena<\/strong> \u2013 odpov\u00edd\u00e1 pou\u017eit\u00fdm pr\u00e9miov\u00fdm materi\u00e1l\u016fm a p\u0159esn\u00e9mu zpracov\u00e1n\u00ed.<\/p>\n<\/li>\n<li data-start=\"3087\" data-end=\"3139\">\n<p data-start=\"3089\" data-end=\"3139\"><strong data-start=\"3089\" data-end=\"3114\">Nen\u00ed oboustrann\u00fd klip<\/strong> \u2013 nevhodn\u00e9 pro lev\u00e1ky.<\/p>\n<\/li>\n<li data-start=\"3140\" data-end=\"3230\">\n<p data-start=\"3142\" data-end=\"3230\"><strong data-start=\"3142\" data-end=\"3179\">Titan m\u016f\u017ee b\u00fdt chladn\u011bj\u0161\u00ed do ruky<\/strong> \u2013 subjektivn\u00ed, ale d\u016fle\u017eit\u00e9 pro n\u011bkter\u00e9 u\u017eivatele.<\/p>\n<\/li>\n<\/ul>\n<hr data-start=\"3232\" data-end=\"3235\" \/>\n<h3 data-start=\"3237\" data-end=\"3262\"><strong data-start=\"3241\" data-end=\"3262\">\u00dadr\u017eba a brou\u0161en\u00ed<\/strong><\/h3>\n<p data-start=\"3264\" data-end=\"3446\">M390 je \u0161pi\u010dkov\u00e1 nerezov\u00e1 ocel, kter\u00e1 v\u00fdborn\u011b dr\u017e\u00ed ost\u0159\u00ed a odol\u00e1v\u00e1 korozi, p\u0159esto je d\u016fle\u017eit\u00e9 dodr\u017eovat z\u00e1kladn\u00ed \u00fadr\u017ebu: \u010depel udr\u017euj \u010distou, suchou a ob\u010das lehce proma\u017e mechanismus.<\/p>\n<p data-start=\"3448\" data-end=\"3618\"><strong data-start=\"3448\" data-end=\"3618\">Pro udr\u017een\u00ed ost\u0159\u00ed doporu\u010dujeme Spyderco Tri-Angle Sharpmaker Complete Sharpening System 204MF \u2013 ide\u00e1ln\u00ed i pro hladk\u00e1 ost\u0159\u00ed. \ud83d\uded2 Koup\u00edte na na\u0161ich str\u00e1nk\u00e1ch Moskito.cz.<\/strong><\/p>\n<hr data-start=\"3620\" data-end=\"3623\" \/>\n<h3 data-start=\"3625\" data-end=\"3650\"><strong data-start=\"3629\" data-end=\"3650\">Pro koho je ur\u010den<\/strong><\/h3>\n<ul data-start=\"3652\" data-end=\"3896\">\n<li data-start=\"3652\" data-end=\"3712\">\n<p data-start=\"3654\" data-end=\"3712\">Pro u\u017eivatele hledaj\u00edc\u00ed kombinaci elegance a funk\u010dnosti.<\/p>\n<\/li>\n<li data-start=\"3713\" data-end=\"3785\">\n<p data-start=\"3715\" data-end=\"3785\">Pro profesion\u00e1ly, kte\u0159\u00ed pot\u0159ebuj\u00ed v\u00fdkonn\u00fd a spolehliv\u00fd zav\u00edrac\u00ed n\u016f\u017e.<\/p>\n<\/li>\n<li data-start=\"3786\" data-end=\"3850\">\n<p data-start=\"3788\" data-end=\"3850\">Pro fanou\u0161ky titanu, pr\u00e9miov\u00fdch ocel\u00ed a p\u0159esn\u00e9ho zpracov\u00e1n\u00ed.<\/p>\n<\/li>\n<li data-start=\"3851\" data-end=\"3896\">\n<p data-start=\"3853\" data-end=\"3896\">Pro ka\u017edodenn\u00ed no\u0161en\u00ed s taktick\u00fdm p\u0159esahem.<\/p>\n<\/li>\n<\/ul>\n<hr data-start=\"3898\" data-end=\"3901\" \/>\n<h3 data-start=\"3903\" data-end=\"3930\"><strong data-start=\"3907\" data-end=\"3930\">Z\u00e1v\u011bre\u010dn\u00e9 hodnocen\u00ed<\/strong><\/h3>\n<p data-start=\"3932\" data-end=\"4254\"><strong data-start=\"3932\" data-end=\"3956\">CobraTec Special Ops<\/strong> je vrcholn\u00fdm p\u0159\u00edkladem precizn\u00ed no\u017e\u00ed\u0159sk\u00e9 pr\u00e1ce \u2013 spojuje modern\u00ed materi\u00e1ly, funk\u010dn\u00ed design a taktickou p\u0159ipravenost. Je to n\u016f\u017e, kter\u00fd nezklame ani p\u0159i n\u00e1ro\u010dn\u00e9m pou\u017e\u00edv\u00e1n\u00ed a z\u00e1rove\u0148 p\u016fsob\u00ed jako vkusn\u00fd dopln\u011bk. Pokud hled\u00e1\u0161 ultim\u00e1tn\u00ed EDC n\u00e1stroj s v\u00fdjime\u010dn\u00fdmi vlastnostmi, Special Ops je jasn\u00e1 volba.<\/p>\n","protected":false},"excerpt":{"rendered":"<p><strong>CobraTec Special Ops je robustn\u00ed taktick\u00fd zav\u00edr\u00e1k, kter\u00fd vynik\u00e1 ve v\u00fdkonu i konstruk\u010dn\u00ed kvalit\u011b. Hod\u00ed se do ruky ka\u017ed\u00e9mu, kdo pot\u0159ebuje n\u016f\u017e, na kter\u00fd se m\u016f\u017ee spolehnout v jak\u00e9koli situaci \u2013 a\u0165 u\u017e jde o n\u00e1ro\u010dnou pr\u00e1ci v ter\u00e9nu nebo krizovou obranu. <\/strong><\/p>\n<p><strong>Doprava zdarma.<\/strong><\/p>\n","protected":false},"featured_media":421874,"comment_status":"open","ping_status":"closed","template":"","meta":[],"pwb-brand":[3241],"product_brand":[],"product_cat":[17,22],"product_tag":[],"class_list":{"0":"post-421873","1":"product","2":"type-product","3":"status-publish","4":"has-post-thumbnail","6":"pwb-brand-cobratec-2","7":"product_cat-noze","8":"product_cat-zaviraci-noze","10":"first","11":"instock","12":"taxable","13":"shipping-taxable","14":"purchasable","15":"product-type-simple"},"brands":[{"id":3241,"name":"CobraTec","slug":"cobratec-2"}],"_links":{"self":[{"href":"https:\/\/www.moskito.cz\/pl\/wp-json\/wp\/v2\/product\/421873","targetHints":{"allow":["GET"]}}],"collection":[{"href":"https:\/\/www.moskito.cz\/pl\/wp-json\/wp\/v2\/product"}],"about":[{"href":"https:\/\/www.moskito.cz\/pl\/wp-json\/wp\/v2\/types\/product"}],"replies":[{"embeddable":true,"href":"https:\/\/www.moskito.cz\/pl\/wp-json\/wp\/v2\/comments?post=421873"}],"wp:featuredmedia":[{"embeddable":true,"href":"https:\/\/www.moskito.cz\/pl\/wp-json\/wp\/v2\/media\/421874"}],"wp:attachment":[{"href":"https:\/\/www.moskito.cz\/pl\/wp-json\/wp\/v2\/media?parent=421873"}],"wp:term":[{"taxonomy":"pwb-brand","embeddable":true,"href":"https:\/\/www.moskito.cz\/pl\/wp-json\/wp\/v2\/pwb-brand?post=421873"},{"taxonomy":"product_brand","embeddable":true,"href":"https:\/\/www.moskito.cz\/pl\/wp-json\/wp\/v2\/product_brand?post=421873"},{"taxonomy":"product_cat","embeddable":true,"href":"https:\/\/www.moskito.cz\/pl\/wp-json\/wp\/v2\/product_cat?post=421873"},{"taxonomy":"product_tag","embeddable":true,"href":"https:\/\/www.moskito.cz\/pl\/wp-json\/wp\/v2\/product_tag?post=421873"}],"curies":[{"name":"wp","href":"https:\/\/api.w.org\/{rel}","templated":true}]}}