{"id":421924,"date":"2025-08-20T18:12:54","date_gmt":"2025-08-20T17:12:54","guid":{"rendered":"https:\/\/www.moskito.cz\/?post_type=product&#038;p=421924"},"modified":"2025-08-20T18:12:55","modified_gmt":"2025-08-20T17:12:55","slug":"zaviraci-nuz-cobratec-zebrawood-bar-lock","status":"publish","type":"product","link":"https:\/\/www.moskito.cz\/pl\/produkt\/zaviraci-nuz-cobratec-zebrawood-bar-lock\/","title":{"rendered":"Zav\u00edrac\u00ed N\u016f\u017e CobraTec Zebrawood Bar Lock"},"content":{"rendered":"<h2 data-start=\"183\" data-end=\"241\"><strong data-start=\"186\" data-end=\"241\">Zav\u00edrac\u00ed N\u016f\u017e CobraTec Zebrawood Bar Lock CTZWDBLDNS<\/strong><\/h2>\n<p data-start=\"243\" data-end=\"637\"><strong data-start=\"243\" data-end=\"274\">CobraTec Zebrawood Bar Lock<\/strong> je stylov\u00fd a precizn\u011b zpracovan\u00fd zav\u00edrac\u00ed n\u016f\u017e, kter\u00fd spojuje klasick\u00e9 materi\u00e1ly s modern\u00edm technick\u00fdm \u0159e\u0161en\u00edm. Elegantn\u00ed st\u0159enka ze <strong data-start=\"407\" data-end=\"422\">zebra d\u0159eva<\/strong> mu dod\u00e1v\u00e1 v\u00fdrazn\u00fd p\u0159\u00edrodn\u00ed vzhled, zat\u00edmco spolehliv\u00fd <strong data-start=\"477\" data-end=\"501\">bar lock mechanismus<\/strong> zaji\u0161\u0165uje bezpe\u010dn\u00e9 a rychl\u00e9 ovl\u00e1d\u00e1n\u00ed. Tento n\u016f\u017e je ide\u00e1ln\u00ed pro ka\u017edodenn\u00ed no\u0161en\u00ed (EDC), ale obstoj\u00ed i p\u0159i leh\u010d\u00edch outdoorov\u00fdch \u00fakolech.<\/p>\n<p data-start=\"639\" data-end=\"841\">D\u00edky <strong data-start=\"644\" data-end=\"667\">keramick\u00fdm lo\u017eisk\u016fm<\/strong> se \u010depel vysouv\u00e1 hladce a bez n\u00e1mahy. Konstrukce kombinuje p\u0159irozenou estetiku s praktick\u00fdm v\u00fdkonem \u2013 p\u0159esn\u011b to, co ocen\u00ed ka\u017ed\u00fd, kdo hled\u00e1 funk\u010dn\u00ed n\u00e1stroj s osobit\u00fdm stylem.<\/p>\n<hr data-start=\"843\" data-end=\"846\" \/>\n<h3 data-start=\"848\" data-end=\"874\"><strong data-start=\"852\" data-end=\"874\">Historie a kontext<\/strong><\/h3>\n<p data-start=\"876\" data-end=\"1252\">Model <strong data-start=\"882\" data-end=\"904\">Zebrawood Bar Lock<\/strong> navazuje na \u00fasp\u011bch no\u017e\u016f CobraTec s bar lockem \u2013 modern\u00edm uzamykac\u00edm syst\u00e9mem podobn\u00fdm zn\u00e1m\u00e9mu Axis Locku, kter\u00fd umo\u017e\u0148uje rychl\u00e9 a oboustrann\u00e9 ovl\u00e1d\u00e1n\u00ed jednou rukou. D\u00edky pou\u017eit\u00ed p\u0159\u00edrodn\u00edch materi\u00e1l\u016f, jako je <strong data-start=\"1113\" data-end=\"1126\">zebrawood<\/strong>, se tento model odli\u0161uje od klasick\u00fdch taktick\u00fdch no\u017e\u016f a oslov\u00ed p\u0159edev\u0161\u00edm u\u017eivatele, kte\u0159\u00ed cht\u011bj\u00ed n\u011bco v\u00edc ne\u017e jen kov a G10.<\/p>\n<hr data-start=\"1254\" data-end=\"1257\" \/>\n<h3 data-start=\"1259\" data-end=\"1288\"><strong data-start=\"1263\" data-end=\"1288\">Technick\u00e9 specifikace<\/strong><\/h3>\n<div class=\"_tableContainer_sk2ct_1\">\n<div class=\"_tableWrapper_sk2ct_13 group flex w-fit flex-col-reverse\" tabindex=\"-1\">\n<table class=\"w-fit min-w-(--thread-content-width)\" data-start=\"1290\" data-end=\"2423\">\n<thead data-start=\"1290\" data-end=\"1359\">\n<tr data-start=\"1290\" data-end=\"1359\">\n<th data-start=\"1290\" data-end=\"1315\" data-col-size=\"sm\">Parametr<\/th>\n<th data-start=\"1315\" data-end=\"1359\" data-col-size=\"md\">Hodnota<\/th>\n<\/tr>\n<\/thead>\n<tbody data-start=\"1431\" data-end=\"2423\">\n<tr data-start=\"1431\" data-end=\"1501\">\n<td data-start=\"1431\" data-end=\"1456\" data-col-size=\"sm\">D\u00e9lka \u010depele<\/td>\n<td data-start=\"1456\" data-end=\"1501\" data-col-size=\"md\">cca 76 mm (3\u2033)<\/td>\n<\/tr>\n<tr data-start=\"1502\" data-end=\"1572\">\n<td data-start=\"1502\" data-end=\"1527\" data-col-size=\"sm\">Celkov\u00e1 d\u00e9lka<\/td>\n<td data-start=\"1527\" data-end=\"1572\" data-col-size=\"md\">cca 190 mm (7,5\u2033)<\/td>\n<\/tr>\n<tr data-start=\"1573\" data-end=\"1643\">\n<td data-start=\"1573\" data-end=\"1598\" data-col-size=\"sm\">D\u00e9lka zav\u0159en\u00e9ho no\u017ee<\/td>\n<td data-start=\"1598\" data-end=\"1643\" data-col-size=\"md\">cca 114 mm (4,5\u2033)<\/td>\n<\/tr>\n<tr data-start=\"1644\" data-end=\"1713\">\n<td data-start=\"1644\" data-end=\"1669\" data-col-size=\"sm\">Materi\u00e1l \u010depele<\/td>\n<td data-start=\"1669\" data-end=\"1713\" data-col-size=\"md\">D2 n\u00e1strojov\u00e1 ocel (stonewashed)<\/td>\n<\/tr>\n<tr data-start=\"1714\" data-end=\"1784\">\n<td data-start=\"1714\" data-end=\"1739\" data-col-size=\"sm\">Tvrdost oceli<\/td>\n<td data-start=\"1739\" data-end=\"1784\" data-col-size=\"md\">59\u201361 HRC<\/td>\n<\/tr>\n<tr data-start=\"1785\" data-end=\"1855\">\n<td data-start=\"1785\" data-end=\"1810\" data-col-size=\"sm\">Typ \u010depele<\/td>\n<td data-start=\"1810\" data-end=\"1855\" data-col-size=\"md\">Drop point<\/td>\n<\/tr>\n<tr data-start=\"1856\" data-end=\"1926\">\n<td data-start=\"1856\" data-end=\"1881\" data-col-size=\"sm\">Brou\u0161en\u00ed<\/td>\n<td data-col-size=\"md\" data-start=\"1881\" data-end=\"1926\">Ploch\u00fd v\u00fdbrus<\/td>\n<\/tr>\n<tr data-start=\"1927\" data-end=\"1997\">\n<td data-start=\"1927\" data-end=\"1952\" data-col-size=\"sm\">Materi\u00e1l rukojeti<\/td>\n<td data-col-size=\"md\" data-start=\"1952\" data-end=\"1997\">Zebrawood (p\u0159\u00edrodn\u00ed d\u0159evo) + kovov\u00e9 vlo\u017eky<\/td>\n<\/tr>\n<tr data-start=\"1998\" data-end=\"2068\">\n<td data-start=\"1998\" data-end=\"2023\" data-col-size=\"sm\">Mechanismus otev\u0159en\u00ed<\/td>\n<td data-col-size=\"md\" data-start=\"2023\" data-end=\"2068\">Flipper tab + keramick\u00e1 lo\u017eiska<\/td>\n<\/tr>\n<tr data-start=\"2069\" data-end=\"2139\">\n<td data-start=\"2069\" data-end=\"2094\" data-col-size=\"sm\">Pojistka<\/td>\n<td data-col-size=\"md\" data-start=\"2094\" data-end=\"2139\">Bar Lock<\/td>\n<\/tr>\n<tr data-start=\"2140\" data-end=\"2210\">\n<td data-start=\"2140\" data-end=\"2165\" data-col-size=\"sm\">Kapesn\u00ed klip<\/td>\n<td data-col-size=\"md\" data-start=\"2165\" data-end=\"2210\">Pravostrann\u00fd, tip-up<\/td>\n<\/tr>\n<tr data-start=\"2211\" data-end=\"2281\">\n<td data-start=\"2211\" data-end=\"2236\" data-col-size=\"sm\">Hmotnost<\/td>\n<td data-col-size=\"md\" data-start=\"2236\" data-end=\"2281\">cca 113 g (4 oz)<\/td>\n<\/tr>\n<tr data-start=\"2282\" data-end=\"2352\">\n<td data-start=\"2282\" data-end=\"2307\" data-col-size=\"sm\">V\u00fdroba<\/td>\n<td data-col-size=\"md\" data-start=\"2307\" data-end=\"2352\">USA<\/td>\n<\/tr>\n<tr data-start=\"2353\" data-end=\"2423\">\n<td data-start=\"2353\" data-end=\"2378\" data-col-size=\"sm\">Z\u00e1ruka<\/td>\n<td data-col-size=\"md\" data-start=\"2378\" data-end=\"2423\">Do\u017eivotn\u00ed<\/td>\n<\/tr>\n<\/tbody>\n<\/table>\n<\/div>\n<\/div>\n<hr data-start=\"2425\" data-end=\"2428\" \/>\n<h3 data-start=\"2430\" data-end=\"2452\"><strong data-start=\"2434\" data-end=\"2452\">Kl\u00ed\u010dov\u00e9 v\u00fdhody<\/strong><\/h3>\n<ul data-start=\"2454\" data-end=\"2857\">\n<li data-start=\"2454\" data-end=\"2547\">\n<p data-start=\"2456\" data-end=\"2547\"><strong data-start=\"2456\" data-end=\"2469\">Zebrawood<\/strong> \u2013 p\u0159\u00edrodn\u00ed materi\u00e1l s v\u00fdraznou kresbou, kter\u00fd z ka\u017ed\u00e9ho kusu d\u011bl\u00e1 origin\u00e1l.<\/p>\n<\/li>\n<li data-start=\"2548\" data-end=\"2628\">\n<p data-start=\"2550\" data-end=\"2628\"><strong data-start=\"2550\" data-end=\"2562\">D2 \u010depel<\/strong> \u2013 vysok\u00e1 odolnost a skv\u011bl\u00e9 dr\u017een\u00ed ost\u0159\u00ed pro ka\u017edodenn\u00ed pou\u017eit\u00ed.<\/p>\n<\/li>\n<li data-start=\"2629\" data-end=\"2712\">\n<p data-start=\"2631\" data-end=\"2712\"><strong data-start=\"2631\" data-end=\"2643\">Bar Lock<\/strong> \u2013 bezpe\u010dn\u00fd, rychl\u00fd a oboustrann\u011b pou\u017eiteln\u00fd uzamykac\u00ed mechanismus.<\/p>\n<\/li>\n<li data-start=\"2713\" data-end=\"2783\">\n<p data-start=\"2715\" data-end=\"2783\"><strong data-start=\"2715\" data-end=\"2736\">Keramick\u00e1 lo\u017eiska<\/strong> \u2013 mimo\u0159\u00e1dn\u011b hladk\u00e9 otev\u00edr\u00e1n\u00ed bez zadrh\u00e1v\u00e1n\u00ed.<\/p>\n<\/li>\n<li data-start=\"2784\" data-end=\"2857\">\n<p data-start=\"2786\" data-end=\"2857\"><strong data-start=\"2786\" data-end=\"2806\">Do\u017eivotn\u00ed z\u00e1ruka<\/strong> \u2013 zaji\u0161\u0165uje dlouhodobou d\u016fv\u011bru v kvalitu CobraTec.<\/p>\n<\/li>\n<\/ul>\n<hr data-start=\"2859\" data-end=\"2862\" \/>\n<h3 data-start=\"2864\" data-end=\"2885\"><strong data-start=\"2868\" data-end=\"2885\">Mo\u017en\u00e1 omezen\u00ed<\/strong><\/h3>\n<ul data-start=\"2887\" data-end=\"3098\">\n<li data-start=\"2887\" data-end=\"2974\">\n<p data-start=\"2889\" data-end=\"2974\"><strong data-start=\"2889\" data-end=\"2907\">P\u0159\u00edrodn\u00ed d\u0159evo<\/strong> \u2013 m\u016f\u017ee b\u00fdt n\u00e1chyln\u011bj\u0161\u00ed na vlhkost a vy\u017eaduje jemn\u011bj\u0161\u00ed zach\u00e1zen\u00ed.<\/p>\n<\/li>\n<li data-start=\"2975\" data-end=\"3024\">\n<p data-start=\"2977\" data-end=\"3024\"><strong data-start=\"2977\" data-end=\"2999\">Neoboustrann\u00fd klip<\/strong> \u2013 nevhodn\u00e9 pro lev\u00e1ky.<\/p>\n<\/li>\n<li data-start=\"3025\" data-end=\"3098\">\n<p data-start=\"3027\" data-end=\"3098\"><strong data-start=\"3027\" data-end=\"3068\">Nen\u00ed ur\u010den pro t\u011b\u017ek\u00e9 taktick\u00e9 pou\u017eit\u00ed<\/strong> \u2013 vhodn\u011bj\u0161\u00ed jako stylov\u00fd EDC.<\/p>\n<\/li>\n<\/ul>\n<hr data-start=\"3100\" data-end=\"3103\" \/>\n<h3 data-start=\"3105\" data-end=\"3130\"><strong data-start=\"3109\" data-end=\"3130\">\u00dadr\u017eba a brou\u0161en\u00ed<\/strong><\/h3>\n<p data-start=\"3132\" data-end=\"3382\">D2 je n\u00e1strojov\u00e1 ocel s vysokou tvrdost\u00ed, kter\u00e1 dob\u0159e dr\u017e\u00ed ost\u0159\u00ed, ale nen\u00ed zcela nerezov\u00e1 \u2013 \u010depel po pou\u017eit\u00ed ot\u0159i dosucha a pravideln\u011b ji promaz\u00e1vej. Tak\u00e9 doporu\u010dujeme udr\u017eovat d\u0159ev\u011bn\u00e9 st\u0159enky v suchu a \u010das od \u010dasu je o\u0161et\u0159it vhodn\u00fdm olejem na d\u0159evo.<\/p>\n<p data-start=\"3384\" data-end=\"3554\"><strong data-start=\"3384\" data-end=\"3554\">Pro udr\u017een\u00ed ost\u0159\u00ed doporu\u010dujeme Spyderco Tri-Angle Sharpmaker Complete Sharpening System 204MF \u2013 ide\u00e1ln\u00ed i pro hladk\u00e1 ost\u0159\u00ed. \ud83d\uded2 Koup\u00edte na na\u0161ich str\u00e1nk\u00e1ch Moskito.cz.<\/strong><\/p>\n<hr data-start=\"3556\" data-end=\"3559\" \/>\n<h3 data-start=\"3561\" data-end=\"3586\"><strong data-start=\"3565\" data-end=\"3586\">Pro koho je ur\u010den<\/strong><\/h3>\n<ul data-start=\"3588\" data-end=\"3863\">\n<li data-start=\"3588\" data-end=\"3660\">\n<p data-start=\"3590\" data-end=\"3660\">Pro milovn\u00edky kombinace <strong data-start=\"3614\" data-end=\"3657\">p\u0159\u00edrodn\u00edho vzhledu a modern\u00ed funk\u010dnosti<\/strong>.<\/p>\n<\/li>\n<li data-start=\"3661\" data-end=\"3718\">\n<p data-start=\"3663\" data-end=\"3718\">Pro sb\u011bratele a fandy no\u017e\u016f s <strong data-start=\"3692\" data-end=\"3715\">d\u0159ev\u011bn\u00fdmi st\u0159enkami<\/strong>.<\/p>\n<\/li>\n<li data-start=\"3719\" data-end=\"3781\">\n<p data-start=\"3721\" data-end=\"3781\">Pro ka\u017edodenn\u00ed no\u0161en\u00ed s d\u016frazem na <strong data-start=\"3756\" data-end=\"3778\">styl i prakti\u010dnost<\/strong>.<\/p>\n<\/li>\n<li data-start=\"3782\" data-end=\"3863\">\n<p data-start=\"3784\" data-end=\"3863\">Pro u\u017eivatele, kte\u0159\u00ed cht\u011bj\u00ed <strong data-start=\"3812\" data-end=\"3839\">spolehliv\u00fd bar lock n\u016f\u017e<\/strong> s osobit\u00fdm charakterem.<\/p>\n<\/li>\n<\/ul>\n<hr data-start=\"3865\" data-end=\"3868\" \/>\n<h3 data-start=\"3870\" data-end=\"3897\"><strong data-start=\"3874\" data-end=\"3897\">Z\u00e1v\u011bre\u010dn\u00e9 hodnocen\u00ed<\/strong><\/h3>\n<p data-start=\"3899\" data-end=\"4192\"><strong data-start=\"3899\" data-end=\"3930\">CobraTec Zebrawood Bar Lock<\/strong> spojuje klasick\u00e9 materi\u00e1ly a modern\u00ed mechanismus v jednom precizn\u00edm n\u00e1stroji. Je to n\u016f\u017e, kter\u00fd pot\u011b\u0161\u00ed ka\u017ed\u00e9ho, kdo hled\u00e1 n\u011bco v\u00edc ne\u017e jen funk\u010dnost \u2013 p\u0159in\u00e1\u0161\u00ed tak\u00e9 estetiku, pohodl\u00ed a dlouhodobou spolehlivost. Skv\u011bl\u00e1 volba pro EDC i jako reprezentativn\u00ed dopln\u011bk.<\/p>\n","protected":false},"excerpt":{"rendered":"<p><strong>CobraTec Zebrawood Bar Lock spojuje klasick\u00e9 materi\u00e1ly a modern\u00ed mechanismus v jednom precizn\u00edm n\u00e1stroji. Je to n\u016f\u017e, kter\u00fd pot\u011b\u0161\u00ed ka\u017ed\u00e9ho, kdo hled\u00e1 n\u011bco v\u00edc ne\u017e jen funk\u010dnost \u2013 p\u0159in\u00e1\u0161\u00ed tak\u00e9 estetiku, pohodl\u00ed a dlouhodobou spolehlivost.<\/strong><\/p>\n","protected":false},"featured_media":421925,"comment_status":"open","ping_status":"closed","template":"","meta":[],"pwb-brand":[3241],"product_brand":[],"product_cat":[17,22],"product_tag":[],"class_list":{"0":"post-421924","1":"product","2":"type-product","3":"status-publish","4":"has-post-thumbnail","6":"pwb-brand-cobratec-2","7":"product_cat-noze","8":"product_cat-zaviraci-noze","10":"first","11":"instock","12":"taxable","13":"shipping-taxable","14":"purchasable","15":"product-type-simple"},"brands":[{"id":3241,"name":"CobraTec","slug":"cobratec-2"}],"_links":{"self":[{"href":"https:\/\/www.moskito.cz\/pl\/wp-json\/wp\/v2\/product\/421924","targetHints":{"allow":["GET"]}}],"collection":[{"href":"https:\/\/www.moskito.cz\/pl\/wp-json\/wp\/v2\/product"}],"about":[{"href":"https:\/\/www.moskito.cz\/pl\/wp-json\/wp\/v2\/types\/product"}],"replies":[{"embeddable":true,"href":"https:\/\/www.moskito.cz\/pl\/wp-json\/wp\/v2\/comments?post=421924"}],"wp:featuredmedia":[{"embeddable":true,"href":"https:\/\/www.moskito.cz\/pl\/wp-json\/wp\/v2\/media\/421925"}],"wp:attachment":[{"href":"https:\/\/www.moskito.cz\/pl\/wp-json\/wp\/v2\/media?parent=421924"}],"wp:term":[{"taxonomy":"pwb-brand","embeddable":true,"href":"https:\/\/www.moskito.cz\/pl\/wp-json\/wp\/v2\/pwb-brand?post=421924"},{"taxonomy":"product_brand","embeddable":true,"href":"https:\/\/www.moskito.cz\/pl\/wp-json\/wp\/v2\/product_brand?post=421924"},{"taxonomy":"product_cat","embeddable":true,"href":"https:\/\/www.moskito.cz\/pl\/wp-json\/wp\/v2\/product_cat?post=421924"},{"taxonomy":"product_tag","embeddable":true,"href":"https:\/\/www.moskito.cz\/pl\/wp-json\/wp\/v2\/product_tag?post=421924"}],"curies":[{"name":"wp","href":"https:\/\/api.w.org\/{rel}","templated":true}]}}