{"id":423151,"date":"2025-09-12T13:47:22","date_gmt":"2025-09-12T12:47:22","guid":{"rendered":"https:\/\/www.moskito.cz\/?post_type=product&#038;p=423151"},"modified":"2025-09-12T13:55:22","modified_gmt":"2025-09-12T12:55:22","slug":"leatherman-skeletool-cx-guava-833145","status":"publish","type":"product","link":"https:\/\/www.moskito.cz\/pl\/produkt\/leatherman-skeletool-cx-guava-833145\/","title":{"rendered":"Leatherman Skeletool CX Guava 833145"},"content":{"rendered":"<p data-start=\"0\" data-end=\"436\">Kdy\u017e vezme\u0161 do ruky <strong data-start=\"20\" data-end=\"60\">Leatherman Skeletool CX Guava 833145<\/strong>, okam\u017eit\u011b c\u00edt\u00ed\u0161, \u017ee jde o elegantn\u00ed spojen\u00ed minimalismu, funk\u010dnosti a stylu. Tento multitool v limitovan\u00e9m barevn\u00e9m proveden\u00ed <strong data-start=\"187\" data-end=\"210\">Guava (syt\u011b r\u016f\u017eov\u00e1)<\/strong> na hlin\u00edkov\u00fdch st\u0159enk\u00e1ch zaujme nejen v\u00fdrazn\u00fdm designem, ale i \u0161pi\u010dkov\u00fdmi materi\u00e1ly. Kombinace <strong data-start=\"306\" data-end=\"327\">uhl\u00edkov\u00fdch vl\u00e1ken<\/strong> a pr\u00e9miov\u00e9 oceli <strong data-start=\"345\" data-end=\"354\">154CM<\/strong> d\u00e1v\u00e1 Skeletoolu CX presti\u017en\u00ed charakter, kter\u00fd ho odli\u0161uje od klasick\u00e9ho modelu.<\/p>\n<p data-start=\"438\" data-end=\"586\">Je lehk\u00fd, modern\u00ed a p\u0159itom nekompromisn\u011b praktick\u00fd \u2013 m\u00e1 jen ty funkce, kter\u00e9 opravdu vyu\u017eije\u0161, a d\u00edky kapesn\u00edmu klipu i karabin\u011b je st\u00e1le po ruce.<\/p>\n<hr data-start=\"588\" data-end=\"591\" \/>\n<p data-start=\"593\" data-end=\"662\">\ud83d\udd27 <strong data-start=\"596\" data-end=\"660\">Technick\u00e9 specifikace (Leatherman Skeletool CX Guava 833145)<\/strong><\/p>\n<ul data-start=\"664\" data-end=\"1320\">\n<li data-start=\"664\" data-end=\"702\">\n<p data-start=\"666\" data-end=\"702\">Celkov\u00e1 d\u00e9lka (otev\u0159en\u00fd): 15,24 cm<\/p>\n<\/li>\n<li data-start=\"703\" data-end=\"740\">\n<p data-start=\"705\" data-end=\"740\">D\u00e9lka zav\u0159en\u00e9ho multitoolu: 10 cm<\/p>\n<\/li>\n<li data-start=\"741\" data-end=\"765\">\n<p data-start=\"743\" data-end=\"765\">D\u00e9lka \u010depele: 6,6 cm<\/p>\n<\/li>\n<li data-start=\"766\" data-end=\"789\">\n<p data-start=\"768\" data-end=\"789\">Hmotnost: cca 142 g<\/p>\n<\/li>\n<li data-start=\"790\" data-end=\"897\">\n<p data-start=\"792\" data-end=\"897\">Materi\u00e1l \u010depele: <strong data-start=\"809\" data-end=\"832\">154CM nerezov\u00e1 ocel<\/strong> \u2013 pr\u00e9miov\u00e1 ocel s vysokou odolnost\u00ed a dlouhou \u017eivotnost\u00ed ost\u0159\u00ed<\/p>\n<\/li>\n<li data-start=\"898\" data-end=\"978\">\n<p data-start=\"900\" data-end=\"978\">Materi\u00e1l rukojeti: <strong data-start=\"919\" data-end=\"976\">uhl\u00edkov\u00e1 vl\u00e1kna + hlin\u00edkov\u00e9 st\u0159enky (Guava anodizace)<\/strong><\/p>\n<\/li>\n<li data-start=\"979\" data-end=\"1058\">\n<p data-start=\"981\" data-end=\"1058\">Typ \u010depele: <strong data-start=\"993\" data-end=\"1020\">hladk\u00e9 ost\u0159\u00ed drop point<\/strong> \u2013 univerz\u00e1ln\u00ed a snadno udr\u017eovateln\u00e9<\/p>\n<\/li>\n<li data-start=\"1059\" data-end=\"1080\">\n<p data-start=\"1061\" data-end=\"1080\">Po\u010det n\u00e1stroj\u016f: 7<\/p>\n<\/li>\n<li data-start=\"1081\" data-end=\"1239\">\n<p data-start=\"1083\" data-end=\"1239\">N\u00e1stroje: kle\u0161t\u011b (\u0161pi\u010dat\u00e9 i standardn\u00ed), \u0161t\u00edpac\u00ed kle\u0161t\u011b, \u010depel z 154CM, karabina\/otv\u00edr\u00e1k na lahve, bit driver (s mo\u017enost\u00ed v\u00fdm\u011bny bit\u016f), kombinovan\u00e9 kle\u0161t\u011b<\/p>\n<\/li>\n<li data-start=\"1240\" data-end=\"1262\">\n<p data-start=\"1242\" data-end=\"1262\">Klip na kapsu: ano<\/p>\n<\/li>\n<li data-start=\"1263\" data-end=\"1320\">\n<p data-start=\"1265\" data-end=\"1320\">Ovl\u00e1d\u00e1n\u00ed jednou rukou: ano \u2013 \u010depel lze otev\u0159\u00edt palcem<\/p>\n<\/li>\n<\/ul>\n<hr data-start=\"1322\" data-end=\"1325\" \/>\n<p data-start=\"1327\" data-end=\"1348\">\u2705 <strong data-start=\"1329\" data-end=\"1346\">Hlavn\u00ed v\u00fdhody<\/strong><\/p>\n<ul data-start=\"1350\" data-end=\"1758\">\n<li data-start=\"1350\" data-end=\"1432\">\n<p data-start=\"1352\" data-end=\"1432\"><strong data-start=\"1352\" data-end=\"1380\">Exkluzivn\u00ed \u010depel z 154CM<\/strong> \u2013 dr\u017e\u00ed ost\u0159\u00ed a\u017e 3\u00d7 d\u00e9le ne\u017e b\u011b\u017en\u00e9 nerezov\u00e9 oceli.<\/p>\n<\/li>\n<li data-start=\"1433\" data-end=\"1496\">\n<p data-start=\"1435\" data-end=\"1496\"><strong data-start=\"1435\" data-end=\"1461\">Lehk\u00fd a odoln\u00fd (142 g)<\/strong> \u2013 ide\u00e1ln\u00ed pro ka\u017edodenn\u00ed no\u0161en\u00ed.<\/p>\n<\/li>\n<li data-start=\"1497\" data-end=\"1564\">\n<p data-start=\"1499\" data-end=\"1564\"><strong data-start=\"1499\" data-end=\"1530\">Luxusn\u00ed kombinace materi\u00e1l\u016f<\/strong> \u2013 uhl\u00edkov\u00e1 vl\u00e1kna + Guava elox.<\/p>\n<\/li>\n<li data-start=\"1565\" data-end=\"1631\">\n<p data-start=\"1567\" data-end=\"1631\"><strong data-start=\"1567\" data-end=\"1592\">Minimalistick\u00fd design<\/strong> \u2013 pouze 7 funkc\u00ed, \u017e\u00e1dn\u00e9 zbyte\u010dnosti.<\/p>\n<\/li>\n<li data-start=\"1632\" data-end=\"1698\">\n<p data-start=\"1634\" data-end=\"1698\"><strong data-start=\"1634\" data-end=\"1658\">Karabina s otv\u00edr\u00e1kem<\/strong> \u2013 snadn\u00e9 p\u0159ipnut\u00ed na batoh \u010di opasek.<\/p>\n<\/li>\n<li data-start=\"1699\" data-end=\"1758\">\n<p data-start=\"1701\" data-end=\"1758\"><strong data-start=\"1701\" data-end=\"1734\">Mo\u017enost ovl\u00e1d\u00e1n\u00ed jednou rukou<\/strong> \u2013 praktick\u00e9 v ter\u00e9nu.<\/p>\n<\/li>\n<\/ul>\n<hr data-start=\"1760\" data-end=\"1763\" \/>\n<p data-start=\"1765\" data-end=\"1787\">\u26a0\ufe0f <strong data-start=\"1768\" data-end=\"1785\">Mo\u017en\u00e1 omezen\u00ed<\/strong><\/p>\n<ul data-start=\"1789\" data-end=\"2019\">\n<li data-start=\"1789\" data-end=\"1864\">\n<p data-start=\"1791\" data-end=\"1864\"><strong data-start=\"1791\" data-end=\"1819\">Men\u0161\u00ed po\u010det n\u00e1stroj\u016f (7)<\/strong> \u2013 nen\u00ed tak univerz\u00e1ln\u00ed jako Wave \u010di Surge.<\/p>\n<\/li>\n<li data-start=\"1865\" data-end=\"1941\">\n<p data-start=\"1867\" data-end=\"1941\"><strong data-start=\"1867\" data-end=\"1884\">Pr\u00e9miov\u00e1 cena<\/strong> \u2013 plat\u00ed\u0161 za materi\u00e1ly a design, ne za mno\u017estv\u00ed funkc\u00ed.<\/p>\n<\/li>\n<li data-start=\"1942\" data-end=\"2019\">\n<p data-start=\"1944\" data-end=\"2019\"><strong data-start=\"1944\" data-end=\"1970\">Limitovan\u00e1 barva Guava<\/strong> \u2013 sp\u00ed\u0161e designov\u00e1 volba, nemus\u00ed sed\u011bt ka\u017ed\u00e9mu.<\/p>\n<\/li>\n<\/ul>\n<hr data-start=\"2021\" data-end=\"2024\" \/>\n<p data-start=\"2026\" data-end=\"2049\">\ud83d\udee0\ufe0f <strong data-start=\"2030\" data-end=\"2047\">\u00dadr\u017eba a p\u00e9\u010de<\/strong><\/p>\n<ul data-start=\"2051\" data-end=\"2458\">\n<li data-start=\"2051\" data-end=\"2098\">\n<p data-start=\"2053\" data-end=\"2098\">Po pou\u017eit\u00ed multitool ot\u0159i a udr\u017euj v suchu.<\/p>\n<\/li>\n<li data-start=\"2099\" data-end=\"2144\">\n<p data-start=\"2101\" data-end=\"2144\">Pohybliv\u00e9 \u010d\u00e1sti pravideln\u011b proma\u017e olejem.<\/p>\n<\/li>\n<li data-start=\"2145\" data-end=\"2228\">\n<p data-start=\"2147\" data-end=\"2228\">\u010cepel z 154CM udr\u017euj ostrou \u2013 ost\u0159\u00ed vydr\u017e\u00ed dlouho, ale ocen\u00ed precizn\u00ed brou\u0161en\u00ed.<\/p>\n<\/li>\n<li data-start=\"2229\" data-end=\"2458\">\n<p data-start=\"2231\" data-end=\"2458\"><strong data-start=\"2231\" data-end=\"2456\">Pro dokonal\u00e9 ost\u0159\u00ed doporu\u010dujeme <a class=\"decorated-link cursor-pointer\" target=\"_new\" rel=\"noopener\" data-start=\"2265\" data-end=\"2354\">Spyderco Tri-Angle Sharpmaker Complete Sharpening System 204MF<\/a><\/strong><\/p>\n<\/li>\n<li data-start=\"2229\" data-end=\"2458\">\n<p data-start=\"2465\" data-end=\"2488\">\ud83c\udfaf <strong data-start=\"2468\" data-end=\"2486\">Doporu\u010deno pro<\/strong><\/p>\n<ul data-start=\"2490\" data-end=\"2759\">\n<li data-start=\"2490\" data-end=\"2568\">\n<p data-start=\"2492\" data-end=\"2568\">EDC nad\u0161ence, kte\u0159\u00ed cht\u011bj\u00ed minimalistick\u00fd multitool s luxusn\u00edmi materi\u00e1ly.<\/p>\n<\/li>\n<li data-start=\"2569\" data-end=\"2637\">\n<p data-start=\"2571\" data-end=\"2637\">Ty, kdo cht\u011bj\u00ed <strong data-start=\"2586\" data-end=\"2634\">stylov\u00fd a funk\u010dn\u00ed n\u00e1stroj v origin\u00e1ln\u00ed barv\u011b<\/strong>.<\/p>\n<\/li>\n<li data-start=\"2638\" data-end=\"2687\">\n<p data-start=\"2640\" data-end=\"2687\">Outdoorov\u00e9 dobrodruhy, turisty a cestovatele.<\/p>\n<\/li>\n<li data-start=\"2688\" data-end=\"2759\">\n<p data-start=\"2690\" data-end=\"2759\">Profesion\u00e1ly i laiky, kte\u0159\u00ed ocen\u00ed spolehlivost bez zbyte\u010dn\u00e9 z\u00e1t\u011b\u017ee.<\/p>\n<\/li>\n<\/ul>\n<hr data-start=\"2761\" data-end=\"2764\" \/>\n<p data-start=\"2766\" data-end=\"2793\">\u2b50 <strong data-start=\"2768\" data-end=\"2791\">Z\u00e1v\u011bre\u010dn\u00e9 hodnocen\u00ed<\/strong><\/p>\n<p data-start=\"2795\" data-end=\"3142\"><strong data-start=\"2795\" data-end=\"2835\">Leatherman Skeletool CX Guava 833145<\/strong> je elegantn\u00ed a p\u0159itom v\u00fdkonn\u00fd multitool, kter\u00fd stav\u00ed na minimalismu, lehkosti a pr\u00e9miov\u00fdch materi\u00e1lech. Je to v\u00edce ne\u017e n\u00e1stroj \u2013 je to <strong data-start=\"2971\" data-end=\"2984\">statement<\/strong>, \u017ee m\u00e1\u0161 v kapse modern\u00ed, stylov\u00fd a z\u00e1rove\u0148 spolehliv\u00fd multitool. Pokud hled\u00e1\u0161 n\u011bco lehk\u00e9ho, ale v\u00fdjime\u010dn\u00e9ho, Guava verze Skeletoolu CX je trefa do \u010dern\u00e9ho.<\/p>\n<\/li>\n<\/ul>\n","protected":false},"excerpt":{"rendered":"<p><strong>Leatherman Skeletool CX Guava 833145 je elegantn\u00ed a p\u0159itom v\u00fdkonn\u00fd multitool, kter\u00fd stav\u00ed na minimalismu, lehkosti a pr\u00e9miov\u00fdch materi\u00e1lech.<\/strong><\/p>\n","protected":false},"featured_media":423152,"comment_status":"open","ping_status":"closed","template":"","meta":[],"pwb-brand":[404],"product_brand":[],"product_cat":[50],"product_tag":[],"class_list":{"0":"post-423151","1":"product","2":"type-product","3":"status-publish","4":"has-post-thumbnail","6":"pwb-brand-leatherman","7":"product_cat-multi-tool","9":"first","10":"outofstock","11":"taxable","12":"shipping-taxable","13":"purchasable","14":"product-type-simple"},"brands":[{"id":404,"name":"Leatherman","slug":"leatherman"}],"_links":{"self":[{"href":"https:\/\/www.moskito.cz\/pl\/wp-json\/wp\/v2\/product\/423151","targetHints":{"allow":["GET"]}}],"collection":[{"href":"https:\/\/www.moskito.cz\/pl\/wp-json\/wp\/v2\/product"}],"about":[{"href":"https:\/\/www.moskito.cz\/pl\/wp-json\/wp\/v2\/types\/product"}],"replies":[{"embeddable":true,"href":"https:\/\/www.moskito.cz\/pl\/wp-json\/wp\/v2\/comments?post=423151"}],"wp:featuredmedia":[{"embeddable":true,"href":"https:\/\/www.moskito.cz\/pl\/wp-json\/wp\/v2\/media\/423152"}],"wp:attachment":[{"href":"https:\/\/www.moskito.cz\/pl\/wp-json\/wp\/v2\/media?parent=423151"}],"wp:term":[{"taxonomy":"pwb-brand","embeddable":true,"href":"https:\/\/www.moskito.cz\/pl\/wp-json\/wp\/v2\/pwb-brand?post=423151"},{"taxonomy":"product_brand","embeddable":true,"href":"https:\/\/www.moskito.cz\/pl\/wp-json\/wp\/v2\/product_brand?post=423151"},{"taxonomy":"product_cat","embeddable":true,"href":"https:\/\/www.moskito.cz\/pl\/wp-json\/wp\/v2\/product_cat?post=423151"},{"taxonomy":"product_tag","embeddable":true,"href":"https:\/\/www.moskito.cz\/pl\/wp-json\/wp\/v2\/product_tag?post=423151"}],"curies":[{"name":"wp","href":"https:\/\/api.w.org\/{rel}","templated":true}]}}