{"id":423248,"date":"2025-09-13T09:55:03","date_gmt":"2025-09-13T08:55:03","guid":{"rendered":"https:\/\/www.moskito.cz\/?post_type=product&#038;p=423248"},"modified":"2025-09-13T09:55:03","modified_gmt":"2025-09-13T08:55:03","slug":"leatherman-super-tool-300-eod-black-831369","status":"publish","type":"product","link":"https:\/\/www.moskito.cz\/pl\/produkt\/leatherman-super-tool-300-eod-black-831369\/","title":{"rendered":"Leatherman SUPER TOOL 300 EOD BLACK 831369"},"content":{"rendered":"<p data-start=\"102\" data-end=\"629\">Kdy\u017e vezme\u0161 do ruky <strong data-start=\"122\" data-end=\"168\">Leatherman SUPER TOOL 300 EOD BLACK 831369<\/strong>, okam\u017eit\u011b c\u00edt\u00ed\u0161 s\u00edlu a robustnost, kter\u00e1 p\u0159ekon\u00e1 b\u011b\u017en\u00e9 multitooly. Tento model je navr\u017een pro nejn\u00e1ro\u010dn\u011bj\u0161\u00ed situace, v\u010detn\u011b profesion\u00e1ln\u00ed pr\u00e1ce s v\u00fdbu\u0161ninami, technick\u00fdch z\u00e1sah\u016f a t\u011b\u017ek\u00fdch \u00fakol\u016f v ter\u00e9nu. \u010cern\u00e1 PVD \u00faprava dod\u00e1v\u00e1 odolnost proti korozi a agresivn\u00ed vzhled, zat\u00edmco kvalitn\u00ed nerezov\u00e1 ocel 420HC a masivn\u00ed konstrukce zaji\u0161\u0165uj\u00ed maxim\u00e1ln\u00ed spolehlivost a dlouhou \u017eivotnost. SUPER TOOL 300 EOD je synonymem s\u00edly, preciznosti a profesion\u00e1ln\u00edho designu.<\/p>\n<hr data-start=\"631\" data-end=\"634\" \/>\n<p data-start=\"636\" data-end=\"711\">\ud83d\udd27 <strong data-start=\"639\" data-end=\"709\">Technick\u00e9 specifikace (Leatherman SUPER TOOL 300 EOD BLACK 831369)<\/strong><\/p>\n<ul data-start=\"713\" data-end=\"1327\">\n<li data-start=\"713\" data-end=\"754\">\n<p data-start=\"715\" data-end=\"754\"><strong data-start=\"715\" data-end=\"744\">Celkov\u00e1 d\u00e9lka (otev\u0159en\u00fd):<\/strong> 18,4 cm<\/p>\n<\/li>\n<li data-start=\"755\" data-end=\"798\">\n<p data-start=\"757\" data-end=\"798\"><strong data-start=\"757\" data-end=\"788\">D\u00e9lka zav\u0159en\u00e9ho multitoolu:<\/strong> 11,5 cm<\/p>\n<\/li>\n<li data-start=\"799\" data-end=\"827\">\n<p data-start=\"801\" data-end=\"827\"><strong data-start=\"801\" data-end=\"818\">D\u00e9lka \u010depele:<\/strong> 8,1 cm<\/p>\n<\/li>\n<li data-start=\"828\" data-end=\"855\">\n<p data-start=\"830\" data-end=\"855\"><strong data-start=\"830\" data-end=\"843\">Hmotnost:<\/strong> cca 312 g<\/p>\n<\/li>\n<li data-start=\"856\" data-end=\"919\">\n<p data-start=\"858\" data-end=\"919\"><strong data-start=\"858\" data-end=\"882\">Materi\u00e1l multitoolu:<\/strong> nerezov\u00e1 ocel s \u010dernou PVD \u00fapravou<\/p>\n<\/li>\n<li data-start=\"920\" data-end=\"964\">\n<p data-start=\"922\" data-end=\"964\"><strong data-start=\"922\" data-end=\"942\">Materi\u00e1l \u010depele:<\/strong> 420HC nerezov\u00e1 ocel<\/p>\n<\/li>\n<li data-start=\"965\" data-end=\"991\">\n<p data-start=\"967\" data-end=\"991\"><strong data-start=\"967\" data-end=\"986\">Po\u010det n\u00e1stroj\u016f:<\/strong> 19<\/p>\n<\/li>\n<li data-start=\"992\" data-end=\"1238\">\n<p data-start=\"994\" data-end=\"1238\"><strong data-start=\"994\" data-end=\"1007\">N\u00e1stroje:<\/strong> kle\u0161t\u011b, \u0161t\u00edpac\u00ed kle\u0161t\u011b, dr\u00e1tov\u00e9 \u0161t\u00edpac\u00ed kle\u0161t\u011b, piln\u00edk, n\u016f\u017e z 420HC, kombinovan\u00fd \u0161roubov\u00e1k, h\u00e1k na \u0159ez\u00e1n\u00ed p\u00e1sky, pilka, sada ploch\u00fdch a k\u0159\u00ed\u017eov\u00fdch \u0161roubov\u00e1k\u016f, otv\u00edr\u00e1k na konzervy a lahve, piln\u00edk na dr\u00e1t, \u0161roubov\u00e1ky, karabina\/klip<\/p>\n<\/li>\n<li data-start=\"1239\" data-end=\"1265\">\n<p data-start=\"1241\" data-end=\"1265\"><strong data-start=\"1241\" data-end=\"1259\">Klip na kapsu:<\/strong> ano<\/p>\n<\/li>\n<li data-start=\"1266\" data-end=\"1327\">\n<p data-start=\"1268\" data-end=\"1327\"><strong data-start=\"1268\" data-end=\"1294\">Ovl\u00e1d\u00e1n\u00ed jednou rukou:<\/strong> \u010depel lze otev\u0159\u00edt jednou rukou<\/p>\n<\/li>\n<\/ul>\n<hr data-start=\"1329\" data-end=\"1332\" \/>\n<p data-start=\"1334\" data-end=\"1355\">\u2705 <strong data-start=\"1336\" data-end=\"1353\">Hlavn\u00ed v\u00fdhody<\/strong><\/p>\n<ul data-start=\"1357\" data-end=\"1789\">\n<li data-start=\"1357\" data-end=\"1448\">\n<p data-start=\"1359\" data-end=\"1448\">Profesion\u00e1ln\u00ed odolnost \u2013 robustn\u00ed konstrukce a \u010dern\u00e1 PVD \u00faprava odoln\u00e1 v\u016f\u010di opot\u0159eben\u00ed.<\/p>\n<\/li>\n<li data-start=\"1449\" data-end=\"1532\">\n<p data-start=\"1451\" data-end=\"1532\">19 n\u00e1stroj\u016f \u2013 zvl\u00e1dne t\u00e9m\u011b\u0159 jak\u00fdkoliv \u00fakol, od b\u011b\u017en\u00fdch oprav po n\u00e1ro\u010dn\u00e9 z\u00e1sahy.<\/p>\n<\/li>\n<li data-start=\"1533\" data-end=\"1592\">\n<p data-start=\"1535\" data-end=\"1592\">Pr\u00e9miov\u00e1 \u010depel z 420HC \u2013 dr\u017e\u00ed ost\u0159\u00ed a snadno se brous\u00ed.<\/p>\n<\/li>\n<li data-start=\"1593\" data-end=\"1664\">\n<p data-start=\"1595\" data-end=\"1664\">R\u016fzn\u00e9 typy kle\u0161t\u00ed \u2013 klasick\u00e9 i \u0161t\u00edpac\u00ed pro dr\u00e1t a tvrd\u0161\u00ed materi\u00e1ly.<\/p>\n<\/li>\n<li data-start=\"1665\" data-end=\"1729\">\n<p data-start=\"1667\" data-end=\"1729\">Ovl\u00e1d\u00e1n\u00ed jednou rukou \u2013 rychl\u00fd p\u0159\u00edstup k \u010depeli i n\u00e1stroj\u016fm.<\/p>\n<\/li>\n<li data-start=\"1730\" data-end=\"1789\">\n<p data-start=\"1732\" data-end=\"1789\">Kapsov\u00fd klip \u2013 snadn\u00e9 p\u0159en\u00e1\u0161en\u00ed i v t\u011b\u017ek\u00fdch podm\u00ednk\u00e1ch.<\/p>\n<\/li>\n<\/ul>\n<hr data-start=\"1791\" data-end=\"1794\" \/>\n<p data-start=\"1796\" data-end=\"1818\">\u26a0\ufe0f <strong data-start=\"1799\" data-end=\"1816\">Mo\u017en\u00e1 omezen\u00ed<\/strong><\/p>\n<ul data-start=\"1820\" data-end=\"2081\">\n<li data-start=\"1820\" data-end=\"1907\">\n<p data-start=\"1822\" data-end=\"1907\">Hmotnost 312 g \u2013 t\u011b\u017e\u0161\u00ed ne\u017e b\u011b\u017en\u00e9 EDC multitooly, sp\u00ed\u0161e do profesion\u00e1ln\u00edho nasazen\u00ed.<\/p>\n<\/li>\n<li data-start=\"1908\" data-end=\"1993\">\n<p data-start=\"1910\" data-end=\"1993\">Vysok\u00e1 cena \u2013 odpov\u00edd\u00e1 pou\u017eit\u00fdm materi\u00e1l\u016fm, konstrukci a profesion\u00e1ln\u00ed kategorii.<\/p>\n<\/li>\n<li data-start=\"1994\" data-end=\"2081\">\n<p data-start=\"1996\" data-end=\"2081\">Men\u0161\u00ed kompaktnost \u2013 nehod\u00ed se do mal\u00fdch kapes, sp\u00ed\u0161e do bra\u0161ny, opasku nebo batohu.<\/p>\n<\/li>\n<\/ul>\n<hr data-start=\"2083\" data-end=\"2086\" \/>\n<p data-start=\"2088\" data-end=\"2111\">\ud83d\udee0\ufe0f <strong data-start=\"2092\" data-end=\"2109\">\u00dadr\u017eba a p\u00e9\u010de<\/strong><\/p>\n<ul data-start=\"2113\" data-end=\"2508\">\n<li data-start=\"2113\" data-end=\"2166\">\n<p data-start=\"2115\" data-end=\"2166\">Po pou\u017eit\u00ed ot\u0159i such\u00fdm had\u0159\u00edkem a udr\u017euj v suchu.<\/p>\n<\/li>\n<li data-start=\"2167\" data-end=\"2252\">\n<p data-start=\"2169\" data-end=\"2252\">Pohybliv\u00e9 \u010d\u00e1sti pravideln\u011b proma\u017e vhodn\u00fdm olejem pro hladk\u00fd chod kle\u0161t\u00ed a \u010depel\u00ed.<\/p>\n<\/li>\n<li data-start=\"2253\" data-end=\"2333\">\n<p data-start=\"2255\" data-end=\"2333\">\u010cern\u00e1 PVD \u00faprava je odoln\u00e1, ale vyhni se hrub\u00e9mu zach\u00e1zen\u00ed a ostr\u00fdm n\u00e1raz\u016fm.<\/p>\n<\/li>\n<li data-start=\"2334\" data-end=\"2508\">\n<p data-start=\"2336\" data-end=\"2508\"><strong data-start=\"2336\" data-end=\"2506\">Pro udr\u017een\u00ed ost\u0159\u00ed doporu\u010dujeme Spyderco Tri-Angle Sharpmaker Complete Sharpening System 204MF \u2013 ide\u00e1ln\u00ed i pro hladk\u00e1 ost\u0159\u00ed. \ud83d\uded2 Koup\u00edte na na\u0161ich str\u00e1nk\u00e1ch Moskito.cz.<\/strong><\/p>\n<\/li>\n<\/ul>\n<hr data-start=\"2510\" data-end=\"2513\" \/>\n<p data-start=\"2515\" data-end=\"2538\">\ud83c\udfaf <strong data-start=\"2518\" data-end=\"2536\">Doporu\u010deno pro<\/strong><\/p>\n<ul data-start=\"2540\" data-end=\"2881\">\n<li data-start=\"2540\" data-end=\"2641\">\n<p data-start=\"2542\" data-end=\"2641\">Profesion\u00e1ly EOD, voj\u00e1ky, z\u00e1chran\u00e1\u0159e a technick\u00e9 specialisty, kte\u0159\u00ed pot\u0159ebuj\u00ed spolehliv\u00fd n\u00e1stroj.<\/p>\n<\/li>\n<li data-start=\"2642\" data-end=\"2730\">\n<p data-start=\"2644\" data-end=\"2730\">Outdoorov\u00e9 nad\u0161ence, kte\u0159\u00ed cht\u011bj\u00ed multifunk\u010dn\u00ed n\u00e1stroj p\u0159ipraven\u00fd na t\u011b\u017ek\u00e9 nasazen\u00ed.<\/p>\n<\/li>\n<li data-start=\"2731\" data-end=\"2813\">\n<p data-start=\"2733\" data-end=\"2813\">Kutily a mechaniky, kte\u0159\u00ed ocen\u00ed \u0161irok\u00e9 spektrum n\u00e1stroj\u016f na jednom multitoolu.<\/p>\n<\/li>\n<li data-start=\"2814\" data-end=\"2881\">\n<p data-start=\"2816\" data-end=\"2881\">Fanou\u0161ky robustn\u00edho designu a profesion\u00e1ln\u00ed kvality Leatherman.<\/p>\n<\/li>\n<\/ul>\n<hr data-start=\"2883\" data-end=\"2886\" \/>\n<p data-start=\"2888\" data-end=\"2915\">\u2b50 <strong data-start=\"2890\" data-end=\"2913\">Z\u00e1v\u011bre\u010dn\u00e9 hodnocen\u00ed<\/strong><\/p>\n<p data-start=\"2917\" data-end=\"3299\"><strong data-start=\"2917\" data-end=\"2963\">Leatherman SUPER TOOL 300 EOD BLACK 831369<\/strong> je \u0161pi\u010dkov\u00fd multitool pro nejn\u00e1ro\u010dn\u011bj\u0161\u00ed situace. Robustn\u00ed konstrukce, 19 n\u00e1stroj\u016f, pr\u00e9miov\u00e1 \u010depel a profesion\u00e1ln\u00ed \u010dern\u00e1 PVD \u00faprava z n\u011bj \u010din\u00ed spolehliv\u00e9ho partnera pro pr\u00e1ci v ter\u00e9nu, EOD operace i t\u011b\u017ek\u00e9 mechanick\u00e9 \u00fakony. Pokud hled\u00e1\u0161 multitool, kter\u00fd zvl\u00e1dne v\u0161echno a je\u0161t\u011b vypad\u00e1 skv\u011ble, SUPER TOOL 300 EOD je tou spr\u00e1vnou volbou.<\/p>\n","protected":false},"excerpt":{"rendered":"<p><strong>Leatherman SUPER TOOL 300 EOD BLACK 831369 je \u0161pi\u010dkov\u00fd multitool pro nejn\u00e1ro\u010dn\u011bj\u0161\u00ed situace.<\/strong><\/p>\n","protected":false},"featured_media":423249,"comment_status":"open","ping_status":"closed","template":"","meta":[],"pwb-brand":[404],"product_brand":[],"product_cat":[50],"product_tag":[],"class_list":{"0":"post-423248","1":"product","2":"type-product","3":"status-publish","4":"has-post-thumbnail","6":"pwb-brand-leatherman","7":"product_cat-multi-tool","9":"first","10":"instock","11":"taxable","12":"shipping-taxable","13":"purchasable","14":"product-type-simple"},"brands":[{"id":404,"name":"Leatherman","slug":"leatherman"}],"_links":{"self":[{"href":"https:\/\/www.moskito.cz\/pl\/wp-json\/wp\/v2\/product\/423248","targetHints":{"allow":["GET"]}}],"collection":[{"href":"https:\/\/www.moskito.cz\/pl\/wp-json\/wp\/v2\/product"}],"about":[{"href":"https:\/\/www.moskito.cz\/pl\/wp-json\/wp\/v2\/types\/product"}],"replies":[{"embeddable":true,"href":"https:\/\/www.moskito.cz\/pl\/wp-json\/wp\/v2\/comments?post=423248"}],"wp:featuredmedia":[{"embeddable":true,"href":"https:\/\/www.moskito.cz\/pl\/wp-json\/wp\/v2\/media\/423249"}],"wp:attachment":[{"href":"https:\/\/www.moskito.cz\/pl\/wp-json\/wp\/v2\/media?parent=423248"}],"wp:term":[{"taxonomy":"pwb-brand","embeddable":true,"href":"https:\/\/www.moskito.cz\/pl\/wp-json\/wp\/v2\/pwb-brand?post=423248"},{"taxonomy":"product_brand","embeddable":true,"href":"https:\/\/www.moskito.cz\/pl\/wp-json\/wp\/v2\/product_brand?post=423248"},{"taxonomy":"product_cat","embeddable":true,"href":"https:\/\/www.moskito.cz\/pl\/wp-json\/wp\/v2\/product_cat?post=423248"},{"taxonomy":"product_tag","embeddable":true,"href":"https:\/\/www.moskito.cz\/pl\/wp-json\/wp\/v2\/product_tag?post=423248"}],"curies":[{"name":"wp","href":"https:\/\/api.w.org\/{rel}","templated":true}]}}