{"id":423274,"date":"2025-09-13T13:13:45","date_gmt":"2025-09-13T12:13:45","guid":{"rendered":"https:\/\/www.moskito.cz\/?post_type=product&#038;p=423274"},"modified":"2025-09-13T13:13:45","modified_gmt":"2025-09-13T12:13:45","slug":"multitool-leatherman-super-tool-300-silver-831148","status":"publish","type":"product","link":"https:\/\/www.moskito.cz\/pl\/produkt\/multitool-leatherman-super-tool-300-silver-831148\/","title":{"rendered":"Multitool Leatherman Super Tool 300 Silver 831148"},"content":{"rendered":"<h2 data-start=\"40\" data-end=\"90\">Leatherman Super Tool 300 Silver (model 831148)<\/h2>\n<p data-start=\"92\" data-end=\"375\">Kdy\u017e vezme\u0161 do ruky <strong data-start=\"112\" data-end=\"155\">Leatherman Super Tool 300 Silver 831148<\/strong>, c\u00edt\u00ed\u0161, \u017ee dr\u017e\u00ed\u0161 n\u00e1stroj navr\u017een\u00fd pro skute\u010dn\u00e9 pracovn\u00edky. Tento multitool je synonymem pro odolnost, s\u00edlu a v\u0161estrannost. S 19 n\u00e1stroji a robustn\u00ed konstrukc\u00ed je ide\u00e1ln\u00ed pro n\u00e1ro\u010dn\u00e9 \u00fakoly v ter\u00e9nu, d\u00edln\u011b nebo na stavb\u011b.<\/p>\n<hr data-start=\"377\" data-end=\"380\" \/>\n<h3 data-start=\"382\" data-end=\"410\">\ud83d\udd27 Technick\u00e9 specifikace<\/h3>\n<ul data-start=\"412\" data-end=\"920\">\n<li data-start=\"412\" data-end=\"437\">\n<p data-start=\"414\" data-end=\"437\"><strong data-start=\"414\" data-end=\"427\">Hmotnost:<\/strong> cca 272 g<\/p>\n<\/li>\n<li data-start=\"438\" data-end=\"479\">\n<p data-start=\"440\" data-end=\"479\"><strong data-start=\"440\" data-end=\"471\">D\u00e9lka zav\u0159en\u00e9ho multitoolu:<\/strong> 11,5 cm<\/p>\n<\/li>\n<li data-start=\"480\" data-end=\"523\">\n<p data-start=\"482\" data-end=\"523\"><strong data-start=\"482\" data-end=\"495\">Materi\u00e1l:<\/strong> nerezov\u00e1 ocel 420HC a 154CM<\/p>\n<\/li>\n<li data-start=\"524\" data-end=\"548\">\n<p data-start=\"526\" data-end=\"548\"><strong data-start=\"526\" data-end=\"545\">Po\u010det n\u00e1stroj\u016f:<\/strong> 19<\/p>\n<\/li>\n<li data-start=\"549\" data-end=\"920\">\n<p data-start=\"551\" data-end=\"564\"><strong data-start=\"551\" data-end=\"564\">N\u00e1stroje:<\/strong><\/p>\n<ul data-start=\"567\" data-end=\"920\">\n<li data-start=\"567\" data-end=\"596\">\n<p data-start=\"569\" data-end=\"596\">Kle\u0161t\u011b (jehlov\u00e9 a klasick\u00e9)<\/p>\n<\/li>\n<li data-start=\"599\" data-end=\"663\">\n<p data-start=\"601\" data-end=\"663\">Vym\u011bniteln\u00e9 \u0161t\u00edpac\u00ed kle\u0161t\u011b pro m\u011bkk\u00fd, tvrd\u00fd a dr\u00e1tov\u00fd materi\u00e1l<\/p>\n<\/li>\n<li data-start=\"666\" data-end=\"701\">\n<p data-start=\"668\" data-end=\"701\">Elektrick\u00fd krimpova\u010d a odizolova\u010d<\/p>\n<\/li>\n<li data-start=\"704\" data-end=\"728\">\n<p data-start=\"706\" data-end=\"728\">N\u016f\u017e 420HC a zubat\u00fd n\u016f\u017e<\/p>\n<\/li>\n<li data-start=\"731\" data-end=\"752\">\n<p data-start=\"733\" data-end=\"752\">Piln\u00edk na d\u0159evo\/kov<\/p>\n<\/li>\n<li data-start=\"755\" data-end=\"771\">\n<p data-start=\"757\" data-end=\"771\">Skl\u00e1dac\u00ed pilka<\/p>\n<\/li>\n<li data-start=\"774\" data-end=\"807\">\n<p data-start=\"776\" data-end=\"807\">4 \u0161roubov\u00e1ky (k\u0159\u00ed\u017eov\u00fd a ploch\u00e9)<\/p>\n<\/li>\n<li data-start=\"810\" data-end=\"839\">\n<p data-start=\"812\" data-end=\"839\">Otv\u00edr\u00e1k na konzervy a lahve<\/p>\n<\/li>\n<li data-start=\"842\" data-end=\"860\">\n<p data-start=\"844\" data-end=\"860\">Prav\u00edtko (22 cm)<\/p>\n<\/li>\n<li data-start=\"863\" data-end=\"920\">\n<p data-start=\"865\" data-end=\"920\">Kle\u0161\u0165ov\u00fd n\u00e1stroj pro \u010di\u0161t\u011bn\u00ed zbran\u00ed (u n\u011bkter\u00fdch verz\u00ed)<\/p>\n<\/li>\n<\/ul>\n<\/li>\n<\/ul>\n<hr data-start=\"922\" data-end=\"925\" \/>\n<h3 data-start=\"927\" data-end=\"946\">\u2705 Hlavn\u00ed v\u00fdhody<\/h3>\n<ul data-start=\"948\" data-end=\"1234\">\n<li data-start=\"948\" data-end=\"1026\">\n<p data-start=\"950\" data-end=\"1026\"><strong data-start=\"950\" data-end=\"981\">Vym\u011bniteln\u00e9 \u0161t\u00edpac\u00ed kle\u0161t\u011b:<\/strong> umo\u017e\u0148uj\u00ed snadnou v\u00fdm\u011bnu a dlouhou \u017eivotnost.<\/p>\n<\/li>\n<li data-start=\"1027\" data-end=\"1107\">\n<p data-start=\"1029\" data-end=\"1107\"><strong data-start=\"1029\" data-end=\"1054\">Ergonomick\u00e9 rukojeti:<\/strong> s velk\u00fdmi otvory pro snadn\u00e9 ovl\u00e1d\u00e1n\u00ed i v rukavic\u00edch.<\/p>\n<\/li>\n<li data-start=\"1108\" data-end=\"1171\">\n<p data-start=\"1110\" data-end=\"1171\"><strong data-start=\"1110\" data-end=\"1132\">Odoln\u00e1 konstrukce:<\/strong> ide\u00e1ln\u00ed pro n\u00e1ro\u010dn\u00e9 pracovn\u00ed podm\u00ednky.<\/p>\n<\/li>\n<li data-start=\"1172\" data-end=\"1234\">\n<p data-start=\"1174\" data-end=\"1234\"><strong data-start=\"1174\" data-end=\"1191\">V\u0161estrannost:<\/strong> 19 n\u00e1stroj\u016f pokr\u00fdv\u00e1 \u0161irok\u00e9 spektrum \u00fakol\u016f.<\/p>\n<\/li>\n<\/ul>\n<hr data-start=\"1236\" data-end=\"1239\" \/>\n<h3 data-start=\"1241\" data-end=\"1261\">\u26a0\ufe0f Mo\u017en\u00e1 omezen\u00ed<\/h3>\n<ul data-start=\"1263\" data-end=\"1411\">\n<li data-start=\"1263\" data-end=\"1339\">\n<p data-start=\"1265\" data-end=\"1339\"><strong data-start=\"1265\" data-end=\"1278\">Hmotnost:<\/strong> cca 272 g \u2013 pro n\u011bkoho m\u016f\u017ee b\u00fdt t\u011b\u017e\u0161\u00ed pro ka\u017edodenn\u00ed no\u0161en\u00ed.<\/p>\n<\/li>\n<li data-start=\"1340\" data-end=\"1411\">\n<p data-start=\"1342\" data-end=\"1411\"><strong data-start=\"1342\" data-end=\"1355\">Velikost:<\/strong> v\u011bt\u0161\u00ed rozm\u011bry mohou b\u00fdt m\u00e9n\u011b pohodln\u00e9 pro drobn\u00e9 \u00fakoly.<\/p>\n<\/li>\n<\/ul>\n<hr data-start=\"1413\" data-end=\"1416\" \/>\n<h3 data-start=\"1418\" data-end=\"1439\">\ud83d\udee0\ufe0f \u00dadr\u017eba a p\u00e9\u010de<\/h3>\n<ul data-start=\"1441\" data-end=\"1649\">\n<li data-start=\"1441\" data-end=\"1512\">\n<p data-start=\"1443\" data-end=\"1512\"><strong data-start=\"1443\" data-end=\"1466\">Pravideln\u011b \u010dist\u011bte:<\/strong> po pou\u017eit\u00ed ot\u0159ete n\u00e1stroj a udr\u017eujte v suchu.<\/p>\n<\/li>\n<li data-start=\"1513\" data-end=\"1591\">\n<p data-start=\"1515\" data-end=\"1591\"><strong data-start=\"1515\" data-end=\"1526\">Maz\u00e1n\u00ed:<\/strong> pohybuj\u00edc\u00ed se \u010d\u00e1sti promaz\u00e1vejte vhodn\u00fdm olejem pro hladk\u00fd chod.<\/p>\n<\/li>\n<li data-start=\"1592\" data-end=\"1649\">\n<p data-start=\"1594\" data-end=\"1649\"><strong data-start=\"1594\" data-end=\"1607\">Brou\u0161en\u00ed:<\/strong> n\u016f\u017e pravideln\u011b brousit pro udr\u017een\u00ed ost\u0159\u00ed.<\/p>\n<\/li>\n<\/ul>\n<hr data-start=\"1651\" data-end=\"1654\" \/>\n<h3 data-start=\"1656\" data-end=\"1677\">\ud83c\udfaf Doporu\u010deno pro<\/h3>\n<ul data-start=\"1679\" data-end=\"1879\">\n<li data-start=\"1679\" data-end=\"1763\">\n<p data-start=\"1681\" data-end=\"1763\"><strong data-start=\"1681\" data-end=\"1698\">Profesion\u00e1ly:<\/strong> kte\u0159\u00ed pot\u0159ebuj\u00ed spolehliv\u00fd n\u00e1stroj pro ka\u017edodenn\u00ed n\u00e1ro\u010dn\u00e9 \u00fakoly.<\/p>\n<\/li>\n<li data-start=\"1764\" data-end=\"1824\">\n<p data-start=\"1766\" data-end=\"1824\"><strong data-start=\"1766\" data-end=\"1790\">Outdoorov\u00e9 nad\u0161ence:<\/strong> pro kempov\u00e1n\u00ed, ryba\u0159en\u00ed nebo lov.<\/p>\n<\/li>\n<li data-start=\"1825\" data-end=\"1879\">\n<p data-start=\"1827\" data-end=\"1879\"><strong data-start=\"1827\" data-end=\"1845\">Dom\u00e1c\u00ed kutily:<\/strong> pro opravy a \u00fadr\u017ebu v dom\u00e1cnosti.<\/p>\n<\/li>\n<\/ul>\n<hr data-start=\"1881\" data-end=\"1884\" \/>\n<h3 data-start=\"1886\" data-end=\"1911\">\u2b50 Z\u00e1v\u011bre\u010dn\u00e9 hodnocen\u00ed<\/h3>\n<p data-start=\"1913\" data-end=\"2227\"><strong data-start=\"1913\" data-end=\"1956\">Leatherman Super Tool 300 Silver 831148<\/strong> je multitool, kter\u00fd spl\u0148uje vysok\u00e9 n\u00e1roky na odolnost a v\u0161estrannost. S 19 n\u00e1stroji a robustn\u00ed konstrukc\u00ed je ide\u00e1ln\u00ed pro n\u00e1ro\u010dn\u00e9 \u00fakoly v ter\u00e9nu, d\u00edln\u011b nebo na stavb\u011b. Pokud hled\u00e1\u0161 n\u00e1stroj, kter\u00fd t\u011b nezklame ani p\u0159i t\u011b\u017ek\u00fdch \u00fakolech, Super Tool 300 je tou spr\u00e1vnou volbou.<\/p>\n","protected":false},"excerpt":{"rendered":"<p><strong>Leatherman Super Tool 300 Silver 831148 je multitool, kter\u00fd spl\u0148uje vysok\u00e9 n\u00e1roky na odolnost a v\u0161estrannost.<\/strong><\/p>\n","protected":false},"featured_media":423275,"comment_status":"open","ping_status":"closed","template":"","meta":[],"pwb-brand":[404],"product_brand":[],"product_cat":[50],"product_tag":[],"class_list":{"0":"post-423274","1":"product","2":"type-product","3":"status-publish","4":"has-post-thumbnail","6":"pwb-brand-leatherman","7":"product_cat-multi-tool","9":"first","10":"instock","11":"taxable","12":"shipping-taxable","13":"purchasable","14":"product-type-simple"},"brands":[{"id":404,"name":"Leatherman","slug":"leatherman"}],"_links":{"self":[{"href":"https:\/\/www.moskito.cz\/pl\/wp-json\/wp\/v2\/product\/423274","targetHints":{"allow":["GET"]}}],"collection":[{"href":"https:\/\/www.moskito.cz\/pl\/wp-json\/wp\/v2\/product"}],"about":[{"href":"https:\/\/www.moskito.cz\/pl\/wp-json\/wp\/v2\/types\/product"}],"replies":[{"embeddable":true,"href":"https:\/\/www.moskito.cz\/pl\/wp-json\/wp\/v2\/comments?post=423274"}],"wp:featuredmedia":[{"embeddable":true,"href":"https:\/\/www.moskito.cz\/pl\/wp-json\/wp\/v2\/media\/423275"}],"wp:attachment":[{"href":"https:\/\/www.moskito.cz\/pl\/wp-json\/wp\/v2\/media?parent=423274"}],"wp:term":[{"taxonomy":"pwb-brand","embeddable":true,"href":"https:\/\/www.moskito.cz\/pl\/wp-json\/wp\/v2\/pwb-brand?post=423274"},{"taxonomy":"product_brand","embeddable":true,"href":"https:\/\/www.moskito.cz\/pl\/wp-json\/wp\/v2\/product_brand?post=423274"},{"taxonomy":"product_cat","embeddable":true,"href":"https:\/\/www.moskito.cz\/pl\/wp-json\/wp\/v2\/product_cat?post=423274"},{"taxonomy":"product_tag","embeddable":true,"href":"https:\/\/www.moskito.cz\/pl\/wp-json\/wp\/v2\/product_tag?post=423274"}],"curies":[{"name":"wp","href":"https:\/\/api.w.org\/{rel}","templated":true}]}}