{"id":424606,"date":"2023-10-24T14:22:23","date_gmt":"2023-10-24T13:22:23","guid":{"rendered":"https:\/\/www.moskito.cz\/produkt\/noz-skladany-akc-world-roma-swinguard-23-cm\/"},"modified":"2025-09-26T08:17:38","modified_gmt":"2025-09-26T07:17:38","slug":"noz-skladany-akc-world-roma-swinguard-23-cm","status":"publish","type":"product","link":"https:\/\/www.moskito.cz\/pl\/produkt\/noz-skladany-akc-world-roma-swinguard-23-cm\/","title":{"rendered":"N\u00f3\u017c sk\u0142adany AKC WORLD Roma Swinguard 23 cm"},"content":{"rendered":"<p>N\u00f3\u017c sk\u0142adany <strong>AKC WORLD<\/strong> Roma Swinguard 23 cm<\/p>\n<p>N\u00f3\u017c sk\u0142adany AKC WORLD Roma Swinguard 23 cm to stylowy i precyzyjnie wykonany w\u0142oski n\u00f3\u017c, kt\u00f3ry przypadnie do gustu zar\u00f3wno kolekcjonerom, jak i osobom poszukuj\u0105cym luksusowego scyzoryka. Oto szczeg\u00f3\u0142y dotycz\u0105ce tego produktu:<br \/>\n Dane techniczne: <\/p>\n<p>D\u0142ugo\u015b\u0107 ca\u0142kowita: 23 cm<br \/>\n D\u0142ugo\u015b\u0107 ostrza: 9,5 cm<br \/>\n Grubo\u015b\u0107 ostrza: 0,3 cm<br \/>\n Waga: 128 g<\/p>\n<p>Materia\u0142y:<\/p>\n<p>Ostrze: stal nierdzewna AISI 420, znana ze swojej odporno\u015bci na korozj\u0119 i \u0142atwej konserwacji.<br \/>\n R\u0119koje\u015b\u0107: Drewno, kt\u00f3re nadaje no\u017cowi klasyczny i elegancki wygl\u0105d.<br \/>\n Rama: stal nierdzewna AISI 420, zapewniaj\u0105ca wytrzyma\u0142o\u015b\u0107 i stabilno\u015b\u0107.<\/p>\n<p>Nieruchomo\u015bci:<\/p>\n<p>Mechanizm Swinguard: Wyj\u0105tkowa konstrukcja z ochron\u0105 ostrza, kt\u00f3ra zwi\u0119ksza bezpiecze\u0144stwo i styl no\u017ca.<br \/>\n Styl w\u0142oski: tradycyjne wzornictwo po\u0142\u0105czone z nowoczesnymi technikami produkcji.<br \/>\n Luksusowy wygl\u0105d: Idealny jako przedmiot kolekcjonerski lub reprezentacyjny n\u00f3\u017c kieszonkowy.<\/p>\n<p>Ten n\u00f3\u017c jest nie tylko praktyczny, ale i estetyczny, co czyni go doskona\u0142ym wyborem dla ka\u017cdego mi\u0142o\u015bnika wysokiej jako\u015bci no\u017cy. Je\u015bli szukasz po\u0142\u0105czenia elegancji, tradycji i funkcjonalno\u015bci, ten model zdecydowanie jest wart uwagi. <\/p>\n<p>&nbsp;<\/p>\n","protected":false},"excerpt":{"rendered":"<p><strong>Ten n\u00f3\u017c jest nie tylko praktyczny, ale i estetyczny, co czyni go doskona\u0142ym wyborem dla ka\u017cdego mi\u0142o\u015bnika wysokiej jako\u015bci no\u017cy. Je\u015bli szukasz po\u0142\u0105czenia elegancji, tradycji i funkcjonalno\u015bci, ten model zdecydowanie jest wart uwagi. <\/strong><\/p>\n","protected":false},"featured_media":424607,"comment_status":"open","ping_status":"closed","template":"","meta":[],"pwb-brand":[4014],"product_brand":[],"product_cat":[3344,3296],"product_tag":[],"class_list":{"0":"post-424606","1":"product","2":"type-product","3":"status-publish","4":"has-post-thumbnail","6":"pwb-brand-aga-campolin-pl","7":"product_cat-noze-strzeleckie","8":"product_cat-noze-pl","10":"first","11":"outofstock","12":"taxable","13":"shipping-taxable","14":"purchasable","15":"product-type-simple"},"brands":[{"id":4014,"name":"AGA CAMPOLIN","slug":"aga-campolin-pl"}],"_links":{"self":[{"href":"https:\/\/www.moskito.cz\/pl\/wp-json\/wp\/v2\/product\/424606","targetHints":{"allow":["GET"]}}],"collection":[{"href":"https:\/\/www.moskito.cz\/pl\/wp-json\/wp\/v2\/product"}],"about":[{"href":"https:\/\/www.moskito.cz\/pl\/wp-json\/wp\/v2\/types\/product"}],"replies":[{"embeddable":true,"href":"https:\/\/www.moskito.cz\/pl\/wp-json\/wp\/v2\/comments?post=424606"}],"wp:featuredmedia":[{"embeddable":true,"href":"https:\/\/www.moskito.cz\/pl\/wp-json\/wp\/v2\/media\/424607"}],"wp:attachment":[{"href":"https:\/\/www.moskito.cz\/pl\/wp-json\/wp\/v2\/media?parent=424606"}],"wp:term":[{"taxonomy":"pwb-brand","embeddable":true,"href":"https:\/\/www.moskito.cz\/pl\/wp-json\/wp\/v2\/pwb-brand?post=424606"},{"taxonomy":"product_brand","embeddable":true,"href":"https:\/\/www.moskito.cz\/pl\/wp-json\/wp\/v2\/product_brand?post=424606"},{"taxonomy":"product_cat","embeddable":true,"href":"https:\/\/www.moskito.cz\/pl\/wp-json\/wp\/v2\/product_cat?post=424606"},{"taxonomy":"product_tag","embeddable":true,"href":"https:\/\/www.moskito.cz\/pl\/wp-json\/wp\/v2\/product_tag?post=424606"}],"curies":[{"name":"wp","href":"https:\/\/api.w.org\/{rel}","templated":true}]}}