{"id":424713,"date":"2025-09-26T09:37:23","date_gmt":"2025-09-26T08:37:23","guid":{"rendered":"https:\/\/www.moskito.cz\/produkt\/noz-skladany-benchmade-custom-barrage-cu580-ss-154cm-3\/"},"modified":"2025-09-26T09:45:55","modified_gmt":"2025-09-26T08:45:55","slug":"noz-skladany-benchmade-custom-barrage-cu580-ss-154cm-3","status":"publish","type":"product","link":"https:\/\/www.moskito.cz\/pl\/produkt\/noz-skladany-benchmade-custom-barrage-cu580-ss-154cm-3\/","title":{"rendered":"N\u00f3\u017c sk\u0142adany Benchmade Custom Barrage CU580-SS-154CM"},"content":{"rendered":"<h3 data-start=\"0\" data-end=\"45\">Benchmade Custom Barrage CU580-SS-154CM<\/h3>\n<h4 data-start=\"47\" data-end=\"78\">Wprowadzenie historyczno-poetyckie<\/h4>\n<p data-start=\"79\" data-end=\"459\">Kiedy Benchmade wprowadzi\u0142 na rynek model Barrage, zapisa\u0142 si\u0119 on w historii jako pierwszy n\u00f3\u017c marki z systemem wspomagania otwierania. To po\u0142\u0105czenie blokady AXIS\u00ae Lock ze wspomaganiem spr\u0119\u017cynowym by\u0142o rewolucyjne \u2013 n\u00f3\u017c otwiera\u0142 si\u0119 szybko i niezawodnie, a jednocze\u015bnie bezpiecznie. Legendarny projektant Mel Pardue nada\u0142 modelowi Barrage kszta\u0142t idealnie dopasowany do d\u0142oni, a Benchmade doda\u0142 technologi\u0119, kt\u00f3ra uczyni\u0142a go pionierem.  <\/p>\n<p data-start=\"461\" data-end=\"900\">Edycja <strong data-start=\"467\" data-end=\"492\">Custom CU580-SS-154CM<\/strong> kontynuuje t\u0119 tradycj\u0119, jednocze\u015bnie dodaj\u0105c mu charakteru i stylu. Ostrze wykonane ze stali <strong data-start=\"571\" data-end=\"580\">154CM<\/strong> \u2013 ameryka\u0144skiego klasyka stali nierdzewnej \u2013 oferuje doskona\u0142y kompromis mi\u0119dzy ostro\u015bci\u0105, trwa\u0142o\u015bci\u0105 i \u0142atwo\u015bci\u0105 konserwacji. Satynowe wyko\u0144czenie prezentuje si\u0119 elegancko, ale co najwa\u017cniejsze, zapewnia g\u0142adki przekr\u00f3j materia\u0142u. Niestandardowa r\u0119koje\u015b\u0107 (cz\u0119sto z G-10 lub micarty) nadaje no\u017cowi niepowtarzalny wygl\u0105d i pewny chwyt, odporny na wilgo\u0107 i d\u0142ugotrwa\u0142\u0105 prac\u0119.   <\/p>\n<p data-start=\"902\" data-end=\"1052\">Barrage to nie tylko towarzysz taktyczny &#8211; to n\u00f3\u017c dla tych, kt\u00f3rzy chc\u0105 mie\u0107 w kieszeni szybk\u0105 reakcj\u0119, ergonomi\u0119 i jako\u015b\u0107 potwierdzon\u0105 latami u\u017cytkowania.<\/p>\n<hr data-start=\"1054\" data-end=\"1057\">\n<h4 data-start=\"1059\" data-end=\"1090\">\ud83d\udd27 Specyfikacja techniczna<\/h4>\n<ul data-start=\"1091\" data-end=\"1542\">\n<li data-start=\"1091\" data-end=\"1133\">\n<p data-start=\"1093\" data-end=\"1133\"><strong data-start=\"1093\" data-end=\"1122\">D\u0142ugo\u015b\u0107 ca\u0142kowita (po otwarciu):<\/strong> ~ 210 mm<\/p>\n<\/li>\n<li data-start=\"1134\" data-end=\"1163\">\n<p data-start=\"1136\" data-end=\"1163\"><strong data-start=\"1136\" data-end=\"1153\">D\u0142ugo\u015b\u0107 ostrza:<\/strong> ~ 90 mm<\/p>\n<\/li>\n<li data-start=\"1164\" data-end=\"1197\">\n<p data-start=\"1166\" data-end=\"1197\"><strong data-start=\"1166\" data-end=\"1186\">Grubo\u015b\u0107 ostrza:<\/strong> ~ 3,2 mm<\/p>\n<\/li>\n<li data-start=\"1198\" data-end=\"1249\">\n<p data-start=\"1200\" data-end=\"1249\"><strong data-start=\"1200\" data-end=\"1220\">Materia\u0142 ostrza:<\/strong> 154CM (stal nierdzewna, USA)<\/p>\n<\/li>\n<li data-start=\"1250\" data-end=\"1288\">\n<p data-start=\"1252\" data-end=\"1288\"><strong data-start=\"1252\" data-end=\"1270\">Powierzchnia ostrza:<\/strong> wyko\u0144czenie satynowe<\/p>\n<\/li>\n<li data-start=\"1289\" data-end=\"1320\">\n<p data-start=\"1291\" data-end=\"1320\"><strong data-start=\"1291\" data-end=\"1307\">Kszta\u0142t ostrza:<\/strong> Drop-Point<\/p>\n<\/li>\n<li data-start=\"1321\" data-end=\"1380\">\n<p data-start=\"1323\" data-end=\"1380\"><strong data-start=\"1323\" data-end=\"1345\">Materia\u0142 r\u0119koje\u015bci:<\/strong> Wariant niestandardowy \u2013 G-10 \/ Micarta<\/p>\n<\/li>\n<li data-start=\"1381\" data-end=\"1438\">\n<p data-start=\"1383\" data-end=\"1438\"><strong data-start=\"1383\" data-end=\"1400\">Typ blokady:<\/strong> AXIS\u00ae Assist (wspomagane otwieranie)<\/p>\n<\/li>\n<li data-start=\"1439\" data-end=\"1489\">\n<p data-start=\"1441\" data-end=\"1489\"><strong data-start=\"1441\" data-end=\"1458\">Klips kieszonkowy:<\/strong> stalowy, dwustronny, z ko\u0144c\u00f3wk\u0105 do g\u00f3ry<\/p>\n<\/li>\n<li data-start=\"1490\" data-end=\"1517\">\n<p data-start=\"1492\" data-end=\"1517\"><strong data-start=\"1492\" data-end=\"1505\">Waga:<\/strong> ok. 130 g<\/p>\n<\/li>\n<li data-start=\"1518\" data-end=\"1542\">\n<p data-start=\"1520\" data-end=\"1542\"><strong data-start=\"1520\" data-end=\"1536\">Kraj produkcji:<\/strong> USA<\/p>\n<\/li>\n<\/ul>\n<hr data-start=\"1544\" data-end=\"1547\">\n<h4 data-start=\"1549\" data-end=\"1564\">\u2705 Korzy\u015bci<\/h4>\n<ul data-start=\"1565\" data-end=\"2020\">\n<li data-start=\"1565\" data-end=\"1621\">\n<p data-start=\"1567\" data-end=\"1621\">Szybkie wspomaganie otwierania \u2013 zawsze gotowe do dzia\u0142ania.<\/p>\n<\/li>\n<li data-start=\"1622\" data-end=\"1729\">\n<p data-start=\"1624\" data-end=\"1729\">Stal 154CM \u2013 dobrze trzyma ostro\u015b\u0107, jest odporna na korozj\u0119 i \u0142atwiejsza do ostrzenia ni\u017c twardsze stale narz\u0119dziowe.<\/p>\n<\/li>\n<li data-start=\"1730\" data-end=\"1793\">\n<p data-start=\"1732\" data-end=\"1793\">Ostrze satynowe \u2013 eleganckie, funkcjonalne i odporne na odblaski.<\/p>\n<\/li>\n<li data-start=\"1794\" data-end=\"1875\">\n<p data-start=\"1796\" data-end=\"1875\">Uchwyty na zam\u00f3wienie (G-10, Micarta) \u2013 mocne, trwa\u0142e, stabilne w ka\u017cdym \u015brodowisku.<\/p>\n<\/li>\n<li data-start=\"1876\" data-end=\"1959\">\n<p data-start=\"1878\" data-end=\"1959\">AXIS\u00ae Lock \u2013 legendarny mechanizm Benchmade, niezawodny i \u0142atwy w obs\u0142udze.<\/p>\n<\/li>\n<li data-start=\"1960\" data-end=\"2020\">\n<p data-start=\"1962\" data-end=\"2020\">Ergonomia Mela Pardue \u2013 wygodny chwyt nawet podczas d\u0142ugotrwa\u0142ej pracy.<\/p>\n<\/li>\n<\/ul>\n<hr data-start=\"2022\" data-end=\"2025\">\n<h4 data-start=\"2027\" data-end=\"2045\">\u26a0\ufe0f Wady<\/h4>\n<ul data-start=\"2046\" data-end=\"2333\">\n<li data-start=\"2046\" data-end=\"2113\">\n<p data-start=\"2048\" data-end=\"2113\">Waga oko\u0142o 130 g \u2013 w kieszeni czu\u0107, \u017ce nie jest to ultralekki EDC.<\/p>\n<\/li>\n<li data-start=\"2114\" data-end=\"2179\">\n<p data-start=\"2116\" data-end=\"2179\">Mechanizm wspomagania wymaga okresowej konserwacji i smarowania.<\/p>\n<\/li>\n<li data-start=\"2180\" data-end=\"2260\">\n<p data-start=\"2182\" data-end=\"2260\">Opcja niestandardowa oznacza r\u00f3\u017cnice w uchwytach &#8211; nie ka\u017cdemu b\u0119dzie pasowa\u0107 ten sam styl.<\/p>\n<\/li>\n<li data-start=\"2261\" data-end=\"2333\">\n<p data-start=\"2263\" data-end=\"2333\">Stal 154CM, mimo \u017ce trwa\u0142a, nie jest obecnie najwy\u017cszej jako\u015bci (S30V, 20CV).<\/p>\n<\/li>\n<\/ul>\n<hr data-start=\"2335\" data-end=\"2338\">\n<h4 data-start=\"2340\" data-end=\"2364\">\ud83d\udee0\ufe0f Konserwacja i piel\u0119gnacja<\/h4>\n<ul data-start=\"2365\" data-end=\"2688\">\n<li data-start=\"2365\" data-end=\"2462\">\n<p data-start=\"2367\" data-end=\"2462\">Po ka\u017cdym u\u017cyciu nale\u017cy przetrze\u0107 ostrze such\u0105 \u015bciereczk\u0105, zw\u0142aszcza po kontakcie z wilgoci\u0105 lub \u017cywno\u015bci\u0105.<\/p>\n<\/li>\n<li data-start=\"2463\" data-end=\"2545\">\n<p data-start=\"2465\" data-end=\"2545\">Od czasu do czasu smaruj mechanizm AXIS\u00ae Assist lekkim olejem, aby zapewni\u0107 jego p\u0142ynn\u0105 prac\u0119.<\/p>\n<\/li>\n<li data-start=\"2546\" data-end=\"2620\">\n<p data-start=\"2548\" data-end=\"2620\">Wyczy\u015b\u0107 uchwyt mi\u0119kk\u0105 szczotk\u0105, aby usun\u0105\u0107 zanieczyszczenia z rowk\u00f3w.<\/p>\n<\/li>\n<li data-start=\"2621\" data-end=\"2688\">\n<p data-start=\"2623\" data-end=\"2688\">Ostrz ostrze za pomoc\u0105 systemu wysokiej jako\u015bci \u2013 najlepiej za pomoc\u0105 pr\u0119t\u00f3w ceramicznych.<\/p>\n<\/li>\n<\/ul>\n<p data-start=\"2690\" data-end=\"2915\">\ud83d\udc49 Aby zachowa\u0107 ostro\u015b\u0107, polecamy <a class=\"decorated-link cursor-pointer\" target=\"_new\" rel=\"noopener\" data-start=\"2724\" data-end=\"2813\">system ostrz\u0105cy Spyderco Tri-Angle Sharpmaker Complete Sharpening System 204MF<\/a><\/p>\n<h4 data-start=\"2922\" data-end=\"2946\">\ud83c\udfaf Polecane dla<\/h4>\n<ul data-start=\"2947\" data-end=\"3213\">\n<li data-start=\"2947\" data-end=\"3006\">\n<p data-start=\"2949\" data-end=\"3006\">Mi\u0142o\u015bnicy EDC poszukuj\u0105cy szybkiego i niezawodnego urz\u0105dzenia do zamykania.<\/p>\n<\/li>\n<li data-start=\"3007\" data-end=\"3068\">\n<p data-start=\"3009\" data-end=\"3068\">Na zewn\u0105trz i do pieszych w\u0119dr\u00f3wek \u2013 n\u00f3\u017c, kt\u00f3ry wytrzyma trudniejsze warunki.<\/p>\n<\/li>\n<li data-start=\"3069\" data-end=\"3151\">\n<p data-start=\"3071\" data-end=\"3151\">Profesjonali\u015bci doceniaj\u0105cy po\u0142\u0105czenie szybkiego dost\u0119pu i bezpiecze\u0144stwa, jakie zapewnia zamek AXIS\u00ae Lock.<\/p>\n<\/li>\n<li data-start=\"3152\" data-end=\"3213\">\n<p data-start=\"3154\" data-end=\"3213\">Fani Benchmade, kt\u00f3rzy chc\u0105 oryginalnej edycji Custom.<\/p>\n<\/li>\n<\/ul>\n<hr data-start=\"3215\" data-end=\"3218\">\n<h4 data-start=\"3220\" data-end=\"3248\">\u2b50 Ocena ko\u0144cowa<\/h4>\n<p data-start=\"3249\" data-end=\"3723\"><strong data-start=\"3249\" data-end=\"3292\">Benchmade Custom Barrage CU580-SS-154CM<\/strong> to nowoczesny klasyk z dodatkow\u0105 warto\u015bci\u0105 w postaci autorskiego designu. Stal 154CM zapewnia idealn\u0105 r\u00f3wnowag\u0119 mi\u0119dzy wytrzyma\u0142o\u015bci\u0105 a konserwacj\u0105, wspomagane otwieranie dodaje dynamiki, a ergonomia gwarantuje komfort przy ka\u017cdym chwycie. Nie jest to najl\u017cejszy ani najbardziej egzotyczny n\u00f3\u017c, ale jego niezawodno\u015b\u0107 i jako\u015b\u0107 sprawiaj\u0105, \u017ce jest to sprawdzony element wyposa\u017cenia EDC. Je\u015bli szukasz no\u017ca, kt\u00f3ry \u0142\u0105czy w sobie tradycj\u0119 Benchmade, innowacyjno\u015b\u0107 i niestandardowy styl, Barrage CU580 to w\u0142a\u015bciwy wyb\u00f3r.   <\/p>\n","protected":false},"excerpt":{"rendered":"<div class=\"elementor-element elementor-element-bbb542b elementor-widget elementor-widget-woocommerce-product-short-description\" data-id=\"bbb542b\" data-element_type=\"widget\" data-widget_type=\"woocommerce-product-short-description.default\">\n<div class=\"elementor-widget-container\">\n<div class=\"woocommerce-product-details__short-description\">\n<div class=\"elementor-element elementor-element-bbb542b elementor-widget elementor-widget-woocommerce-product-short-description\" data-id=\"bbb542b\" data-element_type=\"widget\" data-widget_type=\"woocommerce-product-short-description.default\">\n<div class=\"elementor-widget-container\">\n<div class=\"woocommerce-product-details__short-description\">\n<div class=\"elementor-element elementor-element-bbb542b elementor-widget elementor-widget-woocommerce-product-short-description\" data-id=\"bbb542b\" data-element_type=\"widget\" data-widget_type=\"woocommerce-product-short-description.default\">\n<div class=\"elementor-widget-container\">\n<div class=\"woocommerce-product-details__short-description\">\n<div class=\"elementor-element elementor-element-bbb542b elementor-widget elementor-widget-woocommerce-product-short-description\" data-id=\"bbb542b\" data-element_type=\"widget\" data-widget_type=\"woocommerce-product-short-description.default\">\n<div class=\"elementor-widget-container\">\n<div class=\"woocommerce-product-details__short-description\">\n<div class=\"elementor-element elementor-element-bbb542b elementor-widget elementor-widget-woocommerce-product-short-description\" data-id=\"bbb542b\" data-element_type=\"widget\" data-widget_type=\"woocommerce-product-short-description.default\">\n<div class=\"elementor-widget-container\">\n<div class=\"woocommerce-product-details__short-description\">\n<p><strong>N\u00f3\u017c Benchmade Custom Barrage CU580-SS-154CM to nowoczesny klasyk z dodatkow\u0105 warto\u015bci\u0105 w postaci niestandardowego designu. Stal 154CM zapewnia idealn\u0105 r\u00f3wnowag\u0119 mi\u0119dzy trwa\u0142o\u015bci\u0105 a konserwacj\u0105, wspomagane otwieranie dodaje dynamiki, a ergonomia gwarantuje komfort przy ka\u017cdym chwycie. <\/strong><\/p>\n<p><strong>Darmowa wysy\u0142ka.<\/strong><\/p>\n<\/div>\n<\/div>\n<\/div>\n<\/div>\n<\/div>\n<\/div>\n<\/div>\n<\/div>\n<\/div>\n<\/div>\n<\/div>\n<\/div>\n<\/div>\n<\/div>\n<\/div>\n","protected":false},"featured_media":424697,"comment_status":"open","ping_status":"closed","template":"","meta":[],"pwb-brand":[3980],"product_brand":[],"product_cat":[3307,3296],"product_tag":[],"class_list":{"0":"post-424713","1":"product","2":"type-product","3":"status-publish","4":"has-post-thumbnail","6":"pwb-brand-wykonany-na-stanowisku","7":"product_cat-zamykanie-nozy","8":"product_cat-noze-pl","10":"first","11":"instock","12":"taxable","13":"shipping-taxable","14":"purchasable","15":"product-type-simple"},"brands":[{"id":3980,"name":"Wykonany na stanowisku","slug":"wykonany-na-stanowisku"}],"_links":{"self":[{"href":"https:\/\/www.moskito.cz\/pl\/wp-json\/wp\/v2\/product\/424713","targetHints":{"allow":["GET"]}}],"collection":[{"href":"https:\/\/www.moskito.cz\/pl\/wp-json\/wp\/v2\/product"}],"about":[{"href":"https:\/\/www.moskito.cz\/pl\/wp-json\/wp\/v2\/types\/product"}],"replies":[{"embeddable":true,"href":"https:\/\/www.moskito.cz\/pl\/wp-json\/wp\/v2\/comments?post=424713"}],"wp:featuredmedia":[{"embeddable":true,"href":"https:\/\/www.moskito.cz\/pl\/wp-json\/wp\/v2\/media\/424697"}],"wp:attachment":[{"href":"https:\/\/www.moskito.cz\/pl\/wp-json\/wp\/v2\/media?parent=424713"}],"wp:term":[{"taxonomy":"pwb-brand","embeddable":true,"href":"https:\/\/www.moskito.cz\/pl\/wp-json\/wp\/v2\/pwb-brand?post=424713"},{"taxonomy":"product_brand","embeddable":true,"href":"https:\/\/www.moskito.cz\/pl\/wp-json\/wp\/v2\/product_brand?post=424713"},{"taxonomy":"product_cat","embeddable":true,"href":"https:\/\/www.moskito.cz\/pl\/wp-json\/wp\/v2\/product_cat?post=424713"},{"taxonomy":"product_tag","embeddable":true,"href":"https:\/\/www.moskito.cz\/pl\/wp-json\/wp\/v2\/product_tag?post=424713"}],"curies":[{"name":"wp","href":"https:\/\/api.w.org\/{rel}","templated":true}]}}