{"id":424809,"date":"2025-09-26T10:37:58","date_gmt":"2025-09-26T09:37:58","guid":{"rendered":"https:\/\/www.moskito.cz\/produkt\/noz-skladany-benchmade-custom-mini-barrage-cu585-ss-154cm\/"},"modified":"2025-09-26T10:48:29","modified_gmt":"2025-09-26T09:48:29","slug":"noz-skladany-benchmade-custom-mini-barrage-cu585-ss-154cm","status":"publish","type":"product","link":"https:\/\/www.moskito.cz\/pl\/produkt\/noz-skladany-benchmade-custom-mini-barrage-cu585-ss-154cm\/","title":{"rendered":"N\u00f3\u017c sk\u0142adany Benchmade Custom Mini-Barrage CU585-SS-154CM"},"content":{"rendered":"<h3 data-start=\"0\" data-end=\"48\">Benchmade Custom Mini-Barrage CU585-SS-154CM<\/h3>\n<h4 data-start=\"50\" data-end=\"79\">Wprowadzenie historyczno-poetyckie<\/h4>\n<p data-start=\"81\" data-end=\"425\">Kiedy Benchmade po raz pierwszy wprowadzi\u0142 na rynek n\u00f3\u017c Barrage w 2009 roku, zrewolucjonizowa\u0142 on design no\u017cy sk\u0142adanych. \u0141\u0105cz\u0105c legendarny mechanizm <strong data-start=\"232\" data-end=\"246\">blokady AXIS\u00ae<\/strong> z funkcj\u0105 wspomagania otwierania, n\u00f3\u017c ten oferowa\u0142 szybko\u015b\u0107, niezawodno\u015b\u0107 i bezpiecze\u0144stwo w jednym. Projektant <strong data-start=\"343\" data-end=\"361\">Warren Osborne<\/strong> stworzy\u0142 n\u00f3\u017c, kt\u00f3ry sta\u0142 si\u0119 synonimem wysokiej jako\u015bci narz\u0119dzi EDC.  <\/p>\n<p data-start=\"427\" data-end=\"817\">Model <strong data-start=\"433\" data-end=\"449\">Mini-Barrage<\/strong> to kompaktowa wersja tego sukcesu. Z ostrzem o d\u0142ugo\u015bci 2,91 cala (oko\u0142o 74 mm) idealnie nadaje si\u0119 do codziennego noszenia, nie obci\u0105\u017caj\u0105c nadmiernie kieszeni. Wersja Custom Edition <strong data-start=\"619\" data-end=\"637\">CU585-SS-154CM<\/strong> wyr\u00f3\u017cnia si\u0119 nie tylko wydajno\u015bci\u0105, ale i estetyk\u0105 \u2013 ostrze ze stali nierdzewnej 154CM z satynowym wyko\u0144czeniem i r\u0119koje\u015b\u0107 z G-10 lub Micarty nadaj\u0105 no\u017cowi wyj\u0105tkowy wygl\u0105d i wygod\u0119 trzymania w d\u0142oni.  <\/p>\n<hr data-start=\"819\" data-end=\"822\">\n<h4 data-start=\"824\" data-end=\"853\">\ud83d\udd27 Specyfikacja techniczna<\/h4>\n<ul data-start=\"855\" data-end=\"1283\">\n<li data-start=\"855\" data-end=\"895\">\n<p data-start=\"857\" data-end=\"895\"><strong data-start=\"857\" data-end=\"886\">D\u0142ugo\u015b\u0107 ca\u0142kowita (po otwarciu):<\/strong> ~ 175 mm<\/p>\n<\/li>\n<li data-start=\"896\" data-end=\"923\">\n<p data-start=\"898\" data-end=\"923\"><strong data-start=\"898\" data-end=\"915\">D\u0142ugo\u015b\u0107 ostrza:<\/strong> ~ 74 mm<\/p>\n<\/li>\n<li data-start=\"924\" data-end=\"955\">\n<p data-start=\"926\" data-end=\"955\"><strong data-start=\"926\" data-end=\"946\">Grubo\u015b\u0107 ostrza:<\/strong> ~ 2,5 mm<\/p>\n<\/li>\n<li data-start=\"956\" data-end=\"1005\">\n<p data-start=\"958\" data-end=\"1005\"><strong data-start=\"958\" data-end=\"978\">Materia\u0142 ostrza:<\/strong> 154CM (stal nierdzewna, USA)<\/p>\n<\/li>\n<li data-start=\"1006\" data-end=\"1042\">\n<p data-start=\"1008\" data-end=\"1042\"><strong data-start=\"1008\" data-end=\"1026\">Powierzchnia ostrza:<\/strong> wyko\u0144czenie satynowe<\/p>\n<\/li>\n<li data-start=\"1043\" data-end=\"1072\">\n<p data-start=\"1045\" data-end=\"1072\"><strong data-start=\"1045\" data-end=\"1061\">Kszta\u0142t ostrza:<\/strong> Drop-Point<\/p>\n<\/li>\n<li data-start=\"1073\" data-end=\"1130\">\n<p data-start=\"1075\" data-end=\"1130\"><strong data-start=\"1075\" data-end=\"1097\">Materia\u0142 r\u0119koje\u015bci:<\/strong> Wariant niestandardowy \u2013 G-10 \/ Micarta<\/p>\n<\/li>\n<li data-start=\"1131\" data-end=\"1186\">\n<p data-start=\"1133\" data-end=\"1186\"><strong data-start=\"1133\" data-end=\"1150\">Typ blokady:<\/strong> AXIS\u00ae Assist (wspomagane otwieranie)<\/p>\n<\/li>\n<li data-start=\"1187\" data-end=\"1235\">\n<p data-start=\"1189\" data-end=\"1235\"><strong data-start=\"1189\" data-end=\"1206\">Klips kieszonkowy:<\/strong> stalowy, dwustronny, z ko\u0144c\u00f3wk\u0105 do g\u00f3ry<\/p>\n<\/li>\n<li data-start=\"1236\" data-end=\"1260\">\n<p data-start=\"1238\" data-end=\"1260\"><strong data-start=\"1238\" data-end=\"1251\">Waga:<\/strong> ok. 85 g<\/p>\n<\/li>\n<li data-start=\"1261\" data-end=\"1283\">\n<p data-start=\"1263\" data-end=\"1283\"><strong data-start=\"1263\" data-end=\"1279\">Kraj produkcji:<\/strong> USA<\/p>\n<\/li>\n<\/ul>\n<hr data-start=\"1285\" data-end=\"1288\">\n<h4 data-start=\"1290\" data-end=\"1303\">\u2705 Korzy\u015bci<\/h4>\n<ul data-start=\"1305\" data-end=\"1744\">\n<li data-start=\"1305\" data-end=\"1384\">\n<p data-start=\"1307\" data-end=\"1384\"><strong data-start=\"1307\" data-end=\"1329\">Kompaktowe wymiary:<\/strong> idealne do codziennego noszenia, bez zb\u0119dnego obci\u0105\u017cenia.<\/p>\n<\/li>\n<li data-start=\"1385\" data-end=\"1469\">\n<p data-start=\"1387\" data-end=\"1469\"><strong data-start=\"1387\" data-end=\"1402\">Stal 154CM:<\/strong> Dobra odporno\u015b\u0107 na korozj\u0119, \u0142atwa konserwacja i doskona\u0142e utrzymanie kraw\u0119dzi.<\/p>\n<\/li>\n<li data-start=\"1470\" data-end=\"1531\">\n<p data-start=\"1472\" data-end=\"1531\"><strong data-start=\"1472\" data-end=\"1491\">Ostrze satynowe:<\/strong> Elegancki wygl\u0105d z minimalnym odblaskiem.<\/p>\n<\/li>\n<li data-start=\"1532\" data-end=\"1611\">\n<p data-start=\"1534\" data-end=\"1611\"><strong data-start=\"1534\" data-end=\"1553\">Uchwyt niestandardowy:<\/strong> Mo\u017cliwo\u015b\u0107 wyboru G-10 i Micarta wed\u0142ug osobistych preferencji.<\/p>\n<\/li>\n<li data-start=\"1612\" data-end=\"1688\">\n<p data-start=\"1614\" data-end=\"1688\"><strong data-start=\"1614\" data-end=\"1629\">Zamek AXIS\u00ae:<\/strong> Niezawodny i szybki mechanizm umo\u017cliwiaj\u0105cy dwustronne otwieranie.<\/p>\n<\/li>\n<li data-start=\"1689\" data-end=\"1744\">\n<p data-start=\"1691\" data-end=\"1744\"><strong data-start=\"1691\" data-end=\"1705\">Ergonomia:<\/strong> Wygodny chwyt nawet przy d\u0142u\u017cszym u\u017cytkowaniu.<\/p>\n<\/li>\n<\/ul>\n<hr data-start=\"1746\" data-end=\"1749\">\n<h4 data-start=\"1751\" data-end=\"1767\">\u26a0\ufe0f Wady<\/h4>\n<ul data-start=\"1769\" data-end=\"2062\">\n<li data-start=\"1769\" data-end=\"1884\">\n<p data-start=\"1771\" data-end=\"1884\"><strong data-start=\"1771\" data-end=\"1784\">Waga:<\/strong> Mimo \u017ce jest l\u017cejszy od standardowego modelu Barrage, niekt\u00f3rzy u\u017cytkownicy mog\u0105 uzna\u0107 go za ci\u0119\u017cszy.<\/p>\n<\/li>\n<li data-start=\"1885\" data-end=\"1992\">\n<p data-start=\"1887\" data-end=\"1992\"><strong data-start=\"1887\" data-end=\"1909\">Konserwacja mechanizmu:<\/strong> Wspomagane otwieranie wymaga regularnej konserwacji i smarowania dla zapewnienia optymalnego dzia\u0142ania.<\/p>\n<\/li>\n<li data-start=\"1993\" data-end=\"2062\">\n<p data-start=\"1995\" data-end=\"2062\"><strong data-start=\"1995\" data-end=\"2004\">Cena:<\/strong> Wersje niestandardowe mog\u0105 by\u0107 dro\u017csze od modeli standardowych.<\/p>\n<\/li>\n<\/ul>\n<hr data-start=\"2064\" data-end=\"2067\">\n<h4 data-start=\"2069\" data-end=\"2091\">\ud83d\udee0\ufe0f Konserwacja i piel\u0119gnacja<\/h4>\n<ul data-start=\"2093\" data-end=\"2432\">\n<li data-start=\"2093\" data-end=\"2201\">\n<p data-start=\"2095\" data-end=\"2201\"><strong data-start=\"2095\" data-end=\"2107\">Czysto\u015b\u0107:<\/strong> Po ka\u017cdym u\u017cyciu nale\u017cy przetrze\u0107 ostrze such\u0105 szmatk\u0105, zw\u0142aszcza po kontakcie z wilgoci\u0105 lub \u017cywno\u015bci\u0105.<\/p>\n<\/li>\n<li data-start=\"2202\" data-end=\"2274\">\n<p data-start=\"2204\" data-end=\"2274\"><strong data-start=\"2204\" data-end=\"2220\">Mechanizm:<\/strong> Aby zapewni\u0107 p\u0142ynn\u0105 prac\u0119, nale\u017cy od czasu do czasu smarowa\u0107 go lekkim olejem.<\/p>\n<\/li>\n<li data-start=\"2275\" data-end=\"2352\">\n<p data-start=\"2277\" data-end=\"2352\"><strong data-start=\"2277\" data-end=\"2289\">Uchwyt:<\/strong> Czy\u015bci\u0107 mi\u0119kk\u0105 szczotk\u0105, aby usun\u0105\u0107 zanieczyszczenia z rowk\u00f3w.<\/p>\n<\/li>\n<li data-start=\"2353\" data-end=\"2432\">\n<p data-start=\"2355\" data-end=\"2432\"><strong data-start=\"2355\" data-end=\"2368\">Ostrzenie:<\/strong> Ostrz ostrze za pomoc\u0105 systemu wysokiej jako\u015bci \u2013 najlepiej za pomoc\u0105 ceramicznych pr\u0119t\u00f3w.<\/p>\n<\/li>\n<\/ul>\n<p data-start=\"2434\" data-end=\"2530\">\ud83d\udc49 Aby zachowa\u0107 ostro\u015b\u0107, polecamy system ostrz\u0105cy Spyderco Tri-Angle Sharpmaker Complete Sharpening System 204MF<\/p>\n<hr data-start=\"2532\" data-end=\"2535\">\n<h4 data-start=\"2537\" data-end=\"2559\">\ud83c\udfaf Polecane dla<\/h4>\n<ul data-start=\"2561\" data-end=\"2900\">\n<li data-start=\"2561\" data-end=\"2645\">\n<p data-start=\"2563\" data-end=\"2645\"><strong data-start=\"2563\" data-end=\"2580\">Mi\u0142o\u015bnicy EDC:<\/strong> kt\u00f3rzy szukaj\u0105 kompaktowego, ale wytrzyma\u0142ego no\u017ca do codziennego u\u017cytku.<\/p>\n<\/li>\n<li data-start=\"2646\" data-end=\"2731\">\n<p data-start=\"2648\" data-end=\"2731\"><strong data-start=\"2648\" data-end=\"2672\">Na \u015bwie\u017cym powietrzu i podczas pieszych w\u0119dr\u00f3wek:<\/strong> N\u00f3\u017c, kt\u00f3ry wytrzyma trudne warunki i nie zajmie du\u017co miejsca.<\/p>\n<\/li>\n<li data-start=\"2732\" data-end=\"2816\">\n<p data-start=\"2734\" data-end=\"2816\"><strong data-start=\"2734\" data-end=\"2751\">Profesjonali\u015bci:<\/strong> kt\u00f3rzy ceni\u0105 sobie po\u0142\u0105czenie szybkiego dost\u0119pu i bezpiecze\u0144stwa, jakie zapewnia zamek AXIS\u00ae Lock.<\/p>\n<\/li>\n<li data-start=\"2817\" data-end=\"2900\">\n<p data-start=\"2819\" data-end=\"2900\"><strong data-start=\"2819\" data-end=\"2842\">Fani Benchmade:<\/strong> kt\u00f3rzy chc\u0105 oryginalnej edycji Custom o wyj\u0105tkowym wygl\u0105dzie.<\/p>\n<\/li>\n<\/ul>\n<hr data-start=\"2902\" data-end=\"2905\">\n<h4 data-start=\"2907\" data-end=\"2933\">\u2b50 Ocena ko\u0144cowa<\/h4>\n<p data-start=\"2935\" data-end=\"3256\"><strong data-start=\"2935\" data-end=\"2983\">Benchmade Custom Mini-Barrage CU585-SS-154CM<\/strong> to idealny wyb\u00f3r dla os\u00f3b poszukuj\u0105cych wysokiej jako\u015bci no\u017ca o kompaktowych wymiarach i wysokiej wydajno\u015bci. \u0141\u0105czy w sobie tradycj\u0119 marki Benchmade, innowacyjn\u0105 technologi\u0119 i estetyk\u0119 autorskiego designu. Je\u015bli szukasz no\u017ca, kt\u00f3ry nie zawiedzie Ci\u0119 w \u017cadnej sytuacji, Mini-Barrage to w\u0142a\u015bciwy wyb\u00f3r.  <\/p>\n","protected":false},"excerpt":{"rendered":"<div class=\"elementor-element elementor-element-bbb542b elementor-widget elementor-widget-woocommerce-product-short-description\" data-id=\"bbb542b\" data-element_type=\"widget\" data-widget_type=\"woocommerce-product-short-description.default\">\n<div class=\"elementor-widget-container\">\n<div class=\"woocommerce-product-details__short-description\">\n<div class=\"elementor-element elementor-element-bbb542b elementor-widget elementor-widget-woocommerce-product-short-description\" data-id=\"bbb542b\" data-element_type=\"widget\" data-widget_type=\"woocommerce-product-short-description.default\">\n<div class=\"elementor-widget-container\">\n<div class=\"woocommerce-product-details__short-description\">\n<p><strong>Benchmade Custom Mini-Barrage CU585-SS-154CM to idealny wyb\u00f3r dla os\u00f3b poszukuj\u0105cych wysokiej jako\u015bci no\u017ca o kompaktowych wymiarach i wysokiej wydajno\u015bci. \u0141\u0105czy w sobie tradycj\u0119 marki Benchmade, innowacyjn\u0105 technologi\u0119 i estetyk\u0119 autorskiego designu. Je\u015bli szukasz no\u017ca, kt\u00f3ry nie zawiedzie Ci\u0119 w \u017cadnej sytuacji, Mini-Barrage to w\u0142a\u015bciwy wyb\u00f3r.  <\/strong><\/p>\n<p><strong>Darmowa wysy\u0142ka.<\/strong><\/p>\n<\/div>\n<\/div>\n<\/div>\n<\/div>\n<\/div>\n<\/div>\n","protected":false},"featured_media":424792,"comment_status":"open","ping_status":"closed","template":"","meta":[],"pwb-brand":[3980],"product_brand":[],"product_cat":[3307,3296],"product_tag":[],"class_list":{"0":"post-424809","1":"product","2":"type-product","3":"status-publish","4":"has-post-thumbnail","6":"pwb-brand-wykonany-na-stanowisku","7":"product_cat-zamykanie-nozy","8":"product_cat-noze-pl","10":"first","11":"instock","12":"taxable","13":"shipping-taxable","14":"purchasable","15":"product-type-simple"},"brands":[{"id":3980,"name":"Wykonany na stanowisku","slug":"wykonany-na-stanowisku"}],"_links":{"self":[{"href":"https:\/\/www.moskito.cz\/pl\/wp-json\/wp\/v2\/product\/424809","targetHints":{"allow":["GET"]}}],"collection":[{"href":"https:\/\/www.moskito.cz\/pl\/wp-json\/wp\/v2\/product"}],"about":[{"href":"https:\/\/www.moskito.cz\/pl\/wp-json\/wp\/v2\/types\/product"}],"replies":[{"embeddable":true,"href":"https:\/\/www.moskito.cz\/pl\/wp-json\/wp\/v2\/comments?post=424809"}],"wp:featuredmedia":[{"embeddable":true,"href":"https:\/\/www.moskito.cz\/pl\/wp-json\/wp\/v2\/media\/424792"}],"wp:attachment":[{"href":"https:\/\/www.moskito.cz\/pl\/wp-json\/wp\/v2\/media?parent=424809"}],"wp:term":[{"taxonomy":"pwb-brand","embeddable":true,"href":"https:\/\/www.moskito.cz\/pl\/wp-json\/wp\/v2\/pwb-brand?post=424809"},{"taxonomy":"product_brand","embeddable":true,"href":"https:\/\/www.moskito.cz\/pl\/wp-json\/wp\/v2\/product_brand?post=424809"},{"taxonomy":"product_cat","embeddable":true,"href":"https:\/\/www.moskito.cz\/pl\/wp-json\/wp\/v2\/product_cat?post=424809"},{"taxonomy":"product_tag","embeddable":true,"href":"https:\/\/www.moskito.cz\/pl\/wp-json\/wp\/v2\/product_tag?post=424809"}],"curies":[{"name":"wp","href":"https:\/\/api.w.org\/{rel}","templated":true}]}}