{"id":425060,"date":"2024-09-26T12:57:27","date_gmt":"2024-09-26T11:57:27","guid":{"rendered":"https:\/\/www.moskito.cz\/produkt\/muszka-boker-plus-balisong-tactical-small-06ex004\/"},"modified":"2025-09-29T10:18:33","modified_gmt":"2025-09-29T09:18:33","slug":"muszka-boker-plus-balisong-tactical-small-06ex004","status":"publish","type":"product","link":"https:\/\/www.moskito.cz\/pl\/produkt\/muszka-boker-plus-balisong-tactical-small-06ex004\/","title":{"rendered":"Muszka B\u00f6ker Plus Balisong Tactical Small 06EX004"},"content":{"rendered":"<p>Muszka <strong>B\u00f6ker Plus<\/strong> Balisong Tactical Small 06EX004.<\/p>\n<p>Kompaktowy n\u00f3\u017c Boker Plus Balisong Tactical Small wyposa\u017cony jest w teksturowan\u0105 r\u0119koje\u015b\u0107 z tworzywa G10. Ostrze wykonane jest ze stali 440C i charakteryzuje si\u0119 wyrafinowanym szlifem z\u0142o\u017conym. Po zamkni\u0119ciu n\u00f3\u017c jest ca\u0142kowicie os\u0142oni\u0119ty obiema cz\u0119\u015bciami r\u0119koje\u015bci. Aby go otworzy\u0107, wystarczy ruch nadgarstka.   <\/p>\n<p>D\u0142ugo\u015b\u0107 ca\u0142kowita: 19,60 cm<br \/>\n D\u0142ugo\u015b\u0107 ostrza: 8,80 cm<br \/>\n Grubo\u015b\u0107 ostrza: 2,50 mm<br \/>\n Waga: 87,00 g<br \/>\n Materia\u0142 ostrza: 440C<br \/>\n Materia\u0142 uchwytu: G10<br \/>\n Otwieranie: r\u0119czne<br \/>\n Typ zamka: Balisong<br \/>\n Kolor: czarny<br \/>\n Numer artyku\u0142u: 06EX004<\/p>\n<p>&nbsp;<\/p>\n","protected":false},"excerpt":{"rendered":"<p><strong>Klasyczna muszka.<\/strong><\/p>\n","protected":false},"featured_media":364531,"comment_status":"closed","ping_status":"closed","template":"","meta":[],"pwb-brand":[3423],"product_brand":[],"product_cat":[3547,3296],"product_tag":[],"class_list":{"0":"post-425060","1":"product","2":"type-product","3":"status-publish","4":"has-post-thumbnail","6":"pwb-brand-bokera","7":"product_cat-muszki","8":"product_cat-noze-pl","10":"first","11":"outofstock","12":"taxable","13":"shipping-taxable","14":"purchasable","15":"product-type-simple"},"brands":[{"id":3423,"name":"Bokera","slug":"bokera"}],"_links":{"self":[{"href":"https:\/\/www.moskito.cz\/pl\/wp-json\/wp\/v2\/product\/425060","targetHints":{"allow":["GET"]}}],"collection":[{"href":"https:\/\/www.moskito.cz\/pl\/wp-json\/wp\/v2\/product"}],"about":[{"href":"https:\/\/www.moskito.cz\/pl\/wp-json\/wp\/v2\/types\/product"}],"replies":[{"embeddable":true,"href":"https:\/\/www.moskito.cz\/pl\/wp-json\/wp\/v2\/comments?post=425060"}],"wp:featuredmedia":[{"embeddable":true,"href":"https:\/\/www.moskito.cz\/pl\/wp-json\/wp\/v2\/media\/364531"}],"wp:attachment":[{"href":"https:\/\/www.moskito.cz\/pl\/wp-json\/wp\/v2\/media?parent=425060"}],"wp:term":[{"taxonomy":"pwb-brand","embeddable":true,"href":"https:\/\/www.moskito.cz\/pl\/wp-json\/wp\/v2\/pwb-brand?post=425060"},{"taxonomy":"product_brand","embeddable":true,"href":"https:\/\/www.moskito.cz\/pl\/wp-json\/wp\/v2\/product_brand?post=425060"},{"taxonomy":"product_cat","embeddable":true,"href":"https:\/\/www.moskito.cz\/pl\/wp-json\/wp\/v2\/product_cat?post=425060"},{"taxonomy":"product_tag","embeddable":true,"href":"https:\/\/www.moskito.cz\/pl\/wp-json\/wp\/v2\/product_tag?post=425060"}],"curies":[{"name":"wp","href":"https:\/\/api.w.org\/{rel}","templated":true}]}}