{"id":425105,"date":"2025-09-29T14:47:48","date_gmt":"2025-09-29T13:47:48","guid":{"rendered":"https:\/\/www.moskito.cz\/produkt\/noz-skladany-medford-prae-slim-flipper-s35vn\/"},"modified":"2025-09-30T08:19:47","modified_gmt":"2025-09-30T07:19:47","slug":"noz-skladany-medford-prae-slim-flipper-s35vn","status":"publish","type":"product","link":"https:\/\/www.moskito.cz\/pl\/produkt\/noz-skladany-medford-prae-slim-flipper-s35vn\/","title":{"rendered":"N\u00f3\u017c sk\u0142adany Medford Prae Slim Flipper S35VN"},"content":{"rendered":"<p>Gdy po raz pierwszy we\u017amiesz do r\u0119ki Medford Prae Slim Flipper, od razu poczujesz, \u017ce trzymasz w r\u0119ku n\u00f3\u017c b\u0119d\u0105cy synonimem ameryka\u0144skiej precyzji i eleganckiej wytrzyma\u0142o\u015bci. Model ze stali S35VN z tytanow\u0105 r\u0119koje\u015bci\u0105 FIM, br\u0105zowym mechanizmem spr\u0119\u017cynowym i br\u0105zowymi okuciami to idealne po\u0142\u0105czenie funkcjonalno\u015bci, estetyki i luksusu w kompaktowej obudowie. Ten Slim Flipper dowodzi, \u017ce Medford potrafi \u0142\u0105czy\u0107 lekko\u015b\u0107 i szybko\u015b\u0107 z wytrzyma\u0142o\u015bci\u0105 i trwa\u0142o\u015bci\u0105.  <\/p>\n<p>N\u00f3\u017c Prae Slim Flipper zosta\u0142 zaprojektowany z my\u015bl\u0105 o szybko\u015bci, precyzji i niezawodno\u015bci \u2013 idealny do codziennego noszenia i w sytuacjach, gdy potrzebujesz precyzyjnego narz\u0119dzia. Ka\u017cdy detal jest starannie dopracowany: od konstrukcji mechanizmu flippera, przez wyko\u0144czenie r\u0119koje\u015bci, po elementy z br\u0105zu, kt\u00f3re nadaj\u0105 no\u017cowi wyj\u0105tkowy charakter. <\/p>\n<p>Ten n\u00f3\u017c to nie tylko narz\u0119dzie &#8211; to wyraz gustu, si\u0142y i determinacji, dzi\u0119ki czemu b\u0119dzie \u015bwietnym uzupe\u0142nieniem ka\u017cdej kolekcji i niezawodnym towarzyszem w codziennych wyzwaniach.<\/p>\n<p>\ud83d\udd27 Specyfikacja techniczna<\/p>\n<p>Warto\u015b\u0107 parametru<br \/>\n D\u0142ugo\u015b\u0107 ca\u0142kowita (po roz\u0142o\u017ceniu) ok. 20,3 cm (8 cali)<br \/>\n D\u0142ugo\u015b\u0107 ostrza ok. 8,9 cm (3,5 cala)<br \/>\n Grubo\u015b\u0107 ostrza ok. 0,16\u2033 (~4,1 mm)<br \/>\n Materia\u0142 ostrza CPM-S35VN \u2013 stal nierdzewna najwy\u017cszej jako\u015bci, trwa\u0142a i d\u0142ugotrwale zachowuj\u0105ca ostro\u015b\u0107<br \/>\n Typ ostrza Drop point \u2013 wszechstronny i precyzyjny<br \/>\n Powierzchnia ostrza satynowana\/b\u0105blowana \u2013 trwa\u0142a i atrakcyjna wizualnie<br \/>\n Uchwyt tytanowy\/FIM \u2013 lekki, wytrzyma\u0142y, o eleganckim wyko\u0144czeniu<br \/>\n Br\u0105zowy mechanizm spr\u0119\u017cynowy \u2013 niezawodny i p\u0142ynny ruch p\u0142etw<br \/>\n Elementy oku\u0107 z br\u0105zu \u2013 estetyczne i trwa\u0142e dodatki<br \/>\n Zamek tytanowy Framelock \u2013 solidny i niezawodny<br \/>\n Waga ok. 6,8 uncji (\u2248 193 g)<\/p>\n<p data-start=\"1810\" data-end=\"1829\">\u2705 <strong data-start=\"1812\" data-end=\"1829\">G\u0142\u00f3wne korzy\u015bci<\/strong><\/p>\n<ul data-start=\"1831\" data-end=\"2224\">\n<li data-start=\"1831\" data-end=\"1913\">\n<p data-start=\"1833\" data-end=\"1913\">Stal premium S35VN: d\u0142ugotrwa\u0142a ostro\u015b\u0107, odporno\u015b\u0107 na korozj\u0119 i zu\u017cycie.<\/p>\n<\/li>\n<li data-start=\"1914\" data-end=\"1989\">\n<p data-start=\"1916\" data-end=\"1989\">R\u0119koje\u015b\u0107 tytanowa: lekka, bardzo wytrzyma\u0142a i precyzyjnie wyko\u0144czona metod\u0105 FIM.<\/p>\n<\/li>\n<li data-start=\"1990\" data-end=\"2060\">\n<p data-start=\"1992\" data-end=\"2060\">Elegancki mechanizm flipperowy: szybkie otwieranie i p\u0142ynna praca.<\/p>\n<\/li>\n<li data-start=\"2061\" data-end=\"2138\">\n<p data-start=\"2063\" data-end=\"2138\">Elementy z br\u0105zu: atrakcyjne wizualnie i trwa\u0142e \u2013 podkre\u015blaj\u0105 charakter no\u017ca.<\/p>\n<\/li>\n<li data-start=\"2139\" data-end=\"2224\">\n<p data-start=\"2141\" data-end=\"2224\">Kompaktowy i szybki: idealny do codziennego u\u017cytku, a jednocze\u015bnie zachowuj\u0105cy solidn\u0105, ameryka\u0144sk\u0105 jako\u015b\u0107.<\/p>\n<\/li>\n<\/ul>\n<p data-start=\"2226\" data-end=\"2246\">\u26a0\ufe0f <strong data-start=\"2229\" data-end=\"2246\">Mo\u017cliwe ograniczenia<\/strong><\/p>\n<ul data-start=\"2248\" data-end=\"2504\">\n<li data-start=\"2248\" data-end=\"2329\">\n<p data-start=\"2250\" data-end=\"2329\">Wy\u017csza cena: materia\u0142y najwy\u017cszej jako\u015bci i precyzyjne wykonanie maj\u0105 wp\u0142yw na cen\u0119 zakupu.<\/p>\n<\/li>\n<li data-start=\"2330\" data-end=\"2419\">\n<p data-start=\"2332\" data-end=\"2419\">Nie nadaje si\u0119 do intensywnego u\u017cytkowania: Slim Flipper jest lekki i szybki, nie jest tak masywny jak Praetorian.<\/p>\n<\/li>\n<li data-start=\"2420\" data-end=\"2504\">\n<p data-start=\"2422\" data-end=\"2504\">Wymaga bardziej delikatnej piel\u0119gnacji: elementy z br\u0105zu nale\u017cy chroni\u0107 przed nadmiernym \u015bcieraniem.<\/p>\n<\/li>\n<\/ul>\n<hr data-start=\"2506\" data-end=\"2509\">\n<p data-start=\"2511\" data-end=\"2532\">\ud83d\udee0\ufe0f <strong data-start=\"2515\" data-end=\"2532\">Konserwacja i piel\u0119gnacja<\/strong><\/p>\n<ul data-start=\"2534\" data-end=\"2924\">\n<li data-start=\"2534\" data-end=\"2600\">\n<p data-start=\"2536\" data-end=\"2600\">Aby zachowa\u0107 czysto\u015b\u0107 i po\u0142ysk, przetrzyj ostrze such\u0105 szmatk\u0105.<\/p>\n<\/li>\n<li data-start=\"2601\" data-end=\"2668\">\n<p data-start=\"2603\" data-end=\"2668\">Regularnie smaruj mechanizm p\u0142etwy i jej blokad\u0119 wysokiej jako\u015bci olejem.<\/p>\n<\/li>\n<li data-start=\"2669\" data-end=\"2749\">\n<p data-start=\"2671\" data-end=\"2749\">Tytanow\u0105 r\u0119koje\u015b\u0107 wystarczy czy\u015bci\u0107 &#8211; pow\u0142oka FIM zabezpiecza przed drobnymi uszkodzeniami.<\/p>\n<\/li>\n<li data-start=\"2750\" data-end=\"2924\">\n<p data-start=\"2752\" data-end=\"2924\">Do konserwacji ostrzy polecamy <strong data-start=\"2782\" data-end=\"2848\">system Spyderco Tri-Angle Sharpmaker Complete Sharpening System 204MF<\/strong> \u2013 niezawodny nawet w przypadku twardych, nowoczesnych stali. \ud83d\uded2 Mo\u017cesz go wygodnie kupi\u0107 na Moskito.cz. <\/p>\n<\/li>\n<\/ul>\n<hr data-start=\"2926\" data-end=\"2929\">\n<p data-start=\"2931\" data-end=\"2952\">\ud83c\udfaf <strong data-start=\"2934\" data-end=\"2952\">Polecane dla<\/strong><\/p>\n<ul data-start=\"2954\" data-end=\"3236\">\n<li data-start=\"2954\" data-end=\"3010\">\n<p data-start=\"2956\" data-end=\"3010\">Mi\u0142o\u015bnicy lekkich, szybkich, ale wytrzyma\u0142ych no\u017cy EDC.<\/p>\n<\/li>\n<li data-start=\"3011\" data-end=\"3087\">\n<p data-start=\"3013\" data-end=\"3087\">Kolekcjonerzy ameryka\u0144skich no\u017cy wyr\u00f3\u017cniaj\u0105cych si\u0119 eleganck\u0105 estetyk\u0105 i precyzyjnym wykonaniem.<\/p>\n<\/li>\n<li data-start=\"3088\" data-end=\"3163\">\n<p data-start=\"3090\" data-end=\"3163\">U\u017cytkownicy poszukuj\u0105cy po\u0142\u0105czenia szybkiego flippera i materia\u0142\u00f3w najwy\u017cszej jako\u015bci.<\/p>\n<\/li>\n<li data-start=\"3164\" data-end=\"3236\">\n<p data-start=\"3166\" data-end=\"3236\">Mi\u0142o\u015bnicy nowoczesnych, technicznych projekt\u00f3w z luksusowymi detalami.<\/p>\n<\/li>\n<\/ul>\n<hr data-start=\"3238\" data-end=\"3241\">\n<p data-start=\"3243\" data-end=\"3268\">\u2b50 <strong data-start=\"3245\" data-end=\"3268\">Ocena ko\u0144cowa<\/strong><\/p>\n<p data-start=\"3270\" data-end=\"3550\">Medford Prae Slim Flipper S35VN to idealne po\u0142\u0105czenie szybko\u015bci, precyzji i ameryka\u0144skiej wytrzyma\u0142o\u015bci w kompaktowej obudowie. Je\u015bli szukasz lekkiego, szybkiego, a jednocze\u015bnie wytrzyma\u0142ego no\u017ca z luksusowymi detalami, ten Slim Flipper Ci\u0119 nie zawiedzie i stanie si\u0119 jednym z Twoich ulubionych modeli w kolekcji. <\/p>\n","protected":false},"excerpt":{"rendered":"<p><strong>Medford Prae Slim Flipper S35VN to idealne po\u0142\u0105czenie szybko\u015bci, precyzji i ameryka\u0144skiej wytrzyma\u0142o\u015bci w kompaktowej obudowie. Je\u015bli szukasz lekkiego, szybkiego, a jednocze\u015bnie wytrzyma\u0142ego no\u017ca z luksusowymi detalami, ten Slim Flipper Ci\u0119 nie zawiedzie i stanie si\u0119 jednym z Twoich ulubionych modeli w kolekcji. <\/strong><\/p>\n<p><strong>Darmowa wysy\u0142ka.<\/strong><\/p>\n","protected":false},"featured_media":425088,"comment_status":"open","ping_status":"closed","template":"","meta":[],"pwb-brand":[4023],"product_brand":[],"product_cat":[3307,3296],"product_tag":[],"class_list":{"0":"post-425105","1":"product","2":"type-product","3":"status-publish","4":"has-post-thumbnail","6":"pwb-brand-medford-pl","7":"product_cat-zamykanie-nozy","8":"product_cat-noze-pl","10":"first","11":"instock","12":"taxable","13":"shipping-taxable","14":"purchasable","15":"product-type-simple"},"brands":[{"id":4023,"name":"Medford","slug":"medford-pl"}],"_links":{"self":[{"href":"https:\/\/www.moskito.cz\/pl\/wp-json\/wp\/v2\/product\/425105","targetHints":{"allow":["GET"]}}],"collection":[{"href":"https:\/\/www.moskito.cz\/pl\/wp-json\/wp\/v2\/product"}],"about":[{"href":"https:\/\/www.moskito.cz\/pl\/wp-json\/wp\/v2\/types\/product"}],"replies":[{"embeddable":true,"href":"https:\/\/www.moskito.cz\/pl\/wp-json\/wp\/v2\/comments?post=425105"}],"wp:featuredmedia":[{"embeddable":true,"href":"https:\/\/www.moskito.cz\/pl\/wp-json\/wp\/v2\/media\/425088"}],"wp:attachment":[{"href":"https:\/\/www.moskito.cz\/pl\/wp-json\/wp\/v2\/media?parent=425105"}],"wp:term":[{"taxonomy":"pwb-brand","embeddable":true,"href":"https:\/\/www.moskito.cz\/pl\/wp-json\/wp\/v2\/pwb-brand?post=425105"},{"taxonomy":"product_brand","embeddable":true,"href":"https:\/\/www.moskito.cz\/pl\/wp-json\/wp\/v2\/product_brand?post=425105"},{"taxonomy":"product_cat","embeddable":true,"href":"https:\/\/www.moskito.cz\/pl\/wp-json\/wp\/v2\/product_cat?post=425105"},{"taxonomy":"product_tag","embeddable":true,"href":"https:\/\/www.moskito.cz\/pl\/wp-json\/wp\/v2\/product_tag?post=425105"}],"curies":[{"name":"wp","href":"https:\/\/api.w.org\/{rel}","templated":true}]}}