{"id":425109,"date":"2025-09-29T14:17:42","date_gmt":"2025-09-29T13:17:42","guid":{"rendered":"https:\/\/www.moskito.cz\/produkt\/noz-skladany-medford-swift-mk206spt-42ab-tpcp-q4\/"},"modified":"2025-09-29T15:01:52","modified_gmt":"2025-09-29T14:01:52","slug":"noz-skladany-medford-swift-mk206spt-42ab-tpcp-q4","status":"publish","type":"product","link":"https:\/\/www.moskito.cz\/pl\/produkt\/noz-skladany-medford-swift-mk206spt-42ab-tpcp-q4\/","title":{"rendered":"N\u00f3\u017c sk\u0142adany Medford Swift MK206SPT-42AB-TPCP-Q4"},"content":{"rendered":"<p data-start=\"127\" data-end=\"518\">Bior\u0105c do r\u0119ki Medford Swift, od razu czujesz, \u017ce trzymasz w r\u0119ku co\u015b wi\u0119cej ni\u017c tylko scyzoryk. Swift MK206SPT-42AB-TPCP-Q4 to definicja ameryka\u0144skiego rzemios\u0142a \u2013 tytanowa r\u0119koje\u015b\u0107, wysokiej jako\u015bci ostrze S35VN i konstrukcja \u0142\u0105cz\u0105ca agresywn\u0105 elegancj\u0119 z ekstremaln\u0105 wytrzyma\u0142o\u015bci\u0105. Ten czarny model z ostrzem tanto to jak ma\u0142y, ale zab\u00f3jczy klejnot do codziennego i wymagaj\u0105cego u\u017cytku.  <\/p>\n<p data-start=\"520\" data-end=\"787\">N\u00f3\u017c Medford Swift zosta\u0142 zaprojektowany z my\u015bl\u0105 o szybko\u015bci, precyzji i niezawodno\u015bci. Ka\u017cdy szczeg\u00f3\u0142 \u2013 od surowo wyko\u0144czonego ostrza po solidn\u0105 tytanow\u0105 ram\u0119 \u2013 jest starannie przemy\u015blany. Zapewnia poczucie bezpiecze\u0144stwa i stylu, czyni\u0105c go nie tylko narz\u0119dziem, ale tak\u017ce wyj\u0105tkowym dodatkiem do Twojej kolekcji.  <\/p>\n<p data-start=\"789\" data-end=\"929\">Ten n\u00f3\u017c nie jest dla ka\u017cdego. Wymaga szacunku i pewnej r\u0119ki, ale odwdzi\u0119cza si\u0119 niezawodno\u015bci\u0105 i funkcjonalno\u015bci\u0105, kt\u00f3rych pr\u00f3\u017cno szuka\u0107 gdzie indziej. <\/p>\n<hr data-start=\"931\" data-end=\"934\">\n<p data-start=\"936\" data-end=\"964\">\ud83d\udd27 <strong data-start=\"939\" data-end=\"964\">Specyfikacja techniczna<\/strong><\/p>\n<div class=\"_tableContainer_1rjym_1\">\n<div class=\"group _tableWrapper_1rjym_13 flex w-fit flex-col-reverse\" tabindex=\"-1\">\n<table class=\"w-fit min-w-(--thread-content-width)\" data-start=\"966\" data-end=\"1513\">\n<thead data-start=\"966\" data-end=\"988\">\n<tr data-start=\"966\" data-end=\"988\">\n<th data-start=\"966\" data-end=\"977\" data-col-size=\"sm\">Parametr<\/th>\n<th data-start=\"977\" data-end=\"988\" data-col-size=\"md\">Warto\u015b\u0107<\/th>\n<\/tr>\n<\/thead>\n<tbody data-start=\"1012\" data-end=\"1513\">\n<tr data-start=\"1012\" data-end=\"1061\">\n<td data-start=\"1012\" data-end=\"1039\" data-col-size=\"sm\">D\u0142ugo\u015b\u0107 ca\u0142kowita (otwarta)<\/td>\n<td data-start=\"1039\" data-end=\"1061\" data-col-size=\"md\">ok. 21 cm (8,5 cala)<\/td>\n<\/tr>\n<tr data-start=\"1062\" data-end=\"1099\">\n<td data-start=\"1062\" data-end=\"1077\" data-col-size=\"sm\">D\u0142ugo\u015b\u0107 ostrza<\/td>\n<td data-start=\"1077\" data-end=\"1099\" data-col-size=\"md\">ok. 9 cm (3,85 cala)<\/td>\n<\/tr>\n<tr data-start=\"1100\" data-end=\"1141\">\n<td data-start=\"1100\" data-end=\"1118\" data-col-size=\"sm\">Grubo\u015b\u0107 ostrza<\/td>\n<td data-start=\"1118\" data-end=\"1141\" data-col-size=\"md\">ok. 0,18\u2033 (~4,6 mm)<\/td>\n<\/tr>\n<tr data-start=\"1142\" data-end=\"1239\">\n<td data-start=\"1142\" data-end=\"1160\" data-col-size=\"sm\">Materia\u0142 ostrza<\/td>\n<td data-start=\"1160\" data-end=\"1239\" data-col-size=\"md\">CPM-S35VN \u2013 stal nierdzewna najwy\u017cszej jako\u015bci, doskona\u0142a trwa\u0142o\u015b\u0107 i d\u0142ugotrwa\u0142a ostro\u015b\u0107<\/td>\n<\/tr>\n<tr data-start=\"1240\" data-end=\"1290\">\n<td data-start=\"1240\" data-end=\"1253\" data-col-size=\"sm\">Typ ostrza<\/td>\n<td data-start=\"1253\" data-end=\"1290\" data-col-size=\"md\">Tanto \u2013 agresywna i trwa\u0142a ko\u0144c\u00f3wka<\/td>\n<\/tr>\n<tr data-start=\"1291\" data-end=\"1356\">\n<td data-start=\"1291\" data-end=\"1307\" data-col-size=\"sm\">Powierzchnia ostrza<\/td>\n<td data-start=\"1307\" data-end=\"1356\" data-col-size=\"md\">Wyko\u0144czenie b\u0119bnowane \u2013 wytrzyma\u0142e i estetycznie wyr\u00f3\u017cniaj\u0105ce si\u0119<\/td>\n<\/tr>\n<tr data-start=\"1357\" data-end=\"1422\">\n<td data-start=\"1357\" data-end=\"1367\" data-col-size=\"sm\">Uchwyt<\/td>\n<td data-start=\"1367\" data-end=\"1422\" data-col-size=\"md\">Rama tytanowa (blokada ramy) \u2013 wytrzyma\u0142o\u015b\u0107, niska waga<\/td>\n<\/tr>\n<tr data-start=\"1423\" data-end=\"1477\">\n<td data-start=\"1423\" data-end=\"1431\" data-col-size=\"sm\">Zamek<\/td>\n<td data-start=\"1431\" data-end=\"1477\" data-col-size=\"md\">Tytanowa blokada ramy \u2013 niezawodna i wytrzyma\u0142a<\/td>\n<\/tr>\n<tr data-start=\"1478\" data-end=\"1513\">\n<td data-start=\"1478\" data-end=\"1489\" data-col-size=\"sm\">Waga<\/td>\n<td data-start=\"1489\" data-end=\"1513\" data-col-size=\"md\">ok. 8,5 uncji (\u2248 241 g)<\/td>\n<\/tr>\n<\/tbody>\n<\/table>\n<\/div>\n<\/div>\n<div class=\"group _tableWrapper_1rjym_13 flex w-fit flex-col-reverse\" tabindex=\"-1\"><\/div>\n<div tabindex=\"-1\">\n<p data-start=\"1520\" data-end=\"1539\">\u2705 <strong data-start=\"1522\" data-end=\"1539\">G\u0142\u00f3wne korzy\u015bci<\/strong><\/p>\n<ul data-start=\"1541\" data-end=\"1960\">\n<li data-start=\"1541\" data-end=\"1629\">\n<p data-start=\"1543\" data-end=\"1629\">Stal premium S35VN: odporna na zu\u017cycie, d\u0142ugotrwale ostra i \u0142atwa w konserwacji.<\/p>\n<\/li>\n<li data-start=\"1630\" data-end=\"1715\">\n<p data-start=\"1632\" data-end=\"1715\">Konstrukcja tytanowa: lekka, ale niezwykle wytrzyma\u0142a \u2013 zapewnia poczucie jako\u015bci przy ka\u017cdym chwycie.<\/p>\n<\/li>\n<li data-start=\"1716\" data-end=\"1793\">\n<p data-start=\"1718\" data-end=\"1793\">Ostrze Tanto: idealne do przek\u0142uwania i mocnego ci\u0119cia, odporne na odkszta\u0142cenia.<\/p>\n<\/li>\n<li data-start=\"1794\" data-end=\"1889\">\n<p data-start=\"1796\" data-end=\"1889\">Precyzyjna ameryka\u0144ska produkcja: ka\u017cdy egzemplarz wyko\u0144czony r\u0119cznie w Arizonie, projekt z dusz\u0105 i charakterem.<\/p>\n<\/li>\n<li data-start=\"1890\" data-end=\"1960\">\n<p data-start=\"1892\" data-end=\"1960\">Powierzchnia b\u0119bnowana: estetycznie atrakcyjna i jednocze\u015bnie odporna na \u015bcieranie.<\/p>\n<\/li>\n<\/ul>\n<p data-start=\"1962\" data-end=\"1982\">\u26a0\ufe0f <strong data-start=\"1965\" data-end=\"1982\">Mo\u017cliwe ograniczenia<\/strong><\/p>\n<ul data-start=\"1984\" data-end=\"2202\">\n<li data-start=\"1984\" data-end=\"2073\">\n<p data-start=\"1986\" data-end=\"2073\">Waga: odczuwa si\u0119 ponad 240 g &#8211; ze wzgl\u0119du na wag\u0119 bro\u0144 bardziej nadaje si\u0119 do ci\u0119\u017cszych zada\u0144 lub EDC.<\/p>\n<\/li>\n<li data-start=\"2074\" data-end=\"2131\">\n<p data-start=\"2076\" data-end=\"2131\">Cena: wysoka jako\u015b\u0107 materia\u0142\u00f3w i wykonania znajduje odzwierciedlenie w cenie.<\/p>\n<\/li>\n<li data-start=\"2132\" data-end=\"2202\">\n<p data-start=\"2134\" data-end=\"2202\">Design: agresywny i techniczny \u2013 bardziej narz\u0119dzie ni\u017c elegancki prezent.<\/p>\n<\/li>\n<\/ul>\n<hr data-start=\"2204\" data-end=\"2207\">\n<p data-start=\"2209\" data-end=\"2230\">\ud83d\udee0\ufe0f <strong data-start=\"2213\" data-end=\"2230\">Konserwacja i piel\u0119gnacja<\/strong><\/p>\n<ul data-start=\"2232\" data-end=\"2616\">\n<li data-start=\"2232\" data-end=\"2305\">\n<p data-start=\"2234\" data-end=\"2305\">Regularnie przecieraj ostrze such\u0105 szmatk\u0105, aby zachowa\u0107 jego powierzchni\u0119 i ostro\u015b\u0107.<\/p>\n<\/li>\n<li data-start=\"2306\" data-end=\"2375\">\n<p data-start=\"2308\" data-end=\"2375\">Nasmaruj ruchome cz\u0119\u015bci (zamek, sworze\u0144) wysokiej jako\u015bci olejem.<\/p>\n<\/li>\n<li data-start=\"2376\" data-end=\"2444\">\n<p data-start=\"2378\" data-end=\"2444\">Uchwyt tytanowy jest trwa\u0142y, ale chroni powierzchni\u0119 przed silnym tarciem.<\/p>\n<\/li>\n<li data-start=\"2445\" data-end=\"2616\">\n<p data-start=\"2447\" data-end=\"2616\">Do konserwacji ostrzy polecamy <strong data-start=\"2477\" data-end=\"2543\">system Spyderco Tri-Angle Sharpmaker Complete Sharpening System 204MF<\/strong> \u2013 idealny nawet do twardych, nowoczesnych stali. \ud83d\uded2 Mo\u017cesz go wygodnie kupi\u0107 na Moskito.cz. <\/p>\n<\/li>\n<\/ul>\n<hr data-start=\"2618\" data-end=\"2621\">\n<p data-start=\"2623\" data-end=\"2644\">\ud83c\udfaf <strong data-start=\"2626\" data-end=\"2644\">Polecane dla<\/strong><\/p>\n<ul data-start=\"2646\" data-end=\"2902\">\n<li data-start=\"2646\" data-end=\"2697\">\n<p data-start=\"2648\" data-end=\"2697\">Mi\u0142o\u015bnicy ameryka\u0144skich, solidnych no\u017cy EDC.<\/p>\n<\/li>\n<li data-start=\"2698\" data-end=\"2765\">\n<p data-start=\"2700\" data-end=\"2765\">U\u017cytkownicy poszukuj\u0105cy szybkiego, precyzyjnego i wytrzyma\u0142ego no\u017ca z ostrzem tanto.<\/p>\n<\/li>\n<li data-start=\"2766\" data-end=\"2842\">\n<p data-start=\"2768\" data-end=\"2842\">Kolekcjonerzy, kt\u00f3rzy chc\u0105 wzbogaci\u0107 swoj\u0105 kolekcj\u0119 o wyj\u0105tkowy, a zarazem funkcjonalny przedmiot.<\/p>\n<\/li>\n<li data-start=\"2843\" data-end=\"2902\">\n<p data-start=\"2845\" data-end=\"2902\">Mi\u0142o\u015bnicy technicznych projekt\u00f3w o agresywnym charakterze.<\/p>\n<\/li>\n<\/ul>\n<hr data-start=\"2904\" data-end=\"2907\">\n<p data-start=\"2909\" data-end=\"2934\">\u2b50 <strong data-start=\"2911\" data-end=\"2934\">Ocena ko\u0144cowa<\/strong><\/p>\n<p data-start=\"2936\" data-end=\"3187\">Medford Swift MK206SPT-42AB-TPCP-Q4 to eleganckie i zab\u00f3jcze po\u0142\u0105czenie designu i wydajno\u015bci. Ten n\u00f3\u017c sprawdzi si\u0119 w codziennych zadaniach, trudnych sytuacjach i krytycznych momentach. Je\u015bli szukasz ameryka\u0144skiej precyzji, wytrzyma\u0142o\u015bci i wizualnej atrakcyjno\u015bci w jednym, Swift to oczywisty wyb\u00f3r.  <\/p>\n<hr data-start=\"3189\" data-end=\"3192\">\n<\/div>\n","protected":false},"excerpt":{"rendered":"<p><strong>Medford Swift MK206SPT-42AB-TPCP-Q4 to eleganckie i zab\u00f3jcze po\u0142\u0105czenie designu i wydajno\u015bci. Ten n\u00f3\u017c sprawdzi si\u0119 w codziennych zadaniach, trudnych sytuacjach i krytycznych momentach. Je\u015bli szukasz ameryka\u0144skiej precyzji, wytrzyma\u0142o\u015bci i wizualnej atrakcyjno\u015bci w jednym, Swift to oczywisty wyb\u00f3r.  <\/strong><\/p>\n<p><strong>Darmowa wysy\u0142ka.<\/strong><\/p>\n","protected":false},"featured_media":425071,"comment_status":"open","ping_status":"closed","template":"","meta":[],"pwb-brand":[4023],"product_brand":[],"product_cat":[3307,3296],"product_tag":[],"class_list":{"0":"post-425109","1":"product","2":"type-product","3":"status-publish","4":"has-post-thumbnail","6":"pwb-brand-medford-pl","7":"product_cat-zamykanie-nozy","8":"product_cat-noze-pl","10":"first","11":"outofstock","12":"taxable","13":"shipping-taxable","14":"purchasable","15":"product-type-simple"},"brands":[{"id":4023,"name":"Medford","slug":"medford-pl"}],"_links":{"self":[{"href":"https:\/\/www.moskito.cz\/pl\/wp-json\/wp\/v2\/product\/425109","targetHints":{"allow":["GET"]}}],"collection":[{"href":"https:\/\/www.moskito.cz\/pl\/wp-json\/wp\/v2\/product"}],"about":[{"href":"https:\/\/www.moskito.cz\/pl\/wp-json\/wp\/v2\/types\/product"}],"replies":[{"embeddable":true,"href":"https:\/\/www.moskito.cz\/pl\/wp-json\/wp\/v2\/comments?post=425109"}],"wp:featuredmedia":[{"embeddable":true,"href":"https:\/\/www.moskito.cz\/pl\/wp-json\/wp\/v2\/media\/425071"}],"wp:attachment":[{"href":"https:\/\/www.moskito.cz\/pl\/wp-json\/wp\/v2\/media?parent=425109"}],"wp:term":[{"taxonomy":"pwb-brand","embeddable":true,"href":"https:\/\/www.moskito.cz\/pl\/wp-json\/wp\/v2\/pwb-brand?post=425109"},{"taxonomy":"product_brand","embeddable":true,"href":"https:\/\/www.moskito.cz\/pl\/wp-json\/wp\/v2\/product_brand?post=425109"},{"taxonomy":"product_cat","embeddable":true,"href":"https:\/\/www.moskito.cz\/pl\/wp-json\/wp\/v2\/product_cat?post=425109"},{"taxonomy":"product_tag","embeddable":true,"href":"https:\/\/www.moskito.cz\/pl\/wp-json\/wp\/v2\/product_tag?post=425109"}],"curies":[{"name":"wp","href":"https:\/\/api.w.org\/{rel}","templated":true}]}}