{"id":425184,"date":"2025-09-29T15:45:03","date_gmt":"2025-09-29T14:45:03","guid":{"rendered":"https:\/\/www.moskito.cz\/produkt\/noz-skladany-medford-slim-midi-mkd201std-38a3-tfcf-q4\/"},"modified":"2025-09-30T08:19:25","modified_gmt":"2025-09-30T07:19:25","slug":"noz-skladany-medford-slim-midi-mkd201std-38a3-tfcf-q4","status":"publish","type":"product","link":"https:\/\/www.moskito.cz\/pl\/produkt\/noz-skladany-medford-slim-midi-mkd201std-38a3-tfcf-q4\/","title":{"rendered":"N\u00f3\u017c sk\u0142adany Medford Slim Midi MKD201STD-38A3-TFCF-Q4"},"content":{"rendered":"<p>Gdy po raz pierwszy we\u017amiesz do r\u0119ki n\u00f3\u017c Medford Slim Midi MKD201STD-38A3-TFCF-Q4, od razu poczujesz, \u017ce trzymasz w r\u0119ku n\u00f3\u017c \u0142\u0105cz\u0105cy lekko\u015b\u0107, szybko\u015b\u0107 i precyzj\u0119 ameryka\u0144skiej konstrukcji. Ten model posiada wysokiej jako\u015bci ostrze ze stali S35VN, tytanow\u0105 r\u0119koje\u015b\u0107 Violet TFCF oraz praktyczne akcesoria FLM, kt\u00f3re zapewniaj\u0105 niezawodne dzia\u0142anie i elegancki wygl\u0105d. Slim Midi to idealne po\u0142\u0105czenie kompaktowo\u015bci i wytrzyma\u0142o\u015bci, idealne do codziennego noszenia i w wymagaj\u0105cych sytuacjach.  <\/p>\n<p>Ka\u017cdy szczeg\u00f3\u0142 no\u017ca \u2013 od kszta\u0142tu ostrza, przez wyko\u0144czenie r\u0119koje\u015bci, po okucia \u2013 zosta\u0142 pieczo\u0142owicie wykonany, dzi\u0119ki czemu Slim Midi MKD201STD to nie tylko narz\u0119dzie, ale tak\u017ce wizualnie efektowny dodatek do kolekcji dla kolekcjoner\u00f3w i aktywnych u\u017cytkownik\u00f3w. <\/p>\n<p>N\u00f3\u017c przeznaczony dla os\u00f3b poszukuj\u0105cych szybkiego, precyzyjnego i niezawodnego narz\u0119dzia EDC \u2013 lekkiego, eleganckiego, a jednocze\u015bnie wytrzyma\u0142ego.<\/p>\n<p>\ud83d\udd27 Specyfikacja techniczna<\/p>\n<p>Warto\u015b\u0107 parametru<br \/>\n D\u0142ugo\u015b\u0107 ca\u0142kowita (po roz\u0142o\u017ceniu) ok. 20,5 cm (8,1\u2033)<br \/>\n D\u0142ugo\u015b\u0107 ostrza ok. 8,8 cm (3,45\u2033)<br \/>\n Grubo\u015b\u0107 ostrza ok. 0,16\u2033 (~4,1 mm)<br \/>\n Materia\u0142 ostrza CPM-S35VN \u2013 stal nierdzewna najwy\u017cszej jako\u015bci, trwa\u0142a i d\u0142ugotrwale zachowuj\u0105ca ostro\u015b\u0107<br \/>\n Typ ostrza Drop point \u2013 wszechstronny i precyzyjny<br \/>\n Powierzchnia ostrza satynowana\/b\u0105blowana \u2013 trwa\u0142a i atrakcyjna wizualnie<br \/>\n Uchwyt Titan TFCF Violet \u2013 lekki, wytrzyma\u0142y, efektowny wizualnie<br \/>\n Sprz\u0119t FLM \u2013 trwa\u0142y i praktyczny dodatek<br \/>\n Zamek tytanowy Framelock \u2013 solidny i niezawodny<br \/>\n Waga ok. 6,7 uncji (\u2248 190 g)<\/p>\n<p data-start=\"1591\" data-end=\"1610\">\u2705 <strong data-start=\"1593\" data-end=\"1610\">G\u0142\u00f3wne korzy\u015bci<\/strong><\/p>\n<ul data-start=\"1612\" data-end=\"2007\">\n<li data-start=\"1612\" data-end=\"1684\">\n<p data-start=\"1614\" data-end=\"1684\">Stal premium S35VN: odporna na zu\u017cycie, d\u0142ugotrwale ostra.<\/p>\n<\/li>\n<li data-start=\"1685\" data-end=\"1779\">\n<p data-start=\"1687\" data-end=\"1779\">R\u0119koje\u015b\u0107 tytanowa TFCF Violet: lekka, bardzo wytrzyma\u0142a i o atrakcyjnej wizualnie powierzchni.<\/p>\n<\/li>\n<li data-start=\"1780\" data-end=\"1859\">\n<p data-start=\"1782\" data-end=\"1859\">Ostrze typu Drop Point: uniwersalne i precyzyjne, do codziennych i bardziej wymagaj\u0105cych zada\u0144.<\/p>\n<\/li>\n<li data-start=\"1860\" data-end=\"1935\">\n<p data-start=\"1862\" data-end=\"1935\">Sprz\u0119t FLM: praktyczny i trwa\u0142y dodatek zwi\u0119kszaj\u0105cy funkcjonalno\u015b\u0107 no\u017ca.<\/p>\n<\/li>\n<li data-start=\"1936\" data-end=\"2007\">\n<p data-start=\"1938\" data-end=\"2007\">Kompaktowa i lekka konstrukcja: idealna do szybkiego EDC i precyzyjnego ci\u0119cia.<\/p>\n<\/li>\n<\/ul>\n<p data-start=\"2009\" data-end=\"2029\">\u26a0\ufe0f <strong data-start=\"2012\" data-end=\"2029\">Mo\u017cliwe ograniczenia<\/strong><\/p>\n<ul data-start=\"2031\" data-end=\"2283\">\n<li data-start=\"2031\" data-end=\"2110\">\n<p data-start=\"2033\" data-end=\"2110\">Wysoka cena: odzwierciedla wykorzystanie materia\u0142\u00f3w najwy\u017cszej jako\u015bci i precyzyjne, r\u0119czne wykonanie.<\/p>\n<\/li>\n<li data-start=\"2111\" data-end=\"2194\">\n<p data-start=\"2113\" data-end=\"2194\">Nie nadaje si\u0119 do ci\u0119\u017ckich prac mechanicznych: Slim Midi zosta\u0142 zaprojektowany do szybkiego i precyzyjnego u\u017cytkowania.<\/p>\n<\/li>\n<li data-start=\"2195\" data-end=\"2283\">\n<p data-start=\"2197\" data-end=\"2283\">Powierzchnia uchwytu wymaga szczeg\u00f3lnej piel\u0119gnacji: nale\u017cy chroni\u0107 tytan oraz elementy oku\u0107 przed nadmiernym \u015bcieraniem.<\/p>\n<\/li>\n<\/ul>\n<hr data-start=\"2285\" data-end=\"2288\">\n<p data-start=\"2290\" data-end=\"2311\">\ud83d\udee0\ufe0f <strong data-start=\"2294\" data-end=\"2311\">Konserwacja i piel\u0119gnacja<\/strong><\/p>\n<ul data-start=\"2313\" data-end=\"2734\">\n<li data-start=\"2313\" data-end=\"2386\">\n<p data-start=\"2315\" data-end=\"2386\">Regularnie przecieraj ostrze such\u0105 szmatk\u0105, aby zachowa\u0107 jego po\u0142ysk i czysto\u015b\u0107.<\/p>\n<\/li>\n<li data-start=\"2387\" data-end=\"2469\">\n<p data-start=\"2389\" data-end=\"2469\">Aby zapewni\u0107 d\u0142ugotrwa\u0142\u0105 niezawodno\u015b\u0107, nale\u017cy smarowa\u0107 elementy sprz\u0119towe i zamki wysokiej jako\u015bci olejem.<\/p>\n<\/li>\n<li data-start=\"2470\" data-end=\"2564\">\n<p data-start=\"2472\" data-end=\"2564\">Uchwyt tytanowy nale\u017cy czy\u015bci\u0107 delikatnie \u2013 powierzchnia jest trwa\u0142a, ale chroni j\u0105 przed silnym tarciem.<\/p>\n<\/li>\n<li data-start=\"2565\" data-end=\"2734\">\n<p data-start=\"2567\" data-end=\"2734\">Do konserwacji ostrzy polecamy <strong data-start=\"2597\" data-end=\"2663\">system Spyderco Tri-Angle Sharpmaker Complete Sharpening System 204MF<\/strong> \u2013 idealny do twardych, nowoczesnych stali. \ud83d\uded2 Kupuj wygodnie na Moskito.cz. <\/p>\n<\/li>\n<\/ul>\n<hr data-start=\"2736\" data-end=\"2739\">\n<p data-start=\"2741\" data-end=\"2762\">\ud83c\udfaf <strong data-start=\"2744\" data-end=\"2762\">Polecane dla<\/strong><\/p>\n<ul data-start=\"2764\" data-end=\"3063\">\n<li data-start=\"2764\" data-end=\"2838\">\n<p data-start=\"2766\" data-end=\"2838\">Mi\u0142o\u015bnicy lekkich, szybkich i precyzyjnych no\u017cy EDC o ameryka\u0144skim designie.<\/p>\n<\/li>\n<li data-start=\"2839\" data-end=\"2915\">\n<p data-start=\"2841\" data-end=\"2915\">Kolekcjonerzy poszukuj\u0105cy eleganckiego i wytrzyma\u0142ego no\u017ca z charakterystyczn\u0105 r\u0119koje\u015bci\u0105.<\/p>\n<\/li>\n<li data-start=\"2916\" data-end=\"2996\">\n<p data-start=\"2918\" data-end=\"2996\">U\u017cytkownicy poszukuj\u0105cy po\u0142\u0105czenia lekko\u015bci, niezawodno\u015bci i precyzyjnej konstrukcji.<\/p>\n<\/li>\n<li data-start=\"2997\" data-end=\"3063\">\n<p data-start=\"2999\" data-end=\"3063\">Mi\u0142o\u015bnicy nowoczesnych, technicznych projekt\u00f3w z identyfikacj\u0105 wizualn\u0105.<\/p>\n<\/li>\n<\/ul>\n<hr data-start=\"3065\" data-end=\"3068\">\n<p data-start=\"3070\" data-end=\"3095\">\u2b50 <strong data-start=\"3072\" data-end=\"3095\">Ocena ko\u0144cowa<\/strong><\/p>\n<p data-start=\"3097\" data-end=\"3401\">Medford Slim Midi MKD201STD-38A3-TFCF-Q4 to idealne po\u0142\u0105czenie szybko\u015bci, precyzji i ameryka\u0144skiej jako\u015bci. Ten n\u00f3\u017c oferuje niezawodno\u015b\u0107, solidno\u015b\u0107 i charakter, kt\u00f3re doceni\u0105 kolekcjonerzy i aktywni u\u017cytkownicy. Je\u015bli szukasz lekkiego, szybkiego i wytrzyma\u0142ego narz\u0119dzia EDC z eleganckim uchwytem, \u200b\u200bSlim Midi to oczywisty wyb\u00f3r.  <\/p>\n","protected":false},"excerpt":{"rendered":"<p><strong>Medford Slim Midi MKD201STD-38A3-TFCF-Q4 to idealne po\u0142\u0105czenie szybko\u015bci, precyzji i ameryka\u0144skiej jako\u015bci. Ten n\u00f3\u017c oferuje niezawodno\u015b\u0107, solidno\u015b\u0107 i charakter, kt\u00f3re doceni\u0105 kolekcjonerzy i aktywni u\u017cytkownicy. Je\u015bli szukasz lekkiego, szybkiego i wytrzyma\u0142ego narz\u0119dzia EDC z eleganckim uchwytem, \u200b\u200bSlim Midi to oczywisty wyb\u00f3r.  <\/strong><\/p>\n<p><strong>Darmowa wysy\u0142ka.<\/strong><\/p>\n","protected":false},"featured_media":425158,"comment_status":"open","ping_status":"closed","template":"","meta":[],"pwb-brand":[4023],"product_brand":[],"product_cat":[3307,3296],"product_tag":[],"class_list":{"0":"post-425184","1":"product","2":"type-product","3":"status-publish","4":"has-post-thumbnail","6":"pwb-brand-medford-pl","7":"product_cat-zamykanie-nozy","8":"product_cat-noze-pl","10":"first","11":"instock","12":"taxable","13":"shipping-taxable","14":"purchasable","15":"product-type-simple"},"brands":[{"id":4023,"name":"Medford","slug":"medford-pl"}],"_links":{"self":[{"href":"https:\/\/www.moskito.cz\/pl\/wp-json\/wp\/v2\/product\/425184","targetHints":{"allow":["GET"]}}],"collection":[{"href":"https:\/\/www.moskito.cz\/pl\/wp-json\/wp\/v2\/product"}],"about":[{"href":"https:\/\/www.moskito.cz\/pl\/wp-json\/wp\/v2\/types\/product"}],"replies":[{"embeddable":true,"href":"https:\/\/www.moskito.cz\/pl\/wp-json\/wp\/v2\/comments?post=425184"}],"wp:featuredmedia":[{"embeddable":true,"href":"https:\/\/www.moskito.cz\/pl\/wp-json\/wp\/v2\/media\/425158"}],"wp:attachment":[{"href":"https:\/\/www.moskito.cz\/pl\/wp-json\/wp\/v2\/media?parent=425184"}],"wp:term":[{"taxonomy":"pwb-brand","embeddable":true,"href":"https:\/\/www.moskito.cz\/pl\/wp-json\/wp\/v2\/pwb-brand?post=425184"},{"taxonomy":"product_brand","embeddable":true,"href":"https:\/\/www.moskito.cz\/pl\/wp-json\/wp\/v2\/product_brand?post=425184"},{"taxonomy":"product_cat","embeddable":true,"href":"https:\/\/www.moskito.cz\/pl\/wp-json\/wp\/v2\/product_cat?post=425184"},{"taxonomy":"product_tag","embeddable":true,"href":"https:\/\/www.moskito.cz\/pl\/wp-json\/wp\/v2\/product_tag?post=425184"}],"curies":[{"name":"wp","href":"https:\/\/api.w.org\/{rel}","templated":true}]}}