{"id":425322,"date":"2025-10-01T09:06:24","date_gmt":"2025-10-01T08:06:24","guid":{"rendered":"https:\/\/www.moskito.cz\/produkt\/noz-skladany-medford-slim-midi-mk201spt-30pv-t1c1-bn\/"},"modified":"2025-10-01T09:35:18","modified_gmt":"2025-10-01T08:35:18","slug":"noz-skladany-medford-slim-midi-mk201spt-30pv-t1c1-bn","status":"publish","type":"product","link":"https:\/\/www.moskito.cz\/pl\/produkt\/noz-skladany-medford-slim-midi-mk201spt-30pv-t1c1-bn\/","title":{"rendered":"N\u00f3\u017c sk\u0142adany Medford Slim Midi MK201SPT-30PV-T1C1-BN"},"content":{"rendered":"<p>Medford Slim Midi MK201SPT-30PV-T1C1-BN \u2013 Elegancja w smuk\u0142ej obudowie i pe\u0142na moc<\/p>\n<p>Medford Slim Midi MK201SPT-30PV-T1C1-BN to przyk\u0142ad tego, jak n\u00f3\u017c sk\u0142adany mo\u017ce by\u0107 jednocze\u015bnie subtelny i bezkompromisowo wytrzyma\u0142y. Ten model \u0142\u0105czy kultowy design Medford ze smuklejsz\u0105 sylwetk\u0105, dzi\u0119ki czemu jest wygodny w codziennym noszeniu, nie trac\u0105c przy tym legendarnej wytrzyma\u0142o\u015bci. <\/p>\n<p>Ostrze wykonane jest z najwy\u017cszej jako\u015bci ameryka\u0144skiej stali nierdzewnej CPM-S35VN z pow\u0142ok\u0105 PVD, zapewniaj\u0105c\u0105 wyj\u0105tkow\u0105 odporno\u015b\u0107 na zu\u017cycie i doskona\u0142e trzymanie ostro\u015bci. Tytanowa r\u0119koje\u015b\u0107 z wyko\u0144czeniem w kolorze br\u0105zu, wyposa\u017cona w okucia PVD i os\u0142on\u0119 palc\u00f3w, nadaje no\u017cowi solidny wygl\u0105d i doskona\u0142\u0105 ergonomi\u0119. Kszta\u0142t ostrza Tanto podkre\u015bla jego taktyczny charakter i zapewnia maksymaln\u0105 penetracj\u0119 nawet w trudnych warunkach.  <\/p>\n<p>Slim Midi to n\u00f3\u017c dla tych, kt\u00f3rzy chc\u0105 nosi\u0107 w kieszeni prawdziwy przyk\u0142ad ameryka\u0144skiej precyzji wykonania \u2013 l\u017cejszy, bardziej elegancki, ale wci\u0105\u017c niezwykle wytrzyma\u0142y.<\/p>\n<p>\ud83d\udd27 Specyfikacja techniczna<br \/>\n Warto\u015b\u0107 parametru<br \/>\n D\u0142ugo\u015b\u0107 ca\u0142kowita (po roz\u0142o\u017ceniu) ok. 21,6 cm (8,5\u2033)<br \/>\n D\u0142ugo\u015b\u0107 ostrza ok. 9,5 cm (3,75\u2033)<br \/>\n Grubo\u015b\u0107 ostrza ok. 0,125\u2033 (~3,2 mm)<br \/>\n Materia\u0142 ostrza CPM-S35VN \u2013 najwy\u017cszej jako\u015bci stal nierdzewna, doskona\u0142e po\u0142\u0105czenie wytrzyma\u0142o\u015bci i trwa\u0142o\u015bci<br \/>\n Typ ostrza Tanto \u2013 maksymalna penetracja, wytrzyma\u0142o\u015b\u0107 ko\u0144c\u00f3wki<br \/>\n Powierzchnia ostrza PVD \u2013 elegancki, trwa\u0142y i dyskretny wygl\u0105d<br \/>\n R\u0119koje\u015b\u0107 tytanowa \u2013 wyko\u0144czenie w kolorze br\u0105zowym, lekka i niezwykle wytrzyma\u0142a<br \/>\n Okucia PVD \u2013 odporne na uszkodzenia, podkre\u015blaj\u0105ce ekskluzywny wygl\u0105d<br \/>\n Zamek tytanowy Framelock \u2013 solidny i niezawodny<br \/>\n Waga ok. 136 g (4,8 uncji)<\/p>\n<h2 data-start=\"1725\" data-end=\"1743\">\u2705 G\u0142\u00f3wne korzy\u015bci<\/h2>\n<ul data-start=\"1745\" data-end=\"2199\">\n<li data-start=\"1745\" data-end=\"1853\">\n<p data-start=\"1747\" data-end=\"1853\"><strong data-start=\"1747\" data-end=\"1774\">Stal najwy\u017cszej jako\u015bci CPM-S35VN<\/strong> \u2013 doskona\u0142e utrzymywanie ostro\u015bci, wytrzyma\u0142o\u015b\u0107 i \u0142atwiejsze ostrzenie ni\u017c w przypadku stali S90V\/S110V.<\/p>\n<\/li>\n<li data-start=\"1854\" data-end=\"1933\">\n<p data-start=\"1856\" data-end=\"1933\"><strong data-start=\"1856\" data-end=\"1894\">Uchwyt tytanowy w wyko\u0144czeniu z br\u0105zu<\/strong> \u2013 elegancki, lekki, niezwykle trwa\u0142y.<\/p>\n<\/li>\n<li data-start=\"1934\" data-end=\"2026\">\n<p data-start=\"1936\" data-end=\"2026\"><strong data-start=\"1936\" data-end=\"1967\">Okucia PVD i os\u0142ona palc\u00f3w<\/strong> \u2013 funkcjonalne, atrakcyjne wizualnie i wyd\u0142u\u017caj\u0105ce \u017cywotno\u015b\u0107 no\u017ca.<\/p>\n<\/li>\n<li data-start=\"2027\" data-end=\"2106\">\n<p data-start=\"2029\" data-end=\"2106\"><strong data-start=\"2029\" data-end=\"2044\">Ostrze Tanto<\/strong> \u2013 idealne do zada\u0144 penetruj\u0105cych i wymagaj\u0105cych, o charakterze taktycznym.<\/p>\n<\/li>\n<li data-start=\"2107\" data-end=\"2199\">\n<p data-start=\"2109\" data-end=\"2199\"><strong data-start=\"2109\" data-end=\"2129\">Smuklejszy profil<\/strong> \u2013 lepiej mie\u015bci si\u0119 w kieszeni, przy jednoczesnym zachowaniu wytrzyma\u0142o\u015bci Medford.<\/p>\n<\/li>\n<\/ul>\n<hr data-start=\"2201\" data-end=\"2204\">\n<h2 data-start=\"2206\" data-end=\"2225\">\u26a0\ufe0f Mo\u017cliwe ograniczenia<\/h2>\n<ul data-start=\"2227\" data-end=\"2485\">\n<li data-start=\"2227\" data-end=\"2301\">\n<p data-start=\"2229\" data-end=\"2301\"><strong data-start=\"2229\" data-end=\"2243\">Wy\u017csza cena<\/strong> \u2013 wynika z r\u0119cznego wykonania i u\u017cytych materia\u0142\u00f3w, typowo ameryka\u0144skich.<\/p>\n<\/li>\n<li data-start=\"2302\" data-end=\"2403\">\n<p data-start=\"2304\" data-end=\"2403\"><strong data-start=\"2304\" data-end=\"2319\">Ostrze Tanto<\/strong> \u2013 \u015bwietne do piercingu i zastosowa\u0144 taktycznych, mniej przydatne w kuchni i przy precyzyjnych ci\u0119ciach.<\/p>\n<\/li>\n<li data-start=\"2404\" data-end=\"2485\">\n<p data-start=\"2406\" data-end=\"2485\"><strong data-start=\"2406\" data-end=\"2426\">R\u0119koje\u015b\u0107 tytanowa<\/strong> \u2013 trwa\u0142a, ale podatna na zarysowania, wymaga piel\u0119gnacji.<\/p>\n<\/li>\n<\/ul>\n<hr data-start=\"2487\" data-end=\"2490\">\n<h2 data-start=\"2492\" data-end=\"2512\">\ud83d\udee0\ufe0f Konserwacja i piel\u0119gnacja<\/h2>\n<ul data-start=\"2514\" data-end=\"2932\">\n<li data-start=\"2514\" data-end=\"2577\">\n<p data-start=\"2516\" data-end=\"2577\">Po u\u017cyciu wytrzyj ostrze such\u0105 \u015bciereczk\u0105 i utrzymuj je w czysto\u015bci.<\/p>\n<\/li>\n<li data-start=\"2578\" data-end=\"2636\">\n<p data-start=\"2580\" data-end=\"2636\">Regularnie smaruj staw no\u017ca i blokad\u0119 olejem dobrej jako\u015bci.<\/p>\n<\/li>\n<li data-start=\"2637\" data-end=\"2707\">\n<p data-start=\"2639\" data-end=\"2707\">Uchwyt tytanowy nale\u017cy czy\u015bci\u0107 mi\u0119kk\u0105 szmatk\u0105, chroni\u0105c go przed silnym tarciem.<\/p>\n<\/li>\n<li data-start=\"2708\" data-end=\"2932\">\n<p data-start=\"2710\" data-end=\"2932\">Aby zachowa\u0107 ostro\u015b\u0107, polecamy <strong data-start=\"2741\" data-end=\"2834\"><br \/>\n  <a class=\"decorated-link\" href=\"https:\/\/www.moskito.cz\/pl\/\" target=\"_new\" rel=\"noopener\" data-start=\"2743\" data-end=\"2832\">system ostrz\u0105cy Spyderco Tri-Angle Sharpmaker Complete Sharpening System 204MF<\/a><br \/>\n<\/strong><\/p>\n<\/li>\n<li data-start=\"2708\" data-end=\"2932\">\n<h2 data-start=\"2939\" data-end=\"2959\">\ud83c\udfaf Polecane dla<\/h2>\n<ul data-start=\"2961\" data-end=\"3216\">\n<li data-start=\"2961\" data-end=\"3027\">\n<p data-start=\"2963\" data-end=\"3027\">U\u017cytkownicy poszukuj\u0105cy smuklejszego, ale nadal wytrzyma\u0142ego urz\u0105dzenia.<\/p>\n<\/li>\n<li data-start=\"3028\" data-end=\"3093\">\n<p data-start=\"3030\" data-end=\"3093\">Mi\u0142o\u015bnicy nowoczesnego, taktycznego wzornictwa i silnej charyzmy.<\/p>\n<\/li>\n<li data-start=\"3094\" data-end=\"3153\">\n<p data-start=\"3096\" data-end=\"3153\">Kolekcjonerzy poszukuj\u0105cy luksusowego modelu o ameryka\u0144skich korzeniach.<\/p>\n<\/li>\n<li data-start=\"3154\" data-end=\"3216\">\n<p data-start=\"3156\" data-end=\"3216\">Odzie\u017c do codziennego u\u017cytku, k\u0142ad\u0105ca nacisk na wydajno\u015b\u0107, trwa\u0142o\u015b\u0107 i elegancj\u0119.<\/p>\n<\/li>\n<\/ul>\n<hr data-start=\"3218\" data-end=\"3221\">\n<h2 data-start=\"3223\" data-end=\"3247\">\u2b50 Ocena ko\u0144cowa<\/h2>\n<p data-start=\"3249\" data-end=\"3518\"><strong data-start=\"3249\" data-end=\"3292\">Medford Slim Midi MK201SPT-30PV-T1C1-BN<\/strong> to kwintesencja tego, co reprezentuje marka Medford: ameryka\u0144ska wytrzyma\u0142o\u015b\u0107, precyzja i trwa\u0142o\u015b\u0107 \u2013 tym razem w smuklejszej i bardziej praktycznej wersji. Dzi\u0119ki smuklejszej konstrukcji jest wygodny w noszeniu, a jednocze\u015bnie oferuje bezkompromisow\u0105 wydajno\u015b\u0107 podczas pracy. <\/p>\n<p data-start=\"3520\" data-end=\"3700\">Je\u015bli szukasz no\u017ca \u0142\u0105cz\u0105cego w sobie <strong data-start=\"3558\" data-end=\"3658\">taktyczny charakter ostrza Tanto, elegancj\u0119 tytanowej r\u0119koje\u015bci i niezawodno\u015b\u0107 r\u0119cznego wykonania w Ameryce<\/strong> , to Slim Midi to wyb\u00f3r, kt\u00f3ry Ci\u0119 nie zawiedzie.<\/p>\n<\/li>\n<\/ul>\n<div class=\"_tableContainer_1rjym_1\">\n<div class=\"group _tableWrapper_1rjym_13 flex w-fit flex-col-reverse\" tabindex=\"-1\"><\/div>\n<\/div>\n","protected":false},"excerpt":{"rendered":"<p><strong>Je\u015bli szukasz no\u017ca \u0142\u0105cz\u0105cego w sobie taktyczny charakter ostrza Tanto, elegancj\u0119 tytanowej r\u0119koje\u015bci i niezawodno\u015b\u0107 r\u0119cznego wykonania w Ameryce, to Slim Midi to wyb\u00f3r, kt\u00f3ry Ci\u0119 nie zawiedzie.<\/strong><\/p>\n<p> <strong>Darmowa wysy\u0142ka.<\/strong><\/p>\n","protected":false},"featured_media":425283,"comment_status":"open","ping_status":"closed","template":"","meta":[],"pwb-brand":[4023],"product_brand":[],"product_cat":[3307,3296],"product_tag":[],"class_list":{"0":"post-425322","1":"product","2":"type-product","3":"status-publish","4":"has-post-thumbnail","6":"pwb-brand-medford-pl","7":"product_cat-zamykanie-nozy","8":"product_cat-noze-pl","10":"first","11":"instock","12":"taxable","13":"shipping-taxable","14":"purchasable","15":"product-type-simple"},"brands":[{"id":4023,"name":"Medford","slug":"medford-pl"}],"_links":{"self":[{"href":"https:\/\/www.moskito.cz\/pl\/wp-json\/wp\/v2\/product\/425322","targetHints":{"allow":["GET"]}}],"collection":[{"href":"https:\/\/www.moskito.cz\/pl\/wp-json\/wp\/v2\/product"}],"about":[{"href":"https:\/\/www.moskito.cz\/pl\/wp-json\/wp\/v2\/types\/product"}],"replies":[{"embeddable":true,"href":"https:\/\/www.moskito.cz\/pl\/wp-json\/wp\/v2\/comments?post=425322"}],"wp:featuredmedia":[{"embeddable":true,"href":"https:\/\/www.moskito.cz\/pl\/wp-json\/wp\/v2\/media\/425283"}],"wp:attachment":[{"href":"https:\/\/www.moskito.cz\/pl\/wp-json\/wp\/v2\/media?parent=425322"}],"wp:term":[{"taxonomy":"pwb-brand","embeddable":true,"href":"https:\/\/www.moskito.cz\/pl\/wp-json\/wp\/v2\/pwb-brand?post=425322"},{"taxonomy":"product_brand","embeddable":true,"href":"https:\/\/www.moskito.cz\/pl\/wp-json\/wp\/v2\/product_brand?post=425322"},{"taxonomy":"product_cat","embeddable":true,"href":"https:\/\/www.moskito.cz\/pl\/wp-json\/wp\/v2\/product_cat?post=425322"},{"taxonomy":"product_tag","embeddable":true,"href":"https:\/\/www.moskito.cz\/pl\/wp-json\/wp\/v2\/product_tag?post=425322"}],"curies":[{"name":"wp","href":"https:\/\/api.w.org\/{rel}","templated":true}]}}