{"id":425438,"date":"2021-05-27T21:38:38","date_gmt":"2021-05-27T20:38:38","guid":{"rendered":"https:\/\/www.moskito.cz\/produkt\/miecz-samurajski-boker-magnum-bejuno-katana-05sc638\/"},"modified":"2025-10-01T14:48:01","modified_gmt":"2025-10-01T13:48:01","slug":"miecz-samurajski-boker-magnum-bejuno-katana-05sc638","status":"publish","type":"product","link":"https:\/\/www.moskito.cz\/pl\/produkt\/miecz-samurajski-boker-magnum-bejuno-katana-05sc638\/","title":{"rendered":"Miecz samurajski B\u00f6ker Magnum BEJUNO KATANA 05SC638"},"content":{"rendered":"<p>Miecz samurajski B\u00f6ker Magnum BEJUNO KATANA 05SC638.<\/p>\n<p>Magnum Bejuno to wysokiej jako\u015bci katana, kt\u00f3ra fascynuje harmonijnym i bogatym zdobieniem. Tsuka-ito i Sageo, czyli ok\u0142adziny r\u0119koje\u015bci i pochwy, s\u0105 w delikatnym be\u017cowym kolorze. Tsuba jest dost\u0119pna w kolorze czarnym, z\u0142otym i srebrnym. Z\u0142oty lakier dekoracyjny na czarnej pochwie dodatkowo dodaje uroku. Kute i ostro szlifowane ostrze wykonane z odpornej na rdz\u0119 stali w\u0119glowej 1060 gwarantuje wymagan\u0105 odporno\u015b\u0107 na uderzenia i z\u0142amania. Posiada tradycyjne rowkowanie i oznaczon\u0105 lini\u0119 twardo\u015bci, tzw. hamon.      <\/p>\n<p>&nbsp;<\/p>\n<p>D\u0142ugo\u015b\u0107 ca\u0142kowita: 100 cm<br \/>\n D\u0142ugo\u015b\u0107 ostrza: 72 cm<br \/>\n Grubo\u015b\u0107 ostrza: 7,08 mm<br \/>\n Waga: 1003 g<br \/>\n Materia\u0142 ostrza: stal w\u0119glowa<br \/>\n Materia\u0142 uchwytu: Drewno<br \/>\n Kolor: br\u0105zowy<br \/>\n Kolor ostrza: Bez pow\u0142oki<\/p>\n","protected":false},"excerpt":{"rendered":"<p><strong>Magnum Bejuno to wysokiej jako\u015bci katana, kt\u00f3ra zachwyca harmonijn\u0105 i bogat\u0105 dekoracj\u0105.<\/strong><\/p>\n","protected":false},"featured_media":425439,"comment_status":"open","ping_status":"closed","template":"","meta":[],"pwb-brand":[3423],"product_brand":[],"product_cat":[3417,3387],"product_tag":[],"class_list":{"0":"post-425438","1":"product","2":"type-product","3":"status-publish","4":"has-post-thumbnail","6":"pwb-brand-bokera","7":"product_cat-katany-i-miecze","8":"product_cat-repliki-mieczy-sztyletow","10":"first","11":"outofstock","12":"taxable","13":"shipping-taxable","14":"purchasable","15":"product-type-simple"},"brands":[{"id":3423,"name":"Bokera","slug":"bokera"}],"_links":{"self":[{"href":"https:\/\/www.moskito.cz\/pl\/wp-json\/wp\/v2\/product\/425438","targetHints":{"allow":["GET"]}}],"collection":[{"href":"https:\/\/www.moskito.cz\/pl\/wp-json\/wp\/v2\/product"}],"about":[{"href":"https:\/\/www.moskito.cz\/pl\/wp-json\/wp\/v2\/types\/product"}],"replies":[{"embeddable":true,"href":"https:\/\/www.moskito.cz\/pl\/wp-json\/wp\/v2\/comments?post=425438"}],"wp:featuredmedia":[{"embeddable":true,"href":"https:\/\/www.moskito.cz\/pl\/wp-json\/wp\/v2\/media\/425439"}],"wp:attachment":[{"href":"https:\/\/www.moskito.cz\/pl\/wp-json\/wp\/v2\/media?parent=425438"}],"wp:term":[{"taxonomy":"pwb-brand","embeddable":true,"href":"https:\/\/www.moskito.cz\/pl\/wp-json\/wp\/v2\/pwb-brand?post=425438"},{"taxonomy":"product_brand","embeddable":true,"href":"https:\/\/www.moskito.cz\/pl\/wp-json\/wp\/v2\/product_brand?post=425438"},{"taxonomy":"product_cat","embeddable":true,"href":"https:\/\/www.moskito.cz\/pl\/wp-json\/wp\/v2\/product_cat?post=425438"},{"taxonomy":"product_tag","embeddable":true,"href":"https:\/\/www.moskito.cz\/pl\/wp-json\/wp\/v2\/product_tag?post=425438"}],"curies":[{"name":"wp","href":"https:\/\/api.w.org\/{rel}","templated":true}]}}