{"id":425559,"date":"2025-10-02T10:38:21","date_gmt":"2025-10-02T09:38:21","guid":{"rendered":"https:\/\/www.moskito.cz\/produkt\/noz-skladany-medford-pretorian-slim-mk2084td-01tm-t1c1-q4\/"},"modified":"2025-10-02T10:48:23","modified_gmt":"2025-10-02T09:48:23","slug":"noz-skladany-medford-pretorian-slim-mk2084td-01tm-t1c1-q4","status":"publish","type":"product","link":"https:\/\/www.moskito.cz\/pl\/produkt\/noz-skladany-medford-pretorian-slim-mk2084td-01tm-t1c1-q4\/","title":{"rendered":"N\u00f3\u017c sk\u0142adany Medford Pretorian Slim MK2084TD-01TM-T1C1-Q4"},"content":{"rendered":"<p>Medford Praetorian Slim MK2084TD-01TM-T1C1-Q4 \u2013 Elegancki, smuk\u0142y klejnot o taktycznej mocy<\/p>\n<p>Podczas gdy klasyczne modele Praetorian reprezentuj\u0105 szczyt ameryka\u0144skiej sztuki no\u017cowniczej, Praetorian Slim wnosi nowy wymiar: smuk\u0142o\u015b\u0107 i eleganckie prowadzenie bez po\u015bwi\u0119cania wytrzyma\u0142o\u015bci i trwa\u0142o\u015bci. Ten model to idealne po\u0142\u0105czenie praktycznego no\u017ca EDC i przedmiotu kolekcjonerskiego \u2013 ka\u017cdy detal, od ostrza po r\u0119koje\u015b\u0107, zosta\u0142 starannie wykonany, aby zadowoli\u0107 nawet najbardziej wymagaj\u0105cych u\u017cytkownik\u00f3w. <\/p>\n<p>Wysokiej jako\u015bci ostrze ze stali CPM-S45VN zapewnia doskona\u0142e trzymanie ostro\u015bci, odporno\u015b\u0107 na korozj\u0119 i \u0142atwo\u015b\u0107 ostrzenia. Pow\u0142oka PVD i eleganckie, bejcowane wyko\u0144czenie filigranowej r\u0119koje\u015bci tworz\u0105 osza\u0142amiaj\u0105cy efekt wizualny, kt\u00f3ry sprawia, \u017ce \u200b\u200bka\u017cdy n\u00f3\u017c jest wyj\u0105tkowy. Br\u0105zowe okucia podkre\u015blaj\u0105 og\u00f3ln\u0105 estetyk\u0119 i dope\u0142niaj\u0105 wyrafinowany wygl\u0105d no\u017ca.  <\/p>\n<p>Praetorian Slim to n\u00f3\u017c dla tych, kt\u00f3rzy ceni\u0105 sobie najwy\u017csz\u0105 jako\u015b\u0107, taktyczn\u0105 funkcjonalno\u015b\u0107 i artystyczny design &#8211; idealny do codziennego noszenia, do u\u017cytku taktycznego lub do kolekcji.<\/p>\n<p>\ud83d\udd27 Specyfikacja techniczna<\/p>\n<p>Warto\u015b\u0107 parametru<br \/>\n D\u0142ugo\u015b\u0107 ca\u0142kowita (po roz\u0142o\u017ceniu) ok. 21 cm (8,25\u2033)<br \/>\n D\u0142ugo\u015b\u0107 ostrza ok. 9,3 cm (3,65\u2033)<br \/>\n Grubo\u015b\u0107 ostrza ok. 0,15\u2033 (~3,8 mm)<br \/>\n Materia\u0142 ostrza CPM-S45VN \u2013 najwy\u017cszej jako\u015bci stal nierdzewna o wysokiej twardo\u015bci i trwa\u0142o\u015bci<br \/>\n Ostrze typu Drop Point \u2013 wszechstronny i precyzyjny kszta\u0142t<br \/>\n Powierzchnia ostrza PVD \u2013 odporna na \u015bcieranie, wyr\u00f3\u017cniaj\u0105cy si\u0119 taktyczny wygl\u0105d<br \/>\n R\u0105czka filigranowa z br\u0105zu b\u0119bnowanego \u2013 lekka, wytrzyma\u0142a i estetycznie wyj\u0105tkowa<br \/>\n Okucia z br\u0105zu \u2013 eleganckie i trwa\u0142e<br \/>\n Titan Framelock \u2013 mocny i bezpieczny<br \/>\n Waga ok. 140 g (4,9 uncji)<\/p>\n<p>\u2705 G\u0142\u00f3wne korzy\u015bci<\/p>\n<p>Stal premium S45VN \u2013 wysoka twardo\u015b\u0107 i trwa\u0142o\u015b\u0107, d\u0142uga \u017cywotno\u015b\u0107 ostrza.<\/p>\n<p>Smuk\u0142a i ergonomiczna konstrukcja \u2013 idealna do noszenia na co dzie\u0144.<\/p>\n<p>Uchwyt z delikatnym wzorem \u2013 wyj\u0105tkowa estetyka, warto\u015b\u0107 kolekcjonerska.<\/p>\n<p>Pow\u0142oka PVD \u2013 chroni ostrze i podkre\u015bla nowoczesny, taktyczny wygl\u0105d.<\/p>\n<p>Tytanowa blokada ramy \u2013 maksymalne bezpiecze\u0144stwo i niezawodno\u015b\u0107 u\u017cytkowania.<\/p>\n<p>\u26a0\ufe0f Mo\u017cliwe ograniczenia<\/p>\n<p>Smuk\u0142a konstrukcja &#8211; mniej odpowiednia do ci\u0119\u017cszych zada\u0144 na \u015bwie\u017cym powietrzu lub przetrwania.<\/p>\n<p>Cena premium \u2013 odpowiada r\u0119cznej produkcji w USA i wykorzystaniu materia\u0142\u00f3w najwy\u017cszej jako\u015bci.<\/p>\n<p>Powierzchnia PVD \u2013 trwa\u0142a, lecz mo\u017ce ulega\u0107 stopniowemu zu\u017cyciu przy intensywnym u\u017cytkowaniu.<\/p>\n<p>\ud83d\udee0\ufe0f Konserwacja i piel\u0119gnacja<\/p>\n<p>Po u\u017cyciu wytrzyj ostrze such\u0105 szmatk\u0105, aby zachowa\u0107 je w czysto\u015bci i po\u0142ysku.<\/p>\n<p>Chro\u0144 powierzchni\u0119 PVD przed kontaktem z twardymi materia\u0142ami \u015bciernymi.<\/p>\n<p>Regularnie smaruj blokad\u0119 ramy i osprz\u0119t wysokiej jako\u015bci olejem.<\/p>\n<p>Aby zachowa\u0107 delikatne i delikatne wyko\u0144czenie, nale\u017cy obchodzi\u0107 si\u0119 z nim delikatnie.<\/p>\n<p>\ud83d\udc49 Aby zachowa\u0107 ostro\u015b\u0107, polecamy system ostrz\u0105cy Spyderco Tri-Angle Sharpmaker Complete Sharpening System 204MF<\/p>\n<p>\ud83c\udfaf Polecane dla<\/p>\n<p>U\u017cytkownicy poszukuj\u0105cy smuk\u0142ego, ale wysokiej jako\u015bci zamkni\u0119cia EDC.<\/p>\n<p>Kolekcjonerzy no\u017cy o walorach estetycznych i niepowtarzalnym designie.<\/p>\n<p>Fani Medford, kt\u00f3rzy chc\u0105 l\u017cejszej i bardziej eleganckiej wersji Praetorian.<\/p>\n<p>Do codziennego noszenia i taktycznego wykorzystania.<\/p>\n<p>\u2b50 Ocena ko\u0144cowa<\/p>\n<p>Medford Praetorian Slim MK2084TD-01TM-T1C1-Q4 to symbol tego, \u017ce nawet smuk\u0142a konstrukcja mo\u017ce oferowa\u0107 charakterystyczn\u0105 dla marki Medford wytrzyma\u0142o\u015b\u0107. Wysokiej jako\u015bci stal S45VN, tytanowy zamek Framelock, okucia z br\u0105zu i unikalna, filigranowa r\u0119koje\u015b\u0107 sprawiaj\u0105, \u017ce ten model jest nie tylko praktyczny, ale i cenny dla kolekcjoner\u00f3w. <\/p>\n<p>Je\u015bli szukasz zamykacza \u0142\u0105cz\u0105cego w sobie ameryka\u0144sk\u0105 wytrzyma\u0142o\u015b\u0107, precyzj\u0119 wykonania i wyj\u0105tkow\u0105 estetyk\u0119, Praetorian Slim b\u0119dzie idealnym wyborem.<\/p>\n","protected":false},"excerpt":{"rendered":"<p><strong>Je\u015bli szukasz zamykacza \u0142\u0105cz\u0105cego w sobie ameryka\u0144sk\u0105 wytrzyma\u0142o\u015b\u0107, precyzj\u0119 wykonania i wyj\u0105tkow\u0105 estetyk\u0119, Praetorian Slim b\u0119dzie idealnym wyborem.<\/strong><\/p>\n<p> <strong>Darmowa wysy\u0142ka.<\/strong><\/p>\n","protected":false},"featured_media":425539,"comment_status":"open","ping_status":"closed","template":"","meta":[],"pwb-brand":[4023],"product_brand":[],"product_cat":[3307,3296],"product_tag":[],"class_list":{"0":"post-425559","1":"product","2":"type-product","3":"status-publish","4":"has-post-thumbnail","6":"pwb-brand-medford-pl","7":"product_cat-zamykanie-nozy","8":"product_cat-noze-pl","10":"first","11":"instock","12":"taxable","13":"shipping-taxable","14":"purchasable","15":"product-type-simple"},"brands":[{"id":4023,"name":"Medford","slug":"medford-pl"}],"_links":{"self":[{"href":"https:\/\/www.moskito.cz\/pl\/wp-json\/wp\/v2\/product\/425559","targetHints":{"allow":["GET"]}}],"collection":[{"href":"https:\/\/www.moskito.cz\/pl\/wp-json\/wp\/v2\/product"}],"about":[{"href":"https:\/\/www.moskito.cz\/pl\/wp-json\/wp\/v2\/types\/product"}],"replies":[{"embeddable":true,"href":"https:\/\/www.moskito.cz\/pl\/wp-json\/wp\/v2\/comments?post=425559"}],"wp:featuredmedia":[{"embeddable":true,"href":"https:\/\/www.moskito.cz\/pl\/wp-json\/wp\/v2\/media\/425539"}],"wp:attachment":[{"href":"https:\/\/www.moskito.cz\/pl\/wp-json\/wp\/v2\/media?parent=425559"}],"wp:term":[{"taxonomy":"pwb-brand","embeddable":true,"href":"https:\/\/www.moskito.cz\/pl\/wp-json\/wp\/v2\/pwb-brand?post=425559"},{"taxonomy":"product_brand","embeddable":true,"href":"https:\/\/www.moskito.cz\/pl\/wp-json\/wp\/v2\/product_brand?post=425559"},{"taxonomy":"product_cat","embeddable":true,"href":"https:\/\/www.moskito.cz\/pl\/wp-json\/wp\/v2\/product_cat?post=425559"},{"taxonomy":"product_tag","embeddable":true,"href":"https:\/\/www.moskito.cz\/pl\/wp-json\/wp\/v2\/product_tag?post=425559"}],"curies":[{"name":"wp","href":"https:\/\/api.w.org\/{rel}","templated":true}]}}