{"id":426758,"date":"2024-09-25T20:32:32","date_gmt":"2024-09-25T19:32:32","guid":{"rendered":"https:\/\/www.moskito.cz\/produkt\/noz-skladany-microtech-msi-stonewashed-210t-10pmbk\/"},"modified":"2025-11-24T09:50:34","modified_gmt":"2025-11-24T08:50:34","slug":"noz-skladany-microtech-msi-stonewashed-210t-10pmbk","status":"publish","type":"product","link":"https:\/\/www.moskito.cz\/pl\/produkt\/noz-skladany-microtech-msi-stonewashed-210t-10pmbk\/","title":{"rendered":"N\u00f3\u017c sk\u0142adany Microtech MSI Stonewashed 210T-10PMBK"},"content":{"rendered":"<p>&nbsp;<\/p>\n<h1 data-start=\"126\" data-end=\"184\"><strong data-start=\"128\" data-end=\"182\">N\u00f3\u017c sk\u0142adany Microtech MSI Stonewashed 210T-10PMBK<\/strong><\/h1>\n<p data-start=\"186\" data-end=\"628\">Microtech MSI Stonewashed 210T-10PMBK to najwy\u017cszej klasy n\u00f3\u017c sk\u0142adany firmy Microtech, \u0142\u0105cz\u0105cy w sobie najwy\u017cszej jako\u015bci materia\u0142y, innowacyjn\u0105 technologi\u0119 i precyzyjne wykonanie. Model ten wyposa\u017cony jest w blokad\u0119 <strong data-start=\"412\" data-end=\"426\">Atlas Lock<\/strong> , kt\u00f3ra zapewnia wyj\u0105tkow\u0105 wytrzyma\u0142o\u015b\u0107 i niezawodno\u015b\u0107 w u\u017cytkowaniu. Ostrze wykonane z **M39 <strong data-start=\"502\" data-end=\"510\">M390<\/strong> , jednej z najlepszych stali na rynku, charakteryzuje si\u0119 doskona\u0142\u0105 odporno\u015bci\u0105 na zu\u017cycie i d\u0142ugotrwa\u0142\u0105 ostro\u015bci\u0105.  <\/p>\n<p data-start=\"630\" data-end=\"770\">Jest to ekskluzywny model, kt\u00f3ry <strong data-start=\"665\" data-end=\"687\">nie jest powszechnie dost\u0119pny<\/strong> , co czyni go nie tylko praktycznym narz\u0119dziem, ale r\u00f3wnie\u017c wysoko cenionym przedmiotem kolekcjonerskim.<\/p>\n<hr data-start=\"772\" data-end=\"775\">\n<h2 data-start=\"777\" data-end=\"807\"><strong data-start=\"780\" data-end=\"805\">\ud83d\udd39 Najwa\u017cniejsze cechy<\/strong><\/h2>\n<p data-start=\"809\" data-end=\"1086\">\ud83d\udd2a <strong data-start=\"812\" data-end=\"822\">Ostrze:<\/strong><br data-start=\"822\" data-end=\"825\"> Wykonane z <strong data-start=\"836\" data-end=\"844\">M390<\/strong> , <strong data-start=\"853\" data-end=\"879\">stali nierdzewnej malowanej proszkowo,<\/strong> znanej z <strong data-start=\"891\" data-end=\"924\">ekstremalnej twardo\u015bci (60-62 HRC)<\/strong> , odporno\u015bci na korozj\u0119 i wyj\u0105tkowego utrzymania ostro\u015bci. Te w\u0142a\u015bciwo\u015bci sprawiaj\u0105, \u017ce idealnie nadaje si\u0119 do intensywnego u\u017cytkowania i d\u0142ugiej \u017cywotno\u015bci bez cz\u0119stego ostrzenia. <\/p>\n<p data-start=\"1088\" data-end=\"1216\">\ud83d\udccf <strong data-start=\"1091\" data-end=\"1108\">D\u0142ugo\u015b\u0107 ostrza:<\/strong><br data-start=\"1108\" data-end=\"1111\"> <strong data-start=\"1111\" data-end=\"1121\">9,2 cm<\/strong> \u2013 uniwersalny rozmiar zapewniaj\u0105cy doskona\u0142y balans mi\u0119dzy kompaktowo\u015bci\u0105 i funkcjonalno\u015bci\u0105.<\/p>\n<p data-start=\"1218\" data-end=\"1325\">\ud83d\udccf <strong data-start=\"1221\" data-end=\"1239\">D\u0142ugo\u015b\u0107 ca\u0142kowita:<\/strong><br data-start=\"1239\" data-end=\"1242\"> <strong data-start=\"1242\" data-end=\"1253\">22,8 cm<\/strong> \u2013 wystarczaj\u0105ca d\u0142ugo\u015b\u0107, aby zapewni\u0107 mocny i pewny chwyt w ka\u017cdej sytuacji.<\/p>\n<p data-start=\"1327\" data-end=\"1438\">\ud83d\udcaa <strong data-start=\"1330\" data-end=\"1350\">Grubo\u015b\u0107 ostrza:<\/strong><br data-start=\"1350\" data-end=\"1353\"> <strong data-start=\"1353\" data-end=\"1361\">4 mm<\/strong> \u2013 solidna konstrukcja gwarantuj\u0105ca du\u017c\u0105 wytrzyma\u0142o\u015b\u0107 i trwa\u0142o\u015b\u0107 podczas pracy.<\/p>\n<p data-start=\"1440\" data-end=\"1610\">\u2699\ufe0f <strong data-start=\"1443\" data-end=\"1471\">Wyko\u0144czenie ostrza:<\/strong><br data-start=\"1471\" data-end=\"1474\"> <strong data-start=\"1474\" data-end=\"1489\">Stonewashed<\/strong> \u2013 trwa\u0142a pow\u0142oka, kt\u00f3ra <strong data-start=\"1535\" data-end=\"1573\">minimalizuje widoczno\u015b\u0107 zarysowa\u0144<\/strong> i podnosi walory estetyczne no\u017ca.<\/p>\n<p data-start=\"1612\" data-end=\"1772\">\ud83c\udfa8 <strong data-start=\"1615\" data-end=\"1627\">Uchwyt:<\/strong><br data-start=\"1627\" data-end=\"1630\"> Wykonane z <strong data-start=\"1641\" data-end=\"1685\">wytrzyma\u0142ego i lekkiego materia\u0142u polimerowego<\/strong> z <strong data-start=\"1688\" data-end=\"1715\">antypo\u015blizgow\u0105 faktur\u0105<\/strong> , kt\u00f3ra zapewnia pewny chwyt.<\/p>\n<p data-start=\"1774\" data-end=\"1863\">\u2696\ufe0f <strong data-start=\"1777\" data-end=\"1790\">Waga:<\/strong><br data-start=\"1790\" data-end=\"1793\"> <strong data-start=\"1793\" data-end=\"1802\">130 g<\/strong> \u2013 optymalny balans mi\u0119dzy wytrzyma\u0142o\u015bci\u0105 i wygod\u0105 noszenia.<\/p>\n<p data-start=\"1865\" data-end=\"2025\">\ud83d\udee1 <strong data-start=\"1868\" data-end=\"1884\">Mechanizm:<\/strong><br data-start=\"1884\" data-end=\"1887\"> <strong data-start=\"1887\" data-end=\"1901\">Atlas Lock<\/strong> \u2013 innowacyjny system blokowania, kt\u00f3ry <strong data-start=\"1938\" data-end=\"1977\">zapobiega przypadkowemu zamkni\u0119ciu si\u0119 ostrza,<\/strong> umo\u017cliwiaj\u0105c jednocze\u015bnie p\u0142ynn\u0105 i \u0142atw\u0105 kontrol\u0119.<\/p>\n<p data-start=\"2027\" data-end=\"2140\">\ud83d\udd17 <strong data-start=\"2030\" data-end=\"2044\">Otwarcie:<\/strong><br data-start=\"2044\" data-end=\"2047\"> Otwieranie jedn\u0105 r\u0119k\u0105 za pomoc\u0105 <strong data-start=\"2074\" data-end=\"2096\">dwustronnego trzpienia<\/strong> na ostrzu &#8211; idealne dla os\u00f3b prawo- i lewor\u0119cznych.<\/p>\n<p data-start=\"2142\" data-end=\"2198\">\ud83d\udce6 <strong data-start=\"2145\" data-end=\"2157\">Przypadek:<\/strong><br data-start=\"2157\" data-end=\"2160\"> Ten model nie jest przechowywany w etui.<\/p>\n<p data-start=\"2200\" data-end=\"2311\">\ud83d\udccc <strong data-start=\"2203\" data-end=\"2222\">Klips do noszenia:<\/strong><br data-start=\"2222\" data-end=\"2225\"> Tak \u2013 <strong data-start=\"2231\" data-end=\"2267\">dwustronny, g\u0142\u0119boki klips kieszeniowy<\/strong> umo\u017cliwiaj\u0105cy wygodne i ukryte noszenie.<\/p>\n<p data-start=\"2313\" data-end=\"2449\">\ud83c\uddfa\ud83c\uddf8 <strong data-start=\"2318\" data-end=\"2337\">Wyprodukowano w USA:<\/strong><br data-start=\"2337\" data-end=\"2340\"> Wszystkie podzespo\u0142y i monta\u017c odbywaj\u0105 si\u0119 wy\u0142\u0105cznie w <strong data-start=\"2387\" data-end=\"2394\">USA<\/strong> , co gwarantuje najwy\u017csz\u0105 jako\u015b\u0107 i precyzj\u0119 wykonania.<\/p>\n<hr data-start=\"2451\" data-end=\"2454\">\n<h2 data-start=\"2456\" data-end=\"2475\"><strong data-start=\"2459\" data-end=\"2473\">\ud83c\udfaf U\u017cyj<\/strong><\/h2>\n<p data-start=\"2477\" data-end=\"2669\">\u2705 <strong data-start=\"2479\" data-end=\"2499\">Taktyczny<\/strong><br data-start=\"2499\" data-end=\"2502\"> Szybkie otwieranie, <strong data-start=\"2507\" data-end=\"2567\">trwa\u0142a konstrukcja i bezpieczne zamkni\u0119cie<\/strong> sprawiaj\u0105, \u017ce model ten idealnie nadaje si\u0119 do u\u017cytku profesjonalnego, m.in. przez <strong data-start=\"2626\" data-end=\"2666\">policj\u0119, wojsko i s\u0142u\u017cby ratunkowe<\/strong> .<\/p>\n<p data-start=\"2671\" data-end=\"2840\">\u2705 <strong data-start=\"2673\" data-end=\"2695\">Przedmiot kolekcjonerski<\/strong><br data-start=\"2695\" data-end=\"2698\"> Ekskluzywna produkcja i ograniczona dost\u0119pno\u015b\u0107 sprawiaj\u0105, \u017ce jest to niezwykle ceniony n\u00f3\u017c w\u015br\u00f3d kolekcjoner\u00f3w. <strong data-start=\"2785\" data-end=\"2837\">Nie jest powszechnie dost\u0119pny, co podnosi jego warto\u015b\u0107<\/strong> .<\/p>\n<p data-start=\"2842\" data-end=\"3002\">\u2705 <strong data-start=\"2844\" data-end=\"2871\">Do codziennego noszenia (EDC)<\/strong><br data-start=\"2871\" data-end=\"2874\"> Kompaktowe wymiary, niska waga i odporno\u015b\u0107 na zu\u017cycie sprawiaj\u0105, \u017ce n\u00f3\u017c ten <strong data-start=\"2957\" data-end=\"2999\">jest idealnym wyborem do codziennego u\u017cytku<\/strong> .<\/p>\n<p data-start=\"3004\" data-end=\"3152\">\u2705 <strong data-start=\"3006\" data-end=\"3029\">Na \u015bwie\u017cym powietrzu i na kempingu<\/strong><br data-start=\"3029\" data-end=\"3032\"> Solidna konstrukcja i wysoka trwa\u0142o\u015b\u0107 materia\u0142\u00f3w umo\u017cliwiaj\u0105 wykorzystanie ich podczas <strong data-start=\"3098\" data-end=\"3149\">aktywno\u015bci na \u015bwie\u017cym powietrzu, bushcraftu i biwakowania<\/strong> .<\/p>\n<hr data-start=\"3154\" data-end=\"3157\">\n<h2 data-start=\"3159\" data-end=\"3188\"><strong data-start=\"3162\" data-end=\"3186\">\ud83d\udee0 Konserwacja i szlifowanie<\/strong><\/h2>\n<p data-start=\"3190\" data-end=\"3449\">\ud83e\uddfc <strong data-start=\"3193\" data-end=\"3204\">Konserwacja:<\/strong><br data-start=\"3204\" data-end=\"3207\"> \u2714\ufe0f Po ka\u017cdym u\u017cyciu przetrzyj ostrze such\u0105 lub lekko wilgotn\u0105 \u015bciereczk\u0105.<br data-start=\"3275\" data-end=\"3278\"> \u2714\ufe0f Nanie\u015b\u0107 cienk\u0105 warstw\u0119 oleju, aby zabezpieczy\u0107 przed korozj\u0105.<br data-start=\"3334\" data-end=\"3337\"> \u2714\ufe0f Przechowywa\u0107 w suchym miejscu, z dala od nadmiernej wilgoci.<br data-start=\"3389\" data-end=\"3392\"> \u2714\ufe0f Regularnie smaruj mechanizm, aby zapewni\u0107 jego p\u0142ynn\u0105 prac\u0119.<\/p>\n<p data-start=\"3451\" data-end=\"3657\">\ud83d\udd2a <strong data-start=\"3454\" data-end=\"3467\">Szlifowanie:<\/strong><br data-start=\"3467\" data-end=\"3470\"> \u2714\ufe0f Aby uzyska\u0107 najlepsz\u0105 ostro\u015b\u0107, u\u017cywaj temper\u00f3wek diamentowych lub ceramicznych.<br data-start=\"3537\" data-end=\"3540\"> \u2714\ufe0f Zalecany k\u0105t szlifowania: <strong data-start=\"3569\" data-end=\"3580\">20\u00b0\u201325\u00b0<\/strong> dla uzyskania maksymalnej wydajno\u015bci ci\u0119cia.<br data-start=\"3607\" data-end=\"3610\"> \u2714\ufe0f Utrzymuj ostro\u015b\u0107 poprzez regularn\u0105 wymian\u0119.<\/p>\n<hr data-start=\"3659\" data-end=\"3662\">\n<h2 data-start=\"3664\" data-end=\"3693\"><strong data-start=\"3667\" data-end=\"3691\">\ud83d\udc4d Zalety i wady<\/strong><\/h2>\n<p data-start=\"3695\" data-end=\"4095\">\u2705 <strong data-start=\"3697\" data-end=\"3730\">Trwa\u0142y mechanizm Atlas Lock<\/strong> \u2013 wyj\u0105tkowo bezpieczny i niezawodny system blokowania.<br data-start=\"3777\" data-end=\"3780\"> \u2705 <strong data-start=\"3782\" data-end=\"3811\">Wysokiej jako\u015bci stal M390<\/strong> \u2013 d\u0142ugotrwa\u0142a ostro\u015b\u0107 i ekstremalna wytrzyma\u0142o\u015b\u0107.<br data-start=\"3856\" data-end=\"3859\"> \u2705 <strong data-start=\"3861\" data-end=\"3884\">Ergonomiczny uchwyt<\/strong> \u2013 wygodny w trzymaniu i lekki.<br data-start=\"3920\" data-end=\"3923\"> \u2705 <strong data-start=\"3925\" data-end=\"3940\">Ekskluzywno\u015b\u0107<\/strong> \u2013 ten model <strong data-start=\"3955\" data-end=\"3978\">nie jest powszechnie dost\u0119pny<\/strong> , co podnosi jego warto\u015b\u0107.<br data-start=\"4005\" data-end=\"4008\"> \u2705 <strong data-start=\"4010\" data-end=\"4039\">Szybkie i \u0142atwe otwieranie<\/strong> &#8211; obs\u0142uga jedn\u0105 r\u0119k\u0105 dzi\u0119ki praktycznemu trzpieniowi na ostrzu.<\/p>\n<p data-start=\"4097\" data-end=\"4240\">\u274c <strong data-start=\"4099\" data-end=\"4113\">Wy\u017csza cena<\/strong> \u2013 adekwatna do jako\u015bci u\u017cytych materia\u0142\u00f3w i precyzji wykonania.<br data-start=\"4177\" data-end=\"4180\"> \u274c <strong data-start=\"4182\" data-end=\"4197\">Bez pochwy<\/strong> \u2013 n\u00f3\u017c nie jest wyposa\u017cony w pochw\u0119 ochronn\u0105.<\/p>\n<hr data-start=\"4242\" data-end=\"4245\">\n<h2 data-start=\"4247\" data-end=\"4264\"><strong data-start=\"4250\" data-end=\"4262\">\ud83d\udd1a Wniosek<\/strong><\/h2>\n<p data-start=\"4266\" data-end=\"4556\"><strong data-start=\"4266\" data-end=\"4307\">Microtech MSI Stonewashed 210T-10PMBK<\/strong> to wyj\u0105tkowy n\u00f3\u017c sk\u0142adany, charakteryzuj\u0105cy si\u0119 precyzyjnym wykonaniem, wysokiej jako\u015bci materia\u0142ami i bezpiecznym mechanizmem. Dzi\u0119ki <strong data-start=\"4432\" data-end=\"4489\">uniwersalnemu rozmiarowi, wysokiej wytrzyma\u0142o\u015bci i ekskluzywno\u015bci,<\/strong> jest doskona\u0142ym wyborem dla kolekcjoner\u00f3w, profesjonalist\u00f3w i zwyk\u0142ych u\u017cytkownik\u00f3w. <\/p>\n<p data-start=\"4558\" data-end=\"4692\">Ten model <strong data-start=\"4570\" data-end=\"4592\">nie jest powszechnie dost\u0119pny<\/strong> , co czyni go <strong data-start=\"4609\" data-end=\"4628\">wyj\u0105tkowym przedmiotem<\/strong> dla ka\u017cdego, kto poszukuje nie tylko praktycznego, ale i ekskluzywnego no\u017ca.<\/p>\n<p data-start=\"4694\" data-end=\"4844\">\ud83d\udd12 <strong data-start=\"4697\" data-end=\"4717\">Do\u017cywotnia gwarancja<\/strong> &#8211; dow\u00f3d jako\u015bci i trwa\u0142o\u015bci.<br data-start=\"4746\" data-end=\"4749\"> \ud83d\ude9a <strong data-start=\"4752\" data-end=\"4770\">Darmowa wysy\u0142ka<\/strong> \u2013 zam\u00f3w ju\u017c teraz i otrzymaj ten wyj\u0105tkowy model bez zb\u0119dnych ceregieli<\/p>\n<p data-start=\"4846\" data-end=\"4920\">\ud83d\uded2 <strong data-start=\"4849\" data-end=\"4918\">Zam\u00f3w ju\u017c teraz i dodaj ten ekskluzywny n\u00f3\u017c do swojej kolekcji!<\/strong><\/p>\n<p><iframe title=\"Microtech Combat Troodon Torture Test\" width=\"800\" height=\"450\" src=\"https:\/\/www.youtube.com\/embed\/xE9TeOFYEjg?feature=oembed\" frameborder=\"0\" allow=\"accelerometer; autoplay; clipboard-write; encrypted-media; gyroscope; picture-in-picture; web-share\" referrerpolicy=\"strict-origin-when-cross-origin\" allowfullscreen><\/iframe><\/p>\n<p>&nbsp;<\/p>\n","protected":false},"excerpt":{"rendered":"<p><strong>Microtech MSI Stonewashed 210T-10PMBK to wyj\u0105tkowy n\u00f3\u017c sk\u0142adany, charakteryzuj\u0105cy si\u0119 precyzyjnym wykonaniem, wysokiej jako\u015bci materia\u0142ami i bezpiecznym mechanizmem. Dzi\u0119ki uniwersalnemu rozmiarowi, wysokiej wytrzyma\u0142o\u015bci i ekskluzywno\u015bci, jest doskona\u0142ym wyborem dla kolekcjoner\u00f3w, profesjonalist\u00f3w i zwyk\u0142ych u\u017cytkownik\u00f3w. <\/strong><\/p>\n<p><strong>\ud83d\udce6 Zam\u00f3w teraz i otrzymaj darmow\u0105 dostaw\u0119 \ud83d\ude9a<\/strong><\/p>\n","protected":false},"featured_media":359925,"comment_status":"open","ping_status":"closed","template":"","meta":[],"pwb-brand":[3279],"product_brand":[],"product_cat":[3307,3296],"product_tag":[],"class_list":{"0":"post-426758","1":"product","2":"type-product","3":"status-publish","4":"has-post-thumbnail","6":"pwb-brand-microtech-pl","7":"product_cat-zamykanie-nozy","8":"product_cat-noze-pl","10":"first","11":"outofstock","12":"taxable","13":"shipping-taxable","14":"purchasable","15":"product-type-simple"},"brands":[{"id":3279,"name":"Microtech","slug":"microtech-pl"}],"_links":{"self":[{"href":"https:\/\/www.moskito.cz\/pl\/wp-json\/wp\/v2\/product\/426758","targetHints":{"allow":["GET"]}}],"collection":[{"href":"https:\/\/www.moskito.cz\/pl\/wp-json\/wp\/v2\/product"}],"about":[{"href":"https:\/\/www.moskito.cz\/pl\/wp-json\/wp\/v2\/types\/product"}],"replies":[{"embeddable":true,"href":"https:\/\/www.moskito.cz\/pl\/wp-json\/wp\/v2\/comments?post=426758"}],"wp:featuredmedia":[{"embeddable":true,"href":"https:\/\/www.moskito.cz\/pl\/wp-json\/wp\/v2\/media\/359925"}],"wp:attachment":[{"href":"https:\/\/www.moskito.cz\/pl\/wp-json\/wp\/v2\/media?parent=426758"}],"wp:term":[{"taxonomy":"pwb-brand","embeddable":true,"href":"https:\/\/www.moskito.cz\/pl\/wp-json\/wp\/v2\/pwb-brand?post=426758"},{"taxonomy":"product_brand","embeddable":true,"href":"https:\/\/www.moskito.cz\/pl\/wp-json\/wp\/v2\/product_brand?post=426758"},{"taxonomy":"product_cat","embeddable":true,"href":"https:\/\/www.moskito.cz\/pl\/wp-json\/wp\/v2\/product_cat?post=426758"},{"taxonomy":"product_tag","embeddable":true,"href":"https:\/\/www.moskito.cz\/pl\/wp-json\/wp\/v2\/product_tag?post=426758"}],"curies":[{"name":"wp","href":"https:\/\/api.w.org\/{rel}","templated":true}]}}