{"id":428915,"date":"2022-12-15T22:22:26","date_gmt":"2022-12-15T21:22:26","guid":{"rendered":"https:\/\/www.moskito.cz\/produkt\/noz-do-rzucania-cobratec-medium-yellow-graphite-black-ctk-1\/"},"modified":"2025-11-25T09:32:34","modified_gmt":"2025-11-25T08:32:34","slug":"noz-do-rzucania-cobratec-medium-yellow-graphite-black-ctk-1","status":"publish","type":"product","link":"https:\/\/www.moskito.cz\/pl\/produkt\/noz-do-rzucania-cobratec-medium-yellow-graphite-black-ctk-1\/","title":{"rendered":"N\u00f3\u017c do rzucania CobraTec Medium Yellow Graphite Black CTK-1"},"content":{"rendered":"<p><strong>CobraTec<\/strong> Medium Yellow Graphite Black CTK-1 Drop.<\/p>\n<p>Nasz n\u00f3\u017c CTK-1 Cerakote\u00ae w kolorze \u017c\u00f3\u0142tym z grafitem czarnym ma wysokiej jako\u015bci r\u0119koje\u015b\u0107 ze stopu aluminium i ostrze ze stali D2. Pow\u0142oka ceramiczna Cerakote zwi\u0119ksza odporno\u015b\u0107 r\u0119koje\u015bci na \u015bcieranie\/zu\u017cycie, korozj\u0119 i substancje chemiczne. <\/p>\n<p>Wszystkie no\u017ce dzia\u0142aj\u0105 w systemie podw\u00f3jnego dzia\u0142ania (wysuwanie i chowanie ostrza odbywa si\u0119 poprzez naci\u015bni\u0119cie lub poci\u0105gni\u0119cie tego samego prze\u0142\u0105cznika steruj\u0105cego).<\/p>\n<p>Ten n\u00f3\u017c posiada klips do kieszeni, awaryjny wybijak do szyb oraz nylonow\u0105 pochw\u0119. Wszystkie no\u017ce CobraTec obj\u0119te s\u0105 nasz\u0105 DO\u017bYWOTNI\u0104 GWARANCJ\u0104. <\/p>\n<p>Marka: CobraTec<br \/>\n D\u0142ugo\u015b\u0107 ca\u0142kowita: 20,30 cm<br \/>\n D\u0142ugo\u015b\u0107 ostrza: 7,00 cm<br \/>\n Waga: 191,00 g<br \/>\n Materia\u0142 ostrza: D2<br \/>\n Materia\u0142 uchwytu: aluminium<br \/>\n Otwieracz: Naci\u015bnij przycisk<br \/>\n Otwieranie: automatyczne<br \/>\n Typ zamka: OTF<br \/>\n Kolor: czarny<br \/>\n Kolor ostrza: Bez pow\u0142oki<\/p>\n<p><iframe title=\"CobraTec Medium CTK 1\" width=\"800\" height=\"450\" src=\"https:\/\/www.youtube.com\/embed\/fl-Lz9Hgy7o?feature=oembed\" frameborder=\"0\" allow=\"accelerometer; autoplay; clipboard-write; encrypted-media; gyroscope; picture-in-picture; web-share\" referrerpolicy=\"strict-origin-when-cross-origin\" allowfullscreen><\/iframe><\/p>\n<p>&nbsp;<\/p>\n","protected":false},"excerpt":{"rendered":"<p>Ka\u017cdy n\u00f3\u017c <strong>CobraTec\u00ae<\/strong> obj\u0119ty jest do\u017cywotni\u0105 gwarancj\u0105.<\/p>\n<p> <strong>Darmowa wysy\u0142ka.<\/strong><\/p>\n","protected":false},"featured_media":428916,"comment_status":"open","ping_status":"closed","template":"","meta":[],"pwb-brand":[3940],"product_brand":[],"product_cat":[3344,3296],"product_tag":[],"class_list":{"0":"post-428915","1":"product","2":"type-product","3":"status-publish","4":"has-post-thumbnail","6":"pwb-brand-cobratec-pl","7":"product_cat-noze-strzeleckie","8":"product_cat-noze-pl","10":"first","11":"outofstock","12":"taxable","13":"shipping-taxable","14":"purchasable","15":"product-type-simple"},"brands":[{"id":3940,"name":"CobraTec","slug":"cobratec-pl"}],"_links":{"self":[{"href":"https:\/\/www.moskito.cz\/pl\/wp-json\/wp\/v2\/product\/428915","targetHints":{"allow":["GET"]}}],"collection":[{"href":"https:\/\/www.moskito.cz\/pl\/wp-json\/wp\/v2\/product"}],"about":[{"href":"https:\/\/www.moskito.cz\/pl\/wp-json\/wp\/v2\/types\/product"}],"replies":[{"embeddable":true,"href":"https:\/\/www.moskito.cz\/pl\/wp-json\/wp\/v2\/comments?post=428915"}],"wp:featuredmedia":[{"embeddable":true,"href":"https:\/\/www.moskito.cz\/pl\/wp-json\/wp\/v2\/media\/428916"}],"wp:attachment":[{"href":"https:\/\/www.moskito.cz\/pl\/wp-json\/wp\/v2\/media?parent=428915"}],"wp:term":[{"taxonomy":"pwb-brand","embeddable":true,"href":"https:\/\/www.moskito.cz\/pl\/wp-json\/wp\/v2\/pwb-brand?post=428915"},{"taxonomy":"product_brand","embeddable":true,"href":"https:\/\/www.moskito.cz\/pl\/wp-json\/wp\/v2\/product_brand?post=428915"},{"taxonomy":"product_cat","embeddable":true,"href":"https:\/\/www.moskito.cz\/pl\/wp-json\/wp\/v2\/product_cat?post=428915"},{"taxonomy":"product_tag","embeddable":true,"href":"https:\/\/www.moskito.cz\/pl\/wp-json\/wp\/v2\/product_tag?post=428915"}],"curies":[{"name":"wp","href":"https:\/\/api.w.org\/{rel}","templated":true}]}}