{"id":428927,"date":"2024-07-19T14:15:00","date_gmt":"2024-07-19T13:15:00","guid":{"rendered":"https:\/\/www.moskito.cz\/produkt\/noz-staly-muela-albar-18h\/"},"modified":"2025-11-25T13:58:31","modified_gmt":"2025-11-25T12:58:31","slug":"noz-staly-muela-albar-18h","status":"publish","type":"product","link":"https:\/\/www.moskito.cz\/pl\/produkt\/noz-staly-muela-albar-18h\/","title":{"rendered":"N\u00f3\u017c sta\u0142y Muela ALBAR-18H"},"content":{"rendered":"<p>N\u00f3\u017c sta\u0142y <strong>Muela<\/strong> ALBAR-18H.<\/p>\n<p>N\u00f3\u017c sportowy Muela Albar-18H to n\u00f3\u017c z linii barbecue, przeznaczony przede wszystkim dla mi\u0142o\u015bnik\u00f3w no\u017cy, kt\u00f3rzy ceni\u0105 sobie no\u017ce wykonane z materia\u0142\u00f3w najwy\u017cszej jako\u015bci, takich jak poro\u017ce jelenia, wykorzystane w r\u0119koje\u015bci.<\/p>\n<p>Dobry n\u00f3\u017c do grilla to nie tylko narz\u0119dzie do krojenia mi\u0119sa \u2013 jest niezb\u0119dny do precyzyjnego krojenia, co wp\u0142ywa na jego tekstur\u0119 i krucho\u015b\u0107. Na jako\u015b\u0107 u\u017cytkowania no\u017ca wp\u0142ywa wiele czynnik\u00f3w, takich jak materia\u0142 ostrza i r\u0119koje\u015bci. Muela Albar-18H ma ostrze o d\u0142ugo\u015bci 180 mm i r\u0119koje\u015b\u0107 o d\u0142ugo\u015bci 125 mm, co czyni go doskona\u0142ym no\u017cem do krojenia r\u00f3\u017cnych rodzaj\u00f3w mi\u0119sa.  <\/p>\n<p>R\u0119koje\u015b\u0107 no\u017ca sportowego Muela Albar-18H wykonana jest z poro\u017ca jelenia, niezwykle precyzyjnego, a jednocze\u015bnie wytrzyma\u0142ego materia\u0142u. Poro\u017ce jelenia odpada zim\u0105 i odrasta wiosn\u0105, dlatego nie ma miejsca na okrucie\u0144stwo w stosowaniu tego materia\u0142u, od dawna stosowanego w produkcji no\u017cy r\u0119cznych. <\/p>\n<p>Jego ostrze wykonano z X50CrMoV15 \u201eMOVA\u201d (1.4116), klasycznego materia\u0142u no\u017cowego Muela, b\u0119d\u0105cego doskona\u0142\u0105 kombinacj\u0105 molibdenu i wanadu, tworz\u0105c stal o doskona\u0142ej twardo\u015bci i odporno\u015bci na korozj\u0119. Ostrze ma fa\u0142szywe ostrze, zaokr\u0105glone ostrze i podw\u00f3jny jelec. W komplecie sk\u00f3rzana pochwa. <\/p>\n<p>N\u00f3\u017c odpowiedni dla: my\u015bliwych, my\u015bliwych<\/p>\n<p>Budowa no\u017ca: ostrze sta\u0142e<\/p>\n<p>Kszta\u0142t ostrza: bowie<\/p>\n<p>Kolor ostrza: klasyczny srebrny<\/p>\n<p>Uchwyt: poro\u017ce<\/p>\n<p>D\u0142ugo\u015b\u0107 ostrza: 18 cm<\/p>\n<p>D\u0142ugo\u015b\u0107 r\u0105czki (cm): 12,5 cm<\/p>\n<p>D\u0142ugo\u015b\u0107 ca\u0142kowita (cm): 30,5<\/p>\n<p>Waga no\u017ca (g): 250<\/p>\n<p>Twardo\u015b\u0107 stali:<\/p>\n<p>58 &#8211; 60 HRC<\/p>\n<p>&nbsp;<\/p>\n<p>&nbsp;<\/p>\n<p>&nbsp;<\/p>\n","protected":false},"excerpt":{"rendered":"<p><strong>N\u00f3\u017c sportowy Muela Albar-18H to n\u00f3\u017c z linii barbecue, przeznaczony przede wszystkim dla mi\u0142o\u015bnik\u00f3w no\u017cy, kt\u00f3rzy ceni\u0105 sobie no\u017ce wykonane z materia\u0142\u00f3w najwy\u017cszej jako\u015bci, takich jak poro\u017ce jelenia, wykorzystane w r\u0119koje\u015bci.<\/strong><\/p>\n","protected":false},"featured_media":353796,"comment_status":"open","ping_status":"closed","template":"","meta":[],"pwb-brand":[3912],"product_brand":[],"product_cat":[3297,3296],"product_tag":[],"class_list":{"0":"post-428927","1":"product","2":"type-product","3":"status-publish","4":"has-post-thumbnail","6":"pwb-brand-musiala","7":"product_cat-solidne-noze","8":"product_cat-noze-pl","10":"first","11":"outofstock","12":"taxable","13":"shipping-taxable","14":"purchasable","15":"product-type-simple"},"brands":[{"id":3912,"name":"Musia\u0142a","slug":"musiala"}],"_links":{"self":[{"href":"https:\/\/www.moskito.cz\/pl\/wp-json\/wp\/v2\/product\/428927","targetHints":{"allow":["GET"]}}],"collection":[{"href":"https:\/\/www.moskito.cz\/pl\/wp-json\/wp\/v2\/product"}],"about":[{"href":"https:\/\/www.moskito.cz\/pl\/wp-json\/wp\/v2\/types\/product"}],"replies":[{"embeddable":true,"href":"https:\/\/www.moskito.cz\/pl\/wp-json\/wp\/v2\/comments?post=428927"}],"wp:featuredmedia":[{"embeddable":true,"href":"https:\/\/www.moskito.cz\/pl\/wp-json\/wp\/v2\/media\/353796"}],"wp:attachment":[{"href":"https:\/\/www.moskito.cz\/pl\/wp-json\/wp\/v2\/media?parent=428927"}],"wp:term":[{"taxonomy":"pwb-brand","embeddable":true,"href":"https:\/\/www.moskito.cz\/pl\/wp-json\/wp\/v2\/pwb-brand?post=428927"},{"taxonomy":"product_brand","embeddable":true,"href":"https:\/\/www.moskito.cz\/pl\/wp-json\/wp\/v2\/product_brand?post=428927"},{"taxonomy":"product_cat","embeddable":true,"href":"https:\/\/www.moskito.cz\/pl\/wp-json\/wp\/v2\/product_cat?post=428927"},{"taxonomy":"product_tag","embeddable":true,"href":"https:\/\/www.moskito.cz\/pl\/wp-json\/wp\/v2\/product_tag?post=428927"}],"curies":[{"name":"wp","href":"https:\/\/api.w.org\/{rel}","templated":true}]}}