{"id":428996,"date":"2022-02-23T21:22:21","date_gmt":"2022-02-23T20:22:21","guid":{"rendered":"https:\/\/www.moskito.cz\/produkt\/noz-skladany-giantmouse-ace-sonoma-ti-satin\/"},"modified":"2025-11-26T10:55:46","modified_gmt":"2025-11-26T09:55:46","slug":"noz-skladany-giantmouse-ace-sonoma-ti-satin","status":"publish","type":"product","link":"https:\/\/www.moskito.cz\/pl\/produkt\/noz-skladany-giantmouse-ace-sonoma-ti-satin\/","title":{"rendered":"N\u00f3\u017c sk\u0142adany GiantMouse ACE SONOMA &#8211; TI SATIN"},"content":{"rendered":"<p>N\u00f3\u017c sk\u0142adany <strong>GiantMouse<\/strong> ACE SONOMA &#8211; TI SATIN.<\/p>\n<p>W\u0141A\u015aCIWE NO\u017bE.\u00ae<\/p>\n<p>\u201e <strong>Sonoma\u201d<\/strong> to najnowszy projekt w naszej linii no\u017cy ACE o nieograniczonej produkcji. Je\u015bli widzia\u0142e\u015b zdj\u0119cia Sonomy na Instagramie lub Facebooku, nie powinno by\u0107 zaskoczeniem, \u017ce wiele inspiracji dla tego modelu pochodzi\u0142o z GiantMouse GM3, eleganckiego m\u0119skiego teczki, kt\u00f3ry zosta\u0142 bardzo dobrze przyj\u0119ty przez naszych klient\u00f3w w 2017 roku.<\/p>\n<p>Chocia\u017c Sonoma jest cz\u0119\u015bci\u0105 naszej linii ACE, postanowili\u015bmy da\u0107 z siebie wszystko w przypadku tej pierwszej wersji naszego najnowszego producenta, Reate Knives. Zaprojektowali\u015bmy go z frezowanym tytanowym szkieletowym zapi\u0119ciem zamiast standardowego zapi\u0119cia drucianego serii ACE oraz anodyzowanymi tytanowymi tulejami obrotowymi i tyln\u0105 przek\u0142adk\u0105, podobnie jak w limitowanych edycjach no\u017cy z serii GM. W chwili premiery dost\u0119pne b\u0119d\u0105 dwie wersje Sonomy \u2013 jedna z kamiennego tytanu z satynowym wyko\u0144czeniem i jedna z tytanu PVD z drobnym kamiennym ostrzem.<\/p>\n<p>W maju 2021 r. wypu\u015bcili\u015bmy klips do przenoszenia Deep Pocket do Titanium Sonoma i od tej pory ka\u017cdy sprzedawany klips Titanium Sonoma b\u0119dzie zawiera\u0142 ten klips jako akcesorium, dzi\u0119ki czemu w razie potrzeby b\u0119dzie mo\u017cna wymieni\u0107 frezowany tytanowy klips na g\u0142\u0119boki klips kieszonkowy.<\/p>\n<p>Nasza decyzja o nazwie tego folderu jest uk\u0142onem w stron\u0119 hrabstwa Sonoma, kt\u00f3re le\u017cy na p\u00f3\u0142noc od pierwotnej siedziby GiantMouse w hrabstwie Marin w Kalifornii. Sonoma s\u0142ynie z malowniczego pi\u0119kna \u2013 wzg\u00f3rz i dolin, akr\u00f3w winnic i ponad 250 winnic. Dzi\u0119ki kusz\u0105cemu krajobrazowi oraz niesamowitemu jedzeniu i winowi, kt\u00f3re nigdy si\u0119 nie ko\u0144czy, Sonoma jest idealnym miejscem dla zespo\u0142u GiantMouse, aby tryska\u0107 kreatywno\u015bci\u0105.<\/p>\n<p>SPECYFIKACJE<\/p>\n<p>Przybory:<br \/>\n Stal ostrza: stal nierdzewna B\u00f6hler M390 MICROCLEAN. Wyko\u0144czenie satynowe.<br \/>\n R\u0119koje\u015b\u0107: Tytan &#8211; Stonewashed.<br \/>\n Klips: frezowany tytan.<br \/>\n Mechanizm obrotowy: \u0141o\u017cyska kulkowe.<br \/>\n Mechanizm blokuj\u0105cy: blokada ramy. <\/p>\n<p>Wymiary:<br \/>\n D\u0142ugo\u015b\u0107 ostrza: 3,4&#8243; (87,3 mm) &#8211; mierzona od czubka do przedniej kraw\u0119dzi oprawki<br \/>\n Grubo\u015b\u0107 ostrza: 0,138&#8243; (3,5 mm)<br \/>\n D\u0142ugo\u015b\u0107 r\u0119koje\u015bci: 4,5&#8243; (114,3 mm)<br \/>\n D\u0142ugo\u015b\u0107 ca\u0142kowita: 8 cali (203,2 mm)<br \/>\n Waga: 3,7 uncji (105 g)<\/p>\n","protected":false},"excerpt":{"rendered":"<p>Pomys\u0142 na <strong>GiantMouse<\/strong> narodzi\u0142 si\u0119 pewnego wieczoru podczas American Knife Show 2015 przy drinku. Du\u0144scy projektanci\/no\u017ce Jens Ans\u00f8 i Jesper Voxnaes (Vox) zdecydowali wraz ze swoim ameryka\u0144skim przyjacielem przedsi\u0119biorc\u0105 Jimem Wirthem, \u017ce mog\u0105 zbudowa\u0107 lepsz\u0105 pu\u0142apk\u0119 na myszy. m\u00f3wi\u0107. Marka no\u017cy, kt\u00f3ra dostarcza niesamowite projekty no\u017cy, o najwy\u017cszej mo\u017cliwej jako\u015bci wykonania, za uczciw\u0105 cen\u0119, pozostaj\u0105c jednocze\u015bnie blisko spo\u0142eczno\u015bci swoich klient\u00f3w.<\/p>\n<p><strong>Darmowa wysy\u0142ka.<\/strong><\/p>\n","protected":false},"featured_media":428997,"comment_status":"open","ping_status":"closed","template":"","meta":[],"pwb-brand":[3802],"product_brand":[],"product_cat":[3307,3296],"product_tag":[],"class_list":{"0":"post-428996","1":"product","2":"type-product","3":"status-publish","4":"has-post-thumbnail","6":"pwb-brand-gigantyczna-mysz","7":"product_cat-zamykanie-nozy","8":"product_cat-noze-pl","10":"first","11":"instock","12":"taxable","13":"shipping-taxable","14":"purchasable","15":"product-type-simple"},"brands":[{"id":3802,"name":"Gigantyczna Mysz","slug":"gigantyczna-mysz"}],"_links":{"self":[{"href":"https:\/\/www.moskito.cz\/pl\/wp-json\/wp\/v2\/product\/428996","targetHints":{"allow":["GET"]}}],"collection":[{"href":"https:\/\/www.moskito.cz\/pl\/wp-json\/wp\/v2\/product"}],"about":[{"href":"https:\/\/www.moskito.cz\/pl\/wp-json\/wp\/v2\/types\/product"}],"replies":[{"embeddable":true,"href":"https:\/\/www.moskito.cz\/pl\/wp-json\/wp\/v2\/comments?post=428996"}],"wp:featuredmedia":[{"embeddable":true,"href":"https:\/\/www.moskito.cz\/pl\/wp-json\/wp\/v2\/media\/428997"}],"wp:attachment":[{"href":"https:\/\/www.moskito.cz\/pl\/wp-json\/wp\/v2\/media?parent=428996"}],"wp:term":[{"taxonomy":"pwb-brand","embeddable":true,"href":"https:\/\/www.moskito.cz\/pl\/wp-json\/wp\/v2\/pwb-brand?post=428996"},{"taxonomy":"product_brand","embeddable":true,"href":"https:\/\/www.moskito.cz\/pl\/wp-json\/wp\/v2\/product_brand?post=428996"},{"taxonomy":"product_cat","embeddable":true,"href":"https:\/\/www.moskito.cz\/pl\/wp-json\/wp\/v2\/product_cat?post=428996"},{"taxonomy":"product_tag","embeddable":true,"href":"https:\/\/www.moskito.cz\/pl\/wp-json\/wp\/v2\/product_tag?post=428996"}],"curies":[{"name":"wp","href":"https:\/\/api.w.org\/{rel}","templated":true}]}}