{"id":429043,"date":"2024-11-18T23:21:42","date_gmt":"2024-11-18T22:21:42","guid":{"rendered":"https:\/\/www.moskito.cz\/produkt\/noz-skladany-benchmade-mini-bugout-533bk-2\/"},"modified":"2025-11-26T14:21:49","modified_gmt":"2025-11-26T13:21:49","slug":"noz-skladany-benchmade-mini-bugout-533bk-2","status":"publish","type":"product","link":"https:\/\/www.moskito.cz\/pl\/produkt\/noz-skladany-benchmade-mini-bugout-533bk-2\/","title":{"rendered":"N\u00f3\u017c sk\u0142adany Benchmade Mini Bugout 533BK-2"},"content":{"rendered":"<p>N\u00f3\u017c sk\u0142adany <strong>Benchmade<\/strong> Mini Bugout 533BK-2.<\/p>\n<p>Nie daj si\u0119 zwie\u015b\u0107 rozmiarowi \u2013 533BK-2 Mini Bugout dowodzi, \u017ce mniejsze narz\u0119dzia mog\u0105 mie\u0107 ogromn\u0105 moc. Ten minimalistyczny n\u00f3\u017c wyr\u00f3\u017cnia si\u0119 ultralekk\u0105 konstrukcj\u0105, precyzyjnym wykonaniem i jako\u015bci\u0105 wykonania Benchmade. <\/p>\n<p>Najwa\u017cniejsze cechy:<br \/>\n Lekko\u015b\u0107 i przeno\u015bno\u015b\u0107:<\/p>\n<p>Wa\u017c\u0105c zaledwie 42,52 g (1,50 uncji), mo\u017cna wygodnie nosi\u0107 go na co dzie\u0144.<br \/>\n Kompaktowe wymiary (9,41 cm po z\u0142o\u017ceniu) u\u0142atwiaj\u0105 przechowywanie i przenoszenie.<br \/>\n Trwa\u0142o\u015b\u0107 i wydajno\u015b\u0107:<\/p>\n<p>Materia\u0142 ostrza: Stal nierdzewna CPM-S30V jest znana ze swojej doskona\u0142ej odporno\u015bci na zu\u017cycie i korozj\u0119, a tak\u017ce doskona\u0142ego utrzymywania ostro\u015bci.<br \/>\n Obr\u00f3bka powierzchni: Black Cerakote zwi\u0119ksza odporno\u015b\u0107 na zarysowania i zapewnia matowe wyko\u0144czenie.<br \/>\n Projekt :<\/p>\n<p>Uchwyt CF-Elite \u0142\u0105czy w sobie wytrzyma\u0142o\u015b\u0107 i wyj\u0105tkowo nisk\u0105 wag\u0119.<br \/>\n Ostrze typu Drop Point gwarantuje wszechstronno\u015b\u0107 i wydajno\u015b\u0107 w r\u00f3\u017cnych rodzajach ci\u0119cia.<br \/>\n Zdolno\u015b\u0107 adaptacji:<\/p>\n<p>Czarny, oksydowany klips kieszonkowy ze stali nierdzewnej jest obur\u0119czny i odchylany, dzi\u0119ki czemu idealnie nadaje si\u0119 zar\u00f3wno dla os\u00f3b prawo-, jak i lewor\u0119cznych.<br \/>\nMechanizm blokuj\u0105cy AXIS umo\u017cliwia bezpieczn\u0105, szybk\u0105 i \u0142atw\u0105 obs\u0142ug\u0119 jedn\u0105 r\u0119k\u0105.<br \/>\nSpecyfikacja techniczna:<br \/>\nWarto\u015b\u0107 specyfikacji<br \/>\nD\u0142ugo\u015b\u0107 ostrza 7,16 cm<br \/>\nGrubo\u015b\u0107 ostrza 2,286 mm<br \/>\nMateria\u0142 ostrza CPM-S30V Stal nierdzewna<br \/>\nTwardo\u015b\u0107 ostrza 58-60 HRC<br \/>\nStylowe ostrze typu Drop Point<br \/>\nGrubo\u015b\u0107 uchwytu 10,46 mm<br \/>\nD\u0142ugo\u015b\u0107 ca\u0142kowita 16,48 cm<br \/>\nD\u0142ugo\u015b\u0107 no\u017ca po z\u0142o\u017ceniu 9,41 cm<br \/>\nWaga 42,52 g<br \/>\n Niebieska klasa<br \/>\n Pochodzenie Wyprodukowano w USA<br \/>\n Streszczenie<br \/>\n Benchmade 533BK-2 Mini Bugout to idealny n\u00f3\u017c dla os\u00f3b poszukuj\u0105cych lekkiego, niezawodnego i funkcjonalnego narz\u0119dzia do codziennego u\u017cytku. Kompaktowy rozmiar nie ogranicza jego mo\u017cliwo\u015bci, dzi\u0119ki czemu jest doskona\u0142ym wyborem zar\u00f3wno dla entuzjast\u00f3w outdooru, jak i dla u\u017cytkownik\u00f3w indywidualnych. Prostota, elegancja i praktyczno\u015b\u0107 \u2013 oto Mini Bugout.  <\/p>\n","protected":false},"excerpt":{"rendered":"<p>Benchmade 533BK-2 Mini Bugout to idealny n\u00f3\u017c dla os\u00f3b poszukuj\u0105cych lekkiego, niezawodnego i funkcjonalnego narz\u0119dzia do codziennego u\u017cytku. Kompaktowy rozmiar w \u017caden spos\u00f3b nie ogranicza jego mo\u017cliwo\u015bci, co czyni go doskona\u0142ym wyborem zar\u00f3wno dla entuzjast\u00f3w outdooru, jak i dla u\u017cytkownik\u00f3w indywidualnych. <\/p>\n<p>Darmowa wysy\u0142ka.<\/p>\n","protected":false},"featured_media":373801,"comment_status":"open","ping_status":"closed","template":"","meta":[],"pwb-brand":[3980],"product_brand":[],"product_cat":[3307,3296],"product_tag":[],"class_list":{"0":"post-429043","1":"product","2":"type-product","3":"status-publish","4":"has-post-thumbnail","6":"pwb-brand-wykonany-na-stanowisku","7":"product_cat-zamykanie-nozy","8":"product_cat-noze-pl","10":"first","11":"outofstock","12":"taxable","13":"shipping-taxable","14":"purchasable","15":"product-type-simple"},"brands":[{"id":3980,"name":"Wykonany na stanowisku","slug":"wykonany-na-stanowisku"}],"_links":{"self":[{"href":"https:\/\/www.moskito.cz\/pl\/wp-json\/wp\/v2\/product\/429043","targetHints":{"allow":["GET"]}}],"collection":[{"href":"https:\/\/www.moskito.cz\/pl\/wp-json\/wp\/v2\/product"}],"about":[{"href":"https:\/\/www.moskito.cz\/pl\/wp-json\/wp\/v2\/types\/product"}],"replies":[{"embeddable":true,"href":"https:\/\/www.moskito.cz\/pl\/wp-json\/wp\/v2\/comments?post=429043"}],"wp:featuredmedia":[{"embeddable":true,"href":"https:\/\/www.moskito.cz\/pl\/wp-json\/wp\/v2\/media\/373801"}],"wp:attachment":[{"href":"https:\/\/www.moskito.cz\/pl\/wp-json\/wp\/v2\/media?parent=429043"}],"wp:term":[{"taxonomy":"pwb-brand","embeddable":true,"href":"https:\/\/www.moskito.cz\/pl\/wp-json\/wp\/v2\/pwb-brand?post=429043"},{"taxonomy":"product_brand","embeddable":true,"href":"https:\/\/www.moskito.cz\/pl\/wp-json\/wp\/v2\/product_brand?post=429043"},{"taxonomy":"product_cat","embeddable":true,"href":"https:\/\/www.moskito.cz\/pl\/wp-json\/wp\/v2\/product_cat?post=429043"},{"taxonomy":"product_tag","embeddable":true,"href":"https:\/\/www.moskito.cz\/pl\/wp-json\/wp\/v2\/product_tag?post=429043"}],"curies":[{"name":"wp","href":"https:\/\/api.w.org\/{rel}","templated":true}]}}