{"id":429244,"date":"2024-09-26T13:01:37","date_gmt":"2024-09-26T12:01:37","guid":{"rendered":"https:\/\/www.moskito.cz\/produkt\/boker-plus-aks-74-mini-tanto-czarny\/"},"modified":"2025-12-03T14:38:27","modified_gmt":"2025-12-03T13:38:27","slug":"boker-plus-aks-74-mini-tanto-czarny","status":"publish","type":"product","link":"https:\/\/www.moskito.cz\/pl\/produkt\/boker-plus-aks-74-mini-tanto-czarny\/","title":{"rendered":"B\u00f6ker Plus AKS-74 Mini Tanto Czarny"},"content":{"rendered":"<p>B\u00f6ker Plus AKS-74 Mini Tanto Czarny 01KALS7 3BT.<\/p>\n<div class=\"flex max-w-full flex-col flex-grow\">\n<div class=\"min-h-8 text-message flex w-full flex-col items-end gap-2 whitespace-normal break-words [.text-message+&amp;]:mt-5\" dir=\"auto\" data-message-author-role=\"assistant\" data-message-id=\"01470aca-3f1b-4b24-8fe7-ee702e6dacb6\" data-message-model-slug=\"gpt-4o\">\n<div class=\"flex w-full flex-col gap-1 empty:hidden first:pt-[3px]\">\n<div class=\"markdown prose w-full break-words dark:prose-invert light\">\n<p><strong>B\u00f6ker Plus AKS-74 Mini Tanto Black<\/strong> to kompaktowa wersja kultowego modelu, zaprojektowana z my\u015bl\u0105 o taktycznym designie inspirowanym rosyjskim karabinem szturmowym AK-74. N\u00f3\u017c ten \u0142\u0105czy wysok\u0105 funkcjonalno\u015b\u0107 z solidn\u0105 konstrukcj\u0105 i jest idealnym wyborem zar\u00f3wno do codziennego noszenia (EDC), jak i do bardziej wymagaj\u0105cych zada\u0144. <\/p>\n<hr>\n<h3><strong>Kluczowe w\u0142a\u015bciwo\u015bci:<\/strong><\/h3>\n<ol>\n<li><strong>Ostrze<\/strong> :\n<ul>\n<li><strong>Kszta\u0142t<\/strong> : Tanto \u2013 zapewnia maksymaln\u0105 wytrzyma\u0142o\u015b\u0107 ko\u0144c\u00f3wki i jest idealny do przek\u0142uwania i precyzyjnych ci\u0119\u0107.<\/li>\n<li><strong>Materia\u0142<\/strong> : <strong>AUS-8<\/strong> \u2013 wysokiej jako\u015bci japo\u0144ska stal nierdzewna o dobrej odporno\u015bci na zu\u017cycie i korozj\u0119.<\/li>\n<li><strong>Obr\u00f3bka powierzchni<\/strong> : Czarna pow\u0142oka \u2013 eliminuje odblaski i zwi\u0119ksza trwa\u0142o\u015b\u0107 ostrza.<\/li>\n<li><strong>D\u0142ugo\u015b\u0107<\/strong> : 5,80 cm \u2013 kompaktowe ostrze zapewniaj\u0105ce doskona\u0142\u0105 kontrol\u0119 podczas u\u017cytkowania.<\/li>\n<\/ul>\n<\/li>\n<li><strong>Uchwyt<\/strong> :\n<ul>\n<li><strong>Materia\u0142<\/strong> : Aluminium &#8211; trwa\u0142e, lekkie i ergonomiczne, z matowym wyko\u0144czeniem zapewniaj\u0105cym pewny chwyt.<\/li>\n<li><strong>Kolor<\/strong> : Czarny \u2013 wygl\u0105d taktyczny.<\/li>\n<\/ul>\n<\/li>\n<li><strong>Mechanizm<\/strong> :\n<ul>\n<li><strong>Otwieranie<\/strong> : Mechanizm automatyczny \u2013 umo\u017cliwia szybkie i \u0142atwe otwieranie jedn\u0105 r\u0119k\u0105.<\/li>\n<li><strong>Blokada<\/strong> : Niezawodna blokada gwarantuje bezpiecze\u0144stwo u\u017cytkowania.<\/li>\n<\/ul>\n<\/li>\n<li><strong>Inne funkcje<\/strong> :\n<ul>\n<li><strong>Klips<\/strong> : Do \u0142atwego przymocowania do paska lub kieszeni, odpowiedni do noszenia na co dzie\u0144.<\/li>\n<li><strong>Otwory na link\u0119<\/strong> : Praktyczne do mocowania linki paracord lub innych akcesori\u00f3w.<\/li>\n<\/ul>\n<\/li>\n<\/ol>\n<hr>\n<h3><strong>Dane techniczne<\/strong> :<\/h3>\n<ul>\n<li><strong>D\u0142ugo\u015b\u0107 ca\u0142kowita<\/strong> : 14,60 cm<\/li>\n<li><strong>D\u0142ugo\u015b\u0107 ostrza<\/strong> : 5,80 cm<\/li>\n<li><strong>Grubo\u015b\u0107 ostrza<\/strong> : 2,60 mm<\/li>\n<li><strong>Waga<\/strong> : 74,00 g<\/li>\n<li><strong>Materia\u0142 ostrza<\/strong> : AUS-8<\/li>\n<li><strong>Materia\u0142 uchwytu<\/strong> : aluminium<\/li>\n<li><strong>Mechanizm otwierania<\/strong> : Automatyczny<\/li>\n<li><strong>Kolor<\/strong> : Czarny<\/li>\n<li><strong>Numer artyku\u0142u<\/strong> : 01KALS73BT<\/li>\n<\/ul>\n<hr>\n<h3><strong>Korzy\u015bci i zastosowania<\/strong> :<\/h3>\n<ul>\n<li><strong>Kompaktowa konstrukcja<\/strong> : \u0141atwa przeno\u015bno\u015b\u0107, odpowiednia do codziennego u\u017cytku i bardziej wymagaj\u0105cych sytuacji.<\/li>\n<li><strong>Szybka obs\u0142uga<\/strong> : Automatyczne otwieranie umo\u017cliwia natychmiastowe u\u017cycie.<\/li>\n<li><strong>Trwa\u0142o\u015b\u0107 i jako\u015b\u0107<\/strong> : Solidna konstrukcja i wysokiej jako\u015bci materia\u0142y sprawiaj\u0105, \u017ce n\u00f3\u017c ten jest niezawodnym narz\u0119dziem.<\/li>\n<\/ul>\n<hr>\n<h3><strong>Wniosek<\/strong> :<\/h3>\n<p><strong>N\u00f3\u017c B\u00f6ker Plus AKS-74 Mini Tanto Black 01KALS73BT<\/strong> to idealne po\u0142\u0105czenie praktyczno\u015bci, elegancji i wytrzyma\u0142o\u015bci. To idealny wyb\u00f3r dla os\u00f3b poszukuj\u0105cych kompaktowego no\u017ca taktycznego z szybkim dost\u0119pem i nowoczesnym wzornictwem. Idealny do codziennego noszenia i w sytuacjach awaryjnych.  <\/p>\n<\/div>\n<\/div>\n<\/div>\n<\/div>\n<div class=\"mb-2 flex gap-3 empty:hidden -ml-2\">\n<div class=\"items-center justify-start rounded-xl p-1 flex\">\n<div class=\"flex items-center\"><\/div>\n<\/div>\n<\/div>\n","protected":false},"excerpt":{"rendered":"<div class=\"flex max-w-full flex-col flex-grow\">\n<div class=\"min-h-8 text-message flex w-full flex-col items-end gap-2 whitespace-normal break-words [.text-message+&amp;]:mt-5\" dir=\"auto\" data-message-author-role=\"assistant\" data-message-id=\"01470aca-3f1b-4b24-8fe7-ee702e6dacb6\" data-message-model-slug=\"gpt-4o\">\n<div class=\"flex w-full flex-col gap-1 empty:hidden first:pt-[3px]\">\n<div class=\"markdown prose w-full break-words dark:prose-invert light\">\n<p><strong>N\u00f3\u017c B\u00f6ker Plus AKS-74 Mini Tanto Black 01KALS73BT to idealne po\u0142\u0105czenie praktyczno\u015bci, elegancji i wytrzyma\u0142o\u015bci. To idealny wyb\u00f3r dla os\u00f3b poszukuj\u0105cych kompaktowego no\u017ca taktycznego z szybkim dost\u0119pem i nowoczesnym wzornictwem. Idealny do codziennego noszenia i w sytuacjach awaryjnych.  <\/strong><\/p>\n<\/div>\n<\/div>\n<\/div>\n<\/div>\n<div class=\"mb-2 flex gap-3 empty:hidden -ml-2\">\n<div class=\"items-center justify-start rounded-xl p-1 flex\">\n<div class=\"flex items-center\"><\/div>\n<\/div>\n<\/div>\n","protected":false},"featured_media":361271,"comment_status":"closed","ping_status":"closed","template":"","meta":[],"pwb-brand":[3423],"product_brand":[],"product_cat":[3296,3307],"product_tag":[],"class_list":{"0":"post-429244","1":"product","2":"type-product","3":"status-publish","4":"has-post-thumbnail","6":"pwb-brand-bokera","7":"product_cat-noze-pl","8":"product_cat-zamykanie-nozy","10":"first","11":"outofstock","12":"taxable","13":"shipping-taxable","14":"purchasable","15":"product-type-simple"},"brands":[{"id":3423,"name":"Bokera","slug":"bokera"}],"_links":{"self":[{"href":"https:\/\/www.moskito.cz\/pl\/wp-json\/wp\/v2\/product\/429244","targetHints":{"allow":["GET"]}}],"collection":[{"href":"https:\/\/www.moskito.cz\/pl\/wp-json\/wp\/v2\/product"}],"about":[{"href":"https:\/\/www.moskito.cz\/pl\/wp-json\/wp\/v2\/types\/product"}],"replies":[{"embeddable":true,"href":"https:\/\/www.moskito.cz\/pl\/wp-json\/wp\/v2\/comments?post=429244"}],"wp:featuredmedia":[{"embeddable":true,"href":"https:\/\/www.moskito.cz\/pl\/wp-json\/wp\/v2\/media\/361271"}],"wp:attachment":[{"href":"https:\/\/www.moskito.cz\/pl\/wp-json\/wp\/v2\/media?parent=429244"}],"wp:term":[{"taxonomy":"pwb-brand","embeddable":true,"href":"https:\/\/www.moskito.cz\/pl\/wp-json\/wp\/v2\/pwb-brand?post=429244"},{"taxonomy":"product_brand","embeddable":true,"href":"https:\/\/www.moskito.cz\/pl\/wp-json\/wp\/v2\/product_brand?post=429244"},{"taxonomy":"product_cat","embeddable":true,"href":"https:\/\/www.moskito.cz\/pl\/wp-json\/wp\/v2\/product_cat?post=429244"},{"taxonomy":"product_tag","embeddable":true,"href":"https:\/\/www.moskito.cz\/pl\/wp-json\/wp\/v2\/product_tag?post=429244"}],"curies":[{"name":"wp","href":"https:\/\/api.w.org\/{rel}","templated":true}]}}