{"id":429258,"date":"2023-03-27T19:29:50","date_gmt":"2023-03-27T18:29:50","guid":{"rendered":"https:\/\/www.moskito.cz\/produkt\/noz-do-zamykania-cold-steel-xl-voyager-vaquero-serrated-edge-aus10a\/"},"modified":"2025-12-04T10:12:05","modified_gmt":"2025-12-04T09:12:05","slug":"noz-do-zamykania-cold-steel-xl-voyager-vaquero-serrated-edge-aus10a","status":"publish","type":"product","link":"https:\/\/www.moskito.cz\/pl\/produkt\/noz-do-zamykania-cold-steel-xl-voyager-vaquero-serrated-edge-aus10a\/","title":{"rendered":"N\u00f3\u017c do zamykania Cold Steel XL VOYAGER VAQUERO SERRATED EDGE (AUS10A)"},"content":{"rendered":"<p>N\u00f3\u017c do zamykania <strong>Cold Steel<\/strong> XL VOYAGER VAQUERO SERRATED EDGE (AUS10A)<\/p>\n<p>Linia <strong>Cold Steel Voyager<\/strong> zosta\u0142a zaprojektowana jako prawdziwy n\u00f3\u017c dla ka\u017cdego. Lekkie, wygodne, super ostre, wytrzyma\u0142e, niezawodne i idealne do polowania i biwakowania, a tak\u017ce do codziennego u\u017cytku i codziennego ci\u0119cia. No\u017ce Voyager doskonale sprawdzaj\u0105 si\u0119 w wielu zastosowaniach survivalowych i ratowniczych i okaza\u0142y si\u0119 bardzo popularne w\u015br\u00f3d policji i personelu wojskowego, kt\u00f3rzy doceniaj\u0105 po\u0142\u0105czenie si\u0142y ci\u0119cia i bezpiecze\u0144stwa, jakie oferuj\u0105. Ka\u017cdy n\u00f3\u017c z naszej szerokiej linii Voyager jest precyzyjnie zaprojektowany i spe\u0142nia najwy\u017csze standardy. Wyposa\u017cone w ostrza AUS10A i nasz mechanizm blokuj\u0105cy Tri-Ad &#8211; prawdopodobnie najbezpieczniejsza i najbardziej odporna na uderzenia blokada na rynku! Ergonomiczne r\u0119koje\u015bci Griv-Ex Voyagers (wzmocnione wk\u0142adkami z aluminium 6061 poddanego obr\u00f3bce cieplnej) zapewniaj\u0105 wysoki komfort i pewny chwyt, nawet przy d\u0142ugotrwa\u0142ym u\u017cytkowaniu w wymagaj\u0105cych warunkach. Dost\u0119pny w dw\u00f3ch rozmiarach i wielu konfiguracjach ostrzy i kraw\u0119dzi, <strong>Voyager<\/strong> ma co\u015b dla ka\u017cdego.     <\/p>\n<p>Opis:<\/p>\n<p>Materia\u0142 ostrza: AUS-10A<br \/>\nMateria\u0142 r\u0119koje\u015bci: Griv-Ex<br \/>\nBlokada: Tri-Ad lock<br \/>\nD\u0142ugo\u015b\u0107 ostrza: 14 cm<br \/>\nD\u0142ugo\u015b\u0107 ca\u0142kowita: 31,1 cm<br \/>\nD\u0142ugo\u015b\u0107 r\u0119koje\u015bci: 17,1 cm<br \/>\nGrubo\u015b\u0107 ostrza: 4 mm<br \/>\nWaga: 204 g<br \/>\nZastosowanie: Camping, Taktyka, Survival, Samoobrona, EDC &#8211; codzienne przenoszenie<\/p>\n<p><iframe title=\"Cold Steel&#039;s Deadliest Weapons, Voyager Vaquero\" width=\"800\" height=\"450\" src=\"https:\/\/www.youtube.com\/embed\/k4XKffPD4ko?feature=oembed\" frameborder=\"0\" allow=\"accelerometer; autoplay; clipboard-write; encrypted-media; gyroscope; picture-in-picture; web-share\" referrerpolicy=\"strict-origin-when-cross-origin\" allowfullscreen><\/iframe><\/p>\n<p>&nbsp;<\/p>\n<p>&nbsp;<\/p>\n","protected":false},"excerpt":{"rendered":"<p><strong>Voyager Vaquero firmy Cold Steel to n\u00f3\u017c z z\u0105bkowanym ostrzem. Voyager Vaquero jest przeznaczony do u\u017cytku bojowego ze wzgl\u0119du na sw\u00f3j rozmiar i kszta\u0142t ostrza. Ma doskona\u0142e w\u0142a\u015bciwo\u015bci tn\u0105ce.  <\/strong><\/p>\n","protected":false},"featured_media":429260,"comment_status":"open","ping_status":"closed","template":"","meta":[],"pwb-brand":[3596],"product_brand":[],"product_cat":[3307,3296],"product_tag":[3671],"class_list":{"0":"post-429258","1":"product","2":"type-product","3":"status-publish","4":"has-post-thumbnail","6":"pwb-brand-zimna-stal","7":"product_cat-zamykanie-nozy","8":"product_cat-noze-pl","9":"product_tag-b2b-pl","11":"first","12":"outofstock","13":"taxable","14":"shipping-taxable","15":"purchasable","16":"product-type-simple"},"brands":[{"id":3596,"name":"Zimna stal","slug":"zimna-stal"}],"_links":{"self":[{"href":"https:\/\/www.moskito.cz\/pl\/wp-json\/wp\/v2\/product\/429258","targetHints":{"allow":["GET"]}}],"collection":[{"href":"https:\/\/www.moskito.cz\/pl\/wp-json\/wp\/v2\/product"}],"about":[{"href":"https:\/\/www.moskito.cz\/pl\/wp-json\/wp\/v2\/types\/product"}],"replies":[{"embeddable":true,"href":"https:\/\/www.moskito.cz\/pl\/wp-json\/wp\/v2\/comments?post=429258"}],"wp:featuredmedia":[{"embeddable":true,"href":"https:\/\/www.moskito.cz\/pl\/wp-json\/wp\/v2\/media\/429260"}],"wp:attachment":[{"href":"https:\/\/www.moskito.cz\/pl\/wp-json\/wp\/v2\/media?parent=429258"}],"wp:term":[{"taxonomy":"pwb-brand","embeddable":true,"href":"https:\/\/www.moskito.cz\/pl\/wp-json\/wp\/v2\/pwb-brand?post=429258"},{"taxonomy":"product_brand","embeddable":true,"href":"https:\/\/www.moskito.cz\/pl\/wp-json\/wp\/v2\/product_brand?post=429258"},{"taxonomy":"product_cat","embeddable":true,"href":"https:\/\/www.moskito.cz\/pl\/wp-json\/wp\/v2\/product_cat?post=429258"},{"taxonomy":"product_tag","embeddable":true,"href":"https:\/\/www.moskito.cz\/pl\/wp-json\/wp\/v2\/product_tag?post=429258"}],"curies":[{"name":"wp","href":"https:\/\/api.w.org\/{rel}","templated":true}]}}