{"id":429264,"date":"2022-04-18T19:43:55","date_gmt":"2022-04-18T18:43:55","guid":{"rendered":"https:\/\/www.moskito.cz\/produkt\/noz-do-zamykania-cold-steel-large-espada-g-10-aus10a\/"},"modified":"2025-12-04T10:12:07","modified_gmt":"2025-12-04T09:12:07","slug":"noz-do-zamykania-cold-steel-large-espada-g-10-aus10a","status":"publish","type":"product","link":"https:\/\/www.moskito.cz\/pl\/produkt\/noz-do-zamykania-cold-steel-large-espada-g-10-aus10a\/","title":{"rendered":"N\u00f3\u017c do zamykania Cold Steel LARGE ESPADA G-10 (AUS10A)"},"content":{"rendered":"<p>N\u00f3\u017c do zamykania <strong>Cold Steel<\/strong> LARGE ESPADA G-10 (AUS10A)<\/p>\n<p>G-10 Espada Large to n\u00f3\u017c do codziennego noszenia. Linia produkt\u00f3w Espada zosta\u0142a zaprojektowana przez s\u0142ynnego producenta no\u017cy Andrew Demko i prezesa Cold Steel Lynna C. Thompsona. Espada jest inspirowana legendarnymi mieczami Espada Conquest. Ostrze wykonane jest z japo\u0144skiej stali AUS 10A.    Ta martenzytyczna stal nierdzewna posiada bardzo dobre w\u0142a\u015bciwo\u015bci wytrzyma\u0142o\u015bciowe i stosowana jest g\u0142\u00f3wnie jako materia\u0142 na narz\u0119dzia skrawaj\u0105ce. W por\u00f3wnaniu do AUS 8A lepiej trzyma ostrze i jest bardziej odporny na \u015bcieranie. Stal zosta\u0142a nast\u0119pnie poddana obr\u00f3bce cieplnej w celu uzyskania idealnej r\u00f3wnowagi pomi\u0119dzy zachowaniem kraw\u0119dzi a \u0142atwo\u015bci\u0105 ponownego ostrzenia. Obr\u00f3bka powierzchni DLC (Diamond Like Coating) z czarnym wyko\u0144czeniem zapobiega \u0142atwemu zarysowaniu i sprawia, \u017ce n\u00f3\u017c jest odporny na rdzewienie. R\u0119koje\u015b\u0107 no\u017cy Espada\u2122 wykonana jest z w\u0142\u00f3kna szklanego G-10. R\u0119koje\u015b\u0107 jest mocno zakrzywiona, ma szorstk\u0105 tekstur\u0119 i jest wyposa\u017cona w rowki na palce, kt\u00f3re zapewniaj\u0105 pewny i bezpieczny chwyt podczas u\u017cywania no\u017ca. Ca\u0142a linia Espada posiada unikalny patent Cold Steel\u00ae Tri-Ad Lock\u2122.    Blokada zapobiega automatycznemu lub niezamierzonemu zamkni\u0119ciu no\u017ca, nawet w przypadku naturalnego zu\u017cycia z biegiem czasu.<\/p>\n<p>PARAMETRY PRODUKTU<br \/>\nWymiary ca\u0142kowite : 311 mm<br \/>\nD\u0142ugo\u015b\u0107 r\u0119koje\u015bci : 171 mm<br \/>\nTyp blokady : Tri-Ad Lock<br \/>\nD\u0142ugo\u015b\u0107 ostrza : 139 mm<br \/>\nStal : Japo\u0144ska AUS 10A Stainless z DLC<br \/>\nWaga : 246,64 g<br \/>\nMateria\u0142 pochwy : Nierdzewna Kiesze\u0144 \/ Klips do paska<br \/>\nGrubo\u015b\u0107 ostrza : 4 mm<\/p>\n<p>Nasza popularna seria Espada jest r\u00f3wnie\u017c dost\u0119pna w smuk\u0142ej, taktycznej wersji &#8222;blackout&#8221;. Charakteryzuje si\u0119 wytrzyma\u0142ym ostrzem z kamienia i wyborem \u0142usek r\u0119koje\u015bci G-10 w kolorach czarnym, OD Green lub Flat Dark Earth. <\/p>\n<p>Waga: 9.2oz Grubo\u015b\u0107 ostrza: 3.7mm D\u0142ugo\u015b\u0107 ostrza: 5-1\/2&#8243; Stal ostrza: AUS10A D\u0142ugo\u015b\u0107 r\u0119koje\u015bci\/Materia\u0142: 6-3\/4&#8243; G-10 D\u0142ugo\u015b\u0107 ca\u0142kowita: 12-1\/4&#8243; Dodatkowe cechy: Nierdzewny klips do kieszeni\/paska Typ no\u017ca: Folder Zakres d\u0142ugo\u015bci ostrza: 5+ w Rodzina stali: AUS Kszta\u0142t ostrza: Clip Point Mechanizm blokuj\u0105cy: Tri-Ad Lock Rodzina produkt\u00f3w: Espada<\/p>\n","protected":false},"excerpt":{"rendered":"<p>Popularny model <strong>Espada<\/strong> Large jest r\u00f3wnie\u017c dost\u0119pny z matow\u0105 czarn\u0105 r\u0119koje\u015bci\u0105 z tworzywa G-10.<\/p>\n","protected":false},"featured_media":429267,"comment_status":"open","ping_status":"closed","template":"","meta":[],"pwb-brand":[3596],"product_brand":[],"product_cat":[3307,3296],"product_tag":[3671],"class_list":{"0":"post-429264","1":"product","2":"type-product","3":"status-publish","4":"has-post-thumbnail","6":"pwb-brand-zimna-stal","7":"product_cat-zamykanie-nozy","8":"product_cat-noze-pl","9":"product_tag-b2b-pl","11":"first","12":"outofstock","13":"taxable","14":"shipping-taxable","15":"purchasable","16":"product-type-simple"},"brands":[{"id":3596,"name":"Zimna stal","slug":"zimna-stal"}],"_links":{"self":[{"href":"https:\/\/www.moskito.cz\/pl\/wp-json\/wp\/v2\/product\/429264","targetHints":{"allow":["GET"]}}],"collection":[{"href":"https:\/\/www.moskito.cz\/pl\/wp-json\/wp\/v2\/product"}],"about":[{"href":"https:\/\/www.moskito.cz\/pl\/wp-json\/wp\/v2\/types\/product"}],"replies":[{"embeddable":true,"href":"https:\/\/www.moskito.cz\/pl\/wp-json\/wp\/v2\/comments?post=429264"}],"wp:featuredmedia":[{"embeddable":true,"href":"https:\/\/www.moskito.cz\/pl\/wp-json\/wp\/v2\/media\/429267"}],"wp:attachment":[{"href":"https:\/\/www.moskito.cz\/pl\/wp-json\/wp\/v2\/media?parent=429264"}],"wp:term":[{"taxonomy":"pwb-brand","embeddable":true,"href":"https:\/\/www.moskito.cz\/pl\/wp-json\/wp\/v2\/pwb-brand?post=429264"},{"taxonomy":"product_brand","embeddable":true,"href":"https:\/\/www.moskito.cz\/pl\/wp-json\/wp\/v2\/product_brand?post=429264"},{"taxonomy":"product_cat","embeddable":true,"href":"https:\/\/www.moskito.cz\/pl\/wp-json\/wp\/v2\/product_cat?post=429264"},{"taxonomy":"product_tag","embeddable":true,"href":"https:\/\/www.moskito.cz\/pl\/wp-json\/wp\/v2\/product_tag?post=429264"}],"curies":[{"name":"wp","href":"https:\/\/api.w.org\/{rel}","templated":true}]}}