{"id":429304,"date":"2024-10-10T21:56:59","date_gmt":"2024-10-10T20:56:59","guid":{"rendered":"https:\/\/www.moskito.cz\/produkt\/noz-zamykajacy-emerson-patriot\/"},"modified":"2025-12-04T10:29:28","modified_gmt":"2025-12-04T09:29:28","slug":"noz-zamykajacy-emerson-patriot","status":"publish","type":"product","link":"https:\/\/www.moskito.cz\/pl\/produkt\/noz-zamykajacy-emerson-patriot\/","title":{"rendered":"N\u00f3\u017c zamykaj\u0105cy Emerson Patriot"},"content":{"rendered":"<p>N\u00f3\u017c zamykaj\u0105cy <strong>Emerson<\/strong> Patriot.<\/p>\n<p><strong>N\u00f3\u017c Emerson Patriot<\/strong> posiada pi\u0119kne ostrze z ponownie zakrzywion\u0105 kraw\u0119dzi\u0105. Prawdziwie jeden z naszych najbardziej unikalnych projekt\u00f3w no\u017cy, Patriot jest oferowany zar\u00f3wno w kolorze kamiennym, jak i czarnym, z g\u0142adkimi lub cz\u0119\u015bciowo z\u0105bkowanymi ostrzami. <\/p>\n<p>&#8222;Patriota jest skromnym no\u017cem klasy robotniczej, podobnie jak kr\u0119gos\u0142up armii Waszyngtona, m\u0119\u017cczy\u017ani i kobiety, kt\u00f3rzy przyst\u0105pili do wojny, aby walczy\u0107 o idea\u0142, o kt\u00f3rym wiedzieli, \u017ce jest s\u0142uszny i sprawiedliwy&#8221;. I podobnie jak George Washington, nigdy si\u0119 nie poddadz\u0105, nigdy si\u0119 nie poddadz\u0105 i zawsze b\u0119d\u0105 gotowi stan\u0105\u0107 w obronie tego, co s\u0142uszne i sprawiedliwe. <\/p>\n<p>R\u0119koje\u015b\u0107: G-10<br \/>\nBlokada: Tytan<br \/>\nOstrze: 154 cm<br \/>\nD\u0142ugo\u015b\u0107 ca\u0142kowita: 22,87 cm<br \/>\nD\u0142ugo\u015b\u0107 ostrza: 9,75 cm<br \/>\nGrubo\u015b\u0107 ostrza: 0,31 cm<br \/>\nTwardo\u015b\u0107 57-59RC<\/p>\n<p>&nbsp;<\/p>\n<p><iframe title=\"Emerson Patriot |  A Closer Look\" width=\"800\" height=\"450\" src=\"https:\/\/www.youtube.com\/embed\/V5luGMj8LCA?feature=oembed\" frameborder=\"0\" allow=\"accelerometer; autoplay; clipboard-write; encrypted-media; gyroscope; picture-in-picture; web-share\" referrerpolicy=\"strict-origin-when-cross-origin\" allowfullscreen><\/iframe><\/p>\n<p>&nbsp;<\/p>\n<p><iframe title=\"The Patriot by Ernest R. Emerson\" width=\"800\" height=\"450\" src=\"https:\/\/www.youtube.com\/embed\/i_a6v-xlyvI?feature=oembed\" frameborder=\"0\" allow=\"accelerometer; autoplay; clipboard-write; encrypted-media; gyroscope; picture-in-picture; web-share\" referrerpolicy=\"strict-origin-when-cross-origin\" allowfullscreen><\/iframe><\/p>\n<p>&nbsp;<\/p>\n<p>&nbsp;<\/p>\n","protected":false},"excerpt":{"rendered":"<p><strong>&#8222;Patriota to skromny n\u00f3\u017c klasy robotniczej, podobnie jak kr\u0119gos\u0142up waszyngto\u0144skiej armii, m\u0119\u017cczyzn i kobiet, kt\u00f3rzy przyst\u0105pili do wojny, aby walczy\u0107 o idea\u0142y, o kt\u00f3rych wiedzieli, \u017ce s\u0105 s\u0142uszne i sprawiedliwe&#8221;.<\/strong><\/p>\n<p><strong>Darmowa wysy\u0142ka.<\/strong><\/p>\n","protected":false},"featured_media":363005,"comment_status":"open","ping_status":"closed","template":"","meta":[],"pwb-brand":[3785],"product_brand":[],"product_cat":[3307,3296],"product_tag":[],"class_list":{"0":"post-429304","1":"product","2":"type-product","3":"status-publish","4":"has-post-thumbnail","6":"pwb-brand-emersona","7":"product_cat-zamykanie-nozy","8":"product_cat-noze-pl","10":"first","11":"outofstock","12":"taxable","13":"shipping-taxable","14":"purchasable","15":"product-type-simple"},"brands":[{"id":3785,"name":"Emersona","slug":"emersona"}],"_links":{"self":[{"href":"https:\/\/www.moskito.cz\/pl\/wp-json\/wp\/v2\/product\/429304","targetHints":{"allow":["GET"]}}],"collection":[{"href":"https:\/\/www.moskito.cz\/pl\/wp-json\/wp\/v2\/product"}],"about":[{"href":"https:\/\/www.moskito.cz\/pl\/wp-json\/wp\/v2\/types\/product"}],"replies":[{"embeddable":true,"href":"https:\/\/www.moskito.cz\/pl\/wp-json\/wp\/v2\/comments?post=429304"}],"wp:featuredmedia":[{"embeddable":true,"href":"https:\/\/www.moskito.cz\/pl\/wp-json\/wp\/v2\/media\/363005"}],"wp:attachment":[{"href":"https:\/\/www.moskito.cz\/pl\/wp-json\/wp\/v2\/media?parent=429304"}],"wp:term":[{"taxonomy":"pwb-brand","embeddable":true,"href":"https:\/\/www.moskito.cz\/pl\/wp-json\/wp\/v2\/pwb-brand?post=429304"},{"taxonomy":"product_brand","embeddable":true,"href":"https:\/\/www.moskito.cz\/pl\/wp-json\/wp\/v2\/product_brand?post=429304"},{"taxonomy":"product_cat","embeddable":true,"href":"https:\/\/www.moskito.cz\/pl\/wp-json\/wp\/v2\/product_cat?post=429304"},{"taxonomy":"product_tag","embeddable":true,"href":"https:\/\/www.moskito.cz\/pl\/wp-json\/wp\/v2\/product_tag?post=429304"}],"curies":[{"name":"wp","href":"https:\/\/api.w.org\/{rel}","templated":true}]}}