{"id":429348,"date":"2022-04-21T19:56:29","date_gmt":"2022-04-21T18:56:29","guid":{"rendered":"https:\/\/www.moskito.cz\/produkt\/noz-do-zamykania-cold-steel-double-safe-hunter-slock-master\/"},"modified":"2025-12-04T10:29:50","modified_gmt":"2025-12-04T09:29:50","slug":"noz-do-zamykania-cold-steel-double-safe-hunter-slock-master","status":"publish","type":"product","link":"https:\/\/www.moskito.cz\/pl\/produkt\/noz-do-zamykania-cold-steel-double-safe-hunter-slock-master\/","title":{"rendered":"N\u00f3\u017c do zamykania Cold Steel DOUBLE SAFE HUNTER SLOCK MASTER"},"content":{"rendered":"<p>N\u00f3\u017c do zamykania <strong>Cold Steel<\/strong> DOUBLE SAFE HUNTER SLOCK MASTER.<\/p>\n<p>Je\u015bli szukasz niedrogiego, ale wydajnego sk\u0142adanego my\u015bliwca, nie szukaj dalej ni\u017c Double Safe Hunter. Jest on wzorowany na naszym niezwykle popularnym oldschoolowym modelu Voyager. Jego szerokie ostrze typu drop-point ma 3,5 cala d\u0142ugo\u015bci i jest wykonane ze stali 8Cr13MoV, zahartowanej do twardo\u015bci 57-58 w skali Rockwella. Niezale\u017cnie od rodzaju wykonywanej pracy, mo\u017cesz mie\u0107 pewno\u015b\u0107, \u017ce masz pod r\u0119k\u0105 odpowiedni n\u00f3\u017c z ostrzem wystarczaj\u0105co ma\u0142ym do skomplikowanych ci\u0119\u0107, a jednocze\u015bnie wystarczaj\u0105co du\u017cym, aby pokona\u0107 wszystko, od myszy po \u0142osia. R\u0119koje\u015b\u0107 wykonana jest z nylonu wype\u0142nionego w\u0142\u00f3knem szklanym (GFN), kt\u00f3ry jest cienki i ergonomicznie wygodny oraz posiada stalowy klips. Jest dost\u0119pny w trzech wersjach r\u0119koje\u015bci: pomara\u0144czowej, zielonej OD i charakterystycznej wersji w kamufla\u017cu. Jak zawsze, Cold Steel\u00ae mia\u0142 na uwadze Twoje palce podczas projektowania Double Safe.<\/p>\n<p>&#8222;Tim Wells jest moim zdaniem najbardziej szanowanym \u0142owc\u0105 z \u0142ukiem na \u015bwiecie i bardzo dobrze pos\u0142uguje si\u0119 w\u0142\u00f3czni\u0105 i innymi prymitywnymi broniami. Mia\u0142em zaszczyt dzieli\u0107 z nim wiele przyg\u00f3d \u0142owieckich na ca\u0142ym \u015bwiecie i zawsze by\u0142em pod wra\u017ceniem&#8221;. jego wiedzy i talentu. Wi\u0119c kiedy zakocha\u0142 si\u0119 w naszej serii Commercial Scalper (no\u017ce i pistolety Indian ameryka\u0144skich), powiedzia\u0142em, dlaczego nie przerobimy wersji Slock Master. Teraz jest dost\u0119pny w charakterystycznej czerwonej r\u0119koje\u015bci Tima z jego s\u0142ynnym logo wytrawionym na ostrzu. Jest w magazynie i gotowy do wysy\u0142ki. Kup sw\u00f3j ju\u017c dzi\u015b, poniewa\u017c na pewno si\u0119 wyprzeda.&#8221; &#8211; Lynn Thompson<\/p>\n<p>PARAMETRY PRODUKTU<br \/>\nKolor: czerwony\/srebrny<br \/>\nGrubo\u015b\u0107 ostrza: 3 mm<br \/>\nTyp blokady: Doublu safe lock<br \/>\nMateria\u0142 pochwy: stalowy klips<br \/>\nStal: 8Cr13MoV Stainless<br \/>\nMateria\u0142 r\u0119koje\u015bci : d\u0142uga r\u0119koje\u015b\u0107 GFN<br \/>\nWaga : 116 g<br \/>\nD\u0142ugo\u015b\u0107 ostrza : 92 mm<br \/>\nWymiary ca\u0142kowite : 215 mm<br \/>\nD\u0142ugo\u015b\u0107 r\u0119koje\u015bci : 123 mm<\/p>\n<p>Je\u015bli szukasz niedrogiego, ale wydajnego sk\u0142adanego my\u015bliwca, nie szukaj dalej ni\u017c Double Safe Hunter. Jest on wzorowany na naszym niezwykle popularnym oldschoolowym modelu Voyager\u00ae. Jego szerokie ostrze typu drop-point ma 3,5 cala d\u0142ugo\u015bci i jest wykonane ze stali 8Cr13MoV, hartowanej do twardo\u015bci 57-58 Rockwella.   Bez wzgl\u0119du na to, jak\u0105 prac\u0119 wykonujesz, mo\u017cesz mie\u0107 pewno\u015b\u0107, \u017ce masz pod r\u0119k\u0105 odpowiedni n\u00f3\u017c, z ostrzem wystarczaj\u0105co ma\u0142ym, aby wykonywa\u0107 skomplikowane zadania ci\u0119cia, a jednocze\u015bnie wystarczaj\u0105co du\u017cym, aby osk\u00f3rowa\u0107 wszystko, od myszy po \u0142osia. Posiada r\u0119koje\u015b\u0107 z nylonu wype\u0142nionego w\u0142\u00f3knem szklanym (GFN), kt\u00f3ra jest cienka i ergonomiczna oraz stalowy klips. Jest dost\u0119pny z trzema wariantami r\u0119koje\u015bci: blaze orange, OD green i charakterystyczn\u0105 wersj\u0105 w kamufla\u017cu. Jak zawsze, Cold Steel\u00ae mia\u0142 na uwadze palce u\u017cytkownika podczas projektowania Double Safe.   Najnowocze\u015bniejszy zamek ko\u0142yskowy wyposa\u017cony jest w dodatkowy mechanizm zabezpieczaj\u0105cy, kt\u00f3ry po w\u0142\u0105czeniu jest niezwykle odporny na wstrz\u0105sy i uderzenia.<\/p>\n<p>&#8222;Tim Wells jest moim zdaniem najlepszym \u0142ucznikiem na \u015bwiecie, bardzo sprawnie pos\u0142uguj\u0105cym si\u0119 w\u0142\u00f3czni\u0105 i inn\u0105 prymitywn\u0105 broni\u0105. Mia\u0142em zaszczyt dzieli\u0107 z nim wiele przyg\u00f3d \u0142owieckich na ca\u0142ym \u015bwiecie i zawsze by\u0142em pod wra\u017ceniem jego wiedzy i talentu. Dlatego te\u017c, gdy zakocha\u0142 si\u0119 w naszej komercyjnej serii Scalper (uniwersalny n\u00f3\u017c i bro\u0144 Indian ameryka\u0144skich), powiedzia\u0142em, dlaczego nie przerobimy wersji Slock Master. Teraz jest dost\u0119pny w charakterystycznej czerwonej r\u0119koje\u015bci Tima, z jego s\u0142ynnym logo wytrawionym na ostrzu. Jest w magazynie i gotowy do dostawy. Kup sw\u00f3j ju\u017c dzi\u015b, poniewa\u017c na pewno si\u0119 wyprzeda.&#8221; &#8211; Lynn Thompson<\/p>\n<p>Grubo\u015b\u0107 ostrza: 3 mm D\u0142ugo\u015b\u0107\/materia\u0142 r\u0119koje\u015bci: 4 7\/8 cala Stal ostrza: 8Cr13MoV Stal nierdzewna D\u0142ugo\u015b\u0107 ostrza: 3 1\/2 cala D\u0142ugo\u015b\u0107 ca\u0142kowita: 8 3\/8 cala Typ no\u017ca: Folder Rodzina produkt\u00f3w: Double Safe Hunter Zakres d\u0142ugo\u015bci ostrza: 3-5 cali Rodzina stali: MoV Kszta\u0142t ostrza: Clip Point Mechanizm blokuj\u0105cy: Rocker Lock<\/p>\n","protected":false},"excerpt":{"rendered":"<p>Double Safe Hunter to my\u015bliwski n\u00f3\u017c roboczy, kt\u00f3ry zosta\u0142 zaprojektowany przez Andrew Demko z my\u015bl\u0105 o tym, \u017ce no\u017ce robocze s\u0105 poddawane du\u017cym obci\u0105\u017ceniom i cz\u0119sto si\u0119 gubi\u0105.<\/p>\n","protected":false},"featured_media":429350,"comment_status":"open","ping_status":"closed","template":"","meta":[],"pwb-brand":[3596],"product_brand":[],"product_cat":[3307,3296],"product_tag":[],"class_list":{"0":"post-429348","1":"product","2":"type-product","3":"status-publish","4":"has-post-thumbnail","6":"pwb-brand-zimna-stal","7":"product_cat-zamykanie-nozy","8":"product_cat-noze-pl","10":"first","11":"outofstock","12":"taxable","13":"shipping-taxable","14":"purchasable","15":"product-type-simple"},"brands":[{"id":3596,"name":"Zimna stal","slug":"zimna-stal"}],"_links":{"self":[{"href":"https:\/\/www.moskito.cz\/pl\/wp-json\/wp\/v2\/product\/429348","targetHints":{"allow":["GET"]}}],"collection":[{"href":"https:\/\/www.moskito.cz\/pl\/wp-json\/wp\/v2\/product"}],"about":[{"href":"https:\/\/www.moskito.cz\/pl\/wp-json\/wp\/v2\/types\/product"}],"replies":[{"embeddable":true,"href":"https:\/\/www.moskito.cz\/pl\/wp-json\/wp\/v2\/comments?post=429348"}],"wp:featuredmedia":[{"embeddable":true,"href":"https:\/\/www.moskito.cz\/pl\/wp-json\/wp\/v2\/media\/429350"}],"wp:attachment":[{"href":"https:\/\/www.moskito.cz\/pl\/wp-json\/wp\/v2\/media?parent=429348"}],"wp:term":[{"taxonomy":"pwb-brand","embeddable":true,"href":"https:\/\/www.moskito.cz\/pl\/wp-json\/wp\/v2\/pwb-brand?post=429348"},{"taxonomy":"product_brand","embeddable":true,"href":"https:\/\/www.moskito.cz\/pl\/wp-json\/wp\/v2\/product_brand?post=429348"},{"taxonomy":"product_cat","embeddable":true,"href":"https:\/\/www.moskito.cz\/pl\/wp-json\/wp\/v2\/product_cat?post=429348"},{"taxonomy":"product_tag","embeddable":true,"href":"https:\/\/www.moskito.cz\/pl\/wp-json\/wp\/v2\/product_tag?post=429348"}],"curies":[{"name":"wp","href":"https:\/\/api.w.org\/{rel}","templated":true}]}}