{"id":429427,"date":"2025-06-29T09:04:50","date_gmt":"2025-06-29T08:04:50","guid":{"rendered":"https:\/\/www.moskito.cz\/produkt\/noz-do-zamykania-chris-reeve-small-sebenza-31-inlay-s31-1100\/"},"modified":"2025-12-09T13:50:40","modified_gmt":"2025-12-09T12:50:40","slug":"noz-do-zamykania-chris-reeve-small-sebenza-31-inlay-s31-1100","status":"publish","type":"product","link":"https:\/\/www.moskito.cz\/pl\/produkt\/noz-do-zamykania-chris-reeve-small-sebenza-31-inlay-s31-1100\/","title":{"rendered":"N\u00f3\u017c do zamykania Chris Reeve Small Sebenza 31 Inlay S31-1100"},"content":{"rendered":"<h2 data-pm-slice=\"1 1 []\">\ud83d\uddc2\ufe0f Chris Reeve Small Sebenza 31 Bog Oak &#8211; S31-1100 | Kieszonkowe mistrzostwo z odrobin\u0105 natury<\/h2>\n<p><strong>Ma\u0142a Sebenza 31 S31-1100<\/strong> uosabia idealn\u0105 r\u00f3wnowag\u0119 pomi\u0119dzy kompaktowo\u015bci\u0105, precyzj\u0105 i luksusowym rzemios\u0142em. Ta wersja jest wyposa\u017cona w pi\u0119kne <strong>inkrustacje Bog Oak<\/strong>, kt\u00f3re nie tylko poprawiaj\u0105 ergonomi\u0119 i estetyk\u0119, ale tak\u017ce nadaj\u0105 ka\u017cdemu egzemplarzowi niepowtarzalny, naturalny charakter. <\/p>\n<p>Pod eleganckim wygl\u0105dem kryje si\u0119 wysokowydajne ostrze wykonane z wysokiej jako\u015bci stali <strong>CPM MagnaCut<\/strong>, kt\u00f3ra zapewnia wyj\u0105tkow\u0105 trwa\u0142o\u015b\u0107, ostro\u015b\u0107 i odporno\u015b\u0107 na korozj\u0119. Wyposa\u017cony w blokad\u0119 <strong>Reeve Integral Lock<\/strong>, tytanow\u0105 konstrukcj\u0119 i r\u0119czne strojenie, model ten jest gotowy na ca\u0142e \u017cycie &#8211; a nawet d\u0142u\u017cej. <\/p>\n<div>\n<hr>\n<\/div>\n<h3>\ud83d\udcd0 Dane techniczne:<\/h3>\n<ul data-spread=\"false\">\n<li><strong>D\u0142ugo\u015b\u0107 ostrza:<\/strong> 76 mm (2,99\u2033)<\/li>\n<li><strong>D\u0142ugo\u015b\u0107 ca\u0142kowita:<\/strong> 177,5 mm (7,00\u2033)<\/li>\n<li><strong>D\u0142ugo\u015b\u0107 zamkni\u0119tego ostrza:<\/strong> ok. 101 mm<\/li>\n<li><strong>Grubo\u015b\u0107 ostrza:<\/strong> 2,9 mm<\/li>\n<li><strong>Materia\u0142 ostrza:<\/strong> CPM MagnaCut &#8211; wysokiej jako\u015bci stal nierdzewna<\/li>\n<li><strong>Twardo\u015b\u0107 ostrza:<\/strong> 63\u201364 HRC<\/li>\n<li><strong>Kszta\u0142t ostrza:<\/strong> drop point &#8211; uniwersalny, do ci\u0119\u0107 precyzyjnych i si\u0142owych<\/li>\n<li><strong>Grind:<\/strong> Hollow Grind<\/li>\n<li><strong>Powierzchnia ostrza:<\/strong> satyna &#8211; matowy po\u0142ysk o wysokiej elegancji<\/li>\n<li><strong>Materia\u0142 r\u0119koje\u015bci:<\/strong> tytan 6Al4V z wk\u0142adkami <strong>Bog Oak<\/strong> <\/li>\n<li><strong>Grubo\u015b\u0107 uchwytu:<\/strong> ok. 9,4 mm<\/li>\n<li><strong>Zamek:<\/strong> Zamek Reeve Integral Lock (ramka) z ceramicznym stykiem<\/li>\n<li><strong>O\u015b:<\/strong> podk\u0142adki z br\u0105zu fosforowego<\/li>\n<li><strong>Klips do kieszeni:<\/strong> tytanowy, prawor\u0119czny, tip-up, offsetowy<\/li>\n<li><strong>Waga:<\/strong> ok. 85 g<\/li>\n<li><strong>Projektant:<\/strong> Chris Reeve<\/li>\n<li><strong>Wykonane w USA<\/strong><\/li>\n<\/ul>\n<div>\n<hr>\n<\/div>\n<h3>\ud83d\udfe2 G\u0142\u00f3wne zalety:<\/h3>\n<p>\u2705  <strong>Intarsja Bog Oak<\/strong> &#8211; wyj\u0105tkowy wygl\u0105d, \u015bwietna przyczepno\u015b\u0107 i naturalny charakter<br \/>\n\u2705  <strong>Stal MagnaCut<\/strong> &#8211; wyj\u0105tkowe zachowanie kraw\u0119dzi, odporno\u015b\u0107 na korozj\u0119 i zu\u017cycie<br \/>\n\u2705  <strong>R\u0119czne strojenie<\/strong> &#8211; ka\u017cdy element jest dok\u0142adnie regulowany i sprawdzany<br \/>\n\u2705  <strong>Kompaktowy rozmiar<\/strong> &#8211; idealny jako n\u00f3\u017c EDC do kieszeni lub w podr\u00f3\u017cy<br \/>\n\u2705  <strong>Iconic Reeve Integral Lock<\/strong> &#8211; p\u0142ynne dzia\u0142anie i szczelne blokowanie<\/p>\n<div>\n<hr>\n<\/div>\n<h3>\ud83d\udd34 Mo\u017cliwe wady:<\/h3>\n<p>\u26a0\ufe0f <strong>N\u00f3\u017c tylko dla os\u00f3b prawor\u0119cznych<\/strong> &#8211; nie mo\u017cna obr\u00f3ci\u0107 klipsa na lew\u0105 stron\u0119<br \/>\n\u26a0\ufe0f <strong>Ma\u0142y rozmiar<\/strong> &#8211; mo\u017ce by\u0107 mniej wygodny dla wi\u0119kszych d\u0142oni<br \/>\n\u26a0\ufe0f <strong>Drewno jest materia\u0142em naturalnym<\/strong> &#8211; wymaga umiarkowanej piel\u0119gnacji, aby zachowa\u0107 sw\u00f3j wygl\u0105d. <\/p>\n<div>\n<hr>\n<\/div>\n<h3>\ud83d\udee0\ufe0f Konserwacja i piel\u0119gnacja:<\/h3>\n<ul data-spread=\"false\">\n<li><strong>Ostrze MagnaCut<\/strong>: wymaga minimalnego szlifowania, odporne na korozj\u0119<\/li>\n<li><strong>Drewno d\u0119bowe<\/strong>: nielakierowane, ale ustabilizowane &#8211; wystarczy od czasu do czasu przetrze\u0107 such\u0105 szmatk\u0105<\/li>\n<li><strong>Tytan<\/strong>: \u0142atwy do czyszczenia, niezwykle trwa\u0142y<\/li>\n<li>Zaleca si\u0119 regularn\u0105 konserwacj\u0119 i smarowanie sworznia (narz\u0119dzie i olej s\u0105 zwykle do\u0142\u0105czone do zestawu).<\/li>\n<\/ul>\n<div>\n<hr>\n<\/div>\n<h3>\u2764\ufe0f Dlaczego go lubisz?<\/h3>\n<p><strong>Ma\u0142y n\u00f3\u017c Sebenza 31 S31-1100<\/strong> z wk\u0142adkami z drewna Bog Oak to co\u015b wi\u0119cej ni\u017c tylko n\u00f3\u017c &#8211; to <strong>eleganckie narz\u0119dzie z charakterem<\/strong>, kt\u00f3re docenisz ka\u017cdego dnia. Jego kompaktowy rozmiar, r\u0119cznie wykonana konstrukcja i wyb\u00f3r najwy\u017cszej jako\u015bci materia\u0142\u00f3w sprawiaj\u0105, \u017ce jest to wyj\u0105tkowy dodatek, a tak\u017ce niezawodne narz\u0119dzie pracy. A drewno? Ka\u017cdy kawa\u0142ek to orygina\u0142 z w\u0142asn\u0105 histori\u0105.   <\/p>\n<div>\n<hr>\n<\/div>\n<h3>\u2705 Ocena ko\u0144cowa<\/h3>\n<p><strong>Chris Reeve Small Sebenza 31 Bog Oak S31-1100<\/strong> to idealny wyb\u00f3r dla tych, kt\u00f3rzy chc\u0105 <strong>wysokiej klasy no\u017ca EDC<\/strong>, ale nie chc\u0105 rezygnowa\u0107 z elegancji lub funkcjonalno\u015bci. Je\u015bli szukasz no\u017ca, kt\u00f3ry jest nie tylko narz\u0119dziem, ale tak\u017ce do\u015bwiadczeniem przy ka\u017cdym u\u017cyciu &#8211; w\u0142a\u015bnie go znalaz\u0142e\u015b. <\/p>\n","protected":false},"excerpt":{"rendered":"<p><strong>Ma\u0142y n\u00f3\u017c Sebenza 31 S31-1100 z wk\u0142adkami z drewna Bog Oak to co\u015b wi\u0119cej ni\u017c tylko n\u00f3\u017c &#8211; to eleganckie narz\u0119dzie z charakterem, kt\u00f3re docenisz ka\u017cdego dnia. Jego kompaktowy rozmiar, r\u0119cznie wykonana konstrukcja i wyb\u00f3r najwy\u017cszej jako\u015bci materia\u0142\u00f3w sprawiaj\u0105, \u017ce jest to wyj\u0105tkowy dodatek, a tak\u017ce niezawodne narz\u0119dzie pracy. A drewno? Ka\u017cdy kawa\u0142ek to orygina\u0142 z w\u0142asn\u0105 histori\u0105.   <\/strong><\/p>\n<p><strong>Darmowa wysy\u0142ka.<\/strong><\/p>\n","protected":false},"featured_media":412291,"comment_status":"open","ping_status":"closed","template":"","meta":[],"pwb-brand":[4048],"product_brand":[],"product_cat":[3296,3307],"product_tag":[],"class_list":{"0":"post-429427","1":"product","2":"type-product","3":"status-publish","4":"has-post-thumbnail","6":"pwb-brand-noze-chrisa-reevea","7":"product_cat-noze-pl","8":"product_cat-zamykanie-nozy","10":"first","11":"outofstock","12":"taxable","13":"shipping-taxable","14":"purchasable","15":"product-type-simple"},"brands":[{"id":4048,"name":"No\u017ce Chrisa Reeve'a","slug":"noze-chrisa-reevea"}],"_links":{"self":[{"href":"https:\/\/www.moskito.cz\/pl\/wp-json\/wp\/v2\/product\/429427","targetHints":{"allow":["GET"]}}],"collection":[{"href":"https:\/\/www.moskito.cz\/pl\/wp-json\/wp\/v2\/product"}],"about":[{"href":"https:\/\/www.moskito.cz\/pl\/wp-json\/wp\/v2\/types\/product"}],"replies":[{"embeddable":true,"href":"https:\/\/www.moskito.cz\/pl\/wp-json\/wp\/v2\/comments?post=429427"}],"wp:featuredmedia":[{"embeddable":true,"href":"https:\/\/www.moskito.cz\/pl\/wp-json\/wp\/v2\/media\/412291"}],"wp:attachment":[{"href":"https:\/\/www.moskito.cz\/pl\/wp-json\/wp\/v2\/media?parent=429427"}],"wp:term":[{"taxonomy":"pwb-brand","embeddable":true,"href":"https:\/\/www.moskito.cz\/pl\/wp-json\/wp\/v2\/pwb-brand?post=429427"},{"taxonomy":"product_brand","embeddable":true,"href":"https:\/\/www.moskito.cz\/pl\/wp-json\/wp\/v2\/product_brand?post=429427"},{"taxonomy":"product_cat","embeddable":true,"href":"https:\/\/www.moskito.cz\/pl\/wp-json\/wp\/v2\/product_cat?post=429427"},{"taxonomy":"product_tag","embeddable":true,"href":"https:\/\/www.moskito.cz\/pl\/wp-json\/wp\/v2\/product_tag?post=429427"}],"curies":[{"name":"wp","href":"https:\/\/api.w.org\/{rel}","templated":true}]}}