{"id":429463,"date":"2021-09-14T20:59:29","date_gmt":"2021-09-14T19:59:29","guid":{"rendered":"https:\/\/www.moskito.cz\/produkt\/noz-do-zamykania-sog-kiku-xr-blackout\/"},"modified":"2025-12-10T13:58:33","modified_gmt":"2025-12-10T12:58:33","slug":"noz-do-zamykania-sog-kiku-xr-blackout","status":"publish","type":"product","link":"https:\/\/www.moskito.cz\/pl\/produkt\/noz-do-zamykania-sog-kiku-xr-blackout\/","title":{"rendered":"N\u00f3\u017c do zamykania SOG KIKU XR &#8211; BLACKOUT"},"content":{"rendered":"<p>N\u00f3\u017c do zamykania <strong>SOG<\/strong> KIKU XR &#8211; BLACKOUT.<\/p>\n<p>Dzi\u0119ki pot\u0119\u017cnej stylistyce, kt\u00f3ra nawi\u0105zuje do japo\u0144skiego DNA, muskularny Kiku XR stanowi subteln\u0105 deklaracj\u0119 si\u0142y, gdziekolwiek si\u0119 pojawi. Wysoce u\u017cytkowe, zmodyfikowane ostrze tanto tnie praktycznie w ka\u017cdych warunkach, a r\u0119koje\u015b\u0107 z lnianej micarty zapewnia pewny i bezpieczny chwyt. Fachowo \u0142\u0105cz\u0105c form\u0119 i funkcjonalno\u015b\u0107, Kiku XR jest wytrzyma\u0142ym rozwi\u0105zaniem w sytuacjach wymagaj\u0105cych szybkiego otwarcia i super ostrego no\u017ca.  <\/p>\n<p>D\u0142ugo\u015b\u0107 ostrza : 76,96 mm<br \/>\nMECHANIZM BLOKOWANIA : XR lock<br \/>\nTYP PASKA : Reversible Low-Carry<br \/>\nKszta\u0142t ostrza : Tanto<br \/>\nMATERIA\u0141 R\u0118KOJE\u015aCI : Micarta<br \/>\nMECHANIZM OTWIERANIA : Blokada XR, otw\u00f3r na kciuk<br \/>\nTYP STALI : CTS XHP<br \/>\nWYSOKO\u015a\u0106 : 61-63<br \/>\nKOLOR R\u0118KOJE\u015aCI : Czarny<\/p>\n<p>Nasza historia rozpoczyna si\u0119 w Wietnamie, gdzie cz\u0142onkowie \u015bci\u015ble tajnej ameryka\u0144skiej jednostki operacji specjalnych &#8211; znanej jako MACV -SOG &#8211; przenosili unikalny tajny n\u00f3\u017c do d\u017cungli podczas tajnych misji. Wiele lat p\u00f3\u017aniej, w 1986 roku, n\u00f3\u017c ten zainspirowa\u0142 m\u0142odego projektanta Spencera Frazera do za\u0142o\u017cenia no\u017cy specjalnych SOG. Jego misja: odtworzenie oryginalnego no\u017ca SOG Bowie i z\u0142o\u017cenie ho\u0142du jednostce operacji specjalnych, kt\u00f3ra go stworzy\u0142a. To, co zacz\u0119\u0142o si\u0119 jako pojedynczy model pami\u0105tkowy, szybko przekszta\u0142ci\u0142o si\u0119 w ca\u0142\u0105 lini\u0119 innowacyjnych narz\u0119dzi \u2013 sprawdzonych przez ameryka\u0144skie si\u0142y specjalne, a nawet nagrodzonych jako ulubiony n\u00f3\u017c Navy SEAL. Dzi\u015b no\u017ce SOG \u015bmia\u0142o mo\u017cna nosi\u0107 w najbardziej wymagaj\u0105cych sytuacjach. Wykute z tradycji, zatwardzia\u0142e w polu, z\u0142o\u017cone dla Ciebie.<\/p>\n<p>Niezale\u017cnie od tego, czy chronisz innych, prowadzisz epick\u0105 wypraw\u0119 my\u015bliwsk\u0105, stawiasz czo\u0142a codziennym wyzwaniom \u017cycia, czy te\u017c stawiasz czo\u0142a najbardziej ekstremalnym warunkom, jakie kiedykolwiek stworzy\u0142e\u015b, pokonaj <strong>SOG<\/strong> .<\/p>\n<p>&nbsp;<\/p>\n","protected":false},"excerpt":{"rendered":"<p>Niezale\u017cnie od tego, czy chronisz innych, prowadzisz epick\u0105 wypraw\u0119 my\u015bliwsk\u0105, stawiasz czo\u0142a codziennym wyzwaniom, czy te\u017c radzisz sobie w najbardziej ekstremalnych warunkach, wybierz drog\u0119 z <strong>SOG<\/strong>.<\/p>\n<p><strong>Na wszystkie no\u017ce SOG udzielamy do\u017cywotniej gwarancji!<\/strong><\/p>\n","protected":false},"featured_media":429464,"comment_status":"open","ping_status":"closed","template":"","meta":[],"pwb-brand":[3606],"product_brand":[],"product_cat":[3307,3296],"product_tag":[3671],"class_list":{"0":"post-429463","1":"product","2":"type-product","3":"status-publish","4":"has-post-thumbnail","6":"pwb-brand-sog-pl","7":"product_cat-zamykanie-nozy","8":"product_cat-noze-pl","9":"product_tag-b2b-pl","11":"first","12":"instock","13":"taxable","14":"shipping-taxable","15":"purchasable","16":"product-type-simple"},"brands":[{"id":3606,"name":"SOG","slug":"sog-pl"}],"_links":{"self":[{"href":"https:\/\/www.moskito.cz\/pl\/wp-json\/wp\/v2\/product\/429463","targetHints":{"allow":["GET"]}}],"collection":[{"href":"https:\/\/www.moskito.cz\/pl\/wp-json\/wp\/v2\/product"}],"about":[{"href":"https:\/\/www.moskito.cz\/pl\/wp-json\/wp\/v2\/types\/product"}],"replies":[{"embeddable":true,"href":"https:\/\/www.moskito.cz\/pl\/wp-json\/wp\/v2\/comments?post=429463"}],"wp:featuredmedia":[{"embeddable":true,"href":"https:\/\/www.moskito.cz\/pl\/wp-json\/wp\/v2\/media\/429464"}],"wp:attachment":[{"href":"https:\/\/www.moskito.cz\/pl\/wp-json\/wp\/v2\/media?parent=429463"}],"wp:term":[{"taxonomy":"pwb-brand","embeddable":true,"href":"https:\/\/www.moskito.cz\/pl\/wp-json\/wp\/v2\/pwb-brand?post=429463"},{"taxonomy":"product_brand","embeddable":true,"href":"https:\/\/www.moskito.cz\/pl\/wp-json\/wp\/v2\/product_brand?post=429463"},{"taxonomy":"product_cat","embeddable":true,"href":"https:\/\/www.moskito.cz\/pl\/wp-json\/wp\/v2\/product_cat?post=429463"},{"taxonomy":"product_tag","embeddable":true,"href":"https:\/\/www.moskito.cz\/pl\/wp-json\/wp\/v2\/product_tag?post=429463"}],"curies":[{"name":"wp","href":"https:\/\/api.w.org\/{rel}","templated":true}]}}