{"id":429571,"date":"2023-12-20T19:41:46","date_gmt":"2023-12-20T18:41:46","guid":{"rendered":"https:\/\/www.moskito.cz\/produkt\/noz-skladany-rocksteady-shin-dlc-japonski\/"},"modified":"2025-12-15T15:53:26","modified_gmt":"2025-12-15T14:53:26","slug":"noz-skladany-rocksteady-shin-dlc-japonski","status":"publish","type":"product","link":"https:\/\/www.moskito.cz\/pl\/produkt\/noz-skladany-rocksteady-shin-dlc-japonski\/","title":{"rendered":"N\u00f3\u017c sk\u0142adany Rocksteady SHIN-DLC Japo\u0144ski"},"content":{"rendered":"<p>N\u00f3\u017c sk\u0142adany <strong>Rocksteady<\/strong> SHIN-DLC Japo\u0144ski<\/p>\n<p><strong>No\u017ce Rockstead<\/strong> to naszym zdaniem jedne z najlepszych no\u017cy dost\u0119pnych na rynku. Skrupulatne rzemios\u0142o Rocksteady i unikalne projekty sprawiaj\u0105, \u017ce ten p\u00f3\u0142-niestandardowy folder jest wart swojej ceny. SHIN jest wi\u0119ksz\u0105 wersj\u0105 Rockstead KOU. Posiada 3,5-calowe polerowane ostrze YXR7 DLC i aluminiowe r\u0119koje\u015bci z wstawkami z p\u0142aszczki. Otw\u00f3r jest g\u0142adki z solidn\u0105 blokad\u0105, kt\u00f3ra utrzymuje ostrze bezpiecznie na miejscu. Niesamowite lustrzane wyko\u0144czenie uzyskuje si\u0119 poprzez obr\u00f3bk\u0119 ciepln\u0105 ostrza i kolejne r\u0119czne szlifowanie papierem \u015bciernym o ziarnisto\u015bci 400, 600, 800, 1200 i 2000. Jest to bardzo pracoch\u0142onne i czasoch\u0142onne, poniewa\u017c je\u015bli podczas tego procesu pojawi\u0105 si\u0119 jakiekolwiek rysy, ostrze musi zosta\u0107 odes\u0142ane do poprzedniego etapu w celu naprawy. po zako\u0144czeniu ostrze zostanie wypolerowane w celu ostatecznego wyko\u0144czenia. Ludzie z Rockstead opanowali ten proces, aby nada\u0107 no\u017cowi pi\u0119kne wyko\u0144czenie i ostr\u0105 kraw\u0119d\u017a jak \u017cadna inna. Ka\u017cdy n\u00f3\u017c jest indywidualnie numerowany i posiada certyfikat autentyczno\u015bci.         <\/p>\n<p>&nbsp;<\/p>\n<p>Specyfikacja:<br \/>\nD\u0142ugo\u015b\u0107 ostrza: 8,75 cm<br \/>\nD\u0142ugo\u015b\u0107 po zamkni\u0119ciu: 12,17 cm<br \/>\nD\u0142ugo\u015b\u0107 ca\u0142kowita: 20.62 cm<br \/>\nMateria\u0142 ostrza: stal w\u0119glowa YXR7<br \/>\nTwardo\u015b\u0107 ostrza: 65 HRC (w przybli\u017ceniu)<br \/>\nStyl ostrza: Drop Point<br \/>\nSzlif ostrza: wypuk\u0142y<br \/>\nWyko\u0144czenie ostrza: DLC (Diamond Like Coating), polerowane na czarno<br \/>\nGrubo\u015b\u0107 r\u0119koje\u015bci: 0,62&#8243;<br \/>\nMateria\u0142 r\u0119koje\u015bci: twardo anodyzowane aluminium A6063 z wk\u0142adkami Stingray<br \/>\nMechanizm blokuj\u0105cy: Liner Lock<br \/>\nKlips: sk\u0142adany, do noszenia po prawej stronie<br \/>\nWaga: 5,3 uncji.<br \/>\nWyprodukowano w Japonii<\/p>\n","protected":false},"excerpt":{"rendered":"<p><strong>No\u017ce Rockstead to naszym zdaniem jedne z najlepszych no\u017cy dost\u0119pnych na rynku. Dzi\u0119ki skrupulatnemu kunsztowi Rocksteada i unikalnym projektom, ten p\u00f3\u0142-niestandardowy folder jest wart swojej wysokiej ceny <\/strong><\/p>\n<p><strong>Darmowa wysy\u0142ka.<\/strong><\/p>\n","protected":false},"featured_media":429574,"comment_status":"open","ping_status":"closed","template":"","meta":[],"pwb-brand":[4070],"product_brand":[],"product_cat":[3307,3296],"product_tag":[],"class_list":{"0":"post-429571","1":"product","2":"type-product","3":"status-publish","4":"has-post-thumbnail","6":"pwb-brand-rocksteady","7":"product_cat-zamykanie-nozy","8":"product_cat-noze-pl","10":"first","11":"outofstock","12":"sale","13":"taxable","14":"shipping-taxable","15":"purchasable","16":"product-type-simple"},"brands":[{"id":4070,"name":"Rocksteady","slug":"rocksteady"}],"_links":{"self":[{"href":"https:\/\/www.moskito.cz\/pl\/wp-json\/wp\/v2\/product\/429571","targetHints":{"allow":["GET"]}}],"collection":[{"href":"https:\/\/www.moskito.cz\/pl\/wp-json\/wp\/v2\/product"}],"about":[{"href":"https:\/\/www.moskito.cz\/pl\/wp-json\/wp\/v2\/types\/product"}],"replies":[{"embeddable":true,"href":"https:\/\/www.moskito.cz\/pl\/wp-json\/wp\/v2\/comments?post=429571"}],"wp:featuredmedia":[{"embeddable":true,"href":"https:\/\/www.moskito.cz\/pl\/wp-json\/wp\/v2\/media\/429574"}],"wp:attachment":[{"href":"https:\/\/www.moskito.cz\/pl\/wp-json\/wp\/v2\/media?parent=429571"}],"wp:term":[{"taxonomy":"pwb-brand","embeddable":true,"href":"https:\/\/www.moskito.cz\/pl\/wp-json\/wp\/v2\/pwb-brand?post=429571"},{"taxonomy":"product_brand","embeddable":true,"href":"https:\/\/www.moskito.cz\/pl\/wp-json\/wp\/v2\/product_brand?post=429571"},{"taxonomy":"product_cat","embeddable":true,"href":"https:\/\/www.moskito.cz\/pl\/wp-json\/wp\/v2\/product_cat?post=429571"},{"taxonomy":"product_tag","embeddable":true,"href":"https:\/\/www.moskito.cz\/pl\/wp-json\/wp\/v2\/product_tag?post=429571"}],"curies":[{"name":"wp","href":"https:\/\/api.w.org\/{rel}","templated":true}]}}