{"id":429638,"date":"2023-03-06T21:18:53","date_gmt":"2023-03-06T20:18:53","guid":{"rendered":"https:\/\/www.moskito.cz\/produkt\/noz-staly-sog-trident-fx-serrated-od\/"},"modified":"2025-12-16T11:55:57","modified_gmt":"2025-12-16T10:55:57","slug":"noz-staly-sog-trident-fx-serrated-od","status":"publish","type":"product","link":"https:\/\/www.moskito.cz\/pl\/produkt\/noz-staly-sog-trident-fx-serrated-od\/","title":{"rendered":"N\u00f3\u017c sta\u0142y SOG TRIDENT FX SERRATED OD"},"content":{"rendered":"<p>N\u00f3\u017c sta\u0142y <strong>SOG<\/strong> TRIDENT FX SERRATED OD.<\/p>\n<p>Zbudowany zgodnie z tradycj\u0105 no\u017cy z ostrzem sta\u0142ym SOG dla profesjonalist\u00f3w, Trident FX przesuwa granice mo\u017cliwo\u015bci, ale nie wagi. Wa\u017c\u0105c nieco ponad 4 uncje, Trident FX to wywa\u017cone po\u0142\u0105czenie mocy i zwinno\u015bci, kt\u00f3re pozwala porusza\u0107 si\u0119 szybko, gdy ma to najwi\u0119ksze znaczenie. W zestawie znajduje si\u0119 ulepszona kabura, kt\u00f3ra pozwala nosi\u0107 go w dowolny spos\u00f3b i w dowolnym miejscu.  <\/p>\n<p><strong>WYSOCE ELASTYCZNY N\u00d3\u017b<\/strong> Z PE\u0141NYM OSTRZEM<br \/>\nTen wytrzyma\u0142y i responsywny n\u00f3\u017c z solidn\u0105 r\u0119koje\u015bci\u0105 GRN i 4,2-calowym stalowym ostrzem CRYO 4116 full tang jest dostarczany ze specjalnie zaprojektowan\u0105 pochw\u0105 kompatybiln\u0105 z uniwersalnym systemem mocowania SOG, kt\u00f3ry pozwala na konfigurowalne ustawienie, niezawodne przenoszenie i szybkie wyci\u0105ganie.<\/p>\n<p><strong>Obudowa kompatybilna z UMS<\/strong><br \/>\njest obur\u0119czna i zapewnia wiele opcji monta\u017cu oraz posiada beznarz\u0119dziowy system regulacji napr\u0119\u017cenia umo\u017cliwiaj\u0105cy idealne naci\u0105ganie.<\/p>\n<p><strong>STAL CRYO 4116<\/strong><br \/>\n\u015aredniow\u0119glowa niemiecka stal nierdzewna znana r\u00f3wnie\u017c jako 1.4116. Podobna do 420HC z dobr\u0105 odporno\u015bci\u0105 na korozj\u0119, wytrzyma\u0142o\u015bci\u0105, ostro\u015bci\u0105 i zachowaniem kraw\u0119dzi. <\/p>\n<p><strong>GRN GRIP<\/strong><br \/>\nR\u0119koje\u015b\u0107 GRN ma wielokierunkow\u0105 tekstur\u0119, kt\u00f3ra zapewnia du\u017c\u0105 przyczepno\u015b\u0107 w r\u0119kawicach lub bez nich i praktycznie w ka\u017cdym klimacie.<\/p>\n<p>D\u0141UGO\u015a\u0106 CA\u0141KOWITA: 24 cm<br \/>\nD\u0141UGO\u015a\u0106 OSTRZA: 11 cm<br \/>\nTYP PRODUKTU: Ostrze sta\u0142e<br \/>\nWYKO\u0143CZENIE: TiNi<br \/>\nTYP POCHWY:: Z\u0105bkowana<br \/>\nTYP STALOWEGO OSTRZA: CRYO 4116<br \/>\nKSZTA\u0141T OSTRZA: Tanto<br \/>\nMATERIA\u0141 R\u0118KOJE\u015aCI: GRN<br \/>\nKOLOR R\u0118KOJE\u015aCI: OD<br \/>\nKOLOR R\u0118KOJE\u015aCI: OD<\/p>\n<p>&nbsp;<\/p>\n<p>&nbsp;<\/p>\n<p>&nbsp;<\/p>\n","protected":false},"excerpt":{"rendered":"<p><strong>Trident FX, zbudowany zgodnie z tradycj\u0105 no\u017cy SOG z twardym ostrzem dla profesjonalnych u\u017cytkownik\u00f3w.<\/strong><\/p>\n<p>&nbsp;<\/p>\n","protected":false},"featured_media":429639,"comment_status":"open","ping_status":"closed","template":"","meta":[],"pwb-brand":[3606],"product_brand":[],"product_cat":[3297,3296],"product_tag":[3671],"class_list":{"0":"post-429638","1":"product","2":"type-product","3":"status-publish","4":"has-post-thumbnail","6":"pwb-brand-sog-pl","7":"product_cat-solidne-noze","8":"product_cat-noze-pl","9":"product_tag-b2b-pl","11":"first","12":"instock","13":"taxable","14":"shipping-taxable","15":"purchasable","16":"product-type-simple"},"brands":[{"id":3606,"name":"SOG","slug":"sog-pl"}],"_links":{"self":[{"href":"https:\/\/www.moskito.cz\/pl\/wp-json\/wp\/v2\/product\/429638","targetHints":{"allow":["GET"]}}],"collection":[{"href":"https:\/\/www.moskito.cz\/pl\/wp-json\/wp\/v2\/product"}],"about":[{"href":"https:\/\/www.moskito.cz\/pl\/wp-json\/wp\/v2\/types\/product"}],"replies":[{"embeddable":true,"href":"https:\/\/www.moskito.cz\/pl\/wp-json\/wp\/v2\/comments?post=429638"}],"wp:featuredmedia":[{"embeddable":true,"href":"https:\/\/www.moskito.cz\/pl\/wp-json\/wp\/v2\/media\/429639"}],"wp:attachment":[{"href":"https:\/\/www.moskito.cz\/pl\/wp-json\/wp\/v2\/media?parent=429638"}],"wp:term":[{"taxonomy":"pwb-brand","embeddable":true,"href":"https:\/\/www.moskito.cz\/pl\/wp-json\/wp\/v2\/pwb-brand?post=429638"},{"taxonomy":"product_brand","embeddable":true,"href":"https:\/\/www.moskito.cz\/pl\/wp-json\/wp\/v2\/product_brand?post=429638"},{"taxonomy":"product_cat","embeddable":true,"href":"https:\/\/www.moskito.cz\/pl\/wp-json\/wp\/v2\/product_cat?post=429638"},{"taxonomy":"product_tag","embeddable":true,"href":"https:\/\/www.moskito.cz\/pl\/wp-json\/wp\/v2\/product_tag?post=429638"}],"curies":[{"name":"wp","href":"https:\/\/api.w.org\/{rel}","templated":true}]}}