{"id":429662,"date":"2024-09-26T13:02:06","date_gmt":"2024-09-26T12:02:06","guid":{"rendered":"https:\/\/www.moskito.cz\/produkt\/noz-skladany-magnum-air-force-rescue-01ll473\/"},"modified":"2025-12-16T12:46:24","modified_gmt":"2025-12-16T11:46:24","slug":"noz-skladany-magnum-air-force-rescue-01ll473","status":"publish","type":"product","link":"https:\/\/www.moskito.cz\/pl\/produkt\/noz-skladany-magnum-air-force-rescue-01ll473\/","title":{"rendered":"N\u00f3\u017c sk\u0142adany Magnum Air Force Rescue 01LL473"},"content":{"rendered":"<p>N\u00f3\u017c <strong>Magnum<\/strong> Air Force Rescue Assisted 01LL473.<\/p>\n<div class=\"flex max-w-full flex-col flex-grow\">\n<div class=\"min-h-8 text-message flex w-full flex-col items-end gap-2 whitespace-normal break-words [.text-message+&amp;]:mt-5\" dir=\"auto\" data-message-author-role=\"assistant\" data-message-id=\"3bc9589c-4dd5-4bd0-a504-1083074adfc6\" data-message-model-slug=\"gpt-4o\">\n<div class=\"flex w-full flex-col gap-1 empty:hidden first:pt-[3px]\">\n<div class=\"markdown prose w-full break-words dark:prose-invert light\">\n<p><strong>Magnum Air Force Rescue Assisted 01LL473<\/strong> to praktyczny n\u00f3\u017c ratowniczy zaprojektowany jako ho\u0142d dla si\u0142 bezpiecze\u0144stwa, kt\u00f3re staj\u0105 w obliczu niebezpiecze\u0144stwa, chroni\u0105c i ratuj\u0105c \u017cycie. Oferuje funkcje, kt\u00f3re sprawiaj\u0105, \u017ce nadaje si\u0119 do sytuacji kryzysowych, a jednocze\u015bnie jest dostosowany do zwyk\u0142ych u\u017cytkownik\u00f3w, a nie do codziennego profesjonalnego wdra\u017cania. <\/p>\n<h3>Kluczowe w\u0142a\u015bciwo\u015bci:<\/h3>\n<ol>\n<li><strong>Ostrze<\/strong> :\n<ul>\n<li><strong>Materia\u0142<\/strong>: stal nierdzewna <strong>440A<\/strong>, znana z odporno\u015bci na korozj\u0119 i \u0142atwej konserwacji.<\/li>\n<li><strong>Kszta\u0142t ostrza<\/strong>: <strong>Reverse Tanto<\/strong>, kt\u00f3re oferuje solidny czubek idealny do penetracji i precyzyjnego ci\u0119cia.<\/li>\n<li><strong>Wyko\u0144czenie<\/strong>: Ostrze pokryte czarn\u0105 pow\u0142ok\u0105 dla lepszej ochrony przed zu\u017cyciem.<\/li>\n<li><strong>Cz\u0119\u015bciowo z\u0105bkowane ostrze<\/strong>: U\u0142atwia ci\u0119cie twardych materia\u0142\u00f3w, takich jak liny lub pasy bezpiecze\u0144stwa.<\/li>\n<li><strong>Wspomagany otwieracz<\/strong>: dzi\u0119ki wspomaganiu spr\u0119\u017cynowemu n\u00f3\u017c mo\u017cna szybko i \u0142atwo otworzy\u0107 jedn\u0105 r\u0119k\u0105 za pomoc\u0105 flippera.<\/li>\n<\/ul>\n<\/li>\n<li><strong>Uchwyt<\/strong> :\n<ul>\n<li><strong>Materia\u0142<\/strong>: anodyzowane aluminium w kolorze <strong>kr\u00f3lewskiego b\u0142\u0119kitu<\/strong> z subtelnym emblematem si\u0142 powietrznych.<\/li>\n<li>Ergonomiczny kszta\u0142t zapewnia wygodny chwyt.<\/li>\n<\/ul>\n<\/li>\n<li><strong>Funkcja ratunkowa<\/strong>:\n<ul>\n<li><strong>Kolec do rozbijania szyb<\/strong>: W sytuacjach awaryjnych, gdy trzeba wybi\u0107 szyb\u0119.<\/li>\n<li><strong>Przecinak do pas\u00f3w bezpiecze\u0144stwa<\/strong>: umo\u017cliwia szybkie i bezpieczne usuni\u0119cie pas\u00f3w bezpiecze\u0144stwa bez ryzyka obra\u017ce\u0144.<\/li>\n<li><strong>Klips do kieszeni<\/strong>: u\u0142atwia przenoszenie.<\/li>\n<\/ul>\n<\/li>\n<li><strong>Mechanizm i zamkni\u0119cie<\/strong>:\n<ul>\n<li><strong>Blokada liner lock<\/strong>: bezpiecznie utrzymuje ostrze w pozycji otwartej podczas u\u017cytkowania.<\/li>\n<\/ul>\n<\/li>\n<li><strong>Wymiary i waga<\/strong>:\n<ul>\n<li><strong>Ca\u0142kowita d\u0142ugo\u015b\u0107<\/strong>: 21,90 cm.<\/li>\n<li><strong>D\u0142ugo\u015b\u0107 ostrza<\/strong>: 8,30 cm.<\/li>\n<li><strong>Grubo\u015b\u0107 ostrza<\/strong>: 2,80 mm.<\/li>\n<li><strong>Waga<\/strong>: 139 g, zapewniaj\u0105ca r\u00f3wnowag\u0119 mi\u0119dzy wytrzyma\u0142o\u015bci\u0105 a przeno\u015bno\u015bci\u0105.<\/li>\n<\/ul>\n<\/li>\n<\/ol>\n<h3>U\u017cywa\u0107:<\/h3>\n<p><strong>Magnum Air Force Rescue<\/strong> jest idealny dla:<\/p>\n<ul>\n<li><strong>Awaryjno\u015b\u0107<\/strong>: dzi\u0119ki specjalistycznym funkcjom, takim jak ko\u0144c\u00f3wka do szk\u0142a i przecinak do pas\u00f3w.<\/li>\n<li><strong>Do noszenia na co dzie\u0144<\/strong>: Dla zwyk\u0142ych u\u017cytkownik\u00f3w, kt\u00f3rzy ceni\u0105 sobie funkcjonalno\u015b\u0107 i atrakcyjny wygl\u0105d.<\/li>\n<li><strong>Fani no\u017cy tematycznych<\/strong>: \u015bwietny prezent dla fan\u00f3w Air Force lub kolekcjoner\u00f3w.<\/li>\n<\/ul>\n<h3>Zalecenie:<\/h3>\n<p>Dla profesjonalnych ratownik\u00f3w, kt\u00f3rzy potrzebuj\u0105 no\u017ca do intensywnego codziennego u\u017cytkowania, producent poleca modele z serii <strong>B\u00f6ker Plus Savior (01BO320, 01BO321, 01BO322)<\/strong>, kt\u00f3re zosta\u0142y zaprojektowane z my\u015bl\u0105 o wi\u0119kszej wytrzyma\u0142o\u015bci.<\/p>\n<h3>Wniosek:<\/h3>\n<p><strong>Magnum Air Force Rescue Assisted 01LL473<\/strong> to praktyczny, funkcjonalny i stylowy n\u00f3\u017c ratowniczy. Oferuje niezawodne funkcje w sytuacjach awaryjnych i atrakcyjny wygl\u0105d, kt\u00f3ry czyni go idealnym wyborem zar\u00f3wno dla zwyk\u0142ych u\u017cytkownik\u00f3w, jak i kolekcjoner\u00f3w. <\/p>\n<\/div>\n<\/div>\n<\/div>\n<\/div>\n<div class=\"mb-2 flex gap-3 empty:hidden -ml-2\">\n<div class=\"items-center justify-start rounded-xl p-1 flex\">\n<div class=\"flex items-center\"><\/div>\n<\/div>\n<\/div>\n<p>&nbsp;<\/p>\n","protected":false},"excerpt":{"rendered":"<p><strong>Magnum Air Force Rescue Assisted 01LL473 to praktyczny, funkcjonalny i stylowy n\u00f3\u017c ratowniczy. Oferuje niezawodne funkcje w sytuacjach awaryjnych i atrakcyjny wygl\u0105d, kt\u00f3ry czyni go idealnym wyborem zar\u00f3wno dla zwyk\u0142ych u\u017cytkownik\u00f3w, jak i kolekcjoner\u00f3w. <\/strong><\/p>\n","protected":false},"featured_media":365946,"comment_status":"closed","ping_status":"closed","template":"","meta":[],"pwb-brand":[3423],"product_brand":[],"product_cat":[3307,3296],"product_tag":[],"class_list":{"0":"post-429662","1":"product","2":"type-product","3":"status-publish","4":"has-post-thumbnail","6":"pwb-brand-bokera","7":"product_cat-zamykanie-nozy","8":"product_cat-noze-pl","10":"first","11":"outofstock","12":"taxable","13":"shipping-taxable","14":"purchasable","15":"product-type-simple"},"brands":[{"id":3423,"name":"Bokera","slug":"bokera"}],"_links":{"self":[{"href":"https:\/\/www.moskito.cz\/pl\/wp-json\/wp\/v2\/product\/429662","targetHints":{"allow":["GET"]}}],"collection":[{"href":"https:\/\/www.moskito.cz\/pl\/wp-json\/wp\/v2\/product"}],"about":[{"href":"https:\/\/www.moskito.cz\/pl\/wp-json\/wp\/v2\/types\/product"}],"replies":[{"embeddable":true,"href":"https:\/\/www.moskito.cz\/pl\/wp-json\/wp\/v2\/comments?post=429662"}],"wp:featuredmedia":[{"embeddable":true,"href":"https:\/\/www.moskito.cz\/pl\/wp-json\/wp\/v2\/media\/365946"}],"wp:attachment":[{"href":"https:\/\/www.moskito.cz\/pl\/wp-json\/wp\/v2\/media?parent=429662"}],"wp:term":[{"taxonomy":"pwb-brand","embeddable":true,"href":"https:\/\/www.moskito.cz\/pl\/wp-json\/wp\/v2\/pwb-brand?post=429662"},{"taxonomy":"product_brand","embeddable":true,"href":"https:\/\/www.moskito.cz\/pl\/wp-json\/wp\/v2\/product_brand?post=429662"},{"taxonomy":"product_cat","embeddable":true,"href":"https:\/\/www.moskito.cz\/pl\/wp-json\/wp\/v2\/product_cat?post=429662"},{"taxonomy":"product_tag","embeddable":true,"href":"https:\/\/www.moskito.cz\/pl\/wp-json\/wp\/v2\/product_tag?post=429662"}],"curies":[{"name":"wp","href":"https:\/\/api.w.org\/{rel}","templated":true}]}}