{"id":429679,"date":"2023-03-29T21:21:25","date_gmt":"2023-03-29T20:21:25","guid":{"rendered":"https:\/\/www.moskito.cz\/produkt\/noz-do-zamykania-cold-steel-verdict-spear-point-black\/"},"modified":"2025-12-16T16:32:22","modified_gmt":"2025-12-16T15:32:22","slug":"noz-do-zamykania-cold-steel-verdict-spear-point-black","status":"publish","type":"product","link":"https:\/\/www.moskito.cz\/pl\/produkt\/noz-do-zamykania-cold-steel-verdict-spear-point-black\/","title":{"rendered":"N\u00f3\u017c do zamykania Cold Steel VERDICT SPEAR POINT BLACK"},"content":{"rendered":"<p>N\u00f3\u017c do zamykania <strong>Cold Steel<\/strong> VERDICT SPEAR POINT BLACK<\/p>\n<p>Lekki, \u0142atwy do otwarcia i wyposa\u017cony w bezpieczn\u0105 blokad\u0119 Tri-Ad\u00ae firmy Cold Steel, Verdict jest idealnym wyborem do codziennego noszenia. 3-calowe ostrze ze szlifowanej stali nierdzewnej 4116 \u0142atwo si\u0119 zaczepia i utrzymuje kraw\u0119d\u017a. Z wytrzyma\u0142\u0105 r\u0119koje\u015bci\u0105 GFN zaprojektowan\u0105 tak, aby wytrzyma\u0107 nawet lata ci\u0119\u017ckiego u\u017cytkowania, ten dwustronny folder jest dost\u0119pny w kombinacji styl\u00f3w ostrza (clip point i spear point) i kolor\u00f3w r\u0119koje\u015bci.  <\/p>\n<p>Werdykt serii:<\/p>\n<p>Werdykt jest decyzj\u0105, a seria sk\u0142adanych no\u017cy Cold Steel Verdict zapewnia u\u017cytkownikom zdecydowan\u0105 opcj\u0119 codziennego noszenia jak kamie\u0144. Wyposa\u017cony w sprawdzony i niezawodny zamek Tri-Ad\u00ae, Verdict jest dost\u0119pny z dwiema stalowymi i dwoma materia\u0142ami r\u0119koje\u015bci oraz r\u00f3\u017cnymi kszta\u0142tami ostrzy.<\/p>\n<p>Opis:<br \/>\nMateria\u0142 ostrza: 4116<br \/>\nMateria\u0142 r\u0119koje\u015bci: GFN<br \/>\nBlokada: Tri-Ad lock<br \/>\nD\u0142ugo\u015b\u0107 ostrza: 7,6 cm<br \/>\nTyp ostrza: Spear Point<br \/>\nPrzeznaczenie: EDC &#8211; do noszenia na co dzie\u0144<\/p>\n<p><iframe title=\"COLD STEEL VERDICT LINE OF KNIVES\" width=\"800\" height=\"450\" src=\"https:\/\/www.youtube.com\/embed\/6vn_iWyLzhQ?feature=oembed\" frameborder=\"0\" allow=\"accelerometer; autoplay; clipboard-write; encrypted-media; gyroscope; picture-in-picture; web-share\" referrerpolicy=\"strict-origin-when-cross-origin\" allowfullscreen><\/iframe><\/p>\n<p>&nbsp;<\/p>\n<p>&nbsp;<\/p>\n","protected":false},"excerpt":{"rendered":"<p><strong>Wyrok jest \u201edecyzj\u0105\u201d! Ty r\u00f3wnie\u017c b\u0119dziesz zdecydowany nosi\u0107 nowy n\u00f3\u017c Verdict, gdy tylko go we\u017amiesz.<\/strong><\/p>\n","protected":false},"featured_media":429681,"comment_status":"open","ping_status":"closed","template":"","meta":[],"pwb-brand":[3596],"product_brand":[],"product_cat":[3307,3296],"product_tag":[3671],"class_list":{"0":"post-429679","1":"product","2":"type-product","3":"status-publish","4":"has-post-thumbnail","6":"pwb-brand-zimna-stal","7":"product_cat-zamykanie-nozy","8":"product_cat-noze-pl","9":"product_tag-b2b-pl","11":"first","12":"instock","13":"taxable","14":"shipping-taxable","15":"purchasable","16":"product-type-simple"},"brands":[{"id":3596,"name":"Zimna stal","slug":"zimna-stal"}],"_links":{"self":[{"href":"https:\/\/www.moskito.cz\/pl\/wp-json\/wp\/v2\/product\/429679","targetHints":{"allow":["GET"]}}],"collection":[{"href":"https:\/\/www.moskito.cz\/pl\/wp-json\/wp\/v2\/product"}],"about":[{"href":"https:\/\/www.moskito.cz\/pl\/wp-json\/wp\/v2\/types\/product"}],"replies":[{"embeddable":true,"href":"https:\/\/www.moskito.cz\/pl\/wp-json\/wp\/v2\/comments?post=429679"}],"wp:featuredmedia":[{"embeddable":true,"href":"https:\/\/www.moskito.cz\/pl\/wp-json\/wp\/v2\/media\/429681"}],"wp:attachment":[{"href":"https:\/\/www.moskito.cz\/pl\/wp-json\/wp\/v2\/media?parent=429679"}],"wp:term":[{"taxonomy":"pwb-brand","embeddable":true,"href":"https:\/\/www.moskito.cz\/pl\/wp-json\/wp\/v2\/pwb-brand?post=429679"},{"taxonomy":"product_brand","embeddable":true,"href":"https:\/\/www.moskito.cz\/pl\/wp-json\/wp\/v2\/product_brand?post=429679"},{"taxonomy":"product_cat","embeddable":true,"href":"https:\/\/www.moskito.cz\/pl\/wp-json\/wp\/v2\/product_cat?post=429679"},{"taxonomy":"product_tag","embeddable":true,"href":"https:\/\/www.moskito.cz\/pl\/wp-json\/wp\/v2\/product_tag?post=429679"}],"curies":[{"name":"wp","href":"https:\/\/api.w.org\/{rel}","templated":true}]}}