{"id":429687,"date":"2024-09-26T13:01:37","date_gmt":"2024-09-26T12:01:37","guid":{"rendered":"https:\/\/www.moskito.cz\/produkt\/scyzoryk-boker-plus-kal-14\/"},"modified":"2025-12-16T16:32:25","modified_gmt":"2025-12-16T15:32:25","slug":"scyzoryk-boker-plus-kal-14","status":"publish","type":"product","link":"https:\/\/www.moskito.cz\/pl\/produkt\/scyzoryk-boker-plus-kal-14\/","title":{"rendered":"Scyzoryk B\u00f6ker Plus KAL-14"},"content":{"rendered":"<p>Scyzoryk<strong> B\u00f6ker Plus<\/strong> KAL-14.<\/p>\n<div class=\"flex max-w-full flex-col flex-grow\">\n<div class=\"min-h-8 text-message flex w-full flex-col items-end gap-2 whitespace-normal break-words [.text-message+&amp;]:mt-5\" dir=\"auto\" data-message-author-role=\"assistant\" data-message-id=\"d7d8fd1e-846a-4da0-818b-dfa3b382aa15\" data-message-model-slug=\"gpt-4o-mini\">\n<div class=\"flex w-full flex-col gap-1 empty:hidden first:pt-[3px]\">\n<div class=\"markdown prose w-full break-words dark:prose-invert light\">\n<p>Scyzoryk <strong>B\u00f6ker Plus KAL-14<\/strong> jest cz\u0119\u015bci\u0105 popularnej serii <strong>Ka\u0142asznikow<\/strong>, kt\u00f3ra s\u0142ynie z trwa\u0142ej konstrukcji i doskona\u0142ej funkcjonalno\u015bci. Model ten oferuje nie tylko \u015bwietne w\u0142a\u015bciwo\u015bci techniczne, ale tak\u017ce atrakcyjne wizualnie elementy dzi\u0119ki drewnianym wstawkom w aluminiowej r\u0119koje\u015bci. <\/p>\n<hr>\n<h3><strong>Kluczowe w\u0142a\u015bciwo\u015bci:<\/strong><\/h3>\n<ol>\n<li><strong>Ostrze<\/strong> :\n<ul>\n<li><strong>Materia\u0142<\/strong>: <strong>440C<\/strong> &#8211; wysokiej jako\u015bci stal nierdzewna, znana z odporno\u015bci na zu\u017cycie i doskona\u0142ych w\u0142a\u015bciwo\u015bci utrzymywania ostro\u015bci.<\/li>\n<li><strong>Otwieranie<\/strong>: ostrze otwiera si\u0119 za pomoc\u0105 <strong>flippera<\/strong> lub <strong>pokr\u0119t\u0142a<\/strong>, zapewniaj\u0105c elastyczno\u015b\u0107 u\u017cytkowania.<\/li>\n<li><strong>D\u0142ugo\u015b\u0107 ostrza<\/strong>: 9,30 cm &#8211; idealny rozmiar do codziennego noszenia i r\u00f3\u017cnych zada\u0144.<\/li>\n<li><strong>Grubo\u015b\u0107 ostrza<\/strong>: 3,00 mm &#8211; zapewnia wystarczaj\u0105c\u0105 wytrzyma\u0142o\u015b\u0107 do bardziej wymagaj\u0105cych zada\u0144.<\/li>\n<\/ul>\n<\/li>\n<li><strong>Uchwyt<\/strong> :\n<ul>\n<li><strong>Materia\u0142<\/strong>: <strong>aluminium z drewnianymi wstawkami<\/strong> &#8211; aluminiowy uchwyt zapewnia lekko\u015b\u0107 i trwa\u0142o\u015b\u0107, a drewniane wstawki dodaj\u0105 wizualnej elegancji i przyjemnego kontrastu.<\/li>\n<li><strong>Pewny chwyt<\/strong>: ergonomiczna konstrukcja r\u0119koje\u015bci zapewnia bezpieczne i wygodne trzymanie no\u017ca.<\/li>\n<\/ul>\n<\/li>\n<li><strong>Cechy<\/strong>:\n<ul>\n<li><strong>Linerlock<\/strong> &#8211; zabezpiecza ostrze w pozycji otwartej, zapewniaj\u0105c bezpieczne u\u017cytkowanie.<\/li>\n<li><strong>Dodatkowe narz\u0119dzia<\/strong>:\n<ul>\n<li><strong>T\u0142uczek<\/strong> do szk\u0142a &#8211; do zastosowania w sytuacjach awaryjnych, gdy trzeba szybko i skutecznie rozbi\u0107 szk\u0142o.<\/li>\n<li><strong>Przecinak do pas\u00f3w<\/strong> &#8211; por\u0119czne narz\u0119dzie do przecinania pas\u00f3w bezpiecze\u0144stwa w sytuacjach awaryjnych.<\/li>\n<\/ul>\n<\/li>\n<\/ul>\n<\/li>\n<li><strong>Sprawa<\/strong>:\n<ul>\n<li><strong>Nylonowa kabura<\/strong> &#8211; zawiera por\u0119czne etui do noszenia na pasku.<\/li>\n<li><strong>Pude\u0142ko up<\/strong> ominkowe &#8211; N\u00f3\u017c jest dostarczany w eleganckim pude\u0142ku upominkowym, co czyni go doskona\u0142ym prezentem dla kolekcjoner\u00f3w lub entuzjast\u00f3w.<\/li>\n<\/ul>\n<\/li>\n<\/ol>\n<hr>\n<h3><strong>Dane techniczne<\/strong> :<\/h3>\n<ul>\n<li><strong>Ca\u0142kowita d\u0142ugo\u015b\u0107<\/strong>: 22,00 cm<\/li>\n<li><strong>D\u0142ugo\u015b\u0107 ostrza<\/strong>: 9,30 cm<\/li>\n<li><strong>Grubo\u015b\u0107 ostrza<\/strong>: 3,00 mm<\/li>\n<li><strong>Waga<\/strong>: 205,00 g<\/li>\n<li><strong>Materia\u0142 ostrza<\/strong>: 440C<\/li>\n<li><strong>Materia\u0142 uchwytu<\/strong>: aluminium z drewnianymi wstawkami<\/li>\n<li><strong>Mechanizm otwierania<\/strong>: r\u0119czny (klapka\/sworze\u0144)<\/li>\n<li><strong>Zamkni\u0119cie<\/strong>: <strong>Linerlock<\/strong><\/li>\n<li><strong>Numer artyku\u0142u<\/strong>: 01CAL14<\/li>\n<\/ul>\n<hr>\n<h3><strong>Korzy\u015bci i zastosowania<\/strong> :<\/h3>\n<ul>\n<li><strong>Wszechstronno\u015b\u0107<\/strong>: scyzoryk z wysokiej jako\u015bci ostrzem <strong>440C<\/strong> i dodatkowymi funkcjami (t\u0142uczek do szk\u0142a, przecinak do pas\u00f3w) jest idealny do codziennego noszenia, ale tak\u017ce do u\u017cytku w sytuacjach kryzysowych.<\/li>\n<li><strong>Elegancki design<\/strong>: po\u0142\u0105czenie <strong>aluminiowej r\u0119koje\u015bci<\/strong> i <strong>drewnianych wstawek<\/strong> sprawia, \u017ce n\u00f3\u017c ten jest nie tylko funkcjonalny, ale i atrakcyjny.<\/li>\n<li><strong>Bezpiecze\u0144stwo i wygoda<\/strong>: mechanizm <strong>Linerlock<\/strong> i ergonomiczna r\u0119koje\u015b\u0107 zapewniaj\u0105 bezpiecze\u0144stwo i wygod\u0119 no\u017ca nawet przy d\u0142ugotrwa\u0142ym u\u017cytkowaniu.<\/li>\n<li><strong>Praktyczna pochwa<\/strong>: do\u0142\u0105czona nylonowa pochwa u\u0142atwia przenoszenie i dost\u0119p do no\u017ca.<\/li>\n<\/ul>\n<hr>\n<h3><strong>Wniosek<\/strong> :<\/h3>\n<p><strong>B\u00f6ker Plus KAL-14<\/strong> to wysokiej jako\u015bci scyzoryk, kt\u00f3ry \u0142\u0105czy w sobie solidno\u015b\u0107 i funkcjonalno\u015b\u0107 z eleganckim designem. Nadaje si\u0119 do codziennego noszenia, a tak\u017ce w sytuacjach kryzysowych, model ten jest idealny dla u\u017cytkownik\u00f3w poszukuj\u0105cych niezawodnego i atrakcyjnego narz\u0119dzia o szerokim zakresie zastosowa\u0144. <\/p>\n<\/div>\n<\/div>\n<\/div>\n<\/div>\n<div class=\"mb-2 flex gap-3 empty:hidden -ml-2\">\n<div class=\"items-center justify-start rounded-xl p-1 flex\">\n<div class=\"flex items-center\"><\/div>\n<\/div>\n<\/div>\n<p>&nbsp;<\/p>\n","protected":false},"excerpt":{"rendered":"<div class=\"flex max-w-full flex-col flex-grow\">\n<div class=\"min-h-8 text-message flex w-full flex-col items-end gap-2 whitespace-normal break-words [.text-message+&amp;]:mt-5\" dir=\"auto\" data-message-author-role=\"assistant\" data-message-id=\"d7d8fd1e-846a-4da0-818b-dfa3b382aa15\" data-message-model-slug=\"gpt-4o-mini\">\n<div class=\"flex w-full flex-col gap-1 empty:hidden first:pt-[3px]\">\n<div class=\"markdown prose w-full break-words dark:prose-invert light\">\n<p><strong>B\u00f6ker Plus KAL-14 to wysokiej jako\u015bci scyzoryk, kt\u00f3ry \u0142\u0105czy w sobie solidno\u015b\u0107 i funkcjonalno\u015b\u0107 z eleganckim designem. Nadaje si\u0119 do codziennego noszenia, a tak\u017ce w sytuacjach kryzysowych, model ten jest idealny dla u\u017cytkownik\u00f3w poszukuj\u0105cych niezawodnego i atrakcyjnego narz\u0119dzia o szerokim zakresie zastosowa\u0144. <\/strong><\/p>\n<\/div>\n<\/div>\n<\/div>\n<\/div>\n<div class=\"mb-2 flex gap-3 empty:hidden -ml-2\">\n<div class=\"items-center justify-start rounded-xl p-1 flex\">\n<div class=\"flex items-center\"><\/div>\n<\/div>\n<\/div>\n","protected":false},"featured_media":361265,"comment_status":"closed","ping_status":"closed","template":"","meta":[],"pwb-brand":[3423],"product_brand":[],"product_cat":[3307,3296],"product_tag":[],"class_list":{"0":"post-429687","1":"product","2":"type-product","3":"status-publish","4":"has-post-thumbnail","6":"pwb-brand-bokera","7":"product_cat-zamykanie-nozy","8":"product_cat-noze-pl","10":"first","11":"outofstock","12":"taxable","13":"shipping-taxable","14":"purchasable","15":"product-type-simple"},"brands":[{"id":3423,"name":"Bokera","slug":"bokera"}],"_links":{"self":[{"href":"https:\/\/www.moskito.cz\/pl\/wp-json\/wp\/v2\/product\/429687","targetHints":{"allow":["GET"]}}],"collection":[{"href":"https:\/\/www.moskito.cz\/pl\/wp-json\/wp\/v2\/product"}],"about":[{"href":"https:\/\/www.moskito.cz\/pl\/wp-json\/wp\/v2\/types\/product"}],"replies":[{"embeddable":true,"href":"https:\/\/www.moskito.cz\/pl\/wp-json\/wp\/v2\/comments?post=429687"}],"wp:featuredmedia":[{"embeddable":true,"href":"https:\/\/www.moskito.cz\/pl\/wp-json\/wp\/v2\/media\/361265"}],"wp:attachment":[{"href":"https:\/\/www.moskito.cz\/pl\/wp-json\/wp\/v2\/media?parent=429687"}],"wp:term":[{"taxonomy":"pwb-brand","embeddable":true,"href":"https:\/\/www.moskito.cz\/pl\/wp-json\/wp\/v2\/pwb-brand?post=429687"},{"taxonomy":"product_brand","embeddable":true,"href":"https:\/\/www.moskito.cz\/pl\/wp-json\/wp\/v2\/product_brand?post=429687"},{"taxonomy":"product_cat","embeddable":true,"href":"https:\/\/www.moskito.cz\/pl\/wp-json\/wp\/v2\/product_cat?post=429687"},{"taxonomy":"product_tag","embeddable":true,"href":"https:\/\/www.moskito.cz\/pl\/wp-json\/wp\/v2\/product_tag?post=429687"}],"curies":[{"name":"wp","href":"https:\/\/api.w.org\/{rel}","templated":true}]}}