{"id":429740,"date":"2023-02-15T22:24:42","date_gmt":"2023-02-15T21:24:42","guid":{"rendered":"https:\/\/www.moskito.cz\/produkt\/noz-wyrzutowy-a-g-a-campolin-akc-f-16-otf\/"},"modified":"2025-12-18T10:48:29","modified_gmt":"2025-12-18T09:48:29","slug":"noz-wyrzutowy-a-g-a-campolin-akc-f-16-otf","status":"publish","type":"product","link":"https:\/\/www.moskito.cz\/pl\/produkt\/noz-wyrzutowy-a-g-a-campolin-akc-f-16-otf\/","title":{"rendered":"N\u00f3\u017c wyrzutowy A.G.A. CAMPOLIN AKC F-16 OTF"},"content":{"rendered":"<p>N\u00f3\u017c wyrzutowy <strong>A.G.A. CAMPOLIN<\/strong> AKC F-16 OTF<\/p>\n<p>AKC OTF &#8222;F16&#8221; to imponuj\u0105cy n\u00f3\u017c automatyczny, kt\u00f3ry \u0142\u0105czy funkcjonalno\u015b\u0107 z atrakcyjnym wygl\u0105dem. Oto przegl\u0105d jego kluczowych cech i tego, co czyni go wyj\u0105tkowym narz\u0119dziem:<br \/>\nG\u0142\u00f3wne cechy: <\/p>\n<p>Mechanizm ostrza:<br \/>\nPodw\u00f3jny mechanizm spr\u0119\u017cynowy zapewnia szybkie i niezawodne wysuwanie ostrza.<br \/>\nProsta obs\u0142uga przyciskiem zar\u00f3wno wysuwania, jak i chowania ostrza.<br \/>\nMinimalny prze\u015bwit ostrza zapewnia bezpieczn\u0105 i precyzyjn\u0105 kontrol\u0119.<\/p>\n<p>Design i konstrukcja:<br \/>\nOstrze: Satynowane, polerowane ostrze sztyletu inspirowane klasycznym w\u0142oskim sztyletem, oferuj\u0105ce ostry i symetryczny kszta\u0142t.<br \/>\nR\u0119koje\u015b\u0107: Lekka aluminiowa konstrukcja z wojskowym zielonym wyko\u0144czeniem. Czarna wk\u0142adka z papieru \u015bciernego poprawia pewno\u015b\u0107 chwytu, nawet w trudnych warunkach.<br \/>\nKlips: Czarny klips do bezpiecznego przenoszenia. <\/p>\n<p>Wymiary:<br \/>\nD\u0142ugo\u015b\u0107 ca\u0142kowita: 20 cm<br \/>\nD\u0142ugo\u015b\u0107 ostrza: 8,5 cm<br \/>\nGrubo\u015b\u0107 ostrza: 3 mm<br \/>\nWaga: 90 g<\/p>\n<p>Materia\u0142y:<br \/>\nMateria\u0142 ostrza: Stal nierdzewna 440A, znana z odporno\u015bci na korozj\u0119 i \u0142atwo\u015bci ostrzenia.<br \/>\nMateria\u0142 r\u0119koje\u015bci: aluminium zapewniaj\u0105ce trwa\u0142o\u015b\u0107 i lekko\u015b\u0107.<br \/>\nMateria\u0142 ok\u0142adzin: papier \u015bcierny zapewniaj\u0105cy pewny i ergonomiczny chwyt.<\/p>\n<p>Zastosowanie:<\/p>\n<p>Zaprojektowany jako narz\u0119dzie codziennego noszenia (EDC), F16 jest kompaktowy i \u0142atwy w u\u017cyciu. Jego szybkie dzia\u0142anie i wytrzyma\u0142a konstrukcja sprawiaj\u0105, \u017ce nadaje si\u0119 zar\u00f3wno do cel\u00f3w u\u017cytkowych, jak i obronnych.<br \/>\nEstetyka: <\/p>\n<p>Zainspirowany my\u015bliwcem F-16 Fighting Falcon, jego elegancki i funkcjonalny design odzwierciedla precyzyjn\u0105 in\u017cynieri\u0119 i wojskow\u0105 wytrzyma\u0142o\u015b\u0107. W\u0142oska stylistyka inspirowana szpilkami nadaje mu klasyczny charakter z nowoczesnym kunsztem. <\/p>\n<p>Dzi\u0119ki po\u0142\u0105czeniu szybko\u015bci, wytrzyma\u0142o\u015bci i ergonomicznej konstrukcji, n\u00f3\u017c ten jest cennym dodatkiem do ka\u017cdej kolekcji lub niezawodnym narz\u0119dziem do codziennego u\u017cytku.<\/p>\n<p><iframe title=\"AKC F16 Automatic OTF F16B CF\" width=\"800\" height=\"450\" src=\"https:\/\/www.youtube.com\/embed\/yyAzUKCJ_AQ?feature=oembed\" frameborder=\"0\" allow=\"accelerometer; autoplay; clipboard-write; encrypted-media; gyroscope; picture-in-picture; web-share\" referrerpolicy=\"strict-origin-when-cross-origin\" allowfullscreen><\/iframe><\/p>\n<p>&nbsp;<\/p>\n","protected":false},"excerpt":{"rendered":"<p><strong>Dzi\u0119ki po\u0142\u0105czeniu szybko\u015bci, wytrzyma\u0142o\u015bci i ergonomicznej konstrukcji, n\u00f3\u017c ten jest cennym dodatkiem do ka\u017cdej kolekcji lub niezawodnym narz\u0119dziem do codziennego u\u017cytku.<\/strong><\/p>\n","protected":false},"featured_media":429742,"comment_status":"open","ping_status":"closed","template":"","meta":[],"pwb-brand":[4014],"product_brand":[],"product_cat":[3344,3296],"product_tag":[],"class_list":{"0":"post-429740","1":"product","2":"type-product","3":"status-publish","4":"has-post-thumbnail","6":"pwb-brand-aga-campolin-pl","7":"product_cat-noze-strzeleckie","8":"product_cat-noze-pl","10":"first","11":"instock","12":"taxable","13":"shipping-taxable","14":"purchasable","15":"product-type-simple"},"brands":[{"id":4014,"name":"AGA CAMPOLIN","slug":"aga-campolin-pl"}],"_links":{"self":[{"href":"https:\/\/www.moskito.cz\/pl\/wp-json\/wp\/v2\/product\/429740","targetHints":{"allow":["GET"]}}],"collection":[{"href":"https:\/\/www.moskito.cz\/pl\/wp-json\/wp\/v2\/product"}],"about":[{"href":"https:\/\/www.moskito.cz\/pl\/wp-json\/wp\/v2\/types\/product"}],"replies":[{"embeddable":true,"href":"https:\/\/www.moskito.cz\/pl\/wp-json\/wp\/v2\/comments?post=429740"}],"wp:featuredmedia":[{"embeddable":true,"href":"https:\/\/www.moskito.cz\/pl\/wp-json\/wp\/v2\/media\/429742"}],"wp:attachment":[{"href":"https:\/\/www.moskito.cz\/pl\/wp-json\/wp\/v2\/media?parent=429740"}],"wp:term":[{"taxonomy":"pwb-brand","embeddable":true,"href":"https:\/\/www.moskito.cz\/pl\/wp-json\/wp\/v2\/pwb-brand?post=429740"},{"taxonomy":"product_brand","embeddable":true,"href":"https:\/\/www.moskito.cz\/pl\/wp-json\/wp\/v2\/product_brand?post=429740"},{"taxonomy":"product_cat","embeddable":true,"href":"https:\/\/www.moskito.cz\/pl\/wp-json\/wp\/v2\/product_cat?post=429740"},{"taxonomy":"product_tag","embeddable":true,"href":"https:\/\/www.moskito.cz\/pl\/wp-json\/wp\/v2\/product_tag?post=429740"}],"curies":[{"name":"wp","href":"https:\/\/api.w.org\/{rel}","templated":true}]}}