{"id":429760,"date":"2024-11-28T17:06:21","date_gmt":"2024-11-28T16:06:21","guid":{"rendered":"https:\/\/www.moskito.cz\/produkt\/zestaw-arcos-maitre-seria-152000\/"},"modified":"2025-12-18T15:04:39","modified_gmt":"2025-12-18T14:04:39","slug":"zestaw-arcos-maitre-seria-152000","status":"publish","type":"product","link":"https:\/\/www.moskito.cz\/pl\/produkt\/zestaw-arcos-maitre-seria-152000\/","title":{"rendered":"Zestaw Arcos Maitre seria 152000"},"content":{"rendered":"<h1 data-pm-slice=\"1 1 []\">Zestaw no\u017cy Arcos z serii Maitre 152000 &#8211; elegancki i funkcjonalny wyb\u00f3r do codziennego gotowania<\/h1>\n<p>Je\u015bli szukasz praktycznego i estetycznego zestawu no\u017cy, kt\u00f3ry \u0142\u0105czy w sobie <strong>jako\u015b\u0107, wygod\u0119 i trwa\u0142o\u015b\u0107 w przyst\u0119pnej<\/strong> cenie, to <strong>Arcos Maitre 152000<\/strong> &#8211; zestaw no\u017cy kuchennych, kt\u00f3ry poradzi sobie z wi\u0119kszo\u015bci\u0105 codziennych zada\u0144 kuchennych, a dodatkowo doda odrobin\u0119 stylu dzi\u0119ki stylowemu drewnianemu blokowi.<\/p>\n<p>Ten zestaw jest idealny dla gospodarstw domowych, kt\u00f3re chc\u0105 mie\u0107 zawsze pod r\u0119k\u0105 dobrze wyposa\u017cony, ale niezbyt skomplikowany zestaw no\u017cy &#8211; od <strong>no\u017ca szefa kuchni po n\u00f3\u017c uniwersalny i ostrza\u0142k\u0119<\/strong>.<\/p>\n<div>\n<hr>\n<\/div>\n<h2>Co zawiera zestaw?<\/h2>\n<ul data-spread=\"false\">\n<li>1\u00d7 <strong>n\u00f3\u017c szefa kuchni<\/strong> (215 mm)<\/li>\n<li>1\u00d7 <strong>n\u00f3\u017c uniwersalny<\/strong> (150 mm)<\/li>\n<li>1\u00d7 <strong>n\u00f3\u017c do odkostniania<\/strong> (160 mm)<\/li>\n<li>1\u00d7 <strong>n\u00f3\u017c do warzyw<\/strong> (100 mm)<\/li>\n<li>1\u00d7 <strong>Ostrza\u0142ka do szlifowania<\/strong><\/li>\n<li>1 \u00d7 <strong>drewniany blok<\/strong> do bezpiecznego przechowywania<\/li>\n<\/ul>\n<div>\n<hr>\n<\/div>\n<h2>\ud83d\udcd0 Dane techniczne:<\/h2>\n<ul data-spread=\"false\">\n<li><strong>Seria:<\/strong> Arcos Maitre<\/li>\n<li><strong>Stal:<\/strong> NITRUM\u00ae &#8211; opatentowana stal nierdzewna Arcos<\/li>\n<li><strong>Twardo\u015b\u0107:<\/strong> ok. 56 HRC<\/li>\n<li><strong>Uchwyty:<\/strong> polipropylen (PP) &#8211; ergonomiczny kszta\u0142t, wysoka trwa\u0142o\u015b\u0107<\/li>\n<li><strong>Przechowywanie:<\/strong> stylowy blok z jasnego drewna<\/li>\n<li><strong>Mo\u017cna my\u0107 w zmywarce:<\/strong> tak, ale zaleca si\u0119 mycie r\u0119czne<\/li>\n<li><strong>Kraj pochodzenia:<\/strong> Hiszpania (Albacete)<\/li>\n<\/ul>\n<div>\n<hr>\n<\/div>\n<h2>G\u0142\u00f3wne zalety zestawu:<\/h2>\n<p>\u2705  <strong>Uniwersalny zasi\u0119g<\/strong> &#8211; idealna kombinacja ostrzy do wi\u0119kszo\u015bci zada\u0144 kuchennych<br \/>\n\u2705  <strong>Odporna stal NITRUM\u00ae<\/strong> &#8211; doskona\u0142y stosunek twardo\u015bci do odporno\u015bci na korozj\u0119<br \/>\n\u2705  <strong>Lekkie, ergonomiczne uchwyty<\/strong> &#8211; dobrze le\u017c\u0105 w d\u0142oni nawet podczas d\u0142ugotrwa\u0142ego krojenia<br \/>\n\u2705  <strong>Wysokiej jako\u015bci ostrza\u0142ka<\/strong> &#8211; do szybkiej codziennej konserwacji ostrza<br \/>\n\u2705  <strong>Drewniany blok<\/strong> &#8211; praktyczny, stabilny i estetyczny dodatek do kuchni<br \/>\n\u2705  <strong>\u015awietny stosunek jako\u015bci do ceny<\/strong> &#8211; Arcos oferuje europejsk\u0105 jako\u015b\u0107 w przyst\u0119pnej cenie<\/p>\n<div>\n<hr>\n<\/div>\n<h2>\ud83d\udd34 Mo\u017cliwe wady:<\/h2>\n<p>\u26a0\ufe0f R\u0119koje\u015b\u0107 z polipropylenu wygl\u0105da mniej luksusowo ni\u017c drewno czy micarta.<br \/>\n\u26a0\ufe0f Twardo\u015b\u0107 ostrza jest nieco ni\u017csza ni\u017c w no\u017cach klasy premium &#8211; konieczne jest cz\u0119stsze ostrzenie.<br \/>\n\u26a0\ufe0f Blokada nie jest zamykana &#8211; ostrza pozostaj\u0105 \u0142atwo dost\u0119pne (estetyka vs. higiena).<\/p>\n<div>\n<hr>\n<\/div>\n<h2>\ud83d\udee0\ufe0f Konserwacja i szlifowanie:<\/h2>\n<ul data-spread=\"false\">\n<li>Zalecamy <strong>mycie<\/strong> no\u017cy <strong>r\u0119cznie<\/strong> i natychmiastowe suszenie<\/li>\n<li>U\u017cywaj <strong>ostrza\u0142ki po ka\u017cdym wi\u0119kszym krojeniu<\/strong>, aby zapewni\u0107 idealne ci\u0119cie ostrza.<\/li>\n<li>W razie potrzeby przywr\u00f3\u0107 ostro\u015b\u0107 za pomoc\u0105 ostrza\u0142ki &#8211;<br \/>\n\ud83d\udce2 <strong>Zalecane <\/strong><a><strong>Ostrza\u0142ka Vulcanus Classic G2<\/strong><\/a> lub <strong><a>Vulcanus sk\u0142adana<\/a><\/strong> &#8211; idealna r\u00f3wnie\u017c do ostrzy g\u0142adkich<\/li>\n<\/ul>\n<div>\n<hr>\n<\/div>\n<h2>\u2696\ufe0f Por\u00f3wnanie z konkurencj\u0105:<\/h2>\n<table>\n<tbody>\n<tr>\n<th>Marka<\/th>\n<th>Model<\/th>\n<th>Twardo\u015b\u0107 ostrza<\/th>\n<th>Materia\u0142 uchwytu<\/th>\n<th>Cena<\/th>\n<th>Kraj produkcji<\/th>\n<\/tr>\n<tr>\n<td><strong>Arcos<\/strong><\/td>\n<td>Maitre 152000<\/td>\n<td>~56 HRC<\/td>\n<td>Polipropylen<\/td>\n<td>\ud83d\udcb0 \ud83d\udcb0<\/td>\n<td>\ud83c\uddea\ud83c\uddf8 Hiszpania<\/td>\n<\/tr>\n<tr>\n<td>Fiskars<\/td>\n<td>Blok formy funkcjonalnej<\/td>\n<td>~53-55 HRC<\/td>\n<td>SoftGrip\u2122<\/td>\n<td>\ud83d\udcb0 \ud83d\udcb0<\/td>\n<td>\ud83c\uddeb\ud83c\uddee Finlandia<\/td>\n<\/tr>\n<tr>\n<td>W\u00fcsthof<\/td>\n<td>Zestaw dla smakoszy 5 szt.<\/td>\n<td>~56 HRC<\/td>\n<td>Polimer syntetyczny<\/td>\n<td>\ud83d\udcb0 \ud83d\udcb0 \ud83d\udcb0<\/td>\n<td>\ud83c\udde9\ud83c\uddea Niemcy<\/td>\n<\/tr>\n<tr>\n<td>KDS<\/td>\n<td>Zestaw KDS Profi 5 szt.<\/td>\n<td>~54 HRC<\/td>\n<td>Tworzywo sztuczne<\/td>\n<td>\ud83d\udcb0<\/td>\n<td>\ud83c\udde8\ud83c\uddff Czechy<\/td>\n<\/tr>\n<\/tbody>\n<\/table>\n<p>\u27a1\ufe0f <strong>Arcos Maitre<\/strong> wyr\u00f3\u017cnia si\u0119 europejsk\u0105 jako\u015bci\u0105, dost\u0119pno\u015bci\u0105 cz\u0119\u015bci zamiennych i lepszym stosunkiem ceny do wydajno\u015bci ni\u017c niemieckie klasyki premium lub fi\u0144skie.<br \/>\n\u27a1\ufe0f W por\u00f3wnaniu z czeskim KDS zapewnia wi\u0119kszy komfort, wy\u017csz\u0105 trwa\u0142o\u015b\u0107 i bardziej nowoczesny wygl\u0105d.<\/p>\n<div>\n<hr>\n<\/div>\n<h2>\u2764\ufe0f Dlaczego j\u0105 polubisz:<\/h2>\n<p>Poniewa\u017c <strong>nie potrzebujesz 15 no\u017cy<\/strong>, aby dobrze i wydajnie gotowa\u0107. Ten zestaw zapewnia dok\u0142adnie to, czego naprawd\u0119 potrzebujesz w normalnym gospodarstwie domowym. Doskona\u0142e ostrze, wygodny uchwyt i ostrza\u0142ka, kt\u00f3ra sprawi, \u017ce no\u017ce b\u0119d\u0105 s\u0142u\u017cy\u0107 przez lata.  <\/p>\n<div>\n<hr>\n<\/div>\n<h2>Ocena ko\u0144cowa:<\/h2>\n<p><strong>Zestaw Arcos Maitre 152000<\/strong> to dok\u0142adnie ten rodzaj produktu, kt\u00f3ry Ci\u0119 nie powstrzyma, nie rozczaruje ani nie przeceni &#8211; po prostu <strong>niezawodny pomocnik<\/strong> w codziennym gotowaniu. Wygl\u0105d, ergonomia, ostro\u015b\u0107 i konserwacja &#8211; wszystko zharmonizowane w praktyczn\u0105 ca\u0142o\u015b\u0107. <\/p>\n<p>\u27a1\ufe0f \u015awietny start dla pocz\u0105tkuj\u0105cego kucharza lub prezent dla ka\u017cdego, kto ceni <strong>funkcjonalno\u015b\u0107 i prostot\u0119 w kuchni<\/strong>.<\/p>\n","protected":false},"excerpt":{"rendered":"<p><strong>Poniewa\u017c nie potrzebujesz 15 no\u017cy, aby dobrze i wydajnie gotowa\u0107. Ten zestaw zapewnia dok\u0142adnie to, czego naprawd\u0119 potrzebujesz w normalnym gospodarstwie domowym. Doskona\u0142e ostrze, wygodny uchwyt i ostrza\u0142ka, kt\u00f3ra sprawi, \u017ce no\u017ce b\u0119d\u0105 s\u0142u\u017cy\u0107 przez lata.  <\/strong><\/p>\n","protected":false},"featured_media":379088,"comment_status":"open","ping_status":"closed","template":"","meta":[],"pwb-brand":[4057],"product_brand":[],"product_cat":[3294],"product_tag":[],"class_list":{"0":"post-429760","1":"product","2":"type-product","3":"status-publish","4":"has-post-thumbnail","6":"pwb-brand-arcos-pl","7":"product_cat-noze-kuchenne","9":"first","10":"instock","11":"taxable","12":"shipping-taxable","13":"purchasable","14":"product-type-simple"},"brands":[{"id":4057,"name":"Arcos","slug":"arcos-pl"}],"_links":{"self":[{"href":"https:\/\/www.moskito.cz\/pl\/wp-json\/wp\/v2\/product\/429760","targetHints":{"allow":["GET"]}}],"collection":[{"href":"https:\/\/www.moskito.cz\/pl\/wp-json\/wp\/v2\/product"}],"about":[{"href":"https:\/\/www.moskito.cz\/pl\/wp-json\/wp\/v2\/types\/product"}],"replies":[{"embeddable":true,"href":"https:\/\/www.moskito.cz\/pl\/wp-json\/wp\/v2\/comments?post=429760"}],"wp:featuredmedia":[{"embeddable":true,"href":"https:\/\/www.moskito.cz\/pl\/wp-json\/wp\/v2\/media\/379088"}],"wp:attachment":[{"href":"https:\/\/www.moskito.cz\/pl\/wp-json\/wp\/v2\/media?parent=429760"}],"wp:term":[{"taxonomy":"pwb-brand","embeddable":true,"href":"https:\/\/www.moskito.cz\/pl\/wp-json\/wp\/v2\/pwb-brand?post=429760"},{"taxonomy":"product_brand","embeddable":true,"href":"https:\/\/www.moskito.cz\/pl\/wp-json\/wp\/v2\/product_brand?post=429760"},{"taxonomy":"product_cat","embeddable":true,"href":"https:\/\/www.moskito.cz\/pl\/wp-json\/wp\/v2\/product_cat?post=429760"},{"taxonomy":"product_tag","embeddable":true,"href":"https:\/\/www.moskito.cz\/pl\/wp-json\/wp\/v2\/product_tag?post=429760"}],"curies":[{"name":"wp","href":"https:\/\/api.w.org\/{rel}","templated":true}]}}