{"id":429819,"date":"2021-05-27T21:00:52","date_gmt":"2021-05-27T20:00:52","guid":{"rendered":"https:\/\/www.moskito.cz\/produkt\/noz-wyrzutowy-boker-plus-strike-coyote-spearpoint\/"},"modified":"2025-12-22T13:56:39","modified_gmt":"2025-12-22T12:56:39","slug":"noz-wyrzutowy-boker-plus-strike-coyote-spearpoint","status":"publish","type":"product","link":"https:\/\/www.moskito.cz\/pl\/produkt\/noz-wyrzutowy-boker-plus-strike-coyote-spearpoint\/","title":{"rendered":"N\u00f3\u017c wyrzutowy B\u00f6ker Plus STRIKE COYOTE SPEARPOINT"},"content":{"rendered":"<p>N\u00f3\u017c wyrzutowy <strong>B\u00f6ker<\/strong> Plus STRIKE COYOTE SPEARPOINT.<\/p>\n<p>B\u00f6ker Plus jest idealny do ka\u017cdego zadania. Ostrze wykonane jest ze stali nierdzewnej AUS-8. Aluminiowa r\u0119koje\u015b\u0107 gwarantuje nisk\u0105 wag\u0119. N\u00f3\u017c posiada klips do mocowania no\u017ca. Dostarczany w pude\u0142ku upominkowym.    <\/p>\n<p>Ca\u0142kowita d\u0142ugo\u015b\u0107: 20,1 cm<\/p>\n<p>D\u0142ugo\u015b\u0107 ostrza: 8,5 cm<\/p>\n<p>Grubo\u015b\u0107 ostrza: 3,0 mm<\/p>\n<p>waga:137,0 g<\/p>\n<p>Materia\u0142 ostrza: AUS-8<\/p>\n<p>Materia\u0142 uchwytu: aluminium<\/p>\n<p>zamkni\u0119cie:przycisk<\/p>\n<p>Otw\u00f3rz wsparcie:przycisk<\/p>\n<p>otwieranie:automatyczne<\/p>\n<p>Boker Plus Strike to solidny n\u00f3\u017c automatyczny do codziennego lub taktycznego u\u017cytku, kt\u00f3ry uzupe\u0142nia nasz\u0105 szerok\u0105 ofert\u0119 no\u017cy typu switchblade. Smuk\u0142a, ergonomicznie ukszta\u0142towana r\u0119koje\u015b\u0107 opiera si\u0119 na solidnych stalowych linersach, kt\u00f3re s\u0105 wyposa\u017cone w lekkie aluminiowe \u0142uski coyote, kt\u00f3re s\u0105 frezowane dla dobrego chwytu. Stosunkowo mi\u0119kki i wytrzyma\u0142y metal jest r\u00f3wnie\u017c bardzo mocny i trwa\u0142y. G\u0142\u0119bokie podci\u0119cia w dobrze zdefiniowanym uniesieniu kciuka pomagaj\u0105 w bezpiecznej obs\u0142udze. Czysto zatrzaskuj\u0105cy si\u0119 suwak zabezpieczaj\u0105cy przed przypadkowym uruchomieniem dzia\u0142a jako dodatkowe zabezpieczenie, gdy n\u00f3\u017c jest zamkni\u0119ty. Ostrze typu droppoint wykonano z opracowanej w Japonii stali AUS-8 i pokryto ciemn\u0105 pow\u0142ok\u0105 Stonewash Finish. Wyposa\u017cony w odwracalny klips (tip-up \/ tip-down) i wysokiej jako\u015bci nylonowe etui do przechowywania.      <\/p>\n","protected":false},"excerpt":{"rendered":"<p>Z biegiem czasu fabryka no\u017cy <strong>B\u00f6ker<\/strong> rozwin\u0119\u0142a si\u0119 w \u015bwiatowego lidera innowacji i najwi\u0119kszego w Europie producenta no\u017cy sportowych, taktycznych i no\u017cy kolekcjonerskich.<\/p>\n","protected":false},"featured_media":429823,"comment_status":"open","ping_status":"closed","template":"","meta":[],"pwb-brand":[3423],"product_brand":[],"product_cat":[3344,3296],"product_tag":[],"class_list":{"0":"post-429819","1":"product","2":"type-product","3":"status-publish","4":"has-post-thumbnail","6":"pwb-brand-bokera","7":"product_cat-noze-strzeleckie","8":"product_cat-noze-pl","10":"first","11":"outofstock","12":"taxable","13":"shipping-taxable","14":"purchasable","15":"product-type-simple"},"brands":[{"id":3423,"name":"Bokera","slug":"bokera"}],"_links":{"self":[{"href":"https:\/\/www.moskito.cz\/pl\/wp-json\/wp\/v2\/product\/429819","targetHints":{"allow":["GET"]}}],"collection":[{"href":"https:\/\/www.moskito.cz\/pl\/wp-json\/wp\/v2\/product"}],"about":[{"href":"https:\/\/www.moskito.cz\/pl\/wp-json\/wp\/v2\/types\/product"}],"replies":[{"embeddable":true,"href":"https:\/\/www.moskito.cz\/pl\/wp-json\/wp\/v2\/comments?post=429819"}],"wp:featuredmedia":[{"embeddable":true,"href":"https:\/\/www.moskito.cz\/pl\/wp-json\/wp\/v2\/media\/429823"}],"wp:attachment":[{"href":"https:\/\/www.moskito.cz\/pl\/wp-json\/wp\/v2\/media?parent=429819"}],"wp:term":[{"taxonomy":"pwb-brand","embeddable":true,"href":"https:\/\/www.moskito.cz\/pl\/wp-json\/wp\/v2\/pwb-brand?post=429819"},{"taxonomy":"product_brand","embeddable":true,"href":"https:\/\/www.moskito.cz\/pl\/wp-json\/wp\/v2\/product_brand?post=429819"},{"taxonomy":"product_cat","embeddable":true,"href":"https:\/\/www.moskito.cz\/pl\/wp-json\/wp\/v2\/product_cat?post=429819"},{"taxonomy":"product_tag","embeddable":true,"href":"https:\/\/www.moskito.cz\/pl\/wp-json\/wp\/v2\/product_tag?post=429819"}],"curies":[{"name":"wp","href":"https:\/\/api.w.org\/{rel}","templated":true}]}}