{"id":429832,"date":"2023-12-04T22:28:22","date_gmt":"2023-12-04T21:28:22","guid":{"rendered":"https:\/\/www.moskito.cz\/produkt\/noz-skladany-spyderco-uptern-c261p\/"},"modified":"2025-12-22T13:56:45","modified_gmt":"2025-12-22T12:56:45","slug":"noz-skladany-spyderco-uptern-c261p","status":"publish","type":"product","link":"https:\/\/www.moskito.cz\/pl\/produkt\/noz-skladany-spyderco-uptern-c261p\/","title":{"rendered":"N\u00f3\u017c sk\u0142adany Spyderco UpTern C261P"},"content":{"rendered":"<h3 data-pm-slice=\"1 1 []\"><strong>Spyderco UpTern C261P &#8211; Elegancki retro lock-back z serii Value<\/strong><\/h3>\n<p>Spyderco UpTern to nowoczesny ho\u0142d dla klasyka Sal Glesser &#8211; oparty na legendarnym Byrd-Tern bez blokady, ale uzupe\u0142niony wytrzyma\u0142\u0105 blokad\u0105 <strong>Back-Lock<\/strong>. Ta wersja modelu <strong>C261P<\/strong> posiada <strong>72 mm<\/strong> <strong>p\u0142askie satynowe ostrze<\/strong> ze stali nierdzewnej <strong>8Cr13MoV<\/strong>, z pe\u0142nym p\u0142askim szlifem i tradycyjnym otworem SpyderHole do wygodnego otwierania jedn\u0105 r\u0119k\u0105. <\/p>\n<p>Ca\u0142kowicie metalowa r\u0119koje\u015b\u0107 ze stali nierdzewnej z wyra\u017anym lekkim wygi\u0119ciem dla lepszej ergonomii i czteropozycyjnym zapi\u0119ciem &#8211; przenoszenie tip-up\/tip-down w prawej\/lewej r\u0119ce jest \u0142atwe i dyskretne. Szczeg\u00f3\u0142owo frezowana rampa pod kciuk i choil, wraz z z\u0105bkowan\u0105 powierzchni\u0105 podp\u00f3rki pod kciuk, poprawiaj\u0105 kontrol\u0119 podczas ci\u0119cia. <\/p>\n<div>\n<hr>\n<\/div>\n<p><strong>Parametry techniczne<\/strong><\/p>\n<ul data-spread=\"false\">\n<li><strong>D\u0142ugo\u015b\u0107 ostrza:<\/strong> 72 mm (2,82\u2033)<\/li>\n<li><strong>D\u0142ugo\u015b\u0107 ci\u0119cia:<\/strong> 57 mm (2,25\u2033)<\/li>\n<li><strong>D\u0142ugo\u015b\u0107 ca\u0142kowita:<\/strong> 167 mm (6,57\u2033)<\/li>\n<li><strong>D\u0142ugo\u015b\u0107 zamkni\u0119tego ostrza:<\/strong> 97 mm (3,80\u2033)<\/li>\n<li><strong>Grubo\u015b\u0107 ostrza:<\/strong> 2,5 mm (0,098\u2033)<\/li>\n<li><strong>Materia\u0142 ostrza:<\/strong> 8Cr13MoV &#8211; niedroga i \u0142atwa w ostrzeniu stal nierdzewna<\/li>\n<li><strong>Wyci\u0119cie:<\/strong> p\u0142askie<\/li>\n<li><strong>Powierzchnia ostrza:<\/strong> satynowa<\/li>\n<li><strong>Ostrze:<\/strong> g\u0142adkie<\/li>\n<li><strong>R\u0119koje\u015b\u0107:<\/strong> w ca\u0142o\u015bci ze stali nierdzewnej, lekko wyprofilowana dla wygody<\/li>\n<li><strong>Blokada:<\/strong> Lock-Back &#8211; mocna i niezawodna<\/li>\n<li><strong>Otwieranie:<\/strong> SpyderHole &#8211; jedn\u0105 r\u0119k\u0105, obur\u0119czne<\/li>\n<li><strong>Klamra:<\/strong> czteropozycyjna &#8211; wyrafinowane dopasowanie<\/li>\n<li><strong>Waga:<\/strong> oko\u0142o 100 g (3,6 uncji)<\/li>\n<li><strong>Produkcja:<\/strong> Chiny (ChRL)<\/li>\n<li><strong>Zaprojektowany przez<\/strong> Sal Glesser<\/li>\n<\/ul>\n<div>\n<hr>\n<\/div>\n<p><strong>Korzy\u015bci<\/strong><\/p>\n<ul data-spread=\"false\">\n<li><strong>Styl retro i wytrzyma\u0142o\u015b\u0107:<\/strong> w pe\u0142ni stalowa konstrukcja z klasyczn\u0105 blokad\u0105 przywo\u0142uje na my\u015bl pocz\u0105tki firmy Spyderco.<\/li>\n<li><strong>Doskona\u0142a ergonomia:<\/strong> precyzyjnie wyprofilowany uchwyt, rampa na kciuk i prowadnica zapewniaj\u0105 wygodn\u0105 obs\u0142ug\u0119 nawet przy niewielkich pracach zwi\u0105zanych z ci\u0119ciem.<\/li>\n<li><strong>Mo\u017cliwo\u015b\u0107 noszenia obur\u0119cznego:<\/strong> Dzi\u0119ki klamrze i otworowi na kciuk, UpTern mo\u017ce by\u0107 u\u017cywany obiema r\u0119kami<\/li>\n<li><strong>Doskona\u0142a wydajno\u015b\u0107 w niskiej cenie:<\/strong> stal 8Cr13MoV z satynowym wyko\u0144czeniem i w pe\u0142ni p\u0142askim szlifem &#8211; doskona\u0142y stosunek ceny do wydajno\u015bci<\/li>\n<li><strong>Mocna blokada:<\/strong> tylna blokada zapewnia bezpiecze\u0144stwo u\u017cytkowania<\/li>\n<\/ul>\n<div>\n<hr>\n<\/div>\n<p><strong>Wady<\/strong><\/p>\n<ul data-spread=\"false\">\n<li><strong>Wi\u0119ksza waga ni\u017c w przypadku modeli FRN\/G-10:<\/strong> ca\u0142kowicie stalowa konstrukcja jest wytrzyma\u0142a, ale kosztuje oko\u0142o 30-40 g wi\u0119cej.<\/li>\n<li><strong>8Cr13MoV &#8211; ni\u017csza retencja:<\/strong> stal trzyma ostrze kr\u00f3cej ni\u017c S30V lub BD1N, ale mo\u017cna j\u0105 \u0142atwo naostrzy\u0107.<\/li>\n<li><strong>Lekko ostre zaciski\/g\u0105bka:<\/strong> Nowe mog\u0105 zahacza\u0107 o kieszenie &#8211; zalecenie cz\u0119stszego noszenia bez klipsa lub wyregulowania go<\/li>\n<\/ul>\n<div>\n<hr>\n<\/div>\n<p>\ud83d\udee0\ufe0f <strong>Konserwacja i piel\u0119gnacja<\/strong><\/p>\n<ul data-spread=\"false\">\n<li>Przetrzyj po u\u017cyciu, od czasu do czasu u\u017cyj izopropylu do czop\u00f3w i zamka &#8211; pomaga wyg\u0142adzi\u0107.<\/li>\n<li>Widzia\u0142em zalecenie, aby lekko zaostrzy\u0107 szorstkie jimpingi przy klipsie &#8211; poprawi to komfort podczas wk\u0142adania do kieszeni<\/li>\n<li>8Cr13MoV jest \u0142atwy do ostrzenia &#8211; idealny do popularnych szlifierek, takich jak Sharpmaker lub kamienie ceramiczne.<\/li>\n<\/ul>\n<div>\n<hr>\n<\/div>\n<p><strong>Opinie spo\u0142eczno\u015bci<\/strong><\/p>\n<blockquote><p>&#8222;UpTern to pot\u0119\u017cny ma\u0142y n\u00f3\u017c ze stali nierdzewnej z bardzo solidn\u0105 blokad\u0105 i wspania\u0142\u0105 ergonomi\u0105.&#8221;<br \/>\n&#8222;Podoba mi si\u0119 jego smuk\u0142o\u015b\u0107, a stal nierdzewna ma wygl\u0105d retro&#8230; odporny na bomby.&#8221;<\/p><\/blockquote>\n<div>\n<hr>\n<\/div>\n<p>\u2764\ufe0f <strong>Apel emocjonalny<\/strong><\/p>\n<p>UpTern to wehiku\u0142 czasu &#8211; kiedy we\u017amiesz go do r\u0119ki, poczujesz dziedzictwo funkcjonalnych i prostych no\u017cy, kt\u00f3re zdefiniowa\u0142y Spyderco. Stonowany, ale z dusz\u0105 &#8211; wytrzyma\u0142y, trwa\u0142y i praktyczny, gotowy na codzienne sytuacje bez potrzeby bycia fantazyjnym. <\/p>\n<div>\n<hr>\n<\/div>\n<p><strong>Podsumowanie<\/strong><\/p>\n<p>Dla tych, kt\u00f3rzy szukaj\u0105 <strong>solidnego, prostego i funkcjonalnego<\/strong> no\u017ca z blokad\u0105 z tradycyjn\u0105 dusz\u0105 Spyderco, <strong>UpTern C261P<\/strong> jest doskona\u0142ym wyborem. Jego klasyczny design, bezobs\u0142ugowa konstrukcja i ci\u0119\u017csze wyczucie w kieszeni sprawiaj\u0105, \u017ce jest to niezawodne narz\u0119dzie, przydatne zar\u00f3wno w biurze, jak i na \u015bwie\u017cym powietrzu. <\/p>\n","protected":false},"excerpt":{"rendered":"<p><strong>UpTern to wehiku\u0142 czasu &#8211; kiedy we\u017amiesz go do r\u0119ki, poczujesz dziedzictwo funkcjonalnych i prostych no\u017cy, kt\u00f3re zdefiniowa\u0142y Spyderco. Stonowany, ale z dusz\u0105 &#8211; wytrzyma\u0142y, trwa\u0142y i praktyczny, gotowy na codzienne sytuacje bez potrzeby bycia fantazyjnym. <\/strong><\/p>\n","protected":false},"featured_media":429833,"comment_status":"open","ping_status":"closed","template":"","meta":[],"pwb-brand":[3432],"product_brand":[],"product_cat":[3307,3296],"product_tag":[3671],"class_list":{"0":"post-429832","1":"product","2":"type-product","3":"status-publish","4":"has-post-thumbnail","6":"pwb-brand-spyderco-pl","7":"product_cat-zamykanie-nozy","8":"product_cat-noze-pl","9":"product_tag-b2b-pl","11":"first","12":"outofstock","13":"taxable","14":"shipping-taxable","15":"purchasable","16":"product-type-simple"},"brands":[{"id":3432,"name":"Spyderco","slug":"spyderco-pl"}],"_links":{"self":[{"href":"https:\/\/www.moskito.cz\/pl\/wp-json\/wp\/v2\/product\/429832","targetHints":{"allow":["GET"]}}],"collection":[{"href":"https:\/\/www.moskito.cz\/pl\/wp-json\/wp\/v2\/product"}],"about":[{"href":"https:\/\/www.moskito.cz\/pl\/wp-json\/wp\/v2\/types\/product"}],"replies":[{"embeddable":true,"href":"https:\/\/www.moskito.cz\/pl\/wp-json\/wp\/v2\/comments?post=429832"}],"wp:featuredmedia":[{"embeddable":true,"href":"https:\/\/www.moskito.cz\/pl\/wp-json\/wp\/v2\/media\/429833"}],"wp:attachment":[{"href":"https:\/\/www.moskito.cz\/pl\/wp-json\/wp\/v2\/media?parent=429832"}],"wp:term":[{"taxonomy":"pwb-brand","embeddable":true,"href":"https:\/\/www.moskito.cz\/pl\/wp-json\/wp\/v2\/pwb-brand?post=429832"},{"taxonomy":"product_brand","embeddable":true,"href":"https:\/\/www.moskito.cz\/pl\/wp-json\/wp\/v2\/product_brand?post=429832"},{"taxonomy":"product_cat","embeddable":true,"href":"https:\/\/www.moskito.cz\/pl\/wp-json\/wp\/v2\/product_cat?post=429832"},{"taxonomy":"product_tag","embeddable":true,"href":"https:\/\/www.moskito.cz\/pl\/wp-json\/wp\/v2\/product_tag?post=429832"}],"curies":[{"name":"wp","href":"https:\/\/api.w.org\/{rel}","templated":true}]}}