{"id":430166,"date":"2026-01-01T09:31:58","date_gmt":"2026-01-01T08:31:58","guid":{"rendered":"https:\/\/www.moskito.cz\/?post_type=product&#038;p=430166"},"modified":"2026-01-01T10:04:20","modified_gmt":"2026-01-01T09:04:20","slug":"zaviraci-nuz-spyderco-military-c36gpbk","status":"publish","type":"product","link":"https:\/\/www.moskito.cz\/pl\/produkt\/zaviraci-nuz-spyderco-military-c36gpbk\/","title":{"rendered":"Zav\u00edrac\u00ed N\u016f\u017e Spyderco Military C36GPBK"},"content":{"rendered":"<h2 data-start=\"222\" data-end=\"304\">\ud83d\udde1\ufe0f Zav\u00edrac\u00ed n\u016f\u017e <strong data-start=\"242\" data-end=\"304\">Spyderco Military Model G-10 \u010cern\u00e1 \/ \u010cern\u00e1 \u010depel (C36GPBK)<\/strong><\/h2>\n<h3 data-start=\"306\" data-end=\"359\">Profesion\u00e1ln\u00ed v\u00fdkon. Nep\u0159ekvap\u00ed, <strong data-start=\"343\" data-end=\"358\">jen funguje<\/strong>.<\/h3>\n<p data-start=\"361\" data-end=\"707\">Spyderco Military Model je jeden z <strong data-start=\"396\" data-end=\"465\">nejzn\u00e1m\u011bj\u0161\u00edch a nejuzn\u00e1van\u011bj\u0161\u00edch taktick\u00fdch zav\u00edrac\u00edch no\u017e\u016f sv\u011bta<\/strong>.<br data-start=\"466\" data-end=\"469\" \/>Kdy\u017e jej otev\u0159e\u0161 charakteristick\u00fdm kruhov\u00fdm otvorem Spyderco a jist\u011b zajist\u00ed\u0161 <strong data-start=\"547\" data-end=\"568\">Compression Lock\u00ae<\/strong>, poc\u00edt\u00ed\u0161 okam\u017eitou kontrolu, robustnost a p\u0159esnost v ka\u017ed\u00e9m tahu \u010depele \u2013 p\u0159esn\u011b tak, jak to o\u010dek\u00e1vaj\u00ed profesion\u00e1lov\u00e9 i n\u00e1ro\u010dn\u00ed u\u017eivatel\u00e9.<\/p>\n<p data-start=\"709\" data-end=\"855\">Military Model nen\u00ed oby\u010dejn\u00fd no\u017e\u00edk. Je to <strong data-start=\"751\" data-end=\"790\">v\u00fdkonn\u00fd n\u00e1stroj pro skute\u010dnou pr\u00e1ci<\/strong> \u2013 od outdoorov\u00fdch v\u00fdzev a\u017e po taktick\u00e9 a profesion\u00e1ln\u00ed nasazen\u00ed.<\/p>\n<hr data-start=\"857\" data-end=\"860\" \/>\n<h3 data-start=\"862\" data-end=\"887\">Charakter a filozofie<\/h3>\n<p data-start=\"889\" data-end=\"1169\">Tento model stav\u00ed na <strong data-start=\"910\" data-end=\"941\">pevn\u00e9, osv\u011bd\u010den\u00e9 konstrukci<\/strong>, kter\u00e1 byla l\u00e9ta vylep\u0161ov\u00e1na a prov\u011b\u0159ov\u00e1na v praxi.<br data-start=\"993\" data-end=\"996\" \/>\u010cern\u00e1 G-10 rukoje\u0165 nab\u00edz\u00ed agresivn\u00ed texturu a jist\u00fd \u00fachop i v mokr\u00fdch podm\u00ednk\u00e1ch, zat\u00edmco \u010dern\u011bn\u00e1 \u010depel z kvalitn\u00ed oceli zaji\u0161\u0165uje n\u00edzk\u00fd odraz sv\u011btla a profesion\u00e1ln\u00ed vzhled.<\/p>\n<p data-start=\"1171\" data-end=\"1363\">Military Model je <strong data-start=\"1189\" data-end=\"1243\">n\u00e1stroj pro ty, kdo o\u010dek\u00e1vaj\u00ed v\u00fdkon bez kompromis\u016f<\/strong> \u2013 pro u\u017eivatele, kte\u0159\u00ed necht\u011bj\u00ed uva\u017eovat o no\u017ei jako o dopl\u0148ku, ale jako o <strong data-start=\"1319\" data-end=\"1362\">spolehliv\u00e9m par\u0165\u00e1kovi, kter\u00fd t\u011b nezrad\u00ed<\/strong>.<\/p>\n<hr data-start=\"1365\" data-end=\"1368\" \/>\n<h2 data-start=\"1370\" data-end=\"1385\">\ud83c\udfed O v\u00fdrobci<\/h2>\n<p data-start=\"1387\" data-end=\"1717\">Spyderco je zna\u010dka, kter\u00e1 u\u017e dek\u00e1dy definuje standard modern\u00edho no\u017e\u00ed\u0159stv\u00ed.<br data-start=\"1461\" data-end=\"1464\" \/>S d\u016frazem na <strong data-start=\"1477\" data-end=\"1519\">ergonomii, inovace a praktick\u00e9 vyu\u017eit\u00ed<\/strong> jsou jejich no\u017ee vyhled\u00e1van\u00e9 profesion\u00e1ly, bezpe\u010dnostn\u00edmi slo\u017ekami i outdoorov\u00fdmi nad\u0161enci.<br data-start=\"1611\" data-end=\"1614\" \/>Military Model je jedn\u00edm z nejikoni\u010dt\u011bj\u0161\u00edch kus\u016f \u2013 n\u00e1stroj, kter\u00fd obstoj\u00ed tam, kde jin\u00e9 no\u017ee selh\u00e1vaj\u00ed.<\/p>\n<hr data-start=\"1719\" data-end=\"1722\" \/>\n<h2 data-start=\"1724\" data-end=\"1751\">\u2699\ufe0f Technick\u00e9 specifikace<\/h2>\n<div class=\"TyagGW_tableContainer\">\n<div class=\"group TyagGW_tableWrapper flex w-fit flex-col-reverse\" tabindex=\"-1\">\n<table class=\"w-fit min-w-(--thread-content-width)\" data-start=\"1753\" data-end=\"2264\">\n<thead data-start=\"1753\" data-end=\"1775\">\n<tr data-start=\"1753\" data-end=\"1775\">\n<th data-start=\"1753\" data-end=\"1764\" data-col-size=\"sm\">Parametr<\/th>\n<th data-start=\"1764\" data-end=\"1775\" data-col-size=\"md\">Hodnota<\/th>\n<\/tr>\n<\/thead>\n<tbody data-start=\"1799\" data-end=\"2264\">\n<tr data-start=\"1799\" data-end=\"1830\">\n<td data-start=\"1799\" data-end=\"1815\" data-col-size=\"sm\">Celkov\u00e1 d\u00e9lka<\/td>\n<td data-start=\"1815\" data-end=\"1830\" data-col-size=\"md\">cca 23,5 cm<\/td>\n<\/tr>\n<tr data-start=\"1831\" data-end=\"1861\">\n<td data-start=\"1831\" data-end=\"1846\" data-col-size=\"sm\">D\u00e9lka \u010depele<\/td>\n<td data-start=\"1846\" data-end=\"1861\" data-col-size=\"md\">cca 10,2 cm<\/td>\n<\/tr>\n<tr data-start=\"1862\" data-end=\"1894\">\n<td data-start=\"1862\" data-end=\"1880\" data-col-size=\"sm\">Tlou\u0161\u0165ka \u010depele<\/td>\n<td data-start=\"1880\" data-end=\"1894\" data-col-size=\"md\">cca 4,0 mm<\/td>\n<\/tr>\n<tr data-start=\"1895\" data-end=\"1939\">\n<td data-start=\"1895\" data-end=\"1913\" data-col-size=\"sm\">Materi\u00e1l \u010depele<\/td>\n<td data-start=\"1913\" data-end=\"1939\" data-col-size=\"md\">Pr\u00e9miov\u00e1 nerezov\u00e1 ocel<\/td>\n<\/tr>\n<tr data-start=\"1940\" data-end=\"1980\">\n<td data-start=\"1940\" data-end=\"1956\" data-col-size=\"sm\">Povrch \u010depele<\/td>\n<td data-start=\"1956\" data-end=\"1980\" data-col-size=\"md\">\u010cern\u00e9 DLC \/ tactical<\/td>\n<\/tr>\n<tr data-start=\"1981\" data-end=\"2048\">\n<td data-start=\"1981\" data-end=\"1997\" data-col-size=\"sm\">Tvrdost oceli<\/td>\n<td data-start=\"1997\" data-end=\"2048\" data-col-size=\"md\">v\u00fdborn\u00fd kompromis mezi pevnost\u00ed a hou\u017eevnatost\u00ed<\/td>\n<\/tr>\n<tr data-start=\"2049\" data-end=\"2077\">\n<td data-start=\"2049\" data-end=\"2063\" data-col-size=\"sm\">Tvar \u010depele<\/td>\n<td data-start=\"2063\" data-end=\"2077\" data-col-size=\"md\">Clip-point<\/td>\n<\/tr>\n<tr data-start=\"2078\" data-end=\"2117\">\n<td data-start=\"2078\" data-end=\"2088\" data-col-size=\"sm\">Rukoje\u0165<\/td>\n<td data-start=\"2088\" data-end=\"2117\" data-col-size=\"md\">G-10 (\u010dern\u00e1, texturovan\u00e1)<\/td>\n<\/tr>\n<tr data-start=\"2118\" data-end=\"2147\">\n<td data-start=\"2118\" data-end=\"2126\" data-col-size=\"sm\">Z\u00e1mek<\/td>\n<td data-start=\"2126\" data-end=\"2147\" data-col-size=\"md\">Compression Lock\u00ae<\/td>\n<\/tr>\n<tr data-start=\"2148\" data-end=\"2186\">\n<td data-start=\"2148\" data-end=\"2160\" data-col-size=\"sm\">Otev\u00edr\u00e1n\u00ed<\/td>\n<td data-start=\"2160\" data-end=\"2186\" data-col-size=\"md\">Kruhov\u00fd otvor Spyderco<\/td>\n<\/tr>\n<tr data-start=\"2187\" data-end=\"2218\">\n<td data-start=\"2187\" data-end=\"2194\" data-col-size=\"sm\">Klip<\/td>\n<td data-start=\"2194\" data-end=\"2218\" data-col-size=\"md\">\u010cty\u0159polohov\u00fd, tip-up<\/td>\n<\/tr>\n<tr data-start=\"2219\" data-end=\"2247\">\n<td data-start=\"2219\" data-end=\"2230\" data-col-size=\"sm\">Hmotnost<\/td>\n<td data-start=\"2230\" data-end=\"2247\" data-col-size=\"md\">cca 130\u2013140 g<\/td>\n<\/tr>\n<tr data-start=\"2248\" data-end=\"2264\">\n<td data-start=\"2248\" data-end=\"2257\" data-col-size=\"sm\">V\u00fdroba<\/td>\n<td data-start=\"2257\" data-end=\"2264\" data-col-size=\"md\">USA<\/td>\n<\/tr>\n<\/tbody>\n<\/table>\n<\/div>\n<\/div>\n<hr data-start=\"2266\" data-end=\"2269\" \/>\n<h2 data-start=\"2271\" data-end=\"2289\">\u2705 Hlavn\u00ed v\u00fdhody<\/h2>\n<ul data-start=\"2291\" data-end=\"2652\">\n<li data-start=\"2291\" data-end=\"2347\">\n<p data-start=\"2293\" data-end=\"2347\">Siln\u00e1 a pevn\u00e1 konstrukce p\u0159ipraven\u00e1 na n\u00e1ro\u010dn\u00e9 \u00fakoly<\/p>\n<\/li>\n<li data-start=\"2348\" data-end=\"2417\">\n<p data-start=\"2350\" data-end=\"2417\"><strong data-start=\"2350\" data-end=\"2371\">Compression Lock\u00ae<\/strong> \u2013 bezpe\u010dn\u00fd, hladk\u00fd a spolehliv\u00fd mechanismus<\/p>\n<\/li>\n<li data-start=\"2418\" data-end=\"2484\">\n<p data-start=\"2420\" data-end=\"2484\"><strong data-start=\"2420\" data-end=\"2436\">G-10 rukoje\u0165<\/strong> s agresivn\u00ed texturou \u2013 jist\u00fd \u00fachop i ve vlhku<\/p>\n<\/li>\n<li data-start=\"2485\" data-end=\"2554\">\n<p data-start=\"2487\" data-end=\"2554\">Taktick\u00e1 \u010dern\u00e1 \u010depel \u2013 profesion\u00e1ln\u00ed vzhled a n\u00edzk\u00fd reflex sv\u011btla<\/p>\n<\/li>\n<li data-start=\"2555\" data-end=\"2612\">\n<p data-start=\"2557\" data-end=\"2612\">Kruhov\u00fd otvor Spyderco \u2013 rychl\u00e9 a intuitivn\u00ed otev\u0159en\u00ed<\/p>\n<\/li>\n<li data-start=\"2613\" data-end=\"2652\">\n<p data-start=\"2615\" data-end=\"2652\">\u010cty\u0159polohov\u00fd klip \u2013 flexibiln\u00ed no\u0161en\u00ed<\/p>\n<\/li>\n<\/ul>\n<hr data-start=\"2654\" data-end=\"2657\" \/>\n<h2 data-start=\"2659\" data-end=\"2678\">\u26a0\ufe0f Mo\u017en\u00e1 omezen\u00ed<\/h2>\n<ul data-start=\"2680\" data-end=\"2885\">\n<li data-start=\"2680\" data-end=\"2737\">\n<p data-start=\"2682\" data-end=\"2737\">Robustn\u00ed velikost nen\u00ed ide\u00e1ln\u00ed pro minimalistick\u00e9 EDC<\/p>\n<\/li>\n<li data-start=\"2738\" data-end=\"2802\">\n<p data-start=\"2740\" data-end=\"2802\">Vy\u0161\u0161\u00ed hmotnost m\u016f\u017ee b\u00fdt m\u00e9n\u011b komfortn\u00ed p\u0159i celodenn\u00edm no\u0161en\u00ed<\/p>\n<\/li>\n<li data-start=\"2803\" data-end=\"2885\">\n<p data-start=\"2805\" data-end=\"2885\">\u010cern\u00fd povrch vy\u017eaduje pravidelnou \u00fadr\u017ebu, pokud je vystaven abrazivn\u00edm podm\u00ednk\u00e1m<\/p>\n<\/li>\n<\/ul>\n<hr data-start=\"2887\" data-end=\"2890\" \/>\n<h2 data-start=\"2892\" data-end=\"2912\">\ud83d\udee0\ufe0f \u00dadr\u017eba a p\u00e9\u010de<\/h2>\n<ul data-start=\"2914\" data-end=\"3142\">\n<li data-start=\"2914\" data-end=\"2958\">\n<p data-start=\"2916\" data-end=\"2958\">Po pou\u017eit\u00ed \u010depel d\u016fkladn\u011b o\u010disti a osu\u0161\u00ed<\/p>\n<\/li>\n<li data-start=\"2959\" data-end=\"3007\">\n<p data-start=\"2961\" data-end=\"3007\">Vyh\u00fdbej se agresivn\u00edm abrazivn\u00edm prost\u0159edk\u016fm<\/p>\n<\/li>\n<li data-start=\"3008\" data-end=\"3048\">\n<p data-start=\"3010\" data-end=\"3048\">Rukoje\u0165 z G-10 \u010dist\u011b jemn\u00fdm had\u0159\u00edkem<\/p>\n<\/li>\n<li data-start=\"3049\" data-end=\"3100\">\n<p data-start=\"3051\" data-end=\"3100\">Pivot a z\u00e1mek pravideln\u011b proma\u017e vhodn\u00fdm mazivem<\/p>\n<\/li>\n<li data-start=\"3101\" data-end=\"3142\">\n<p data-start=\"3103\" data-end=\"3142\">Skladuj v such\u00e9m prost\u0159ed\u00ed mimo vlhkost<\/p>\n<\/li>\n<\/ul>\n<hr data-start=\"3144\" data-end=\"3147\" \/>\n<h2 data-start=\"3149\" data-end=\"3185\">\ud83d\udd2a Pro udr\u017een\u00ed ost\u0159\u00ed doporu\u010dujeme<\/h2>\n<p data-start=\"3187\" data-end=\"3301\">Pro zachov\u00e1n\u00ed maxim\u00e1ln\u00ed ostrosti \u010depele doporu\u010dujeme kvalitn\u00ed syst\u00e9m brou\u0161en\u00ed ur\u010den\u00fd pro <strong data-start=\"3276\" data-end=\"3300\">pevn\u00e1 a odoln\u00e1 ost\u0159\u00ed<\/strong>.<\/p>\n<p data-start=\"3303\" data-end=\"3404\">Ide\u00e1ln\u00ed volbou je <strong data-start=\"3321\" data-end=\"3387\">Spyderco Tri-Angle Sharpmaker Complete Sharpening System 204MF<\/strong>, kter\u00fd umo\u017e\u0148uje:<\/p>\n<ul data-start=\"3405\" data-end=\"3542\">\n<li data-start=\"3405\" data-end=\"3444\">\n<p data-start=\"3407\" data-end=\"3444\">p\u0159esn\u00e9 a konzistentn\u00ed \u00fahly brou\u0161en\u00ed<\/p>\n<\/li>\n<li data-start=\"3445\" data-end=\"3494\">\n<p data-start=\"3447\" data-end=\"3494\">\u0161etrnou \u00fadr\u017ebu bez nadm\u011brn\u00e9ho \u00fab\u011bru materi\u00e1lu<\/p>\n<\/li>\n<li data-start=\"3495\" data-end=\"3542\">\n<p data-start=\"3497\" data-end=\"3542\">bezpe\u010dn\u00e9 pou\u017eit\u00ed i bez p\u0159edchoz\u00edch zku\u0161enost\u00ed<\/p>\n<\/li>\n<\/ul>\n<p data-start=\"3544\" data-end=\"3589\">\ud83d\uded2 <strong data-start=\"3547\" data-end=\"3589\">Zakoup\u00edte na na\u0161ich str\u00e1nk\u00e1ch Moskito.<\/strong><\/p>\n<hr data-start=\"3591\" data-end=\"3594\" \/>\n<h2 data-start=\"3596\" data-end=\"3616\">\ud83c\udfaf Doporu\u010deno pro<\/h2>\n<ul data-start=\"3618\" data-end=\"3830\">\n<li data-start=\"3618\" data-end=\"3665\">\n<p data-start=\"3620\" data-end=\"3665\">Profesion\u00e1ln\u00ed u\u017eivatele a taktick\u00e9 nasazen\u00ed<\/p>\n<\/li>\n<li data-start=\"3666\" data-end=\"3711\">\n<p data-start=\"3668\" data-end=\"3711\">Outdoor, survival a n\u00e1ro\u010dn\u00e9 ter\u00e9nn\u00ed \u00fakoly<\/p>\n<\/li>\n<li data-start=\"3712\" data-end=\"3781\">\n<p data-start=\"3714\" data-end=\"3781\">U\u017eivatel\u00e9, kte\u0159\u00ed cht\u011bj\u00ed <strong data-start=\"3738\" data-end=\"3779\">pevn\u00fd a spolehliv\u00fd n\u016f\u017e bez kompromis\u016f<\/strong><\/p>\n<\/li>\n<li data-start=\"3782\" data-end=\"3830\">\n<p data-start=\"3784\" data-end=\"3830\">Fanou\u0161ky legend\u00e1rn\u00edho modelu Spyderco Military<\/p>\n<\/li>\n<\/ul>\n<hr data-start=\"3832\" data-end=\"3835\" \/>\n<h2 data-start=\"3837\" data-end=\"3861\">\u2b50 Z\u00e1v\u011bre\u010dn\u00e9 hodnocen\u00ed<\/h2>\n<p data-start=\"3863\" data-end=\"4118\">Spyderco Military Model G-10 \u010cern\u00e1 \/ \u010cern\u00e1 \u010depel (C36GPBK) je <strong data-start=\"3925\" data-end=\"3957\">profesion\u00e1ln\u00ed tahov\u00fd n\u00e1stroj<\/strong>, kter\u00fd t\u011b nezklame \u2013 ani v extr\u00e9mn\u00edch podm\u00ednk\u00e1ch.<br data-start=\"4007\" data-end=\"4010\" \/>Robustn\u00ed, precizn\u00ed a dokonale ovladateln\u00fd \u2013 ide\u00e1ln\u00ed pro ka\u017ed\u00e9ho, kdo vy\u017eaduje v\u00fdkon, jistotu a spolehlivost.<\/p>\n<p data-start=\"4120\" data-end=\"4159\"><strong data-start=\"4120\" data-end=\"4159\">Military Model \u2013 legenda mezi no\u017ei.<\/strong><\/p>\n","protected":false},"excerpt":{"rendered":"<p data-start=\"3863\" data-end=\"4118\"><strong>Spyderco Military Model G-10 \u010cern\u00e1 \/ \u010cern\u00e1 \u010depel (C36GPBK) je profesion\u00e1ln\u00ed tahov\u00fd n\u00e1stroj, kter\u00fd t\u011b nezklame \u2013 ani v extr\u00e9mn\u00edch podm\u00ednk\u00e1ch.<\/strong><br data-start=\"4007\" data-end=\"4010\" \/><strong>Robustn\u00ed, precizn\u00ed a dokonale ovladateln\u00fd \u2013 ide\u00e1ln\u00ed pro ka\u017ed\u00e9ho, kdo vy\u017eaduje v\u00fdkon, jistotu a spolehlivost.<\/strong><\/p>\n<p data-start=\"4120\" data-end=\"4159\"><strong data-start=\"4120\" data-end=\"4159\">Military Model \u2013 legenda mezi no\u017ei.<\/strong><\/p>\n<p data-start=\"4120\" data-end=\"4159\"><strong>Doprava zdarma.<\/strong><\/p>\n","protected":false},"featured_media":430167,"comment_status":"open","ping_status":"closed","template":"","meta":[],"pwb-brand":[567],"product_brand":[],"product_cat":[22,17],"product_tag":[],"class_list":{"0":"post-430166","1":"product","2":"type-product","3":"status-publish","4":"has-post-thumbnail","6":"pwb-brand-spyderco","7":"product_cat-zaviraci-noze","8":"product_cat-noze","10":"first","11":"instock","12":"taxable","13":"shipping-taxable","14":"purchasable","15":"product-type-simple"},"brands":[{"id":567,"name":"Spyderco","slug":"spyderco"}],"_links":{"self":[{"href":"https:\/\/www.moskito.cz\/pl\/wp-json\/wp\/v2\/product\/430166","targetHints":{"allow":["GET"]}}],"collection":[{"href":"https:\/\/www.moskito.cz\/pl\/wp-json\/wp\/v2\/product"}],"about":[{"href":"https:\/\/www.moskito.cz\/pl\/wp-json\/wp\/v2\/types\/product"}],"replies":[{"embeddable":true,"href":"https:\/\/www.moskito.cz\/pl\/wp-json\/wp\/v2\/comments?post=430166"}],"wp:featuredmedia":[{"embeddable":true,"href":"https:\/\/www.moskito.cz\/pl\/wp-json\/wp\/v2\/media\/430167"}],"wp:attachment":[{"href":"https:\/\/www.moskito.cz\/pl\/wp-json\/wp\/v2\/media?parent=430166"}],"wp:term":[{"taxonomy":"pwb-brand","embeddable":true,"href":"https:\/\/www.moskito.cz\/pl\/wp-json\/wp\/v2\/pwb-brand?post=430166"},{"taxonomy":"product_brand","embeddable":true,"href":"https:\/\/www.moskito.cz\/pl\/wp-json\/wp\/v2\/product_brand?post=430166"},{"taxonomy":"product_cat","embeddable":true,"href":"https:\/\/www.moskito.cz\/pl\/wp-json\/wp\/v2\/product_cat?post=430166"},{"taxonomy":"product_tag","embeddable":true,"href":"https:\/\/www.moskito.cz\/pl\/wp-json\/wp\/v2\/product_tag?post=430166"}],"curies":[{"name":"wp","href":"https:\/\/api.w.org\/{rel}","templated":true}]}}