{"id":430480,"date":"2026-01-02T18:34:21","date_gmt":"2026-01-02T17:34:21","guid":{"rendered":"https:\/\/www.moskito.cz\/?post_type=product&#038;p=430480"},"modified":"2026-02-13T11:14:30","modified_gmt":"2026-02-13T10:14:30","slug":"zaviraci-nuz-spyderco-delica-4-titanium-damascus-c11tipd","status":"publish","type":"product","link":"https:\/\/www.moskito.cz\/pl\/produkt\/zaviraci-nuz-spyderco-delica-4-titanium-damascus-c11tipd\/","title":{"rendered":"Zav\u00edrac\u00ed N\u016f\u017e Spyderco Delica 4 Titanium Damascus C11TIPD"},"content":{"rendered":"<h2 data-start=\"202\" data-end=\"269\">\ud83d\udde1\ufe0f Zav\u00edrac\u00ed n\u016f\u017e <strong data-start=\"222\" data-end=\"269\">Spyderco Delica 4 Titanium Damascus C11TIPD<\/strong><\/h2>\n<h3 data-start=\"271\" data-end=\"316\">Elegance, preciznost a osobit\u00fd charakter.<\/h3>\n<p data-start=\"318\" data-end=\"832\">Spyderco Delica 4 Titanium Damascus je v\u00fdjime\u010dn\u00fd n\u016f\u017e, kter\u00fd spojuje <strong data-start=\"386\" data-end=\"468\">nad\u010dasov\u00fd design, pr\u00e9miov\u00e9 materi\u00e1ly a v\u00fdkon p\u0159ipraven\u00fd pro ka\u017edodenn\u00ed pou\u017eit\u00ed<\/strong>.<br data-start=\"469\" data-end=\"472\" \/>Kdy\u017e otev\u0159e\u0161 \u010depel charakteristick\u00fdm kruhov\u00fdm otvorem Spyderco a zajist\u00ed\u0161 ji <strong data-start=\"549\" data-end=\"564\">Back Lockem<\/strong>, poc\u00edt\u00ed\u0161 okam\u017eitou jistotu a p\u0159esnost v ka\u017ed\u00e9m tahu.<br data-start=\"617\" data-end=\"620\" \/>Tento model p\u0159in\u00e1\u0161\u00ed do klasick\u00e9 \u0159ady Delica 4 <strong data-start=\"666\" data-end=\"751\">unik\u00e1tn\u00ed estetiku dama\u0161kov\u00e9 oceli ve spojen\u00ed s lehkou a pevnou titanovou rukojet\u00ed<\/strong>, \u010d\u00edm\u017e z\u00edsk\u00e1v\u00e1 vlastn\u00ed charakter \u2014 ide\u00e1ln\u00ed pro sb\u011bratele i n\u00e1ro\u010dn\u00e9 u\u017eivatele EDC.<\/p>\n<hr data-start=\"834\" data-end=\"837\" \/>\n<h3 data-start=\"839\" data-end=\"864\">Charakter a filozofie<\/h3>\n<p data-start=\"866\" data-end=\"1215\">Delica 4 Titanium Damascus je navr\u017een pro ty, kte\u0159\u00ed cht\u011bj\u00ed <strong data-start=\"925\" data-end=\"943\">n\u00e1stroj s du\u0161\u00ed<\/strong> \u2014 n\u016f\u017e, kter\u00fd nejen dob\u0159e funguje, ale i <strong data-start=\"984\" data-end=\"1004\">vypad\u00e1 v\u00fdjime\u010dn\u011b<\/strong>.<br data-start=\"1005\" data-end=\"1008\" \/>Dama\u0161kov\u00e1 \u010depel dod\u00e1v\u00e1 ka\u017ed\u00e9mu kusu jedine\u010dn\u00fd charakter, zat\u00edmco titanov\u00e1 rukoje\u0165 zaji\u0161\u0165uje <strong data-start=\"1100\" data-end=\"1148\">lehkou hmotnost, pevnost a dlouhou \u017eivotnost<\/strong>. Ergonomick\u00fd tvar rukojeti p\u0159in\u00e1\u0161\u00ed jist\u00fd \u00fachop p\u0159i ka\u017ed\u00e9m pou\u017eit\u00ed.<\/p>\n<p data-start=\"1217\" data-end=\"1333\">Tento model je dokonalou kombinac\u00ed <strong data-start=\"1252\" data-end=\"1295\">tradi\u010dn\u00edho \u0159emesla a modern\u00ed funk\u010dnosti<\/strong> \u2014 p\u0159ipraven\u00fd doprov\u00e1zet t\u011b ka\u017ed\u00fd den.<\/p>\n<hr data-start=\"1335\" data-end=\"1338\" \/>\n<h2 data-start=\"1340\" data-end=\"1355\">\ud83c\udfed O v\u00fdrobci<\/h2>\n<p data-start=\"1357\" data-end=\"1652\">Spyderco je zna\u010dka uzn\u00e1van\u00e1 po cel\u00e9m sv\u011bt\u011b pro <strong data-start=\"1404\" data-end=\"1448\">ergonomii, inovace a precizn\u00ed zpracov\u00e1n\u00ed<\/strong>.<br data-start=\"1449\" data-end=\"1452\" \/>Delica pat\u0159\u00ed mezi nej\u00fasp\u011b\u0161n\u011bj\u0161\u00ed modelov\u00e9 \u0159ady Spyderco, a varianta s titanem a dama\u0161kovou ocel\u00ed je stylov\u00fdm osv\u011b\u017een\u00edm klasiky \u2014 pro ty, kdo cht\u011bj\u00ed <strong data-start=\"1599\" data-end=\"1651\">v\u00fdjime\u010dn\u00fd kus s technickou i estetickou hodnotou<\/strong>.<\/p>\n<hr data-start=\"1654\" data-end=\"1657\" \/>\n<h2 data-start=\"1659\" data-end=\"1686\">\u2699\ufe0f Technick\u00e9 specifikace<\/h2>\n<div class=\"TyagGW_tableContainer\">\n<div class=\"group TyagGW_tableWrapper flex w-fit flex-col-reverse\" tabindex=\"-1\">\n<table class=\"w-fit min-w-(--thread-content-width)\" data-start=\"1688\" data-end=\"2174\">\n<thead data-start=\"1688\" data-end=\"1710\">\n<tr data-start=\"1688\" data-end=\"1710\">\n<th data-start=\"1688\" data-end=\"1699\" data-col-size=\"sm\">Parametr<\/th>\n<th data-start=\"1699\" data-end=\"1710\" data-col-size=\"md\">Hodnota<\/th>\n<\/tr>\n<\/thead>\n<tbody data-start=\"1734\" data-end=\"2174\">\n<tr data-start=\"1734\" data-end=\"1769\">\n<td data-start=\"1734\" data-end=\"1750\" data-col-size=\"sm\">Celkov\u00e1 d\u00e9lka<\/td>\n<td data-start=\"1750\" data-end=\"1769\" data-col-size=\"md\">cca <strong data-start=\"1756\" data-end=\"1767\">19,2 cm<\/strong><\/td>\n<\/tr>\n<tr data-start=\"1770\" data-end=\"1803\">\n<td data-start=\"1770\" data-end=\"1785\" data-col-size=\"sm\">D\u00e9lka \u010depele<\/td>\n<td data-start=\"1785\" data-end=\"1803\" data-col-size=\"md\">cca <strong data-start=\"1791\" data-end=\"1801\">7,6 cm<\/strong><\/td>\n<\/tr>\n<tr data-start=\"1804\" data-end=\"1844\">\n<td data-start=\"1804\" data-end=\"1822\" data-col-size=\"sm\">Tlou\u0161\u0165ka \u010depele<\/td>\n<td data-start=\"1822\" data-end=\"1844\" data-col-size=\"md\">cca <strong data-start=\"1828\" data-end=\"1842\">2,8\u20133,2 mm<\/strong><\/td>\n<\/tr>\n<tr data-start=\"1845\" data-end=\"1934\">\n<td data-start=\"1845\" data-end=\"1863\" data-col-size=\"sm\">Materi\u00e1l \u010depele<\/td>\n<td data-start=\"1863\" data-end=\"1934\" data-col-size=\"md\"><strong data-start=\"1865\" data-end=\"1894\">Damascus (dama\u0161kov\u00e1 ocel)<\/strong> \u2013 unik\u00e1tn\u00ed vzor a precizn\u00ed zpracov\u00e1n\u00ed<\/td>\n<\/tr>\n<tr data-start=\"1935\" data-end=\"1985\">\n<td data-start=\"1935\" data-end=\"1945\" data-col-size=\"sm\">Rukoje\u0165<\/td>\n<td data-start=\"1945\" data-end=\"1985\" data-col-size=\"md\"><strong data-start=\"1947\" data-end=\"1967\">Titan (titanov\u00e1)<\/strong> \u2013 lehk\u00e1 a pevn\u00e1<\/td>\n<\/tr>\n<tr data-start=\"1986\" data-end=\"2036\">\n<td data-start=\"1986\" data-end=\"1994\" data-col-size=\"sm\">Z\u00e1mek<\/td>\n<td data-start=\"1994\" data-end=\"2036\" data-col-size=\"md\"><strong data-start=\"1996\" data-end=\"2009\">Back Lock<\/strong> \u2013 spolehliv\u00fd mechanismus<\/td>\n<\/tr>\n<tr data-start=\"2037\" data-end=\"2075\">\n<td data-start=\"2037\" data-end=\"2049\" data-col-size=\"sm\">Otev\u00edr\u00e1n\u00ed<\/td>\n<td data-start=\"2049\" data-end=\"2075\" data-col-size=\"md\">Kruhov\u00fd otvor Spyderco<\/td>\n<\/tr>\n<tr data-start=\"2076\" data-end=\"2102\">\n<td data-start=\"2076\" data-end=\"2083\" data-col-size=\"sm\">Klip<\/td>\n<td data-start=\"2083\" data-end=\"2102\" data-col-size=\"md\">Dr\u00e1t\u011bn\u00fd, tip-up<\/td>\n<\/tr>\n<tr data-start=\"2103\" data-end=\"2133\">\n<td data-start=\"2103\" data-end=\"2114\" data-col-size=\"sm\">Hmotnost<\/td>\n<td data-start=\"2114\" data-end=\"2133\" data-col-size=\"md\">cca <strong data-start=\"2120\" data-end=\"2131\">75\u201385 g<\/strong><\/td>\n<\/tr>\n<tr data-start=\"2134\" data-end=\"2174\">\n<td data-start=\"2134\" data-end=\"2143\" data-col-size=\"sm\">V\u00fdroba<\/td>\n<td data-start=\"2143\" data-end=\"2174\" data-col-size=\"md\">Ru\u010dn\u00ed a pr\u00e9miov\u00e9 zpracov\u00e1n\u00ed<\/td>\n<\/tr>\n<\/tbody>\n<\/table>\n<\/div>\n<\/div>\n<hr data-start=\"2176\" data-end=\"2179\" \/>\n<h2 data-start=\"2181\" data-end=\"2199\">\u2705 Hlavn\u00ed v\u00fdhody<\/h2>\n<ul data-start=\"2201\" data-end=\"2592\">\n<li data-start=\"2201\" data-end=\"2271\">\n<p data-start=\"2203\" data-end=\"2271\"><strong data-start=\"2203\" data-end=\"2231\">Unik\u00e1tn\u00ed dama\u0161kov\u00e1 \u010depel<\/strong> \u2013 estetick\u00fd vzor s precizn\u00ed \u0159ezivost\u00ed<\/p>\n<\/li>\n<li data-start=\"2272\" data-end=\"2347\">\n<p data-start=\"2274\" data-end=\"2347\"><strong data-start=\"2274\" data-end=\"2294\">Titanov\u00e1 rukoje\u0165<\/strong> \u2013 kombinace lehkosti, pevnosti a dlouh\u00e9 \u017eivotnosti<\/p>\n<\/li>\n<li data-start=\"2348\" data-end=\"2406\">\n<p data-start=\"2350\" data-end=\"2406\"><strong data-start=\"2350\" data-end=\"2363\">Back Lock<\/strong> \u2013 bezpe\u010dn\u00fd a hladk\u00fd mechanismus uzam\u010den\u00ed<\/p>\n<\/li>\n<li data-start=\"2407\" data-end=\"2468\">\n<p data-start=\"2409\" data-end=\"2468\"><strong data-start=\"2409\" data-end=\"2435\">Kruhov\u00fd otvor Spyderco<\/strong> \u2013 rychl\u00e9 a intuitivn\u00ed otev\u0159en\u00ed<\/p>\n<\/li>\n<li data-start=\"2469\" data-end=\"2551\">\n<p data-start=\"2471\" data-end=\"2551\"><strong data-start=\"2471\" data-end=\"2511\">V\u00fdrazn\u00fd design a jedine\u010dn\u00fd charakter<\/strong> \u2013 ide\u00e1ln\u00ed pro sb\u011bratele i stylov\u00e9 EDC<\/p>\n<\/li>\n<li data-start=\"2552\" data-end=\"2592\">\n<p data-start=\"2554\" data-end=\"2592\">Spojen\u00ed funkce s um\u011bleck\u00fdm zpracov\u00e1n\u00edm<\/p>\n<\/li>\n<\/ul>\n<hr data-start=\"2594\" data-end=\"2597\" \/>\n<h2 data-start=\"2599\" data-end=\"2618\">\u26a0\ufe0f Mo\u017en\u00e1 omezen\u00ed<\/h2>\n<ul data-start=\"2620\" data-end=\"2815\">\n<li data-start=\"2620\" data-end=\"2676\">\n<p data-start=\"2622\" data-end=\"2676\">Dama\u0161kov\u00e1 \u010depel vy\u017eaduje <strong data-start=\"2647\" data-end=\"2667\">speci\u00e1ln\u00ed \u00fadr\u017ebu<\/strong> a p\u00e9\u010di<\/p>\n<\/li>\n<li data-start=\"2677\" data-end=\"2736\">\n<p data-start=\"2679\" data-end=\"2736\">Vy\u0161\u0161\u00ed cena odpov\u00edd\u00e1 pr\u00e9miov\u00fdm materi\u00e1l\u016fm a ru\u010dn\u00ed v\u00fdrob\u011b<\/p>\n<\/li>\n<li data-start=\"2737\" data-end=\"2815\">\n<p data-start=\"2739\" data-end=\"2815\">Titanov\u00e1 rukoje\u0165 je elegantn\u00ed, ale m\u016f\u017ee b\u00fdt hlad\u0161\u00ed ne\u017e texturovan\u00e9 materi\u00e1ly<\/p>\n<\/li>\n<\/ul>\n<hr data-start=\"2817\" data-end=\"2820\" \/>\n<h2 data-start=\"2822\" data-end=\"2842\">\ud83d\udee0\ufe0f \u00dadr\u017eba a p\u00e9\u010de<\/h2>\n<ul data-start=\"2844\" data-end=\"3145\">\n<li data-start=\"2844\" data-end=\"2888\">\n<p data-start=\"2846\" data-end=\"2888\">Po pou\u017eit\u00ed \u010depel d\u016fkladn\u011b o\u010disti a osu\u0161\u00ed<\/p>\n<\/li>\n<li data-start=\"2889\" data-end=\"2966\">\n<p data-start=\"2891\" data-end=\"2966\">Dama\u0161kovou \u010depel o\u0161et\u0159uj vhodn\u00fdm olejem, aby si udr\u017eela vzhled a odolnost<\/p>\n<\/li>\n<li data-start=\"2967\" data-end=\"3015\">\n<p data-start=\"2969\" data-end=\"3015\">Vyh\u00fdbej se agresivn\u00edm abrazivn\u00edm prost\u0159edk\u016fm<\/p>\n<\/li>\n<li data-start=\"3016\" data-end=\"3047\">\n<p data-start=\"3018\" data-end=\"3047\">Titan \u010dist\u011b jemn\u00fdm had\u0159\u00edkem<\/p>\n<\/li>\n<li data-start=\"3048\" data-end=\"3103\">\n<p data-start=\"3050\" data-end=\"3103\">Pivot a Back Lock pravideln\u011b proma\u017e vhodn\u00fdm mazivem<\/p>\n<\/li>\n<li data-start=\"3104\" data-end=\"3145\">\n<p data-start=\"3106\" data-end=\"3145\">Skladuj v such\u00e9m prost\u0159ed\u00ed mimo vlhkost<\/p>\n<\/li>\n<\/ul>\n<hr data-start=\"3147\" data-end=\"3150\" \/>\n<h2 data-start=\"3152\" data-end=\"3188\">\ud83d\udd2a Pro udr\u017een\u00ed ost\u0159\u00ed doporu\u010dujeme<\/h2>\n<p data-start=\"3190\" data-end=\"3306\">Pro zachov\u00e1n\u00ed maxim\u00e1ln\u00ed ostrosti dama\u0161kov\u00e9 \u010depele doporu\u010dujeme <strong data-start=\"3253\" data-end=\"3305\">kvalitn\u00ed syst\u00e9m brou\u0161en\u00ed ur\u010den\u00fd pro hladk\u00e1 ost\u0159\u00ed<\/strong>.<\/p>\n<p data-start=\"3308\" data-end=\"3411\">Ide\u00e1ln\u00ed volbou je <strong data-start=\"3326\" data-end=\"3392\">Spyderco Tri-Angle Sharpmaker Complete Sharpening System 204MF<\/strong>, kter\u00fd umo\u017e\u0148uje:<\/p>\n<ul data-start=\"3412\" data-end=\"3561\">\n<li data-start=\"3412\" data-end=\"3455\">\n<p data-start=\"3414\" data-end=\"3455\"><strong data-start=\"3414\" data-end=\"3453\">p\u0159esn\u00e9 a konzistentn\u00ed \u00fahly brou\u0161en\u00ed<\/strong><\/p>\n<\/li>\n<li data-start=\"3456\" data-end=\"3509\">\n<p data-start=\"3458\" data-end=\"3509\"><strong data-start=\"3458\" data-end=\"3507\">\u0161etrnou \u00fadr\u017ebu bez nadm\u011brn\u00e9ho \u00fab\u011bru materi\u00e1lu<\/strong><\/p>\n<\/li>\n<li data-start=\"3510\" data-end=\"3561\">\n<p data-start=\"3512\" data-end=\"3561\"><strong data-start=\"3512\" data-end=\"3561\">bezpe\u010dn\u00e9 pou\u017eit\u00ed i bez p\u0159edchoz\u00edch zku\u0161enost\u00ed<\/strong><\/p>\n<\/li>\n<\/ul>\n<p data-start=\"3563\" data-end=\"3608\">\ud83d\uded2 <strong data-start=\"3566\" data-end=\"3608\">Zakoup\u00edte na na\u0161ich str\u00e1nk\u00e1ch Moskito.<\/strong><\/p>\n<hr data-start=\"3610\" data-end=\"3613\" \/>\n<h2 data-start=\"3615\" data-end=\"3635\">\ud83c\udfaf Doporu\u010deno pro<\/h2>\n<ul data-start=\"3637\" data-end=\"3812\">\n<li data-start=\"3637\" data-end=\"3667\">\n<p data-start=\"3639\" data-end=\"3667\">Sb\u011bratele jedine\u010dn\u00fdch no\u017e\u016f<\/p>\n<\/li>\n<li data-start=\"3668\" data-end=\"3715\">\n<p data-start=\"3670\" data-end=\"3715\">U\u017eivatele, kte\u0159\u00ed ocen\u00ed <strong data-start=\"3693\" data-end=\"3713\">estetiku i v\u00fdkon<\/strong><\/p>\n<\/li>\n<li data-start=\"3716\" data-end=\"3755\">\n<p data-start=\"3718\" data-end=\"3755\">Ka\u017edodenn\u00ed no\u0161en\u00ed s osobit\u00fdm stylem<\/p>\n<\/li>\n<li data-start=\"3756\" data-end=\"3812\">\n<p data-start=\"3758\" data-end=\"3812\">Outdoorov\u00e9 i praktick\u00e9 \u00fakoly vy\u017eaduj\u00edc\u00ed spolehliv\u00fd n\u016f\u017e<\/p>\n<\/li>\n<\/ul>\n<hr data-start=\"3814\" data-end=\"3817\" \/>\n<h2 data-start=\"3819\" data-end=\"3843\">\u2b50 Z\u00e1v\u011bre\u010dn\u00e9 hodnocen\u00ed<\/h2>\n<p data-start=\"3845\" data-end=\"4086\">Spyderco Delica 4 Titanium Damascus C11TIPD je <strong data-start=\"3892\" data-end=\"3955\">unik\u00e1tn\u00ed n\u016f\u017e spojuj\u00edc\u00ed um\u011bleck\u00fd design s vysokou funk\u010dnost\u00ed<\/strong>.<br data-start=\"3956\" data-end=\"3959\" \/>D\u00edky kombinaci titanov\u00e9 rukojeti a dama\u0161kov\u00e9 \u010depele z\u00edsk\u00e1\u0161 n\u00e1stroj, kter\u00fd je <strong data-start=\"4036\" data-end=\"4085\">velmi lehk\u00fd, spolehliv\u00fd a esteticky v\u00fdjime\u010dn\u00fd<\/strong>.<\/p>\n<p data-start=\"4088\" data-end=\"4134\"><strong data-start=\"4088\" data-end=\"4134\">Delica 4 Titanium Damascus \u2013 v\u00fdkon s du\u0161\u00ed.<\/strong><\/p>\n","protected":false},"excerpt":{"rendered":"<p data-start=\"3845\" data-end=\"4086\"><strong>Spyderco Delica 4 Titanium Damascus C11TIPD je unik\u00e1tn\u00ed n\u016f\u017e spojuj\u00edc\u00ed um\u011bleck\u00fd design s vysokou funk\u010dnost\u00ed.<\/strong><br data-start=\"3956\" data-end=\"3959\" \/><strong>D\u00edky kombinaci titanov\u00e9 rukojeti a dama\u0161kov\u00e9 \u010depele z\u00edsk\u00e1\u0161 n\u00e1stroj, kter\u00fd je velmi lehk\u00fd, spolehliv\u00fd a esteticky v\u00fdjime\u010dn\u00fd.<\/strong><\/p>\n<p data-start=\"4088\" data-end=\"4134\"><strong data-start=\"4088\" data-end=\"4134\">Delica 4 Titanium Damascus \u2013 v\u00fdkon s du\u0161\u00ed.<\/strong><\/p>\n<p data-start=\"4088\" data-end=\"4134\"><strong>Doprava zdarma.<\/strong><\/p>\n","protected":false},"featured_media":430481,"comment_status":"open","ping_status":"closed","template":"","meta":[],"pwb-brand":[567],"product_brand":[],"product_cat":[22,25,17],"product_tag":[],"class_list":{"0":"post-430480","1":"product","2":"type-product","3":"status-publish","4":"has-post-thumbnail","6":"pwb-brand-spyderco","7":"product_cat-zaviraci-noze","8":"product_cat-damascenske-noze","9":"product_cat-noze","11":"first","12":"outofstock","13":"taxable","14":"shipping-taxable","15":"purchasable","16":"product-type-simple"},"brands":[{"id":567,"name":"Spyderco","slug":"spyderco"}],"_links":{"self":[{"href":"https:\/\/www.moskito.cz\/pl\/wp-json\/wp\/v2\/product\/430480","targetHints":{"allow":["GET"]}}],"collection":[{"href":"https:\/\/www.moskito.cz\/pl\/wp-json\/wp\/v2\/product"}],"about":[{"href":"https:\/\/www.moskito.cz\/pl\/wp-json\/wp\/v2\/types\/product"}],"replies":[{"embeddable":true,"href":"https:\/\/www.moskito.cz\/pl\/wp-json\/wp\/v2\/comments?post=430480"}],"wp:featuredmedia":[{"embeddable":true,"href":"https:\/\/www.moskito.cz\/pl\/wp-json\/wp\/v2\/media\/430481"}],"wp:attachment":[{"href":"https:\/\/www.moskito.cz\/pl\/wp-json\/wp\/v2\/media?parent=430480"}],"wp:term":[{"taxonomy":"pwb-brand","embeddable":true,"href":"https:\/\/www.moskito.cz\/pl\/wp-json\/wp\/v2\/pwb-brand?post=430480"},{"taxonomy":"product_brand","embeddable":true,"href":"https:\/\/www.moskito.cz\/pl\/wp-json\/wp\/v2\/product_brand?post=430480"},{"taxonomy":"product_cat","embeddable":true,"href":"https:\/\/www.moskito.cz\/pl\/wp-json\/wp\/v2\/product_cat?post=430480"},{"taxonomy":"product_tag","embeddable":true,"href":"https:\/\/www.moskito.cz\/pl\/wp-json\/wp\/v2\/product_tag?post=430480"}],"curies":[{"name":"wp","href":"https:\/\/api.w.org\/{rel}","templated":true}]}}