{"id":430619,"date":"2026-01-02T19:45:15","date_gmt":"2026-01-02T18:45:15","guid":{"rendered":"https:\/\/www.moskito.cz\/?post_type=product&#038;p=430619"},"modified":"2026-02-12T12:14:37","modified_gmt":"2026-02-12T11:14:37","slug":"zaviraci-nuz-spyderco-para-3-light-weight-c223pbk","status":"publish","type":"product","link":"https:\/\/www.moskito.cz\/pl\/produkt\/zaviraci-nuz-spyderco-para-3-light-weight-c223pbk\/","title":{"rendered":"Zav\u00edrac\u00ed N\u016f\u017e Spyderco Para 3 Light-weight C223PBK"},"content":{"rendered":"<h2 data-start=\"194\" data-end=\"253\">\ud83d\udde1\ufe0f Zav\u00edrac\u00ed n\u016f\u017e <strong data-start=\"214\" data-end=\"253\">Spyderco Para 3 Lightweight C223PBK<\/strong><\/h2>\n<h3 data-start=\"255\" data-end=\"292\">Lehkost, v\u00fdkon a \u010dist\u00e1 funk\u010dnost.<\/h3>\n<p data-start=\"294\" data-end=\"643\">Spyderco <em data-start=\"303\" data-end=\"323\">Para 3 Lightweight<\/em> je modern\u00ed interpretace legend\u00e1rn\u00ed \u0159ady <strong data-start=\"364\" data-end=\"374\">Para 3<\/strong>, navr\u017een\u00e1 tak, aby nab\u00eddla <strong data-start=\"402\" data-end=\"445\">maxim\u00e1ln\u00ed v\u00fdkon p\u0159i minim\u00e1ln\u00ed hmotnosti<\/strong>.<br data-start=\"446\" data-end=\"449\" \/>Tento model kombinuje <strong data-start=\"471\" data-end=\"521\">precizn\u00ed konstrukci, v\u00fdkonnou ocel a ergonomii<\/strong>, kter\u00e1 je typick\u00e1 pro Spyderco \u2014 v\u0161e ve <strong data-start=\"562\" data-end=\"594\">lehk\u00e9m a pohodln\u00e9m proveden\u00ed<\/strong>, kter\u00e9 si v\u0161imne\u0161 hlavn\u011b p\u0159i ka\u017edodenn\u00edm no\u0161en\u00ed.<\/p>\n<p data-start=\"645\" data-end=\"878\">Kdy\u017e \u010depel otev\u0159e\u0161 charakteristick\u00fdm <strong data-start=\"682\" data-end=\"711\">kruhov\u00fdm otvorem Spyderco<\/strong> a zajist\u00ed\u0161 ji <strong data-start=\"726\" data-end=\"747\">Compression Lock\u00ae<\/strong>, poc\u00edt\u00ed\u0161 hladk\u00fd, jist\u00fd a plynul\u00fd chod, kter\u00fd d\u011bl\u00e1 z Para 3 Lightweight spolehliv\u00e9ho spole\u010dn\u00edka pro b\u011b\u017en\u00e9 \u00fakony i n\u00e1ro\u010dn\u011bj\u0161\u00ed \u00fakoly.<\/p>\n<hr data-start=\"880\" data-end=\"883\" \/>\n<h3 data-start=\"885\" data-end=\"910\">Charakter a filozofie<\/h3>\n<p data-start=\"912\" data-end=\"1281\">Para 3 Lightweight byl vytvo\u0159en pro ty, kte\u0159\u00ed hledaj\u00ed <strong data-start=\"966\" data-end=\"1018\">optimalizovan\u00fd v\u00fdkon bez kompromis\u016f na hmotnosti<\/strong>.<br data-start=\"1019\" data-end=\"1022\" \/>Lehk\u00e1 konstrukce sni\u017euje \u00fanavu p\u0159i no\u0161en\u00ed, zat\u00edmco ergonomick\u00e1 rukoje\u0165 se v\u00fdborn\u011b p\u0159izp\u016fsob\u00ed ruce a poskytuje jist\u00fd \u00fachop i v kluzk\u00fdch podm\u00ednk\u00e1ch.<br data-start=\"1168\" data-end=\"1171\" \/>Tento n\u016f\u017e je ide\u00e1ln\u00ed volba pro ka\u017edodenn\u00ed no\u0161en\u00ed (EDC), outdoorov\u00e9 aktivity i rychl\u00e9 \u0159ezy v r\u016fzn\u00fdch situac\u00edch.<\/p>\n<p data-start=\"1283\" data-end=\"1343\">Je to <strong data-start=\"1289\" data-end=\"1343\">n\u00e1stroj, na kter\u00fd se m\u016f\u017ee\u0161 spolehnout \u2014 ka\u017ed\u00fd den.<\/strong><\/p>\n<hr data-start=\"1345\" data-end=\"1348\" \/>\n<h2 data-start=\"1350\" data-end=\"1365\">\ud83c\udfed O v\u00fdrobci<\/h2>\n<p data-start=\"1367\" data-end=\"1629\">Spyderco je zna\u010dka, kter\u00e1 dlouhodob\u011b ud\u00e1v\u00e1 standardy modern\u00edho no\u017e\u00ed\u0159stv\u00ed.<br data-start=\"1440\" data-end=\"1443\" \/>D\u00edky d\u016frazu na <strong data-start=\"1458\" data-end=\"1506\">ergonomii, inovace a praktickou pou\u017eitelnost<\/strong> jsou jejich no\u017ee obl\u00edben\u00e9 jak u profesion\u00e1l\u016f, tak u sb\u011bratel\u016f a u\u017eivatel\u016f, kte\u0159\u00ed vy\u017eaduj\u00ed spolehliv\u00fd v\u00fdkon bez kompromis\u016f.<\/p>\n<p data-start=\"1631\" data-end=\"1752\">Para 3 Lightweight je dal\u0161\u00edm d\u016fkazem t\u00e9to filozofie \u2014 <strong data-start=\"1685\" data-end=\"1751\">vyv\u00e1\u017een\u00fd, lehk\u00fd a p\u0159edev\u0161\u00edm funk\u010dn\u00ed n\u016f\u017e pro ka\u017edodenn\u00ed pou\u017eit\u00ed<\/strong>.<\/p>\n<hr data-start=\"1754\" data-end=\"1757\" \/>\n<h2 data-start=\"1759\" data-end=\"1786\">\u2699\ufe0f Technick\u00e9 specifikace<\/h2>\n<div class=\"TyagGW_tableContainer\">\n<div class=\"group TyagGW_tableWrapper flex w-fit flex-col-reverse\" tabindex=\"-1\">\n<table class=\"w-fit min-w-(--thread-content-width)\" data-start=\"1788\" data-end=\"2368\">\n<thead data-start=\"1788\" data-end=\"1810\">\n<tr data-start=\"1788\" data-end=\"1810\">\n<th data-start=\"1788\" data-end=\"1799\" data-col-size=\"sm\">Parametr<\/th>\n<th data-start=\"1799\" data-end=\"1810\" data-col-size=\"md\">Hodnota<\/th>\n<\/tr>\n<\/thead>\n<tbody data-start=\"1834\" data-end=\"2368\">\n<tr data-start=\"1834\" data-end=\"1869\">\n<td data-start=\"1834\" data-end=\"1850\" data-col-size=\"sm\">Celkov\u00e1 d\u00e9lka<\/td>\n<td data-start=\"1850\" data-end=\"1869\" data-col-size=\"md\">cca <strong data-start=\"1856\" data-end=\"1867\">18,3 cm<\/strong><\/td>\n<\/tr>\n<tr data-start=\"1870\" data-end=\"1903\">\n<td data-start=\"1870\" data-end=\"1885\" data-col-size=\"sm\">D\u00e9lka \u010depele<\/td>\n<td data-start=\"1885\" data-end=\"1903\" data-col-size=\"md\">cca <strong data-start=\"1891\" data-end=\"1901\">7,4 cm<\/strong><\/td>\n<\/tr>\n<tr data-start=\"1904\" data-end=\"1940\">\n<td data-start=\"1904\" data-end=\"1922\" data-col-size=\"sm\">Tlou\u0161\u0165ka \u010depele<\/td>\n<td data-start=\"1922\" data-end=\"1940\" data-col-size=\"md\">cca <strong data-start=\"1928\" data-end=\"1938\">3,7 mm<\/strong><\/td>\n<\/tr>\n<tr data-start=\"1941\" data-end=\"2000\">\n<td data-start=\"1941\" data-end=\"1959\" data-col-size=\"sm\">Materi\u00e1l \u010depele<\/td>\n<td data-start=\"1959\" data-end=\"2000\" data-col-size=\"md\"><strong data-start=\"1961\" data-end=\"1973\">CTS-BD1N<\/strong> \u2013 kvalitn\u00ed nerezov\u00e1 ocel<\/td>\n<\/tr>\n<tr data-start=\"2001\" data-end=\"2038\">\n<td data-start=\"2001\" data-end=\"2017\" data-col-size=\"sm\">Tvrdost oceli<\/td>\n<td data-start=\"2017\" data-end=\"2038\" data-col-size=\"md\">cca <strong data-start=\"2023\" data-end=\"2036\">58\u201360 HRC<\/strong><\/td>\n<\/tr>\n<tr data-start=\"2039\" data-end=\"2071\">\n<td data-start=\"2039\" data-end=\"2053\" data-col-size=\"sm\">Tvar \u010depele<\/td>\n<td data-start=\"2053\" data-end=\"2071\" data-col-size=\"md\"><strong data-start=\"2055\" data-end=\"2069\">Leaf-shape<\/strong><\/td>\n<\/tr>\n<tr data-start=\"2072\" data-end=\"2107\">\n<td data-start=\"2072\" data-end=\"2088\" data-col-size=\"sm\">Povrch \u010depele<\/td>\n<td data-start=\"2088\" data-end=\"2107\" data-col-size=\"md\"><strong data-start=\"2090\" data-end=\"2105\">Black Blade<\/strong><\/td>\n<\/tr>\n<tr data-start=\"2108\" data-end=\"2143\">\n<td data-start=\"2108\" data-end=\"2118\" data-col-size=\"sm\">Rukoje\u0165<\/td>\n<td data-start=\"2118\" data-end=\"2143\" data-col-size=\"md\"><strong data-start=\"2120\" data-end=\"2141\">Lehk\u00fd FRN (\u010dern\u00fd)<\/strong><\/td>\n<\/tr>\n<tr data-start=\"2144\" data-end=\"2213\">\n<td data-start=\"2144\" data-end=\"2152\" data-col-size=\"sm\">Z\u00e1mek<\/td>\n<td data-start=\"2152\" data-end=\"2213\" data-col-size=\"md\"><strong data-start=\"2154\" data-end=\"2175\">Compression Lock\u00ae<\/strong> \u2013 bezpe\u010dn\u00fd a intuitivn\u00ed mechanismus<\/td>\n<\/tr>\n<tr data-start=\"2214\" data-end=\"2252\">\n<td data-start=\"2214\" data-end=\"2226\" data-col-size=\"sm\">Otev\u00edr\u00e1n\u00ed<\/td>\n<td data-start=\"2226\" data-end=\"2252\" data-col-size=\"md\">Kruhov\u00fd otvor Spyderco<\/td>\n<\/tr>\n<tr data-start=\"2253\" data-end=\"2296\">\n<td data-start=\"2253\" data-end=\"2260\" data-col-size=\"sm\">Klip<\/td>\n<td data-start=\"2260\" data-end=\"2296\" data-col-size=\"md\">\u010cty\u0159polohov\u00fd \u2013 flexibiln\u00ed no\u0161en\u00ed<\/td>\n<\/tr>\n<tr data-start=\"2297\" data-end=\"2351\">\n<td data-start=\"2297\" data-end=\"2308\" data-col-size=\"sm\">Hmotnost<\/td>\n<td data-start=\"2308\" data-end=\"2351\" data-col-size=\"md\">v\u00fdrazn\u011b <strong data-start=\"2318\" data-end=\"2349\">ni\u017e\u0161\u00ed ne\u017e standardn\u00ed Para 3<\/strong><\/td>\n<\/tr>\n<tr data-start=\"2352\" data-end=\"2368\">\n<td data-start=\"2352\" data-end=\"2361\" data-col-size=\"sm\">V\u00fdroba<\/td>\n<td data-start=\"2361\" data-end=\"2368\" data-col-size=\"md\">USA<\/td>\n<\/tr>\n<\/tbody>\n<\/table>\n<\/div>\n<\/div>\n<hr data-start=\"2370\" data-end=\"2373\" \/>\n<h2 data-start=\"2375\" data-end=\"2393\">\u2705 Hlavn\u00ed v\u00fdhody<\/h2>\n<ul data-start=\"2395\" data-end=\"2751\">\n<li data-start=\"2395\" data-end=\"2449\">\n<p data-start=\"2397\" data-end=\"2449\"><strong data-start=\"2397\" data-end=\"2417\">Lehk\u00e1 konstrukce<\/strong> \u2013 komfortn\u00ed ka\u017edodenn\u00ed no\u0161en\u00ed<\/p>\n<\/li>\n<li data-start=\"2450\" data-end=\"2505\">\n<p data-start=\"2452\" data-end=\"2505\"><strong data-start=\"2452\" data-end=\"2470\">Vyv\u00e1\u017een\u00fd v\u00fdkon<\/strong> \u2013 vhodn\u00fd pro \u0161irokou \u0161k\u00e1lu \u00fakol\u016f<\/p>\n<\/li>\n<li data-start=\"2506\" data-end=\"2560\">\n<p data-start=\"2508\" data-end=\"2560\"><strong data-start=\"2508\" data-end=\"2529\">Compression Lock\u00ae<\/strong> \u2013 bezpe\u010dn\u00e9 a hladk\u00e9 uzam\u010den\u00ed<\/p>\n<\/li>\n<li data-start=\"2561\" data-end=\"2631\">\n<p data-start=\"2563\" data-end=\"2631\"><strong data-start=\"2563\" data-end=\"2590\">Ergonomick\u00e1 rukoje\u0165 FRN<\/strong> \u2013 jist\u00fd \u00fachop i p\u0159i mokr\u00fdch podm\u00ednk\u00e1ch<\/p>\n<\/li>\n<li data-start=\"2632\" data-end=\"2691\">\n<p data-start=\"2634\" data-end=\"2691\"><strong data-start=\"2634\" data-end=\"2655\">\u010cty\u0159polohov\u00fd klip<\/strong> \u2013 variabiln\u00ed no\u0161en\u00ed podle pot\u0159eby<\/p>\n<\/li>\n<li data-start=\"2692\" data-end=\"2751\">\n<p data-start=\"2694\" data-end=\"2751\"><strong data-start=\"2694\" data-end=\"2720\">Kruhov\u00fd otvor Spyderco<\/strong> \u2013 rychl\u00e9 a intuitivn\u00ed otev\u0159en\u00ed<\/p>\n<\/li>\n<\/ul>\n<hr data-start=\"2753\" data-end=\"2756\" \/>\n<h2 data-start=\"2758\" data-end=\"2777\">\u26a0\ufe0f Mo\u017en\u00e1 omezen\u00ed<\/h2>\n<ul data-start=\"2779\" data-end=\"2993\">\n<li data-start=\"2779\" data-end=\"2853\">\n<p data-start=\"2781\" data-end=\"2853\">Ni\u017e\u0161\u00ed hmotnost znamen\u00e1, \u017ee n\u016f\u017e nen\u00ed prim\u00e1rn\u011b ur\u010den pro extr\u00e9mn\u00ed p\u00e1\u010den\u00ed<\/p>\n<\/li>\n<li data-start=\"2854\" data-end=\"2936\">\n<p data-start=\"2856\" data-end=\"2936\">Black Blade povrch m\u016f\u017ee vy\u017eadovat pravidelnou \u00fadr\u017ebu p\u0159i intenzivn\u00edm pou\u017e\u00edv\u00e1n\u00ed<\/p>\n<\/li>\n<li data-start=\"2937\" data-end=\"2993\">\n<p data-start=\"2939\" data-end=\"2993\">FRN rukoje\u0165 je \u010dist\u011b funk\u010dn\u00ed \u2013 bez dekorativn\u00edch prvk\u016f<\/p>\n<\/li>\n<\/ul>\n<hr data-start=\"2995\" data-end=\"2998\" \/>\n<h2 data-start=\"3000\" data-end=\"3020\">\ud83d\udee0\ufe0f \u00dadr\u017eba a p\u00e9\u010de<\/h2>\n<ul data-start=\"3022\" data-end=\"3279\">\n<li data-start=\"3022\" data-end=\"3073\">\n<p data-start=\"3024\" data-end=\"3073\">Po ka\u017ed\u00e9m pou\u017eit\u00ed \u010depel d\u016fkladn\u011b o\u010disti a osu\u0161\u00ed<\/p>\n<\/li>\n<li data-start=\"3074\" data-end=\"3113\">\n<p data-start=\"3076\" data-end=\"3113\">Rukoje\u0165 z FRN \u010dist\u011b jemn\u00fdm had\u0159\u00edkem<\/p>\n<\/li>\n<li data-start=\"3114\" data-end=\"3173\">\n<p data-start=\"3116\" data-end=\"3173\">Vyh\u00fdbej se abrazivn\u00edm a agresivn\u00edm \u010distic\u00edm prost\u0159edk\u016fm<\/p>\n<\/li>\n<li data-start=\"3174\" data-end=\"3237\">\n<p data-start=\"3176\" data-end=\"3237\">Pivot a Compression Lock\u00ae pravideln\u011b proma\u017e vhodn\u00fdm mazivem<\/p>\n<\/li>\n<li data-start=\"3238\" data-end=\"3279\">\n<p data-start=\"3240\" data-end=\"3279\">Skladuj v such\u00e9m prost\u0159ed\u00ed mimo vlhkost<\/p>\n<\/li>\n<\/ul>\n<hr data-start=\"3281\" data-end=\"3284\" \/>\n<h2 data-start=\"3286\" data-end=\"3322\">\ud83d\udd2a Pro udr\u017een\u00ed ost\u0159\u00ed doporu\u010dujeme<\/h2>\n<p data-start=\"3324\" data-end=\"3430\">Pro zachov\u00e1n\u00ed maxim\u00e1ln\u00ed ostrosti \u010depele doporu\u010dujeme kvalitn\u00ed syst\u00e9m brou\u0161en\u00ed ur\u010den\u00fd pro <strong data-start=\"3413\" data-end=\"3429\">odoln\u00e1 ost\u0159\u00ed<\/strong>.<\/p>\n<p data-start=\"3432\" data-end=\"3535\">Ide\u00e1ln\u00ed volbou je <strong data-start=\"3450\" data-end=\"3516\">Spyderco Tri-Angle Sharpmaker Complete Sharpening System 204MF<\/strong>, kter\u00fd umo\u017e\u0148uje:<\/p>\n<ul data-start=\"3536\" data-end=\"3685\">\n<li data-start=\"3536\" data-end=\"3579\">\n<p data-start=\"3538\" data-end=\"3579\"><strong data-start=\"3538\" data-end=\"3577\">p\u0159esn\u00e9 a konzistentn\u00ed \u00fahly brou\u0161en\u00ed<\/strong><\/p>\n<\/li>\n<li data-start=\"3580\" data-end=\"3633\">\n<p data-start=\"3582\" data-end=\"3633\"><strong data-start=\"3582\" data-end=\"3631\">\u0161etrnou \u00fadr\u017ebu bez nadm\u011brn\u00e9ho \u00fab\u011bru materi\u00e1lu<\/strong><\/p>\n<\/li>\n<li data-start=\"3634\" data-end=\"3685\">\n<p data-start=\"3636\" data-end=\"3685\"><strong data-start=\"3636\" data-end=\"3685\">bezpe\u010dn\u00e9 pou\u017eit\u00ed i bez p\u0159edchoz\u00edch zku\u0161enost\u00ed<\/strong><\/p>\n<\/li>\n<\/ul>\n<p data-start=\"3687\" data-end=\"3732\">\ud83d\uded2 <strong data-start=\"3690\" data-end=\"3732\">Zakoup\u00edte na na\u0161ich str\u00e1nk\u00e1ch Moskito.<\/strong><\/p>\n<hr data-start=\"3734\" data-end=\"3737\" \/>\n<h2 data-start=\"3739\" data-end=\"3759\">\ud83c\udfaf Doporu\u010deno pro<\/h2>\n<ul data-start=\"3761\" data-end=\"3934\">\n<li data-start=\"3761\" data-end=\"3788\">\n<p data-start=\"3763\" data-end=\"3788\">Ka\u017edodenn\u00ed no\u0161en\u00ed (EDC)<\/p>\n<\/li>\n<li data-start=\"3789\" data-end=\"3821\">\n<p data-start=\"3791\" data-end=\"3821\">Outdoorov\u00e9 a praktick\u00e9 \u00fakoly<\/p>\n<\/li>\n<li data-start=\"3822\" data-end=\"3889\">\n<p data-start=\"3824\" data-end=\"3889\">U\u017eivatel\u00e9, kte\u0159\u00ed cht\u011bj\u00ed <strong data-start=\"3848\" data-end=\"3887\">leh\u010d\u00ed alternativu klasick\u00e9ho Para 3<\/strong><\/p>\n<\/li>\n<li data-start=\"3890\" data-end=\"3934\">\n<p data-start=\"3892\" data-end=\"3934\">Fanou\u0161ci funk\u010dn\u00edho a ergonomick\u00e9ho designu<\/p>\n<\/li>\n<\/ul>\n<hr data-start=\"3936\" data-end=\"3939\" \/>\n<h2 data-start=\"3941\" data-end=\"3965\">\u2b50 Z\u00e1v\u011bre\u010dn\u00e9 hodnocen\u00ed<\/h2>\n<p data-start=\"3967\" data-end=\"4219\">Spyderco <strong data-start=\"3976\" data-end=\"4006\">Para 3 Lightweight C223PBK<\/strong> je <strong data-start=\"4010\" data-end=\"4057\">v\u0161estrann\u00fd, lehk\u00fd a spolehliv\u00fd zav\u00edrac\u00ed n\u016f\u017e<\/strong>, kter\u00fd ti poskytne v\u00fdkon p\u0159esn\u011b tehdy, kdy\u017e jej pot\u0159ebuje\u0161.<br data-start=\"4117\" data-end=\"4120\" \/>Je to n\u00e1stroj, na kter\u00fd se m\u016f\u017ee\u0161 spolehnout ka\u017ed\u00fd den \u2014 bez kompromis\u016f mezi hmotnost\u00ed a funk\u010dnost\u00ed.<\/p>\n<p data-start=\"4221\" data-end=\"4293\"><strong data-start=\"4221\" data-end=\"4293\">Para 3 Lightweight \u2013 lehkost a v\u00fdkon, kter\u00e9 poc\u00edt\u00ed\u0161 p\u0159i ka\u017ed\u00e9m tahu.<\/strong><\/p>\n","protected":false},"excerpt":{"rendered":"<p data-start=\"3967\" data-end=\"4219\"><strong>Spyderco Para 3 Lightweight C223PBK je v\u0161estrann\u00fd, lehk\u00fd a spolehliv\u00fd zav\u00edrac\u00ed n\u016f\u017e, kter\u00fd ti poskytne v\u00fdkon p\u0159esn\u011b tehdy, kdy\u017e jej pot\u0159ebuje\u0161.<\/strong><br data-start=\"4117\" data-end=\"4120\" \/><strong>Je to n\u00e1stroj, na kter\u00fd se m\u016f\u017ee\u0161 spolehnout ka\u017ed\u00fd den \u2014 bez kompromis\u016f mezi hmotnost\u00ed a funk\u010dnost\u00ed.<\/strong><\/p>\n<p data-start=\"4221\" data-end=\"4293\"><strong>Para 3 Lightweight \u2013 lehkost a v\u00fdkon, kter\u00e9 poc\u00edt\u00ed\u0161 p\u0159i ka\u017ed\u00e9m tahu.<\/strong><\/p>\n<p data-start=\"4221\" data-end=\"4293\"><strong>Doprava zdarma.<\/strong><\/p>\n","protected":false},"featured_media":430620,"comment_status":"open","ping_status":"closed","template":"","meta":[],"pwb-brand":[567],"product_brand":[],"product_cat":[22,17],"product_tag":[],"class_list":{"0":"post-430619","1":"product","2":"type-product","3":"status-publish","4":"has-post-thumbnail","6":"pwb-brand-spyderco","7":"product_cat-zaviraci-noze","8":"product_cat-noze","10":"first","11":"instock","12":"taxable","13":"shipping-taxable","14":"purchasable","15":"product-type-simple"},"brands":[{"id":567,"name":"Spyderco","slug":"spyderco"}],"_links":{"self":[{"href":"https:\/\/www.moskito.cz\/pl\/wp-json\/wp\/v2\/product\/430619","targetHints":{"allow":["GET"]}}],"collection":[{"href":"https:\/\/www.moskito.cz\/pl\/wp-json\/wp\/v2\/product"}],"about":[{"href":"https:\/\/www.moskito.cz\/pl\/wp-json\/wp\/v2\/types\/product"}],"replies":[{"embeddable":true,"href":"https:\/\/www.moskito.cz\/pl\/wp-json\/wp\/v2\/comments?post=430619"}],"wp:featuredmedia":[{"embeddable":true,"href":"https:\/\/www.moskito.cz\/pl\/wp-json\/wp\/v2\/media\/430620"}],"wp:attachment":[{"href":"https:\/\/www.moskito.cz\/pl\/wp-json\/wp\/v2\/media?parent=430619"}],"wp:term":[{"taxonomy":"pwb-brand","embeddable":true,"href":"https:\/\/www.moskito.cz\/pl\/wp-json\/wp\/v2\/pwb-brand?post=430619"},{"taxonomy":"product_brand","embeddable":true,"href":"https:\/\/www.moskito.cz\/pl\/wp-json\/wp\/v2\/product_brand?post=430619"},{"taxonomy":"product_cat","embeddable":true,"href":"https:\/\/www.moskito.cz\/pl\/wp-json\/wp\/v2\/product_cat?post=430619"},{"taxonomy":"product_tag","embeddable":true,"href":"https:\/\/www.moskito.cz\/pl\/wp-json\/wp\/v2\/product_tag?post=430619"}],"curies":[{"name":"wp","href":"https:\/\/api.w.org\/{rel}","templated":true}]}}