{"id":431923,"date":"2026-01-11T10:20:29","date_gmt":"2026-01-11T09:20:29","guid":{"rendered":"https:\/\/www.moskito.cz\/?post_type=product&#038;p=431923"},"modified":"2026-01-17T17:42:11","modified_gmt":"2026-01-17T16:42:11","slug":"zaviraci-nuz-spyderco-endura-4-cobalt-frn-cpm-spy27-c10pcbl","status":"publish","type":"product","link":"https:\/\/www.moskito.cz\/pl\/produkt\/zaviraci-nuz-spyderco-endura-4-cobalt-frn-cpm-spy27-c10pcbl\/","title":{"rendered":"Zav\u00edrac\u00ed N\u016f\u017e Spyderco Endura 4 Cobalt FRN CPM SPY27 C10PCBL"},"content":{"rendered":"<h2 data-start=\"0\" data-end=\"184\">Spyderco Endura 4 Kobaltov\u011b Modr\u00e1 FRN CPM SPY27 C10PCBL je zav\u00edrac\u00ed n\u016f\u017e, kter\u00fd spojuje <strong data-start=\"90\" data-end=\"136\">tradi\u010dn\u00ed design legend\u00e1rn\u00edho modelu Endura<\/strong> s modern\u00edmi materi\u00e1ly a vylep\u0161enou ergonomi\u00ed.<\/h2>\n<p data-start=\"185\" data-end=\"341\">Tento n\u00e1stroj je navr\u017een tak, aby poskytl <strong data-start=\"227\" data-end=\"270\">maxim\u00e1ln\u00ed v\u00fdkon, pohodl\u00ed a spolehlivost<\/strong> p\u0159i ka\u017edodenn\u00edm no\u0161en\u00ed i n\u00e1ro\u010dn\u011bj\u0161\u00edch \u00fakolech, kter\u00e9 od no\u017ee o\u010dek\u00e1v\u00e1\u0161.<\/p>\n<p data-start=\"343\" data-end=\"628\">Jakmile \u010depel otev\u0159e\u0161 d\u00edky klasick\u00e9mu kulat\u00e9mu otvoru Spyderco a zajist\u00ed\u0161 ji pevnou pojistkou <strong data-start=\"437\" data-end=\"451\">liner lock<\/strong>, okam\u017eit\u011b poc\u00edt\u00ed\u0161 plynul\u00fd chod, stabilitu a jistotu ovl\u00e1d\u00e1n\u00ed. Endura 4 je n\u00e1stroj, na kter\u00fd se m\u016f\u017ee\u0161 spolehnout \u2014 a\u0165 u\u017e \u0159e\u0161\u00ed\u0161 b\u011b\u017en\u00e9 \u0159ezn\u00e9 pr\u00e1ce, nebo technick\u00e9 \u0159ez\u00e1n\u00ed v ter\u00e9nu.<\/p>\n<p data-start=\"630\" data-end=\"798\">Tento model je ide\u00e1ln\u00ed pro u\u017eivatele, kte\u0159\u00ed hledaj\u00ed <strong data-start=\"682\" data-end=\"719\">vyv\u00e1\u017een\u00fd, v\u0161estrann\u00fd zav\u00edrac\u00ed n\u016f\u017e<\/strong> s d\u016frazem na robustnost, ergonomii a modern\u00ed technologii no\u017e\u00ed\u0159sk\u00fdch materi\u00e1l\u016f.<\/p>\n<hr data-start=\"800\" data-end=\"803\" \/>\n<h2 data-start=\"805\" data-end=\"831\">Charakter a filozofie<\/h2>\n<p data-start=\"832\" data-end=\"1193\">Spyderco Endura 4 Kobaltov\u011b Modr\u00e1 zt\u011bles\u0148uje filozofii, kterou zna\u010dka buduje ji\u017e des\u00edtky let: <strong data-start=\"926\" data-end=\"985\">preciznost, prakti\u010dnost a spolehlivost v ka\u017ed\u00e9m detailu<\/strong>.<br data-start=\"986\" data-end=\"989\" \/>Profil \u010depele typu <strong data-start=\"1008\" data-end=\"1022\">drop point<\/strong> s m\u00edrn\u00fdm zak\u0159iven\u00edm zaji\u0161\u0165uje v\u00fdbornou v\u0161estrannost p\u0159i r\u016fzn\u00fdch \u0159ezn\u00fdch \u00fakonech \u2014 od ka\u017edodenn\u00edch \u010dinnost\u00ed a\u017e po technick\u00e9 \u0159ezy, kde je t\u0159eba kontrola i \u0159ezn\u00e1 efektivita.<\/p>\n<p data-start=\"1195\" data-end=\"1437\">Rukoje\u0165 z <strong data-start=\"1205\" data-end=\"1242\">FRN (fiberglass-reinforced nylon)<\/strong> v elegantn\u00ed kobaltov\u011b modr\u00e9 barv\u011b poskytuje jist\u00fd, pohodln\u00fd \u00fachop i p\u0159i del\u0161\u00ed pr\u00e1ci. D\u00edky v\u00fdrazn\u00e9 textu\u0159e FRN materi\u00e1lu m\u00e1 n\u016f\u017e skv\u011blou p\u0159ilnavost, co\u017e zvy\u0161uje bezpe\u010dnost a komfort p\u0159i pou\u017e\u00edv\u00e1n\u00ed.<\/p>\n<p data-start=\"1439\" data-end=\"1572\">Ka\u017ed\u00fd prvek \u2014 od \u010depele po konstrukci z\u00e1mku \u2014 je navr\u017een s ohledem na <strong data-start=\"1509\" data-end=\"1552\">dlouhodobou odolnost a spolehliv\u00fd v\u00fdkon<\/strong>, kter\u00fd t\u011b nezklame.<\/p>\n<hr data-start=\"1574\" data-end=\"1577\" \/>\n<h2 data-start=\"1579\" data-end=\"1596\">\ud83c\udfed O v\u00fdrobci<\/h2>\n<p data-start=\"1597\" data-end=\"2006\">Spyderco je sv\u011btov\u011b uzn\u00e1van\u00e1 zna\u010dka s bohatou tradic\u00ed v\u00fdroby zav\u00edrac\u00edch no\u017e\u016f pro ka\u017edodenn\u00ed i profesion\u00e1ln\u00ed pou\u017eit\u00ed. Zna\u010dka je zn\u00e1m\u00e1 inovacemi, ergonomick\u00fdmi \u0159e\u0161en\u00edmi a ikonick\u00fdm kulat\u00fdm otvorem pro rychl\u00e9 a jednoduch\u00e9 otev\u00edr\u00e1n\u00ed jednou rukou.<br data-start=\"1839\" data-end=\"1842\" \/>Model Endura 4 je jedn\u00edm z nejd\u00e9le vyr\u00e1b\u011bn\u00fdch a nejobl\u00edben\u011bj\u0161\u00edch model\u016f Spyderco \u2014 osv\u011bd\u010den\u00e1 klasika, kter\u00e1 se neust\u00e1le vyv\u00edj\u00ed s pou\u017eit\u00edm nejmodern\u011bj\u0161\u00edch materi\u00e1l\u016f.<\/p>\n<hr data-start=\"2008\" data-end=\"2011\" \/>\n<h2 data-start=\"2013\" data-end=\"2040\">\u2699\ufe0f Technick\u00e9 specifikace<\/h2>\n<div class=\"TyagGW_tableContainer\">\n<div class=\"group TyagGW_tableWrapper flex flex-col-reverse w-fit\" tabindex=\"-1\">\n<table class=\"w-fit min-w-(--thread-content-width)\" data-start=\"2042\" data-end=\"2577\">\n<thead data-start=\"2042\" data-end=\"2064\">\n<tr data-start=\"2042\" data-end=\"2064\">\n<th data-start=\"2042\" data-end=\"2053\" data-col-size=\"sm\">Parametr<\/th>\n<th data-start=\"2053\" data-end=\"2064\" data-col-size=\"md\">Hodnota<\/th>\n<\/tr>\n<\/thead>\n<tbody data-start=\"2090\" data-end=\"2577\">\n<tr data-start=\"2090\" data-end=\"2121\">\n<td data-start=\"2090\" data-end=\"2106\" data-col-size=\"sm\">Celkov\u00e1 d\u00e9lka<\/td>\n<td data-start=\"2106\" data-end=\"2121\" data-col-size=\"md\">cca 23,5 cm<\/td>\n<\/tr>\n<tr data-start=\"2122\" data-end=\"2152\">\n<td data-start=\"2122\" data-end=\"2137\" data-col-size=\"sm\">D\u00e9lka \u010depele<\/td>\n<td data-start=\"2137\" data-end=\"2152\" data-col-size=\"md\">cca 10,8 cm<\/td>\n<\/tr>\n<tr data-start=\"2153\" data-end=\"2185\">\n<td data-start=\"2153\" data-end=\"2171\" data-col-size=\"sm\">Tlou\u0161\u0165ka \u010depele<\/td>\n<td data-start=\"2171\" data-end=\"2185\" data-col-size=\"md\">cca 3,3 mm<\/td>\n<\/tr>\n<tr data-start=\"2186\" data-end=\"2250\">\n<td data-start=\"2186\" data-end=\"2204\" data-col-size=\"sm\">Materi\u00e1l \u010depele<\/td>\n<td data-start=\"2204\" data-end=\"2250\" data-col-size=\"md\">CPM SPY27 \u2013 modern\u00ed pr\u00e1\u0161kov\u00e1 nerezov\u00e1 ocel<\/td>\n<\/tr>\n<tr data-start=\"2251\" data-end=\"2284\">\n<td data-start=\"2251\" data-end=\"2267\" data-col-size=\"sm\">Tvrdost oceli<\/td>\n<td data-start=\"2267\" data-end=\"2284\" data-col-size=\"md\">cca 60\u201361 HRC<\/td>\n<\/tr>\n<tr data-start=\"2285\" data-end=\"2313\">\n<td data-start=\"2285\" data-end=\"2299\" data-col-size=\"sm\">Tvar \u010depele<\/td>\n<td data-start=\"2299\" data-end=\"2313\" data-col-size=\"md\">Drop-point<\/td>\n<\/tr>\n<tr data-start=\"2314\" data-end=\"2354\">\n<td data-start=\"2314\" data-end=\"2325\" data-col-size=\"sm\">Brou\u0161en\u00ed<\/td>\n<td data-start=\"2325\" data-end=\"2354\" data-col-size=\"md\">Flat \/ Partial flat grind<\/td>\n<\/tr>\n<tr data-start=\"2355\" data-end=\"2389\">\n<td data-start=\"2355\" data-end=\"2367\" data-col-size=\"sm\">Typ ost\u0159\u00ed<\/td>\n<td data-start=\"2367\" data-end=\"2389\" data-col-size=\"md\">Hladk\u00e9 (PlainEdge)<\/td>\n<\/tr>\n<tr data-start=\"2390\" data-end=\"2425\">\n<td data-start=\"2390\" data-end=\"2400\" data-col-size=\"sm\">Rukoje\u0165<\/td>\n<td data-start=\"2400\" data-end=\"2425\" data-col-size=\"md\">FRN \u2013 kobaltov\u011b modr\u00e1<\/td>\n<\/tr>\n<tr data-start=\"2426\" data-end=\"2448\">\n<td data-start=\"2426\" data-end=\"2434\" data-col-size=\"sm\">Z\u00e1mek<\/td>\n<td data-start=\"2434\" data-end=\"2448\" data-col-size=\"md\">Liner Lock<\/td>\n<\/tr>\n<tr data-start=\"2449\" data-end=\"2499\">\n<td data-start=\"2449\" data-end=\"2461\" data-col-size=\"sm\">Otev\u00edr\u00e1n\u00ed<\/td>\n<td data-start=\"2461\" data-end=\"2499\" data-col-size=\"md\">Jednoru\u010dn\u00ed \u2013 kulat\u00fd otvor Spyderco<\/td>\n<\/tr>\n<tr data-start=\"2500\" data-end=\"2535\">\n<td data-start=\"2500\" data-end=\"2507\" data-col-size=\"sm\">Klip<\/td>\n<td data-start=\"2507\" data-end=\"2535\" data-col-size=\"md\">4-polohov\u00fd, reverzibiln\u00ed<\/td>\n<\/tr>\n<tr data-start=\"2536\" data-end=\"2560\">\n<td data-start=\"2536\" data-end=\"2547\" data-col-size=\"sm\">Hmotnost<\/td>\n<td data-start=\"2547\" data-end=\"2560\" data-col-size=\"md\">cca 102 g<\/td>\n<\/tr>\n<tr data-start=\"2561\" data-end=\"2577\">\n<td data-start=\"2561\" data-end=\"2570\" data-col-size=\"sm\">V\u00fdroba<\/td>\n<td data-start=\"2570\" data-end=\"2577\" data-col-size=\"md\">USA<\/td>\n<\/tr>\n<\/tbody>\n<\/table>\n<\/div>\n<\/div>\n<hr data-start=\"2579\" data-end=\"2582\" \/>\n<h2 data-start=\"2584\" data-end=\"2602\">\u2705 Hlavn\u00ed v\u00fdhody<\/h2>\n<ul data-start=\"2603\" data-end=\"3020\">\n<li data-start=\"2603\" data-end=\"2680\">\n<p data-start=\"2605\" data-end=\"2680\"><strong data-start=\"2605\" data-end=\"2630\">Vynikaj\u00edc\u00ed ergonomie:<\/strong> FRN rukoje\u0165 s v\u00fdraznou texturou pro pevn\u00fd \u00fachop<\/p>\n<\/li>\n<li data-start=\"2681\" data-end=\"2762\">\n<p data-start=\"2683\" data-end=\"2762\"><strong data-start=\"2683\" data-end=\"2710\">Modern\u00ed ocel CPM SPY27:<\/strong> v\u00fdborn\u00e1 kombinace ostrosti, odolnosti a stability<\/p>\n<\/li>\n<li data-start=\"2763\" data-end=\"2832\">\n<p data-start=\"2765\" data-end=\"2832\"><strong data-start=\"2765\" data-end=\"2786\">Drop-point \u010depel:<\/strong> univerz\u00e1ln\u00ed tvar pro b\u011b\u017en\u00e9 i technick\u00e9 \u0159ezy<\/p>\n<\/li>\n<li data-start=\"2833\" data-end=\"2882\">\n<p data-start=\"2835\" data-end=\"2882\"><strong data-start=\"2835\" data-end=\"2850\">Liner Lock:<\/strong> spolehliv\u00fd a jednoduch\u00fd z\u00e1mek<\/p>\n<\/li>\n<li data-start=\"2883\" data-end=\"2951\">\n<p data-start=\"2885\" data-end=\"2951\"><strong data-start=\"2885\" data-end=\"2905\">4-polohov\u00fd klip:<\/strong> mo\u017enost p\u0159izp\u016fsobit no\u0161en\u00ed podle preferenc\u00ed<\/p>\n<\/li>\n<li data-start=\"2952\" data-end=\"3020\">\n<p data-start=\"2954\" data-end=\"3020\"><strong data-start=\"2954\" data-end=\"2978\">Univerz\u00e1ln\u00ed pou\u017eit\u00ed:<\/strong> od EDC a\u017e po outdoor a ter\u00e9nn\u00ed aktivity<\/p>\n<\/li>\n<\/ul>\n<hr data-start=\"3022\" data-end=\"3025\" \/>\n<h2 data-start=\"3027\" data-end=\"3046\">\u26a0\ufe0f Mo\u017en\u00e1 omezen\u00ed<\/h2>\n<ul data-start=\"3047\" data-end=\"3246\">\n<li data-start=\"3047\" data-end=\"3124\">\n<p data-start=\"3049\" data-end=\"3124\"><strong data-start=\"3049\" data-end=\"3064\">FRN rukoje\u0165<\/strong> je lehk\u00e1, ale nep\u016fsob\u00ed tak pr\u00e9miov\u011b jako kovov\u00e9 materi\u00e1ly<\/p>\n<\/li>\n<li data-start=\"3125\" data-end=\"3194\">\n<p data-start=\"3127\" data-end=\"3194\"><strong data-start=\"3127\" data-end=\"3141\">Liner lock<\/strong> vy\u017eaduje pravidelnou \u00fadr\u017ebu pivotu pro hladk\u00fd chod<\/p>\n<\/li>\n<li data-start=\"3195\" data-end=\"3246\">\n<p data-start=\"3197\" data-end=\"3246\">Nen\u00ed prim\u00e1rn\u011b ur\u010den pro extr\u00e9mn\u00ed taktick\u00e9 \u00fakoly<\/p>\n<\/li>\n<\/ul>\n<hr data-start=\"3248\" data-end=\"3251\" \/>\n<h2 data-start=\"3253\" data-end=\"3273\">\ud83d\udee0\ufe0f \u00dadr\u017eba a p\u00e9\u010de<\/h2>\n<ul data-start=\"3274\" data-end=\"3484\">\n<li data-start=\"3274\" data-end=\"3314\">\n<p data-start=\"3276\" data-end=\"3314\">Po pou\u017eit\u00ed \u010depel v\u017edy o\u010disti a osu\u0161\u00ed<\/p>\n<\/li>\n<li data-start=\"3315\" data-end=\"3366\">\n<p data-start=\"3317\" data-end=\"3366\">Pravideln\u011b promaz\u00e1vej pivot a mechanismus z\u00e1mku<\/p>\n<\/li>\n<li data-start=\"3367\" data-end=\"3424\">\n<p data-start=\"3369\" data-end=\"3424\">FRN rukoje\u0165 lze \u010distit jemn\u00fdm kart\u00e1\u010dkem nebo had\u0159\u00edkem<\/p>\n<\/li>\n<li data-start=\"3425\" data-end=\"3484\">\n<p data-start=\"3427\" data-end=\"3484\">Skladuj n\u016f\u017e v such\u00e9m prost\u0159ed\u00ed mimo dlouhodobou vlhkost<\/p>\n<\/li>\n<\/ul>\n<hr data-start=\"3486\" data-end=\"3489\" \/>\n<h2 data-start=\"3491\" data-end=\"3529\">\ud83d\udd2a Pro udr\u017een\u00ed ost\u0159\u00ed doporu\u010dujeme<\/h2>\n<p data-start=\"3530\" data-end=\"3680\">Pro zachov\u00e1n\u00ed vysok\u00e9 ostrosti oceli CPM SPY27 doporu\u010dujeme kvalitn\u00ed syst\u00e9m brou\u0161en\u00ed, kter\u00fd umo\u017en\u00ed nastavit p\u0159esn\u00e9 \u00fahly bez zbyte\u010dn\u00e9ho \u00fab\u011bru materi\u00e1lu.<\/p>\n<hr data-start=\"3682\" data-end=\"3685\" \/>\n<h2 data-start=\"3687\" data-end=\"3731\">\ud83d\uded2 Zakoup\u00edte na na\u0161ich str\u00e1nk\u00e1ch Moskito.<\/h2>\n<hr data-start=\"3733\" data-end=\"3736\" \/>\n<h2 data-start=\"3738\" data-end=\"3758\">\ud83c\udfaf Doporu\u010deno pro<\/h2>\n<ul data-start=\"3759\" data-end=\"3919\">\n<li data-start=\"3759\" data-end=\"3786\">\n<p data-start=\"3761\" data-end=\"3786\">ka\u017edodenn\u00ed no\u0161en\u00ed (EDC)<\/p>\n<\/li>\n<li data-start=\"3787\" data-end=\"3810\">\n<p data-start=\"3789\" data-end=\"3810\">outdoor a turistiku<\/p>\n<\/li>\n<li data-start=\"3811\" data-end=\"3867\">\n<p data-start=\"3813\" data-end=\"3867\">u\u017eivatele, kte\u0159\u00ed cht\u011bj\u00ed univerz\u00e1ln\u00ed a spolehliv\u00fd n\u016f\u017e<\/p>\n<\/li>\n<li data-start=\"3868\" data-end=\"3919\">\n<p data-start=\"3870\" data-end=\"3919\">fanou\u0161ky klasick\u00fdch model\u016f v modern\u00edm proveden\u00ed<\/p>\n<\/li>\n<\/ul>\n<hr data-start=\"3921\" data-end=\"3924\" \/>\n<h2 data-start=\"3926\" data-end=\"3952\">\u2b50 Z\u00e1v\u011bre\u010dn\u00e9 hodnocen\u00ed<\/h2>\n<p data-start=\"3953\" data-end=\"4236\">Spyderco Endura 4 Kobaltov\u011b Modr\u00e1 FRN CPM SPY27 C10PCBL je <strong data-start=\"4012\" data-end=\"4053\">v\u0161estrann\u00fd a ergonomick\u00fd zav\u00edrac\u00ed n\u016f\u017e<\/strong>, kter\u00fd nab\u00edz\u00ed skv\u011blou rovnov\u00e1hu mezi komfortem, v\u00fdkonem a odolnost\u00ed. D\u00edky modern\u00ed oceli, lehk\u00e9 konstrukci a prakti\u010dnosti je to ide\u00e1ln\u00ed volba pro ka\u017edodenn\u00ed no\u0161en\u00ed i outdoorov\u00e9 v\u00fdzvy.<\/p>\n<p data-start=\"4238\" data-end=\"4296\"><strong data-start=\"4238\" data-end=\"4296\">Endura 4 \u2013 klasika Spyderco ve \u0161pi\u010dkov\u00e9 modern\u00ed form\u011b.<\/strong><\/p>\n","protected":false},"excerpt":{"rendered":"<p data-start=\"3953\" data-end=\"4236\"><strong>Spyderco Endura 4 Kobaltov\u011b Modr\u00e1 FRN CPM SPY27 C10PCBL je v\u0161estrann\u00fd a ergonomick\u00fd zav\u00edrac\u00ed n\u016f\u017e, kter\u00fd nab\u00edz\u00ed skv\u011blou rovnov\u00e1hu mezi komfortem, v\u00fdkonem a odolnost\u00ed. D\u00edky modern\u00ed oceli, lehk\u00e9 konstrukci a prakti\u010dnosti je to ide\u00e1ln\u00ed volba pro ka\u017edodenn\u00ed no\u0161en\u00ed i outdoorov\u00e9 v\u00fdzvy.<\/strong><\/p>\n<p data-start=\"4238\" data-end=\"4296\"><strong data-start=\"4238\" data-end=\"4296\">Endura 4 \u2013 klasika Spyderco ve \u0161pi\u010dkov\u00e9 modern\u00ed form\u011b.<\/strong><\/p>\n<p data-start=\"4238\" data-end=\"4296\"><strong>Doprava zdarma.<\/strong><\/p>\n","protected":false},"featured_media":431924,"comment_status":"open","ping_status":"closed","template":"","meta":[],"pwb-brand":[567],"product_brand":[],"product_cat":[22,17],"product_tag":[],"class_list":{"0":"post-431923","1":"product","2":"type-product","3":"status-publish","4":"has-post-thumbnail","6":"pwb-brand-spyderco","7":"product_cat-zaviraci-noze","8":"product_cat-noze","10":"first","11":"instock","12":"taxable","13":"shipping-taxable","14":"purchasable","15":"product-type-simple"},"brands":[{"id":567,"name":"Spyderco","slug":"spyderco"}],"_links":{"self":[{"href":"https:\/\/www.moskito.cz\/pl\/wp-json\/wp\/v2\/product\/431923","targetHints":{"allow":["GET"]}}],"collection":[{"href":"https:\/\/www.moskito.cz\/pl\/wp-json\/wp\/v2\/product"}],"about":[{"href":"https:\/\/www.moskito.cz\/pl\/wp-json\/wp\/v2\/types\/product"}],"replies":[{"embeddable":true,"href":"https:\/\/www.moskito.cz\/pl\/wp-json\/wp\/v2\/comments?post=431923"}],"wp:featuredmedia":[{"embeddable":true,"href":"https:\/\/www.moskito.cz\/pl\/wp-json\/wp\/v2\/media\/431924"}],"wp:attachment":[{"href":"https:\/\/www.moskito.cz\/pl\/wp-json\/wp\/v2\/media?parent=431923"}],"wp:term":[{"taxonomy":"pwb-brand","embeddable":true,"href":"https:\/\/www.moskito.cz\/pl\/wp-json\/wp\/v2\/pwb-brand?post=431923"},{"taxonomy":"product_brand","embeddable":true,"href":"https:\/\/www.moskito.cz\/pl\/wp-json\/wp\/v2\/product_brand?post=431923"},{"taxonomy":"product_cat","embeddable":true,"href":"https:\/\/www.moskito.cz\/pl\/wp-json\/wp\/v2\/product_cat?post=431923"},{"taxonomy":"product_tag","embeddable":true,"href":"https:\/\/www.moskito.cz\/pl\/wp-json\/wp\/v2\/product_tag?post=431923"}],"curies":[{"name":"wp","href":"https:\/\/api.w.org\/{rel}","templated":true}]}}